{"id":7910,"date":"2020-05-20T14:09:56","date_gmt":"2020-05-20T12:09:56","guid":{"rendered":"http:\/\/leconservatoiredujeu.fr\/?page_id=7910"},"modified":"2022-03-08T09:28:40","modified_gmt":"2022-03-08T08:28:40","slug":"carlit","status":"publish","type":"page","link":"https:\/\/leconservatoiredujeu.fr\/index.php\/carlit\/","title":{"rendered":"Carlit"},"content":{"rendered":"\n<div class=\"wp-block-image\"><figure class=\"aligncenter size-medium\"><img loading=\"lazy\" decoding=\"async\" width=\"300\" height=\"298\" src=\"http:\/\/leconservatoiredujeu.fr\/wp-content\/uploads\/2020\/05\/6c59fb93fd583d05e73b4c359dd9459bb137-300x298.jpeg\" alt=\"\" class=\"wp-image-8227\" srcset=\"https:\/\/leconservatoiredujeu.fr\/wp-content\/uploads\/2020\/05\/6c59fb93fd583d05e73b4c359dd9459bb137-300x298.jpeg 300w, https:\/\/leconservatoiredujeu.fr\/wp-content\/uploads\/2020\/05\/6c59fb93fd583d05e73b4c359dd9459bb137-150x150.jpeg 150w, https:\/\/leconservatoiredujeu.fr\/wp-content\/uploads\/2020\/05\/6c59fb93fd583d05e73b4c359dd9459bb137-302x300.jpeg 302w, https:\/\/leconservatoiredujeu.fr\/wp-content\/uploads\/2020\/05\/6c59fb93fd583d05e73b4c359dd9459bb137.jpeg 500w\" sizes=\"(max-width: 300px) 100vw, 300px\" \/><figcaption>Logo de la marque<\/figcaption><\/figure><\/div>\n\n\n\n<p class=\"has-white-color has-text-color\">Saut de ligne<\/p>\n\n\n\n<p><strong><u>Historique<\/u><\/strong> <strong>:<\/strong><\/p>\n\n\n\n<p>Ravensburger est une entreprise allemande sp\u00e9cialis\u00e9e dans la fabrication et la distribution de jeux, jouets, livres et puzzles, cr\u00e9\u00e9e en 1883 \u00e0 Ravensburg. Elle poss\u00e8de plusieurs marques cr\u00e9\u00e9es ou acquises comme Alea, <strong>Carlit <\/strong>et F.X. Schmid.<\/p>\n\n\n\n<figure class=\"wp-block-gallery columns-2 is-cropped wp-block-gallery-1 is-layout-flex wp-block-gallery-is-layout-flex\"><ul class=\"blocks-gallery-grid\"><li class=\"blocks-gallery-item\"><figure><img loading=\"lazy\" decoding=\"async\" width=\"473\" height=\"630\" src=\"http:\/\/leconservatoiredujeu.fr\/wp-content\/uploads\/2022\/03\/carlit-1.jpg\" alt=\"\" data-id=\"12602\" data-link=\"http:\/\/leconservatoiredujeu.fr\/index.php\/carlit\/carlit-1\/\" class=\"wp-image-12602\" srcset=\"https:\/\/leconservatoiredujeu.fr\/wp-content\/uploads\/2022\/03\/carlit-1.jpg 473w, https:\/\/leconservatoiredujeu.fr\/wp-content\/uploads\/2022\/03\/carlit-1-225x300.jpg 225w\" sizes=\"(max-width: 473px) 100vw, 473px\" \/><\/figure><\/li><li class=\"blocks-gallery-item\"><figure><img loading=\"lazy\" decoding=\"async\" width=\"1024\" height=\"1024\" src=\"http:\/\/leconservatoiredujeu.fr\/wp-content\/uploads\/2022\/03\/galerie-7-autourSuisse-1024x1024.jpg\" alt=\"\" data-id=\"12604\" data-full-url=\"http:\/\/leconservatoiredujeu.fr\/wp-content\/uploads\/2022\/03\/galerie-7-autourSuisse.jpg\" data-link=\"http:\/\/leconservatoiredujeu.fr\/index.php\/carlit\/galerie-7-autoursuisse\/\" class=\"wp-image-12604\" srcset=\"https:\/\/leconservatoiredujeu.fr\/wp-content\/uploads\/2022\/03\/galerie-7-autourSuisse-1024x1024.jpg 1024w, https:\/\/leconservatoiredujeu.fr\/wp-content\/uploads\/2022\/03\/galerie-7-autourSuisse-300x300.jpg 300w, https:\/\/leconservatoiredujeu.fr\/wp-content\/uploads\/2022\/03\/galerie-7-autourSuisse-150x150.jpg 150w, https:\/\/leconservatoiredujeu.fr\/wp-content\/uploads\/2022\/03\/galerie-7-autourSuisse-768x768.jpg 768w, https:\/\/leconservatoiredujeu.fr\/wp-content\/uploads\/2022\/03\/galerie-7-autourSuisse.jpg 1200w\" sizes=\"(max-width: 1024px) 100vw, 1024px\" \/><\/figure><\/li><\/ul><\/figure>\n\n\n\n<p>Sur c&rsquo;est deux photos, qui sont toutes les des produits de <strong>Carlit<\/strong>, nous pouvons constater l\u2019\u00e9volution du logo de la marque. ( Ancien a gauche, Nouveau a droite).<\/p>\n\n\n\n<p>Malgr\u00e9 nos recherches les \u00e9quipes du Conservatoire du Jeu n\u2019ont pas pu trouver plus d\u2019information concernant Carlit. Si vous avez des informations merci de nous contacter par mail \u00e0\u00a0: <a href=\"mailto:conservatoiredujeu@yahoo.fr\">conservatoiredujeu@yahoo.fr<\/a>, merci de votre aide\u00a0!<\/p>\n\n\n\n<p class=\"has-white-color has-text-color\">Saut de ligne<\/p>\n\n\n\n<p class=\"has-white-color has-text-color\">Saut de ligne<\/p>\n\n\n\n<p class=\"has-text-align-right\">Le Conservatoire du Jeu &#8211; Mars 2022 <\/p>\n","protected":false},"excerpt":{"rendered":"<p>Saut de ligne Historique : Ravensburger est une entreprise allemande sp\u00e9cialis\u00e9e dans la fabrication et la distribution de jeux, jouets, livres et puzzles, cr\u00e9\u00e9e en 1883 \u00e0 Ravensburg. Elle poss\u00e8de plusieurs marques cr\u00e9\u00e9es ou acquises comme Alea, Carlit et F.X. &hellip; <a href=\"https:\/\/leconservatoiredujeu.fr\/index.php\/carlit\/\">Continuer la lecture <span class=\"meta-nav\">&rarr;<\/span><\/a><\/p>\n","protected":false},"author":1,"featured_media":9902,"parent":0,"menu_order":0,"comment_status":"closed","ping_status":"closed","template":"","meta":{"footnotes":""},"_links":{"self":[{"href":"https:\/\/leconservatoiredujeu.fr\/index.php\/wp-json\/wp\/v2\/pages\/7910"}],"collection":[{"href":"https:\/\/leconservatoiredujeu.fr\/index.php\/wp-json\/wp\/v2\/pages"}],"about":[{"href":"https:\/\/leconservatoiredujeu.fr\/index.php\/wp-json\/wp\/v2\/types\/page"}],"author":[{"embeddable":true,"href":"https:\/\/leconservatoiredujeu.fr\/index.php\/wp-json\/wp\/v2\/users\/1"}],"replies":[{"embeddable":true,"href":"https:\/\/leconservatoiredujeu.fr\/index.php\/wp-json\/wp\/v2\/comments?post=7910"}],"version-history":[{"count":9,"href":"https:\/\/leconservatoiredujeu.fr\/index.php\/wp-json\/wp\/v2\/pages\/7910\/revisions"}],"predecessor-version":[{"id":12605,"href":"https:\/\/leconservatoiredujeu.fr\/index.php\/wp-json\/wp\/v2\/pages\/7910\/revisions\/12605"}],"wp:featuredmedia":[{"embeddable":true,"href":"https:\/\/leconservatoiredujeu.fr\/index.php\/wp-json\/wp\/v2\/media\/9902"}],"wp:attachment":[{"href":"https:\/\/leconservatoiredujeu.fr\/index.php\/wp-json\/wp\/v2\/media?parent=7910"}],"curies":[{"name":"wp","href":"https:\/\/api.w.org\/{rel}","templated":true}]}}