{"id":7901,"date":"2020-05-28T17:34:30","date_gmt":"2020-05-28T15:34:30","guid":{"rendered":"http:\/\/leconservatoiredujeu.fr\/?page_id=7901"},"modified":"2022-03-03T15:33:49","modified_gmt":"2022-03-03T14:33:49","slug":"blam","status":"publish","type":"page","link":"https:\/\/leconservatoiredujeu.fr\/index.php\/blam\/","title":{"rendered":"Blam"},"content":{"rendered":"\n<div class=\"wp-block-image\"><figure class=\"aligncenter size-large\"><img decoding=\"async\" src=\"https:\/\/www.blam-edition.com\/images\/logo.png\" alt=\"\"\/><figcaption>Logo de la marque<\/figcaption><\/figure><\/div>\n\n\n\n<p class=\"has-white-color has-text-color\">Saut de ligne<\/p>\n\n\n\n<p><strong><u>Historique<\/u> :<\/strong> <\/p>\n\n\n\n<p>Blam ! est un \u00e9diteur de jeu de plateau qui se veut r\u00e9cent. Il se veut complet, il propose des produits pour la famille mais aussi des produits pour les experts, mais aussi un jeu de role ! Et des nouveaut\u00e9s qui vont bient\u00f4t \u00eatre disponible sur le march\u00e9. :<\/p>\n\n\n\n<p>Avec un style particulier, alliant le visuel anim\u00e9 que l\u2019on peut trouver dans certaines s\u00e9ries anim\u00e9es, et une approche adulte, Blam ! propose des jeux de soci\u00e9t\u00e9 adapt\u00e9s \u00e0 tous. Si vous en avez marre de jouer au Monopoly en famille ou de vous faire d\u00e9foncer au Scrabble par mamie (et nous parlons en connaissance de cause), alors il est peut-\u00eatre temps de se tourner vers des \u00e9diteurs de jeux de soci\u00e9t\u00e9 ind\u00e9pendants. Avec Blam ! c\u2019est un voyage au coeur de monde fantastiques qui vous attend.<\/p>\n\n\n\n<p>Cr\u00e9\u00e9 en 2015, \u00ab BLAM ! \u00bb (Between Lake And Mountain) est n\u00e9 de l\u2019association de 4 joueurs passionn\u00e9s originaires d\u2019Annecy. Aujourd\u2019hui la soci\u00e9t\u00e9 d\u2019\u00e9dition compte 2 salari\u00e9s mais ce ne sont pas moins de 14 associ\u00e9s qui participent \u00e0 la cr\u00e9ation et au d\u00e9veloppement de ses jeux de plateau. Apr\u00e8s avoir lanc\u00e9 Celestia en 2015, l\u2019\u00e9diteur a officiellement lanc\u00e9 Time Arena quelques semaines apr\u00e8s.<\/p>\n\n\n\n<figure class=\"wp-block-image size-large is-style-default\"><img loading=\"lazy\" decoding=\"async\" width=\"750\" height=\"400\" src=\"http:\/\/leconservatoiredujeu.fr\/wp-content\/uploads\/2020\/08\/Celestia-2.jpg\" alt=\"\" class=\"wp-image-9872\" srcset=\"https:\/\/leconservatoiredujeu.fr\/wp-content\/uploads\/2020\/08\/Celestia-2.jpg 750w, https:\/\/leconservatoiredujeu.fr\/wp-content\/uploads\/2020\/08\/Celestia-2-300x160.jpg 300w, https:\/\/leconservatoiredujeu.fr\/wp-content\/uploads\/2020\/08\/Celestia-2-500x267.jpg 500w\" sizes=\"(max-width: 750px) 100vw, 750px\" \/><figcaption>Visuel du jeu \u00ab\u00a0Celestia\u00a0\u00bb<\/figcaption><\/figure>\n\n\n\n<p>Lors de ses voyages, Gulliver chercha en vain le monde fabuleux de Celestia. Le jeu propose aux aventuriers de se lancer \u00e0 la conqu\u00eate de cit\u00e9s c\u00e9lestes toutes aussi myst\u00e9rieuses que les tr\u00e9sors qu\u2019elles cachent. Une partie de Celestia se compose de plusieurs voyages, pendant lesquels les aventuriers se d\u00e9placent dans un a\u00e9ronef de cit\u00e9 en cit\u00e9. Chaque joueur est, \u00e0 tour de r\u00f4le, le capitaine de l\u2019a\u00e9ronef. Le p\u00e9riple ne se fera pas sans danger puisque les explorateurs devront affronter sur leur trajet des obstacles tels que le brouillard, la foudre, des oiseaux tueurs ou encore des pirates.<\/p>\n\n\n\n<figure class=\"wp-block-image size-full\"><img loading=\"lazy\" decoding=\"async\" width=\"800\" height=\"452\" src=\"http:\/\/leconservatoiredujeu.fr\/wp-content\/uploads\/2022\/03\/carta.jpg\" alt=\"\" class=\"wp-image-12549\" srcset=\"https:\/\/leconservatoiredujeu.fr\/wp-content\/uploads\/2022\/03\/carta.jpg 800w, https:\/\/leconservatoiredujeu.fr\/wp-content\/uploads\/2022\/03\/carta-300x170.jpg 300w, https:\/\/leconservatoiredujeu.fr\/wp-content\/uploads\/2022\/03\/carta-768x434.jpg 768w, https:\/\/leconservatoiredujeu.fr\/wp-content\/uploads\/2022\/03\/carta-500x283.jpg 500w\" sizes=\"(max-width: 800px) 100vw, 800px\" \/><figcaption>Diff\u00e9rentes versions du jeu \u00ab\u00a0Cartaventura\u00a0\u00bb<\/figcaption><\/figure>\n\n\n\n<p class=\"has-white-color has-text-color\">Saut de ligne<\/p>\n\n\n\n<p class=\"has-white-color has-text-color\">Saut de ligne<\/p>\n\n\n\n<p><strong><u>Liens<\/u><\/strong> <strong>:<\/strong><\/p>\n\n\n\n<p>Le site officiel de la marque\u00a0<a href=\"https:\/\/www.blam-edition.com\/\">BLAM<\/a><\/p>\n\n\n\n<p><strong><span style=\"text-decoration: underline;\">Source<\/span> :<\/strong> Puregamemedia.fr<\/p>\n\n\n\n<p><strong><span style=\"text-decoration: underline;\">Cr\u00e9dit<\/span> :<\/strong> Und\u00e9cent.fr<\/p>\n\n\n\n<p class=\"has-text-align-right\">M.a.J &#8211; F\u00e9vrier 2022<\/p>\n","protected":false},"excerpt":{"rendered":"<p>Saut de ligne Historique : Blam ! est un \u00e9diteur de jeu de plateau qui se veut r\u00e9cent. Il se veut complet, il propose des produits pour la famille mais aussi des produits pour les experts, mais aussi un jeu &hellip; <a href=\"https:\/\/leconservatoiredujeu.fr\/index.php\/blam\/\">Continuer la lecture <span class=\"meta-nav\">&rarr;<\/span><\/a><\/p>\n","protected":false},"author":1,"featured_media":9875,"parent":0,"menu_order":0,"comment_status":"closed","ping_status":"closed","template":"","meta":{"footnotes":""},"_links":{"self":[{"href":"https:\/\/leconservatoiredujeu.fr\/index.php\/wp-json\/wp\/v2\/pages\/7901"}],"collection":[{"href":"https:\/\/leconservatoiredujeu.fr\/index.php\/wp-json\/wp\/v2\/pages"}],"about":[{"href":"https:\/\/leconservatoiredujeu.fr\/index.php\/wp-json\/wp\/v2\/types\/page"}],"author":[{"embeddable":true,"href":"https:\/\/leconservatoiredujeu.fr\/index.php\/wp-json\/wp\/v2\/users\/1"}],"replies":[{"embeddable":true,"href":"https:\/\/leconservatoiredujeu.fr\/index.php\/wp-json\/wp\/v2\/comments?post=7901"}],"version-history":[{"count":7,"href":"https:\/\/leconservatoiredujeu.fr\/index.php\/wp-json\/wp\/v2\/pages\/7901\/revisions"}],"predecessor-version":[{"id":12550,"href":"https:\/\/leconservatoiredujeu.fr\/index.php\/wp-json\/wp\/v2\/pages\/7901\/revisions\/12550"}],"wp:featuredmedia":[{"embeddable":true,"href":"https:\/\/leconservatoiredujeu.fr\/index.php\/wp-json\/wp\/v2\/media\/9875"}],"wp:attachment":[{"href":"https:\/\/leconservatoiredujeu.fr\/index.php\/wp-json\/wp\/v2\/media?parent=7901"}],"curies":[{"name":"wp","href":"https:\/\/api.w.org\/{rel}","templated":true}]}}