{"id":7890,"date":"2020-05-22T16:45:18","date_gmt":"2020-05-22T14:45:18","guid":{"rendered":"http:\/\/leconservatoiredujeu.fr\/?page_id=7890"},"modified":"2022-03-08T09:44:46","modified_gmt":"2022-03-08T08:44:46","slug":"bioviva","status":"publish","type":"page","link":"https:\/\/leconservatoiredujeu.fr\/index.php\/bioviva\/","title":{"rendered":"Bioviva"},"content":{"rendered":"\n<div class=\"wp-block-image\"><figure class=\"aligncenter size-large is-resized\"><img loading=\"lazy\" decoding=\"async\" src=\"http:\/\/leconservatoiredujeu.fr\/wp-content\/uploads\/2020\/05\/logoBio.png\" alt=\"\" class=\"wp-image-7892\" width=\"464\" height=\"233\"\/><figcaption>Logo de la marque<\/figcaption><\/figure><\/div>\n\n\n\n<p class=\"has-white-color has-text-color\">Saut de ligne<\/p>\n\n\n\n<p><strong><u>Historique<\/u><\/strong> <strong>:<\/strong><\/p>\n\n\n\n<p>Le jeu de soci\u00e9t\u00e9 conna\u00eet un engouement sans pr\u00e9c\u00e9dent, avec un march\u00e9 flirtant avec les 500 millions d\u2019euros. 65 % des jeux vendus en France sont produits en Chine. Mais quelques \u00e9diteurs ont choisi une voie plus locale. Portrait de Bioviva, l\u2019\u00e9diteur montpelli\u00e9rain qui colore le march\u00e9 du jeu en vert depuis plus de vingt ans.<\/p>\n\n\n\n<p>L\u2019\u00e9cologie fait partie de l\u2019ADN de Bioviva. C\u2019est un jeune ing\u00e9nieur agronome, Jean-Thierry Winstel, qui cr\u00e9\u00e9 la soci\u00e9t\u00e9 en 1996. Charg\u00e9 de la mise en place d\u2019un parc marin en Outre-Mer, Jean-Thierry a pris conscience de la n\u00e9cessit\u00e9 de sensibiliser les jeunes g\u00e9n\u00e9rations \u00e0 la pr\u00e9servation de l\u2019environnement. \u00ab Et pour y parvenir, rien de tel que le jeu. C\u2019est ainsi qu\u2019est n\u00e9e l\u2019entreprise Bioviva \u00bb, explique Fr\u00e9d\u00e9ric C\u00e9r\u00e8ne, responsable communication et joueur inv\u00e9t\u00e9r\u00e9.<\/p>\n\n\n\n<figure class=\"wp-block-gallery aligncenter columns-2 is-cropped wp-block-gallery-1 is-layout-flex wp-block-gallery-is-layout-flex\"><ul class=\"blocks-gallery-grid\"><li class=\"blocks-gallery-item\"><figure><img loading=\"lazy\" decoding=\"async\" width=\"273\" height=\"300\" src=\"http:\/\/leconservatoiredujeu.fr\/wp-content\/uploads\/2020\/08\/jeu-2-273x300.jpg\" alt=\"\" data-id=\"9844\" data-link=\"http:\/\/leconservatoiredujeu.fr\/index.php\/bioviva\/jeu-2-2\/\" class=\"wp-image-9844\" srcset=\"https:\/\/leconservatoiredujeu.fr\/wp-content\/uploads\/2020\/08\/jeu-2-273x300.jpg 273w, https:\/\/leconservatoiredujeu.fr\/wp-content\/uploads\/2020\/08\/jeu-2.jpg 728w\" sizes=\"(max-width: 273px) 100vw, 273px\" \/><\/figure><\/li><li class=\"blocks-gallery-item\"><figure><img loading=\"lazy\" decoding=\"async\" width=\"300\" height=\"300\" src=\"http:\/\/leconservatoiredujeu.fr\/wp-content\/uploads\/2020\/08\/jeu-3-300x300.jpg\" alt=\"\" data-id=\"9845\" data-full-url=\"http:\/\/leconservatoiredujeu.fr\/wp-content\/uploads\/2020\/08\/jeu-3.jpg\" data-link=\"http:\/\/leconservatoiredujeu.fr\/index.php\/bioviva\/jeu-3-2\/\" class=\"wp-image-9845\" srcset=\"https:\/\/leconservatoiredujeu.fr\/wp-content\/uploads\/2020\/08\/jeu-3-300x300.jpg 300w, https:\/\/leconservatoiredujeu.fr\/wp-content\/uploads\/2020\/08\/jeu-3-150x150.jpg 150w, https:\/\/leconservatoiredujeu.fr\/wp-content\/uploads\/2020\/08\/jeu-3.jpg 500w\" sizes=\"(max-width: 300px) 100vw, 300px\" \/><\/figure><\/li><\/ul><figcaption class=\"blocks-gallery-caption\">Mat\u00e9riel et boite de jeu de \u00ab\u00a0BioViva ! Le Jeu\u00a0\u00bb<\/figcaption><\/figure>\n\n\n\n<p>Bioviva est un jeu de soci\u00e9t\u00e9 qui poss\u00e8de le nom de la marque dont le but est de r\u00e9pondre \u00e0 des questions sur la nature et l\u2019environnement. Ce jeu ce veut \u00e9ducatif selon l\u2019\u00e9diteur qui veut inculquer des valeurs au enfant concernant l&rsquo;environnement. La premi\u00e8re cr\u00e9ation, Bioviva-Le Jeu, invite les enfants et leurs parents \u00e0 d\u00e9couvrir des merveilles de la nature et l\u2019incroyable diversit\u00e9 de la vie sur Terre. Le succ\u00e8s est fulgurant. R\u00e9\u00e9dit\u00e9 en 2016, Bioviva-Le Jeu s\u2019est vendu \u00e0 plus de 200 000 exemplaires. Autre play-seller, avec 2,5 millions de jeux vendus, les D\u00e9fis Nature, gr\u00e2ce auxquels vous serez imbattables sur la long\u00e9vit\u00e9 du chimpanz\u00e9 ou la hauteur du V\u00e9suve. Bioviva d\u00e9cline \u00e9galement des jeux originaux sur le th\u00e8me du potager, de la for\u00eat, du tri des d\u00e9chets\u2026<\/p>\n\n\n\n<div class=\"wp-block-image\"><figure class=\"aligncenter size-full\"><img loading=\"lazy\" decoding=\"async\" width=\"1024\" height=\"771\" src=\"http:\/\/leconservatoiredujeu.fr\/wp-content\/uploads\/2022\/03\/defis-nature-le-grand-jeu-.jpg\" alt=\"\" class=\"wp-image-12617\" srcset=\"https:\/\/leconservatoiredujeu.fr\/wp-content\/uploads\/2022\/03\/defis-nature-le-grand-jeu-.jpg 1024w, https:\/\/leconservatoiredujeu.fr\/wp-content\/uploads\/2022\/03\/defis-nature-le-grand-jeu--300x226.jpg 300w, https:\/\/leconservatoiredujeu.fr\/wp-content\/uploads\/2022\/03\/defis-nature-le-grand-jeu--768x578.jpg 768w, https:\/\/leconservatoiredujeu.fr\/wp-content\/uploads\/2022\/03\/defis-nature-le-grand-jeu--398x300.jpg 398w\" sizes=\"(max-width: 1024px) 100vw, 1024px\" \/><figcaption>Boite du jeu \u00a0\u00bb D\u00e9fis Nature &lsquo;Le grand jeu&rsquo; \u00ab\u00a0<\/figcaption><\/figure><\/div>\n\n\n\n<p><strong><u>Liens<\/u><\/strong> <strong>:<\/strong><\/p>\n\n\n\n<p>Le site officiel de la marque\u00a0<a href=\"https:\/\/www.bioviva.com\/fr\/\">Bioviva<\/a><\/p>\n\n\n\n<p><strong><span style=\"text-decoration: underline;\">Source<\/span> : <\/strong><\/p>\n\n\n\n<p>Bleu-tomate.fr<\/p>\n\n\n\n<p><strong><span style=\"text-decoration: underline;\">Cr\u00e9dit photo<\/span> :<\/strong><\/p>\n\n\n\n<p>Bioviva.com<\/p>\n\n\n\n<p class=\"has-text-align-right\">Le Conservatoire du Jeu &#8211; Mars 2022<\/p>\n","protected":false},"excerpt":{"rendered":"<p>Saut de ligne Historique : Le jeu de soci\u00e9t\u00e9 conna\u00eet un engouement sans pr\u00e9c\u00e9dent, avec un march\u00e9 flirtant avec les 500 millions d\u2019euros. 65 % des jeux vendus en France sont produits en Chine. Mais quelques \u00e9diteurs ont choisi une &hellip; <a href=\"https:\/\/leconservatoiredujeu.fr\/index.php\/bioviva\/\">Continuer la lecture <span class=\"meta-nav\">&rarr;<\/span><\/a><\/p>\n","protected":false},"author":1,"featured_media":9836,"parent":0,"menu_order":0,"comment_status":"closed","ping_status":"closed","template":"","meta":{"footnotes":""},"_links":{"self":[{"href":"https:\/\/leconservatoiredujeu.fr\/index.php\/wp-json\/wp\/v2\/pages\/7890"}],"collection":[{"href":"https:\/\/leconservatoiredujeu.fr\/index.php\/wp-json\/wp\/v2\/pages"}],"about":[{"href":"https:\/\/leconservatoiredujeu.fr\/index.php\/wp-json\/wp\/v2\/types\/page"}],"author":[{"embeddable":true,"href":"https:\/\/leconservatoiredujeu.fr\/index.php\/wp-json\/wp\/v2\/users\/1"}],"replies":[{"embeddable":true,"href":"https:\/\/leconservatoiredujeu.fr\/index.php\/wp-json\/wp\/v2\/comments?post=7890"}],"version-history":[{"count":9,"href":"https:\/\/leconservatoiredujeu.fr\/index.php\/wp-json\/wp\/v2\/pages\/7890\/revisions"}],"predecessor-version":[{"id":12618,"href":"https:\/\/leconservatoiredujeu.fr\/index.php\/wp-json\/wp\/v2\/pages\/7890\/revisions\/12618"}],"wp:featuredmedia":[{"embeddable":true,"href":"https:\/\/leconservatoiredujeu.fr\/index.php\/wp-json\/wp\/v2\/media\/9836"}],"wp:attachment":[{"href":"https:\/\/leconservatoiredujeu.fr\/index.php\/wp-json\/wp\/v2\/media?parent=7890"}],"curies":[{"name":"wp","href":"https:\/\/api.w.org\/{rel}","templated":true}]}}