{"id":7884,"date":"2020-05-20T14:10:51","date_gmt":"2020-05-20T12:10:51","guid":{"rendered":"http:\/\/leconservatoiredujeu.fr\/?page_id=7884"},"modified":"2022-03-08T09:51:48","modified_gmt":"2022-03-08T08:51:48","slug":"bandai","status":"publish","type":"page","link":"https:\/\/leconservatoiredujeu.fr\/index.php\/bandai\/","title":{"rendered":"Bandai"},"content":{"rendered":"\n<div class=\"wp-block-image\"><figure class=\"aligncenter size-large\"><img decoding=\"async\" src=\"https:\/\/upload.wikimedia.org\/wikipedia\/commons\/thumb\/0\/0f\/BANDAI_logo.png\/280px-BANDAI_logo.png\" alt=\"\"\/><figcaption>Logo de la marque<\/figcaption><\/figure><\/div>\n\n\n\n<p class=\"has-white-color has-text-color\">Saut de ligne<\/p>\n\n\n\n<p><strong><u>Historique<\/u><\/strong> <strong>:<\/strong><\/p>\n\n\n\n<p>Bandai est une entreprise exer\u00e7ant son activit\u00e9 dans le secteur de la fabrication de jouets et dans le d\u00e9veloppement de logiciels.<\/p>\n\n\n\n<p>Cr\u00e9\u00e9 en 1950 au Japon par Naoharu Yamashina, BANDAI s&rsquo;impose tr\u00e8s vite comme une r\u00e9f\u00e9rence en mati\u00e8re de qualit\u00e9. Le succ\u00e8s de ses premiers produits (des mod\u00e8les r\u00e9duits automobiles) d\u00e9passe les fronti\u00e8res japonaises d\u00e8s les premi\u00e8res ann\u00e9es.<\/p>\n\n\n\n<p>A partir de 1963, BANDAI se lance \u00e0 l&rsquo;assaut du monde en ouvrant ses premiers bureaux aux Etats-Unis, et d\u00e9veloppe en parall\u00e8le sa premi\u00e8re gamme de jouets \u00e0 l&rsquo;image de h\u00e9ros t\u00e9l\u00e9vis\u00e9s : Astroboy. C&rsquo;est dans les ann\u00e9es 70 que se construit la l\u00e9gende, gr\u00e2ce notamment aux premi\u00e8res figurines de robots, \u00e0 l&rsquo;apparition des capsules vending et \u00e0 l&rsquo;\u00e9laboration des premiers jouets \u00e9lectroniques.<\/p>\n\n\n\n<figure class=\"wp-block-gallery columns-2 is-cropped wp-block-gallery-1 is-layout-flex wp-block-gallery-is-layout-flex\"><ul class=\"blocks-gallery-grid\"><li class=\"blocks-gallery-item\"><figure><img loading=\"lazy\" decoding=\"async\" width=\"762\" height=\"1024\" src=\"http:\/\/leconservatoiredujeu.fr\/wp-content\/uploads\/2020\/07\/AstroBoy.jpg\" alt=\"\" data-id=\"9669\" data-full-url=\"http:\/\/leconservatoiredujeu.fr\/wp-content\/uploads\/2020\/07\/AstroBoy.jpg\" data-link=\"http:\/\/leconservatoiredujeu.fr\/index.php\/bandai\/astroboy\/\" class=\"wp-image-9669\" srcset=\"https:\/\/leconservatoiredujeu.fr\/wp-content\/uploads\/2020\/07\/AstroBoy.jpg 762w, https:\/\/leconservatoiredujeu.fr\/wp-content\/uploads\/2020\/07\/AstroBoy-223x300.jpg 223w\" sizes=\"(max-width: 762px) 100vw, 762px\" \/><\/figure><\/li><li class=\"blocks-gallery-item\"><figure><img loading=\"lazy\" decoding=\"async\" width=\"300\" height=\"400\" src=\"http:\/\/leconservatoiredujeu.fr\/wp-content\/uploads\/2020\/07\/AstroBoy-dos.jpg\" alt=\"\" data-id=\"9668\" data-full-url=\"http:\/\/leconservatoiredujeu.fr\/wp-content\/uploads\/2020\/07\/AstroBoy-dos.jpg\" data-link=\"http:\/\/leconservatoiredujeu.fr\/index.php\/bandai\/astroboy-dos\/\" class=\"wp-image-9668\" srcset=\"https:\/\/leconservatoiredujeu.fr\/wp-content\/uploads\/2020\/07\/AstroBoy-dos.jpg 300w, https:\/\/leconservatoiredujeu.fr\/wp-content\/uploads\/2020\/07\/AstroBoy-dos-225x300.jpg 225w\" sizes=\"(max-width: 300px) 100vw, 300px\" \/><\/figure><\/li><\/ul><figcaption class=\"blocks-gallery-caption\">Boite du jouets \u00ab\u00a0Astroboy\u00a0\u00bb<\/figcaption><\/figure>\n\n\n\n<p>Les ann\u00e9es 80 sont marqu\u00e9es par l&rsquo;installation de filiales en Europe, notamment en France en 1981 avec BANDAI SA. L&rsquo;activit\u00e9 ne cesse de se d\u00e9velopper et le groupe encha\u00eene les succ\u00e8s : Saint Seiya (1987), Sailor Moon (1993), Power Rangers (1993), Tamagotchi (1996), Hyper Yo-Yo (1997), Badge It (2002), Tamagotchi Connexion (2004),\u2026<\/p>\n\n\n\n<div class=\"wp-block-image\"><figure class=\"aligncenter size-full\"><img loading=\"lazy\" decoding=\"async\" width=\"1000\" height=\"726\" src=\"http:\/\/leconservatoiredujeu.fr\/wp-content\/uploads\/2022\/03\/bandai.jpg\" alt=\"\" class=\"wp-image-12620\" srcset=\"https:\/\/leconservatoiredujeu.fr\/wp-content\/uploads\/2022\/03\/bandai.jpg 1000w, https:\/\/leconservatoiredujeu.fr\/wp-content\/uploads\/2022\/03\/bandai-300x218.jpg 300w, https:\/\/leconservatoiredujeu.fr\/wp-content\/uploads\/2022\/03\/bandai-768x558.jpg 768w, https:\/\/leconservatoiredujeu.fr\/wp-content\/uploads\/2022\/03\/bandai-413x300.jpg 413w\" sizes=\"(max-width: 1000px) 100vw, 1000px\" \/><figcaption>Boite du jouet \u00a0\u00bb Saint Seiya \u00ab\u00a0<\/figcaption><\/figure><\/div>\n\n\n\n<p>En 2005, la soci\u00e9t\u00e9 prend une nouvelle dimension en fusionnant avec NAMCO Lmtd pour devenir le groupe BANDAI NAMCO, lequel acc\u00e8de ainsi au podium des plus grands fabricants et distributeurs de jouets et de jeux vid\u00e9o au monde.<\/p>\n\n\n\n<figure class=\"wp-block-gallery columns-3 is-cropped wp-block-gallery-2 is-layout-flex wp-block-gallery-is-layout-flex\"><ul class=\"blocks-gallery-grid\"><li class=\"blocks-gallery-item\"><figure><img loading=\"lazy\" decoding=\"async\" width=\"794\" height=\"1000\" src=\"http:\/\/leconservatoiredujeu.fr\/wp-content\/uploads\/2020\/07\/OP.jpg\" alt=\"\" data-id=\"9675\" data-link=\"http:\/\/leconservatoiredujeu.fr\/index.php\/bandai\/op\/\" class=\"wp-image-9675\" srcset=\"https:\/\/leconservatoiredujeu.fr\/wp-content\/uploads\/2020\/07\/OP.jpg 794w, https:\/\/leconservatoiredujeu.fr\/wp-content\/uploads\/2020\/07\/OP-238x300.jpg 238w, https:\/\/leconservatoiredujeu.fr\/wp-content\/uploads\/2020\/07\/OP-768x967.jpg 768w\" sizes=\"(max-width: 794px) 100vw, 794px\" \/><\/figure><\/li><li class=\"blocks-gallery-item\"><figure><img loading=\"lazy\" decoding=\"async\" width=\"425\" height=\"535\" src=\"http:\/\/leconservatoiredujeu.fr\/wp-content\/uploads\/2020\/07\/SAO.jpg\" alt=\"\" data-id=\"9676\" data-link=\"http:\/\/leconservatoiredujeu.fr\/index.php\/bandai\/sao\/\" class=\"wp-image-9676\" srcset=\"https:\/\/leconservatoiredujeu.fr\/wp-content\/uploads\/2020\/07\/SAO.jpg 425w, https:\/\/leconservatoiredujeu.fr\/wp-content\/uploads\/2020\/07\/SAO-238x300.jpg 238w\" sizes=\"(max-width: 425px) 100vw, 425px\" \/><\/figure><\/li><li class=\"blocks-gallery-item\"><figure><img loading=\"lazy\" decoding=\"async\" width=\"798\" height=\"1000\" src=\"http:\/\/leconservatoiredujeu.fr\/wp-content\/uploads\/2020\/07\/JEUX-VIDEO-1.jpg\" alt=\"\" data-id=\"9677\" data-link=\"http:\/\/leconservatoiredujeu.fr\/index.php\/bandai\/jeux-video-1\/\" class=\"wp-image-9677\" srcset=\"https:\/\/leconservatoiredujeu.fr\/wp-content\/uploads\/2020\/07\/JEUX-VIDEO-1.jpg 798w, https:\/\/leconservatoiredujeu.fr\/wp-content\/uploads\/2020\/07\/JEUX-VIDEO-1-239x300.jpg 239w, https:\/\/leconservatoiredujeu.fr\/wp-content\/uploads\/2020\/07\/JEUX-VIDEO-1-768x962.jpg 768w\" sizes=\"(max-width: 798px) 100vw, 798px\" \/><\/figure><\/li><\/ul><figcaption class=\"blocks-gallery-caption\">Boite de quelques jeux vid\u00e9os de Bandai Namco<\/figcaption><\/figure>\n\n\n\n<p>Aujourd&rsquo;hui, le groupe BANDAI NAMCO d\u00e9veloppe des services et des produits de divertissement dans le monde entier. Ses domaines d&rsquo;activit\u00e9s sont particuli\u00e8rement vastes allant des jouets et figurines vending aux jeux vid\u00e9o en passant par l&rsquo;anim\u00e9 ou les services r\u00e9seaux.<\/p>\n\n\n\n<p class=\"has-white-color has-text-color\">Saut de ligne<\/p>\n\n\n\n<h2 class=\"wp-block-heading\"><span style=\"text-decoration: underline;\">Chronologie BANDAI<\/span> :<\/h2>\n\n\n\n<ul><li>1950 : Cr\u00e9ation de Bandai par Nahoaru Yamashina<\/li><li>1981 : Ouverture de la filiale fran\u00e7aise<\/li><li>1993 : Lancement de Power Rangers aux Etats-Unis<\/li><li>1996 : Lancement de Tamagochi au Japon<\/li><li>1997 : Lancement de l&rsquo;Hyper-Yoyo au Japon<\/li><li>1999 : Les ventes de maquettes Gundam d\u00e9passent d\u00e9sormais les 300 millions<\/li><li>2005 : Fusion avec Namco, cr\u00e9ation de Bandai Namco.<\/li><li>2007 : Lancement des jouets Ben 10 en France<\/li><li>2009 : Lancement d&rsquo;Harumika en France<\/li><li>2011 : Lancement des jouets Power Rangers Samourai en France<\/li><\/ul>\n\n\n\n<p>En mai 2005, Bandai annonce sa fusion avec l&rsquo;entreprise de d\u00e9veloppement de jeux vid\u00e9o Namco. Cette fusion donne naissance en septembre 2005 \u00e0 la holding Bandai Namco Holdings. L&rsquo;unit\u00e9 de jeux vid\u00e9o de Bandai et Namco fusionnent compl\u00e8tement le 31 mars 2006 pour cr\u00e9er Bandai Namco Games&#8230;<\/p>\n\n\n\n<p><strong><u>Liens<\/u><\/strong> <strong>:<\/strong><\/p>\n\n\n\n<p>Le site officiel de la marque\u00a0<a href=\"http:\/\/www.aleaspiele.de\/Pages\/Title\/\">BANDAI<\/a><\/p>\n\n\n\n<p><strong><span style=\"text-decoration: underline;\">Source<\/span> : <\/strong><\/p>\n\n\n\n<p>Wikip\u00e9dia<\/p>\n\n\n\n<p><strong><span style=\"text-decoration: underline;\">Cr\u00e9dit photo<\/span> :<\/strong><\/p>\n\n\n\n<p>LuluBerlu.com<\/p>\n\n\n\n<p class=\"has-text-align-right\">Le Conservatoire du jeu &#8211; Mars 2022<\/p>\n","protected":false},"excerpt":{"rendered":"<p>Saut de ligne Historique : Bandai est une entreprise exer\u00e7ant son activit\u00e9 dans le secteur de la fabrication de jouets et dans le d\u00e9veloppement de logiciels. Cr\u00e9\u00e9 en 1950 au Japon par Naoharu Yamashina, BANDAI s&rsquo;impose tr\u00e8s vite comme une &hellip; <a href=\"https:\/\/leconservatoiredujeu.fr\/index.php\/bandai\/\">Continuer la lecture <span class=\"meta-nav\">&rarr;<\/span><\/a><\/p>\n","protected":false},"author":1,"featured_media":9678,"parent":0,"menu_order":0,"comment_status":"closed","ping_status":"closed","template":"","meta":{"footnotes":""},"_links":{"self":[{"href":"https:\/\/leconservatoiredujeu.fr\/index.php\/wp-json\/wp\/v2\/pages\/7884"}],"collection":[{"href":"https:\/\/leconservatoiredujeu.fr\/index.php\/wp-json\/wp\/v2\/pages"}],"about":[{"href":"https:\/\/leconservatoiredujeu.fr\/index.php\/wp-json\/wp\/v2\/types\/page"}],"author":[{"embeddable":true,"href":"https:\/\/leconservatoiredujeu.fr\/index.php\/wp-json\/wp\/v2\/users\/1"}],"replies":[{"embeddable":true,"href":"https:\/\/leconservatoiredujeu.fr\/index.php\/wp-json\/wp\/v2\/comments?post=7884"}],"version-history":[{"count":11,"href":"https:\/\/leconservatoiredujeu.fr\/index.php\/wp-json\/wp\/v2\/pages\/7884\/revisions"}],"predecessor-version":[{"id":12621,"href":"https:\/\/leconservatoiredujeu.fr\/index.php\/wp-json\/wp\/v2\/pages\/7884\/revisions\/12621"}],"wp:featuredmedia":[{"embeddable":true,"href":"https:\/\/leconservatoiredujeu.fr\/index.php\/wp-json\/wp\/v2\/media\/9678"}],"wp:attachment":[{"href":"https:\/\/leconservatoiredujeu.fr\/index.php\/wp-json\/wp\/v2\/media?parent=7884"}],"curies":[{"name":"wp","href":"https:\/\/api.w.org\/{rel}","templated":true}]}}