{"id":729,"date":"2017-05-04T01:34:56","date_gmt":"2017-05-03T23:34:56","guid":{"rendered":"http:\/\/leconservatoiredujeu.fr\/?page_id=729"},"modified":"2022-04-21T15:27:32","modified_gmt":"2022-04-21T13:27:32","slug":"iron-crown-enterprises","status":"publish","type":"page","link":"https:\/\/leconservatoiredujeu.fr\/index.php\/iron-crown-enterprises\/","title":{"rendered":"Iron Crown Enterprises"},"content":{"rendered":"\n<div class=\"wp-block-image is-style-default\"><figure class=\"aligncenter size-large\"><img loading=\"lazy\" decoding=\"async\" width=\"250\" height=\"254\" src=\"http:\/\/leconservatoiredujeu.fr\/wp-content\/uploads\/2020\/08\/ICE.png\" alt=\"\" class=\"wp-image-10131\"\/><\/figure><\/div>\n\n\n\n<p class=\"has-white-color has-text-color\">Ligne<\/p>\n\n\n\n<p><strong><span style=\"text-decoration: underline;\">Historique<\/span><\/strong><\/p>\n\n\n\n<p>Iron Crown Enterprise (ICE) est une entreprise am\u00e9ricaine \u00e9ditant des&nbsp;jeux de r\u00f4les&nbsp;et accessoirement quelques&nbsp;jeux de soci\u00e9t\u00e9. Elle fut fond\u00e9e en 1980 par Peter Fenlon et ses associ\u00e9s : Coleman Charlton , Terry Amthor, Rick Britton, Bruce Shelley, Bruce Neidlinger, Kurt Fischer, Heike Kubasch, Olivia Johnston (la femme de Peter Fenlon)\u2026<\/p>\n\n\n\n<p>\u00c0 la fin des ann\u00e9es 1970, \u00e0 l&rsquo;universit\u00e9, alors qu&rsquo;il menait une&nbsp;<em>campagne de<\/em>&nbsp;six ans dans&nbsp;<em>Donjons et dragons<\/em>&nbsp;dans la Terre du milieu de JRR Tolkien,&nbsp;Pete Fenlon&nbsp;,&nbsp;S. Coleman Charlton&nbsp;et&nbsp;Kurt Fischer ont commenc\u00e9 \u00e0 \u00e9laborer un ensemble de r\u00e8gles internes uniques. Apr\u00e8s que la plupart d&rsquo;entre eux eurent obtenu leur dipl\u00f4me \u00e0 l&rsquo;universit\u00e9 de Virginie en 1980, de nombreux directeurs du groupe d\u00e9cid\u00e8rent de transformer leurs r\u00e8gles en une entreprise et fond\u00e8rent Iron Crown Enterprises (ICE), du nom d&rsquo;un insigne de c\u00e9r\u00e9monie de la Terre du Milieu.<\/p>\n\n\n\n<div class=\"wp-block-image is-style-default\"><figure class=\"aligncenter size-large\"><img loading=\"lazy\" decoding=\"async\" width=\"985\" height=\"402\" src=\"http:\/\/leconservatoiredujeu.fr\/wp-content\/uploads\/2020\/08\/HASARD.jpg\" alt=\"\" class=\"wp-image-10133\" srcset=\"https:\/\/leconservatoiredujeu.fr\/wp-content\/uploads\/2020\/08\/HASARD.jpg 985w, https:\/\/leconservatoiredujeu.fr\/wp-content\/uploads\/2020\/08\/HASARD-300x122.jpg 300w, https:\/\/leconservatoiredujeu.fr\/wp-content\/uploads\/2020\/08\/HASARD-768x313.jpg 768w, https:\/\/leconservatoiredujeu.fr\/wp-content\/uploads\/2020\/08\/HASARD-500x204.jpg 500w\" sizes=\"(max-width: 985px) 100vw, 985px\" \/><\/figure><\/div>\n\n\n\n<p>Sa gamme principale s&rsquo;appelle Rolemaster et existe depuis plus de 20 ans. Autrefois, ICE \u00e9ditait le Jeu de r\u00f4le des Terres du Milieu, qui a eu beaucoup de succ\u00e8s. Mais suite \u00e0 un diff\u00e9rend avec Tolkien enterprises (soci\u00e9t\u00e9 poss\u00e9dant les droits sur l&rsquo;\u0153uvre de Tolkien), ICE ne pouvait plus publier quoi que ce soit en rapport avec la Terre du Milieu. De ce fait, et aussi \u00e0 cause d&rsquo;autres probl\u00e8mes financiers, la soci\u00e9t\u00e9 a d\u00fb d\u00e9poser le bilan en 2000, pour \u00eatre finalement rachet\u00e9e en 2001 par Aurigas Aldebaron LLC.<\/p>\n\n\n\n<p>ICE a commenc\u00e9 par publier une s\u00e9rie de suppl\u00e9ments de r\u00e8gles, commen\u00e7ant par \u00ab&nbsp;Arms Law&nbsp;\u00bb, destin\u00e9s \u00e0 servir d\u2019additifs modulaires \u00e0 d\u2019autres syst\u00e8mes de jeu de r\u00f4le offrant davantage de d\u00e9tails.&nbsp;Cette&nbsp;loi a&nbsp;\u00e9t\u00e9 suivie de \u00a0\u00bb&nbsp;Spell Law \u00a0\u00bb et de Character \/ Campaign Law\u00a0\u00bb. \u00c0 l&rsquo;\u00e9poque, ces suppl\u00e9ments ont \u00e9t\u00e9 r\u00e9unis pour former leur propre syst\u00e8me de jeu de r\u00f4le, <em>Rolemaster<\/em>&nbsp;. Parall\u00e8lement aux suppl\u00e9ments aux r\u00e8gles, ICE a commenc\u00e9 \u00e0 publier du contenu de la campagne mondiale \u00e0 l&rsquo;origine appel\u00e9 la s\u00e9rie \u00ab\u00a0Loremaster\u00a0\u00bb, commen\u00e7ant par \u00ab\u00a0Iron Wind\u00a0\u00bb.<\/p>\n\n\n\n<p>Maintenant, ICE exploite les gammes de jeux suivantes :<\/p>\n\n\n\n<ul><li><strong>Rolemaster <\/strong>: ensemble de r\u00e8gles de jeu tr\u00e8s d\u00e9taill\u00e9es (mais optionnelles), pour des univers fantastiques essentiellement ;<\/li><li><strong>Spacemaster <\/strong>: \u00e9quivalent de Rolemaster pour des mondes futuristes ;<\/li><li><strong>High Adventure Role Playing (HARP)<\/strong> : jeu de r\u00f4le fantastique, plus simple que Rolemaster, destin\u00e9 \u00e0 fournir une solution \u00ab pr\u00eate \u00e0 jouer \u00bb sans trop de travail pr\u00e9liminaire ;<\/li><li><strong>Silent death<\/strong> : une sorte de jeu de guerre intersid\u00e9rale ;<\/li><li><strong>Shadow World<\/strong> : un univers fantastique servant de cadre pour des sc\u00e9narios exploitant les r\u00e8gles de Rolemaster ;<\/li><li><strong>Gryphon World <\/strong>: un univers fantastique servant de cadre aux sc\u00e9narios utilisant les r\u00e8gles de HARP.<\/li><\/ul>\n\n\n\n<figure class=\"wp-block-gallery columns-2 is-cropped wp-block-gallery-1 is-layout-flex wp-block-gallery-is-layout-flex\"><ul class=\"blocks-gallery-grid\"><li class=\"blocks-gallery-item\"><figure><img loading=\"lazy\" decoding=\"async\" width=\"364\" height=\"474\" src=\"http:\/\/leconservatoiredujeu.fr\/wp-content\/uploads\/2020\/08\/ROLE.jpg\" alt=\"\" data-id=\"10135\" data-full-url=\"http:\/\/leconservatoiredujeu.fr\/wp-content\/uploads\/2020\/08\/ROLE.jpg\" data-link=\"http:\/\/leconservatoiredujeu.fr\/index.php\/iron-crown-enterprises\/role\/\" class=\"wp-image-10135\" srcset=\"https:\/\/leconservatoiredujeu.fr\/wp-content\/uploads\/2020\/08\/ROLE.jpg 364w, https:\/\/leconservatoiredujeu.fr\/wp-content\/uploads\/2020\/08\/ROLE-230x300.jpg 230w\" sizes=\"(max-width: 364px) 100vw, 364px\" \/><\/figure><\/li><li class=\"blocks-gallery-item\"><figure><img loading=\"lazy\" decoding=\"async\" width=\"499\" height=\"642\" src=\"http:\/\/leconservatoiredujeu.fr\/wp-content\/uploads\/2020\/08\/ROOLE.jpg\" alt=\"\" data-id=\"10136\" data-full-url=\"http:\/\/leconservatoiredujeu.fr\/wp-content\/uploads\/2020\/08\/ROOLE.jpg\" data-link=\"http:\/\/leconservatoiredujeu.fr\/index.php\/iron-crown-enterprises\/roole\/\" class=\"wp-image-10136\" srcset=\"https:\/\/leconservatoiredujeu.fr\/wp-content\/uploads\/2020\/08\/ROOLE.jpg 499w, https:\/\/leconservatoiredujeu.fr\/wp-content\/uploads\/2020\/08\/ROOLE-233x300.jpg 233w\" sizes=\"(max-width: 499px) 100vw, 499px\" \/><\/figure><\/li><\/ul><\/figure>\n\n\n\n<p class=\"has-white-color has-text-color\">Ligne<\/p>\n\n\n\n<p><strong>Liens :<\/strong><br><a href=\"http:\/\/www.ironcrown.com\/\">Site officiel de Iron Crown Enterprises<\/a> (en anglais)<\/p>\n\n\n\n<p class=\"has-text-align-left\"><strong><span style=\"text-decoration: underline;\">Source<\/span> : <\/strong>Wikip\u00e9dia<\/p>\n\n\n\n<p class=\"has-text-align-right\">Le Conservatoire du Jeu &#8211; Avril 2022<\/p>\n","protected":false},"excerpt":{"rendered":"<p>Ligne Historique Iron Crown Enterprise (ICE) est une entreprise am\u00e9ricaine \u00e9ditant des&nbsp;jeux de r\u00f4les&nbsp;et accessoirement quelques&nbsp;jeux de soci\u00e9t\u00e9. Elle fut fond\u00e9e en 1980 par Peter Fenlon et ses associ\u00e9s : Coleman Charlton , Terry Amthor, Rick Britton, Bruce Shelley, Bruce &hellip; <a href=\"https:\/\/leconservatoiredujeu.fr\/index.php\/iron-crown-enterprises\/\">Continuer la lecture <span class=\"meta-nav\">&rarr;<\/span><\/a><\/p>\n","protected":false},"author":1,"featured_media":10131,"parent":0,"menu_order":0,"comment_status":"closed","ping_status":"closed","template":"","meta":{"footnotes":""},"_links":{"self":[{"href":"https:\/\/leconservatoiredujeu.fr\/index.php\/wp-json\/wp\/v2\/pages\/729"}],"collection":[{"href":"https:\/\/leconservatoiredujeu.fr\/index.php\/wp-json\/wp\/v2\/pages"}],"about":[{"href":"https:\/\/leconservatoiredujeu.fr\/index.php\/wp-json\/wp\/v2\/types\/page"}],"author":[{"embeddable":true,"href":"https:\/\/leconservatoiredujeu.fr\/index.php\/wp-json\/wp\/v2\/users\/1"}],"replies":[{"embeddable":true,"href":"https:\/\/leconservatoiredujeu.fr\/index.php\/wp-json\/wp\/v2\/comments?post=729"}],"version-history":[{"count":7,"href":"https:\/\/leconservatoiredujeu.fr\/index.php\/wp-json\/wp\/v2\/pages\/729\/revisions"}],"predecessor-version":[{"id":12884,"href":"https:\/\/leconservatoiredujeu.fr\/index.php\/wp-json\/wp\/v2\/pages\/729\/revisions\/12884"}],"wp:featuredmedia":[{"embeddable":true,"href":"https:\/\/leconservatoiredujeu.fr\/index.php\/wp-json\/wp\/v2\/media\/10131"}],"wp:attachment":[{"href":"https:\/\/leconservatoiredujeu.fr\/index.php\/wp-json\/wp\/v2\/media?parent=729"}],"curies":[{"name":"wp","href":"https:\/\/api.w.org\/{rel}","templated":true}]}}