{"id":725,"date":"2017-05-04T01:23:24","date_gmt":"2017-05-03T23:23:24","guid":{"rendered":"http:\/\/leconservatoiredujeu.fr\/?page_id=725"},"modified":"2022-04-07T15:47:10","modified_gmt":"2022-04-07T13:47:10","slug":"jeu-de-la-toupie","status":"publish","type":"page","link":"https:\/\/leconservatoiredujeu.fr\/index.php\/jeu-de-la-toupie\/","title":{"rendered":"Jeu de la Toupie"},"content":{"rendered":"\n<p class=\"has-text-align-center\"><strong><u>JEU DE LA TOUPIE<\/u><\/strong><strong><u><br><\/u><\/strong><strong><u>Le Jeu du Roi ou La Toupie des Indes<\/u><\/strong><\/p>\n\n\n\n<div class=\"wp-block-image\"><figure class=\"aligncenter\"><img loading=\"lazy\" decoding=\"async\" width=\"300\" height=\"174\" src=\"http:\/\/leconservatoiredujeu.fr\/wp-content\/uploads\/2017\/05\/jeu-de-la-toupie-300x174.jpg\" alt=\"\" class=\"wp-image-726\" srcset=\"https:\/\/leconservatoiredujeu.fr\/wp-content\/uploads\/2017\/05\/jeu-de-la-toupie-300x174.jpg 300w, https:\/\/leconservatoiredujeu.fr\/wp-content\/uploads\/2017\/05\/jeu-de-la-toupie.jpg 320w\" sizes=\"(max-width: 300px) 100vw, 300px\" \/><\/figure><\/div>\n\n\n\n<p><br><strong><u>Historique<\/u><\/strong><\/p>\n\n\n\n<p>Le Jeu de roi ou Toupie des Indes est aussi appel\u00e9 Dame Blanche ou Toupie Hollandaise ou Quilles des Indes<br>Le jeu de Roi \u00e9tait pratiqu\u00e9 par les marins de la compagnie hollandaise des Indes orientales. Ils ramen\u00e8rent le jeu en Hollande au 17\u00e8me si\u00e8cle. Ce jeu consiste \u00e0 faire tourner une toupie sur un jeu o\u00f9 sont dress\u00e9es des quilles de diff\u00e9rentes valeurs. Le but du jeu est d\u2019abattre le plus de quilles possible.<\/p>\n\n\n\n<p><strong><u>R\u00e8gles du Jeu<\/u><\/strong><\/p>\n\n\n\n<p>Placer le jeu, de niveau, sur une table. Lancer la toupie \u00e0 l\u2019aide de la ficelle. La toupie doit faire tomber un maximum de quilles.<br>Sous chaque quille se cachent des points marqu\u00e9s. Le joueur qui fera tomber le plus de quilles en lan\u00e7ant la toupie obtiendra alors le maximum de points et sera d\u00e9clar\u00e9 vainqueur.<\/p>\n\n\n\n<p>ou<br>La partie se joue individuellement ou par \u00e9quipe. Chaque quille a une valeur en points. Le roi 100 points, les chevaliers 50 points et les archers 20 points. La partie est gagn\u00e9e par le joueur ou l\u2019\u00e9quipe qui totalise le plus de points apr\u00e8s avoir d\u00e9fini, avant la partie, le nombre de lancers de toupie \u00e0 effectuer par joueur ou par \u00e9quipe.<\/p>\n\n\n\n<div class=\"wp-block-image\"><figure class=\"aligncenter size-full is-resized\"><img loading=\"lazy\" decoding=\"async\" src=\"http:\/\/leconservatoiredujeu.fr\/wp-content\/uploads\/2022\/04\/teaserbox_42947106.jpg\" alt=\"\" class=\"wp-image-12861\" width=\"433\" height=\"333\" srcset=\"https:\/\/leconservatoiredujeu.fr\/wp-content\/uploads\/2022\/04\/teaserbox_42947106.jpg 620w, https:\/\/leconservatoiredujeu.fr\/wp-content\/uploads\/2022\/04\/teaserbox_42947106-300x230.jpg 300w, https:\/\/leconservatoiredujeu.fr\/wp-content\/uploads\/2022\/04\/teaserbox_42947106-392x300.jpg 392w\" sizes=\"(max-width: 433px) 100vw, 433px\" \/><\/figure><\/div>\n\n\n\n<p><strong><span style=\"text-decoration: underline;\">Source <\/span>:<\/strong> Wikip\u00e9dia <\/p>\n\n\n\n<p class=\"has-text-align-right\">Le Conservatoire du Jeu &#8211; Avril 2022<\/p>\n","protected":false},"excerpt":{"rendered":"<p>JEU DE LA TOUPIELe Jeu du Roi ou La Toupie des Indes Historique Le Jeu de roi ou Toupie des Indes est aussi appel\u00e9 Dame Blanche ou Toupie Hollandaise ou Quilles des IndesLe jeu de Roi \u00e9tait pratiqu\u00e9 par les &hellip; <a href=\"https:\/\/leconservatoiredujeu.fr\/index.php\/jeu-de-la-toupie\/\">Continuer la lecture <span class=\"meta-nav\">&rarr;<\/span><\/a><\/p>\n","protected":false},"author":1,"featured_media":0,"parent":0,"menu_order":0,"comment_status":"closed","ping_status":"closed","template":"","meta":{"footnotes":""},"_links":{"self":[{"href":"https:\/\/leconservatoiredujeu.fr\/index.php\/wp-json\/wp\/v2\/pages\/725"}],"collection":[{"href":"https:\/\/leconservatoiredujeu.fr\/index.php\/wp-json\/wp\/v2\/pages"}],"about":[{"href":"https:\/\/leconservatoiredujeu.fr\/index.php\/wp-json\/wp\/v2\/types\/page"}],"author":[{"embeddable":true,"href":"https:\/\/leconservatoiredujeu.fr\/index.php\/wp-json\/wp\/v2\/users\/1"}],"replies":[{"embeddable":true,"href":"https:\/\/leconservatoiredujeu.fr\/index.php\/wp-json\/wp\/v2\/comments?post=725"}],"version-history":[{"count":3,"href":"https:\/\/leconservatoiredujeu.fr\/index.php\/wp-json\/wp\/v2\/pages\/725\/revisions"}],"predecessor-version":[{"id":12863,"href":"https:\/\/leconservatoiredujeu.fr\/index.php\/wp-json\/wp\/v2\/pages\/725\/revisions\/12863"}],"wp:attachment":[{"href":"https:\/\/leconservatoiredujeu.fr\/index.php\/wp-json\/wp\/v2\/media?parent=725"}],"curies":[{"name":"wp","href":"https:\/\/api.w.org\/{rel}","templated":true}]}}