{"id":706,"date":"2017-05-03T23:14:02","date_gmt":"2017-05-03T21:14:02","guid":{"rendered":"http:\/\/leconservatoiredujeu.fr\/?page_id=706"},"modified":"2022-04-07T16:26:22","modified_gmt":"2022-04-07T14:26:22","slug":"quilles","status":"publish","type":"page","link":"https:\/\/leconservatoiredujeu.fr\/index.php\/quilles\/","title":{"rendered":"Quilles"},"content":{"rendered":"\n<div class=\"wp-block-image\"><figure class=\"aligncenter\"><img loading=\"lazy\" decoding=\"async\" width=\"256\" height=\"300\" src=\"http:\/\/leconservatoiredujeu.fr\/wp-content\/uploads\/2017\/05\/jeux_de_quilles-256x300.jpg\" alt=\"\" class=\"wp-image-708\" srcset=\"https:\/\/leconservatoiredujeu.fr\/wp-content\/uploads\/2017\/05\/jeux_de_quilles-256x300.jpg 256w, https:\/\/leconservatoiredujeu.fr\/wp-content\/uploads\/2017\/05\/jeux_de_quilles-768x899.jpg 768w, https:\/\/leconservatoiredujeu.fr\/wp-content\/uploads\/2017\/05\/jeux_de_quilles-875x1024.jpg 875w, https:\/\/leconservatoiredujeu.fr\/wp-content\/uploads\/2017\/05\/jeux_de_quilles.jpg 1200w\" sizes=\"(max-width: 256px) 100vw, 256px\" \/><\/figure><\/div>\n\n\n\n<p><strong><u>Historique<\/u><\/strong><\/p>\n\n\n\n<p>C\u2019est uniquement sur la face orientale de la Vieille Montagne, en descendant de Semelay \u00e0 Chiddes, puis d\u2019Avr\u00e9e \u00e0 Luzy, que le jeu fait jaillir des enthousiasmes. Les Morvandiaux de l\u2019Est disposent de deux jeux depuis une \u00e9poque insondable.<\/p>\n\n\n\n<p>Le jeu de Rabat, qui est la r\u00e9plique du \u00ab Vaut-Deux Jurassien \u00bb ou de celui de la Somme. La boule est lanc\u00e9e \u00e0 10, 12 ou 15 m\u00e8tres de n\u2019importe quel angle. C\u2019est de son point d\u2019arr\u00eat que partira la seconde boule. Dans la r\u00e9gion de Luzy, le jeu de quilles n\u2019est plus une distraction dominicale. La coutume veut qu\u2019il soit mis \u00e0 l\u2019honneur \u00e0 l\u2019occasion des f\u00eates et des kermesses.<\/p>\n\n\n\n<p>Le Jeu du Morvan ou jeu de Roule, parce qu\u2019on roule la boule. Est tr\u00e8s semblable au jeu de Rabat \u00e0 l\u2019exception pr\u00e8s, que l\u2019on envoi sa boule toujours du m\u00eame point de d\u00e9part.<\/p>\n\n\n\n<div class=\"wp-block-image\"><figure class=\"aligncenter\"><img loading=\"lazy\" decoding=\"async\" width=\"300\" height=\"300\" src=\"http:\/\/leconservatoiredujeu.fr\/wp-content\/uploads\/2017\/05\/jeu-de-quilles-300x300.jpg\" alt=\"\" class=\"wp-image-707\" srcset=\"https:\/\/leconservatoiredujeu.fr\/wp-content\/uploads\/2017\/05\/jeu-de-quilles-300x300.jpg 300w, https:\/\/leconservatoiredujeu.fr\/wp-content\/uploads\/2017\/05\/jeu-de-quilles-150x150.jpg 150w, https:\/\/leconservatoiredujeu.fr\/wp-content\/uploads\/2017\/05\/jeu-de-quilles.jpg 450w\" sizes=\"(max-width: 300px) 100vw, 300px\" \/><\/figure><\/div>\n\n\n\n<p><strong><u>R\u00e8gles du Jeu<\/u><\/strong><\/p>\n\n\n\n<p>Pour le jeu de Rabat, on dispose les neufs quilles en carr\u00e9 sur une dalle en pierre ou en ciment, appel\u00e9e \u00ab quiller \u00bb ou \u00ab pierre \u00e0 quilles \u00bb.<\/p>\n\n\n\n<p>La boule est lanc\u00e9e \u00e0 10, 12 ou 15 m\u00e8tres de n\u2019importe quel angle. C\u2019est de son point d\u2019arr\u00eat que partira la seconde boule.<br>Le joueur qui fait tomber le plus de quilles remporte la partie. Un nombre de manches est d\u00e9fini par les joueurs avant le d\u00e9but de la partie.<\/p>\n\n\n\n<figure class=\"wp-block-image size-large\"><img loading=\"lazy\" decoding=\"async\" width=\"1024\" height=\"589\" src=\"http:\/\/leconservatoiredujeu.fr\/wp-content\/uploads\/2022\/04\/on-aime-jouer-aux-quilles-dans-le-morvan-1358174674-1024x589.jpg\" alt=\"\" class=\"wp-image-12873\" srcset=\"https:\/\/leconservatoiredujeu.fr\/wp-content\/uploads\/2022\/04\/on-aime-jouer-aux-quilles-dans-le-morvan-1358174674-1024x589.jpg 1024w, https:\/\/leconservatoiredujeu.fr\/wp-content\/uploads\/2022\/04\/on-aime-jouer-aux-quilles-dans-le-morvan-1358174674-300x173.jpg 300w, https:\/\/leconservatoiredujeu.fr\/wp-content\/uploads\/2022\/04\/on-aime-jouer-aux-quilles-dans-le-morvan-1358174674-768x442.jpg 768w, https:\/\/leconservatoiredujeu.fr\/wp-content\/uploads\/2022\/04\/on-aime-jouer-aux-quilles-dans-le-morvan-1358174674-500x288.jpg 500w, https:\/\/leconservatoiredujeu.fr\/wp-content\/uploads\/2022\/04\/on-aime-jouer-aux-quilles-dans-le-morvan-1358174674.jpg 1200w\" sizes=\"(max-width: 1024px) 100vw, 1024px\" \/><\/figure>\n\n\n\n<p class=\"has-text-align-right\">Le Conservatoire du Jeu &#8211; Avril 2022<\/p>\n","protected":false},"excerpt":{"rendered":"<p>Historique C\u2019est uniquement sur la face orientale de la Vieille Montagne, en descendant de Semelay \u00e0 Chiddes, puis d\u2019Avr\u00e9e \u00e0 Luzy, que le jeu fait jaillir des enthousiasmes. Les Morvandiaux de l\u2019Est disposent de deux jeux depuis une \u00e9poque insondable. &hellip; <a href=\"https:\/\/leconservatoiredujeu.fr\/index.php\/quilles\/\">Continuer la lecture <span class=\"meta-nav\">&rarr;<\/span><\/a><\/p>\n","protected":false},"author":1,"featured_media":0,"parent":0,"menu_order":0,"comment_status":"closed","ping_status":"closed","template":"","meta":{"footnotes":""},"_links":{"self":[{"href":"https:\/\/leconservatoiredujeu.fr\/index.php\/wp-json\/wp\/v2\/pages\/706"}],"collection":[{"href":"https:\/\/leconservatoiredujeu.fr\/index.php\/wp-json\/wp\/v2\/pages"}],"about":[{"href":"https:\/\/leconservatoiredujeu.fr\/index.php\/wp-json\/wp\/v2\/types\/page"}],"author":[{"embeddable":true,"href":"https:\/\/leconservatoiredujeu.fr\/index.php\/wp-json\/wp\/v2\/users\/1"}],"replies":[{"embeddable":true,"href":"https:\/\/leconservatoiredujeu.fr\/index.php\/wp-json\/wp\/v2\/comments?post=706"}],"version-history":[{"count":2,"href":"https:\/\/leconservatoiredujeu.fr\/index.php\/wp-json\/wp\/v2\/pages\/706\/revisions"}],"predecessor-version":[{"id":12874,"href":"https:\/\/leconservatoiredujeu.fr\/index.php\/wp-json\/wp\/v2\/pages\/706\/revisions\/12874"}],"wp:attachment":[{"href":"https:\/\/leconservatoiredujeu.fr\/index.php\/wp-json\/wp\/v2\/media?parent=706"}],"curies":[{"name":"wp","href":"https:\/\/api.w.org\/{rel}","templated":true}]}}