{"id":699,"date":"2017-05-03T23:04:27","date_gmt":"2017-05-03T21:04:27","guid":{"rendered":"http:\/\/leconservatoiredujeu.fr\/?page_id=699"},"modified":"2022-04-07T14:12:45","modified_gmt":"2022-04-07T12:12:45","slug":"billard-nicolas","status":"publish","type":"page","link":"https:\/\/leconservatoiredujeu.fr\/index.php\/billard-nicolas\/","title":{"rendered":"Billard Nicolas"},"content":{"rendered":"\n<p><strong><u>LE BILLARD NICOLAS<\/u><\/strong><\/p>\n\n\n\n<ul><li><strong>Historique<\/strong><\/li><li><strong>Mat\u00e9riel<\/strong><\/li><li><strong>R\u00e8gles du jeu &nbsp;<\/strong><\/li><\/ul>\n\n\n\n<div class=\"wp-block-image\"><figure class=\"aligncenter size-medium is-resized\"><img loading=\"lazy\" decoding=\"async\" src=\"http:\/\/leconservatoiredujeu.fr\/wp-content\/uploads\/2020\/08\/1-REgle-300x182.jpg\" alt=\"\" class=\"wp-image-9719\" width=\"380\" height=\"230\" srcset=\"https:\/\/leconservatoiredujeu.fr\/wp-content\/uploads\/2020\/08\/1-REgle-300x182.jpg 300w, https:\/\/leconservatoiredujeu.fr\/wp-content\/uploads\/2020\/08\/1-REgle-496x300.jpg 496w, https:\/\/leconservatoiredujeu.fr\/wp-content\/uploads\/2020\/08\/1-REgle.jpg 600w\" sizes=\"(max-width: 380px) 100vw, 380px\" \/><\/figure><\/div>\n\n\n\n<p><br><strong><u>Historique<\/u><\/strong><\/p>\n\n\n\n<p>Le billard Nicolas est un jeu d&rsquo;adresse, de la famille des billards, invent\u00e9 par Nicolas Redler en 1894. Nicolas Redler (1851 &#8211; 1919) est l&rsquo;inventeur fran\u00e7ais du billard Nicolas dont le brevet a \u00e9t\u00e9 enregistr\u00e9 le 30 juillet 1894 pour une dur\u00e9e de 15 ans, sous le no 240396, au nom de Redler \u2013 le pr\u00e9nom n&rsquo;est pas mentionn\u00e9 \u2013, et libell\u00e9 \u00ab Nouveau jeu, dit billard Nicolas \u00bb. Le r\u00e9sum\u00e9 complet du brevet est donn\u00e9 dans le suppl\u00e9ment de la revue L&rsquo;Ing\u00e9nieur civil du 15 mars 1895 : \u00ab Nouveau jeu, dit Billard-Nicolas. \u2013 Il consiste en une table pourvue d&rsquo;un rebord, dans laquelle sont pratiqu\u00e9es des cavit\u00e9s d\u00e9fendues chacune par un joueur qui doit emp\u00eacher au moyen d&rsquo;un soufflet une bille lanc\u00e9e sur la table, de tomber dans cette cavit\u00e9 \u00bb.\u00a0L&rsquo;identit\u00e9 compl\u00e8te de l&rsquo;inventeur, Nicolas Redler, appara\u00eet dans le suppl\u00e9ment Nouvelles scientifiques de l&rsquo;hebdomadaire La Nature du 11 mai 1895. Le jeu y est appel\u00e9 \u00ab Jouet du billard circulaire \u00e0 soufflets \u00bb.<\/p>\n\n\n\n<p>En 1895, le billard Nicolas \u00e9tait fabriqu\u00e9 par la maison J.-A. Jost (Jean-Anatole Jost) sise alors au 120, rue Oberkampf, \u00e0 Paris.<\/p>\n\n\n\n<div class=\"wp-block-image\"><figure class=\"aligncenter size-large\"><img loading=\"lazy\" decoding=\"async\" width=\"300\" height=\"194\" src=\"http:\/\/leconservatoiredujeu.fr\/wp-content\/uploads\/2020\/08\/2-Paris.png\" alt=\"\" class=\"wp-image-9720\"\/><\/figure><\/div>\n\n\n\n<p>Andr\u00e9 Clipet dans son histoire d&rsquo;\u00c9pinay-sur-Seine mentionne que ne pouvant exploiter le brevet, par manque d&rsquo;argent, Nicolas Redler le vendit sans grand profit, et il pr\u00e9cise : \u00ab En 1899 il acheta \u00e0 \u00c9pinay-sur-seine un terrain sur lequel il fit construire un \u00e9tablissement qu&rsquo;il baptisa Billard Nicolas comprenant un caf\u00e9, une salle de danse et quelques logements ; le b\u00e2timent porte en fa\u00e7ade une mosa\u00efque repr\u00e9sentant un billard Nicolas au-dessus d&rsquo;une horloge en partie cach\u00e9e par une terrasse construite apr\u00e8s coup. Ainsi naquit l&rsquo;\u00e9tablissement tenu jusqu&rsquo;\u00e0 sa mort en 1919, par son cr\u00e9ateur Nicolas Redler et dont le nom s&rsquo;est \u00e9tendu au quartier qui s&rsquo;est ensuite \u00e9difi\u00e9 tout autour. Mais, depuis 1956, on ne danse plus au \u00ab Billard Nicolas \u00bb, transform\u00e9 en station service pour automobiles. Depuis la station service fut remplac\u00e9e par un garage avant d&rsquo;\u00eatre finalement remplac\u00e9e par un magasin de vente de pi\u00e8ces d\u00e9tach\u00e9es pour automobiles. \u00bb<\/p>\n\n\n\n<p><strong><span style=\"text-decoration: underline;\">Mat\u00e9riel<\/span><\/strong><\/p>\n\n\n\n<figure class=\"wp-block-gallery columns-2 is-cropped wp-block-gallery-1 is-layout-flex wp-block-gallery-is-layout-flex\"><ul class=\"blocks-gallery-grid\"><li class=\"blocks-gallery-item\"><figure><img loading=\"lazy\" decoding=\"async\" width=\"270\" height=\"270\" src=\"http:\/\/leconservatoiredujeu.fr\/wp-content\/uploads\/2022\/04\/billard-nicolas-2.jpg\" alt=\"\" data-id=\"12847\" data-link=\"http:\/\/leconservatoiredujeu.fr\/index.php\/billard-nicolas\/billard-nicolas-2\/\" class=\"wp-image-12847\" srcset=\"https:\/\/leconservatoiredujeu.fr\/wp-content\/uploads\/2022\/04\/billard-nicolas-2.jpg 270w, https:\/\/leconservatoiredujeu.fr\/wp-content\/uploads\/2022\/04\/billard-nicolas-2-150x150.jpg 150w\" sizes=\"(max-width: 270px) 100vw, 270px\" \/><\/figure><\/li><li class=\"blocks-gallery-item\"><figure><img loading=\"lazy\" decoding=\"async\" width=\"400\" height=\"300\" src=\"http:\/\/leconservatoiredujeu.fr\/wp-content\/uploads\/2022\/04\/billard-nicolas.jpg\" alt=\"\" data-id=\"12848\" data-full-url=\"http:\/\/leconservatoiredujeu.fr\/wp-content\/uploads\/2022\/04\/billard-nicolas.jpg\" data-link=\"http:\/\/leconservatoiredujeu.fr\/index.php\/billard-nicolas\/billard-nicolas-3\/\" class=\"wp-image-12848\" srcset=\"https:\/\/leconservatoiredujeu.fr\/wp-content\/uploads\/2022\/04\/billard-nicolas.jpg 400w, https:\/\/leconservatoiredujeu.fr\/wp-content\/uploads\/2022\/04\/billard-nicolas-300x225.jpg 300w\" sizes=\"(max-width: 400px) 100vw, 400px\" \/><\/figure><\/li><\/ul><\/figure>\n\n\n\n<p class=\"has-white-color has-text-color\">Saut de ligne<\/p>\n\n\n\n<p>Le billard Nicolas se pr\u00e9sente sous la forme d&rsquo;une piste circulaire, bord\u00e9e d&rsquo;une bande munie de quatre supports en forme de lyres, destin\u00e9es \u00e0 y placer le bec de quatre poires soufflantes en caoutchouc \u2013 soufflets \u2013 pouvant y pivoter librement.<\/p>\n\n\n\n<div class=\"wp-block-image\"><figure class=\"aligncenter size-large\"><img loading=\"lazy\" decoding=\"async\" width=\"300\" height=\"300\" src=\"http:\/\/leconservatoiredujeu.fr\/wp-content\/uploads\/2020\/08\/4-Librement.jpg\" alt=\"\" class=\"wp-image-9722\" srcset=\"https:\/\/leconservatoiredujeu.fr\/wp-content\/uploads\/2020\/08\/4-Librement.jpg 300w, https:\/\/leconservatoiredujeu.fr\/wp-content\/uploads\/2020\/08\/4-Librement-150x150.jpg 150w\" sizes=\"(max-width: 300px) 100vw, 300px\" \/><\/figure><\/div>\n\n\n\n<p>Un trou circulaire est pratiqu\u00e9 dans la piste, contre la bande, en regard de chaque lyre.<\/p>\n\n\n\n<p>Aujourd&rsquo;hui, \u00e0 c\u00f4t\u00e9 du billard Nicolas traditionnel, d&rsquo;autres sont propos\u00e9s qui disposent de trois et m\u00eame de six trous, pour autant de joueurs. Les accessoires \u2013 billes, lyres, becs et soufflets \u2013 se trouvent aussi facilement sur le march\u00e9, et peuvent \u00eatre notamment utilis\u00e9s pour restaurer des billards Nicolas anciens.<\/p>\n\n\n\n<div class=\"wp-block-image\"><figure class=\"aligncenter size-large\"><img loading=\"lazy\" decoding=\"async\" width=\"300\" height=\"158\" src=\"http:\/\/leconservatoiredujeu.fr\/wp-content\/uploads\/2020\/08\/5-Ancien.jpg\" alt=\"\" class=\"wp-image-9723\"\/><\/figure><\/div>\n\n\n\n<p class=\"has-white-color has-text-color\">Saut de ligne<\/p>\n\n\n\n<p><br><strong><u>R\u00e8gles du Jeu<\/u><\/strong><\/p>\n\n\n\n<p>Le jeu est pratiqu\u00e9 par quatre joueurs, qui apr\u00e8s avoir install\u00e9 leur soufflet dans un des supports, tentent de diriger \u2013 en projetant des jets d&rsquo;air \u2013 une petite bille en li\u00e8ge vers un des trous adverses, et d&rsquo;\u00e9viter qu&rsquo;elle ne tombe dans le leur.&nbsp;Chaque bille log\u00e9e co\u00fbte un point au joueur qui l&rsquo;a re\u00e7ue. Celui-ci lance alors la bille sur la piste et la partie continue.<\/p>\n\n\n\n<p>Les joueurs comptabilisent leurs points perdus \u00e0 l&rsquo;aide d&rsquo;un boulier dispos\u00e9 sur le rebord du billard \u00e0 proximit\u00e9 de chaque lyre. Le gagnant est celui qui aura marqu\u00e9 le moins de points.<\/p>\n\n\n\n<figure class=\"wp-block-gallery columns-2 is-cropped wp-block-gallery-2 is-layout-flex wp-block-gallery-is-layout-flex\"><ul class=\"blocks-gallery-grid\"><li class=\"blocks-gallery-item\"><figure><img loading=\"lazy\" decoding=\"async\" width=\"300\" height=\"224\" src=\"http:\/\/leconservatoiredujeu.fr\/wp-content\/uploads\/2020\/08\/Fin-1.jpg\" alt=\"\" data-id=\"9724\" data-full-url=\"http:\/\/leconservatoiredujeu.fr\/wp-content\/uploads\/2020\/08\/Fin-1.jpg\" data-link=\"http:\/\/leconservatoiredujeu.fr\/index.php\/billard-nicolas\/fin-1\/\" class=\"wp-image-9724\"\/><\/figure><\/li><li class=\"blocks-gallery-item\"><figure><img loading=\"lazy\" decoding=\"async\" width=\"300\" height=\"224\" src=\"http:\/\/leconservatoiredujeu.fr\/wp-content\/uploads\/2020\/08\/Fin-2.jpg\" alt=\"\" data-id=\"9725\" data-full-url=\"http:\/\/leconservatoiredujeu.fr\/wp-content\/uploads\/2020\/08\/Fin-2.jpg\" data-link=\"http:\/\/leconservatoiredujeu.fr\/index.php\/billard-nicolas\/fin-2\/\" class=\"wp-image-9725\"\/><\/figure><\/li><\/ul><\/figure>\n\n\n\n<p><strong><span style=\"text-decoration: underline;\">Source<\/span> :<\/strong> Wikip\u00e9dia<\/p>\n\n\n\n<p class=\"has-text-align-right\">Le Conservatoire du Jeu &#8211; Avril 2022<\/p>\n\n\n\n<p><\/p>\n","protected":false},"excerpt":{"rendered":"<p>LE BILLARD NICOLAS Historique Mat\u00e9riel R\u00e8gles du jeu &nbsp; Historique Le billard Nicolas est un jeu d&rsquo;adresse, de la famille des billards, invent\u00e9 par Nicolas Redler en 1894. Nicolas Redler (1851 &#8211; 1919) est l&rsquo;inventeur fran\u00e7ais du billard Nicolas dont &hellip; <a href=\"https:\/\/leconservatoiredujeu.fr\/index.php\/billard-nicolas\/\">Continuer la lecture <span class=\"meta-nav\">&rarr;<\/span><\/a><\/p>\n","protected":false},"author":1,"featured_media":9720,"parent":0,"menu_order":0,"comment_status":"closed","ping_status":"closed","template":"","meta":{"footnotes":""},"_links":{"self":[{"href":"https:\/\/leconservatoiredujeu.fr\/index.php\/wp-json\/wp\/v2\/pages\/699"}],"collection":[{"href":"https:\/\/leconservatoiredujeu.fr\/index.php\/wp-json\/wp\/v2\/pages"}],"about":[{"href":"https:\/\/leconservatoiredujeu.fr\/index.php\/wp-json\/wp\/v2\/types\/page"}],"author":[{"embeddable":true,"href":"https:\/\/leconservatoiredujeu.fr\/index.php\/wp-json\/wp\/v2\/users\/1"}],"replies":[{"embeddable":true,"href":"https:\/\/leconservatoiredujeu.fr\/index.php\/wp-json\/wp\/v2\/comments?post=699"}],"version-history":[{"count":9,"href":"https:\/\/leconservatoiredujeu.fr\/index.php\/wp-json\/wp\/v2\/pages\/699\/revisions"}],"predecessor-version":[{"id":12849,"href":"https:\/\/leconservatoiredujeu.fr\/index.php\/wp-json\/wp\/v2\/pages\/699\/revisions\/12849"}],"wp:featuredmedia":[{"embeddable":true,"href":"https:\/\/leconservatoiredujeu.fr\/index.php\/wp-json\/wp\/v2\/media\/9720"}],"wp:attachment":[{"href":"https:\/\/leconservatoiredujeu.fr\/index.php\/wp-json\/wp\/v2\/media?parent=699"}],"curies":[{"name":"wp","href":"https:\/\/api.w.org\/{rel}","templated":true}]}}