{"id":695,"date":"2017-05-03T22:57:28","date_gmt":"2017-05-03T20:57:28","guid":{"rendered":"http:\/\/leconservatoiredujeu.fr\/?page_id=695"},"modified":"2022-05-03T17:44:43","modified_gmt":"2022-05-03T15:44:43","slug":"nathan","status":"publish","type":"page","link":"https:\/\/leconservatoiredujeu.fr\/index.php\/nathan\/","title":{"rendered":"Nathan"},"content":{"rendered":"\n<div class=\"wp-block-image\"><figure class=\"aligncenter\"><img loading=\"lazy\" decoding=\"async\" width=\"300\" height=\"95\" src=\"http:\/\/leconservatoiredujeu.fr\/wp-content\/uploads\/2017\/05\/logo-nathan-300x95.png\" alt=\"\" class=\"wp-image-696\" srcset=\"https:\/\/leconservatoiredujeu.fr\/wp-content\/uploads\/2017\/05\/logo-nathan-300x95.png 300w, https:\/\/leconservatoiredujeu.fr\/wp-content\/uploads\/2017\/05\/logo-nathan-768x244.png 768w, https:\/\/leconservatoiredujeu.fr\/wp-content\/uploads\/2017\/05\/logo-nathan.png 830w\" sizes=\"(max-width: 300px) 100vw, 300px\" \/><\/figure><\/div>\n\n\n\n<p>Jeux Nathan est un \u00e9diteur de jeux de soci\u00e9t\u00e9 bas\u00e9 en France. Il appartient au groupe d&rsquo;\u00e9dition Nathan. Le catalogue de jeux de soci\u00e9t\u00e9 a \u00e9t\u00e9 repris par Ravensburger. Cependant, Nathan recommence \u00e0 publier quelques jeux essentiellement \u00e9ducatifs. Les hommes qui ont fa\u00e7onn\u00e9 l\u2019entreprise ont su faire face aux \u00e9volutions du syst\u00e8me \u00e9ducatif mais aussi anticiper les r\u00e9formes pr\u00e9visibles en ouvrant des voies nouvelles. Ce souci permanent d\u2019innovation p\u00e9dagogique, dialogue constant avec les enseignants et \u00e0 la prise en compte des besoins de l\u2019enfant et de l\u2019\u00e9l\u00e8ve ont contribu\u00e9 au succ\u00e8s des Editions Nathan.<\/p>\n\n\n\n<p><strong><u>Historique<\/u><\/strong><\/p>\n\n\n\n<p>Lors de la cr\u00e9ation de la Maison en 1881, Fernand Nathan a 23 ans. Il est alors entour\u00e9 de maisons classiques anciennes et puissantes, mais des lois nouvelles sur l\u2019enseignement primaire viennent d\u2019\u00eatre promulgu\u00e9es\u2026<\/p>\n\n\n\n<p>Fernand Nathan :<\/p>\n\n\n\n<div class=\"wp-block-image\"><figure class=\"aligncenter\"><img loading=\"lazy\" decoding=\"async\" width=\"221\" height=\"300\" src=\"http:\/\/leconservatoiredujeu.fr\/wp-content\/uploads\/2019\/06\/image_1-221x300.jpg\" alt=\"\" class=\"wp-image-3757\" srcset=\"https:\/\/leconservatoiredujeu.fr\/wp-content\/uploads\/2019\/06\/image_1-221x300.jpg 221w, https:\/\/leconservatoiredujeu.fr\/wp-content\/uploads\/2019\/06\/image_1.jpg 285w\" sizes=\"(max-width: 221px) 100vw, 221px\" \/><\/figure><\/div>\n\n\n\n<p>En compl\u00e9tant ses collections de manuels scolaires par du mat\u00e9riel \u00e9ducatif adapt\u00e9 \u00e0 l&rsquo;enfant (ergonomie, taille et r\u00e9sistance), Fernand Nathan innove encore.<\/p>\n\n\n\n<p>Pierre Nathan&nbsp;va lancer les jeux \u00e9ducatifs Nathan tout en d\u00e9veloppant \u00e9galement les revues p\u00e9dagogiques et les collections pour la jeunesse. Pendant ce temps, son p\u00e8re, Fernand, multiplie les succ\u00e8s dans le domaine des manuels scolaires.<\/p>\n\n\n\n<p>Pierre Nathan :<\/p>\n\n\n\n<div class=\"wp-block-image\"><figure class=\"aligncenter\"><img loading=\"lazy\" decoding=\"async\" width=\"289\" height=\"223\" src=\"http:\/\/leconservatoiredujeu.fr\/wp-content\/uploads\/2019\/06\/pierre_nathan.jpg\" alt=\"\" class=\"wp-image-3758\"\/><\/figure><\/div>\n\n\n\n<p>Pierre Nathan qui a rejoint son p\u00e8re au sein de la maison d\u2019\u00e9dition en 1919, s\u2019attache tout particuli\u00e8rement au d\u00e9veloppement des&nbsp; \u00ab jeux \u00e9ducatifs \u00bb. En cr\u00e9ant cette appellation, il propage dans les \u00e9coles le concept \u00abd\u2019\u00e9duquer en s&rsquo;amusant\u00bb\u00a0\u00bb. Ces jeux qui stimulent la m\u00e9moire, l\u2019habilet\u00e9 et l\u2019intelligence pr\u00e9parent \u00e0 l\u2019effort intellectuel que les enfants auront \u00e0 faire plus tard pendant leurs \u00ab \u00e9tudes s\u00e9rieuses \u00bb. Ces nouveaux mod\u00e8les de jeux resteront longtemps un monopole Nathan, contribuant \u00e0 affirmer la notori\u00e9t\u00e9 de l\u2019entreprise et \u00e0 imposer son image novatrice.<br>Les jeux \u00e9ducatifs Nathan conna\u00eetront tout d&rsquo;abord un grand succ\u00e8s dans les \u00e9coles maternelles avec notamment le \u00ab\u00a0loto des couleurs\u00a0\u00bb, les \u00ab\u00a0dominos des fleurs\u00a0\u00bb, le \u00ab\u00a0loto des animaux\u00a0\u00bb&#8230;<\/p>\n\n\n\n<p>Maintenant Nathan est aussi sur les outils num\u00e9riques, qui est plus souples et plus ludiques (CD-Roms, sites, applications, manuels num\u00e9riques\u2026). L&rsquo;objectif, apr\u00e8s plus de 120 ans d&rsquo;existence, reste identique : proposer les solutions \u00e9ducatives les plus adapt\u00e9es en terme de p\u00e9dagogie et d&rsquo;innovation. L\u2019empreinte du num\u00e9rique int\u00e8gre de plus en plus les productions \u00e9ditoriales de Nathan.<\/p>\n\n\n\n<p>Lanc\u00e9 en 2001, le \u00ab\u00a0cartable \u00e9lectronique\u00a0\u00bb se pr\u00e9sentait comme un micro-ordinateur dot\u00e9 d&rsquo;un \u00e9cran tactile, d&rsquo;un format \u00e0 peine sup\u00e9rieur \u00e0 une feuille A4 et d\u2019un poids avoisinant le kilogramme.<br>La version initiale du cartable \u00e9lectronique , exp\u00e9riment\u00e9e dans de nombreux \u00e9tablissements scolaires, contenait alors des ouvrages de sciences et d&rsquo;histoire-g\u00e9ographie de la Maison.&nbsp;Afin d\u2019augmenter l\u2019exp\u00e9rience \u00e9ducative des coll\u00e9giens, des images, des photos, des vid\u00e9os et des commentaires audio ainsi qu&rsquo;un dictionnaire \u00e9taient directement accessibles d\u2019un simple clic.<\/p>\n\n\n\n<p>Depuis mars 2007, la soci\u00e9t\u00e9 espagnole DISET a repris la marque Jeux Nathan. La fabrication, la commercialisation et le marketing sont faits par la soci\u00e9t\u00e9 DISET SA bas\u00e9e \u00e0 Cenon (Gironde).<\/p>\n\n\n\n<p class=\"has-text-align-right\">Le Conservatoire du Jeu &#8211; Mai 2022<\/p>\n","protected":false},"excerpt":{"rendered":"<p>Jeux Nathan est un \u00e9diteur de jeux de soci\u00e9t\u00e9 bas\u00e9 en France. Il appartient au groupe d&rsquo;\u00e9dition Nathan. Le catalogue de jeux de soci\u00e9t\u00e9 a \u00e9t\u00e9 repris par Ravensburger. Cependant, Nathan recommence \u00e0 publier quelques jeux essentiellement \u00e9ducatifs. Les hommes &hellip; <a href=\"https:\/\/leconservatoiredujeu.fr\/index.php\/nathan\/\">Continuer la lecture <span class=\"meta-nav\">&rarr;<\/span><\/a><\/p>\n","protected":false},"author":1,"featured_media":0,"parent":0,"menu_order":0,"comment_status":"closed","ping_status":"closed","template":"","meta":{"footnotes":""},"_links":{"self":[{"href":"https:\/\/leconservatoiredujeu.fr\/index.php\/wp-json\/wp\/v2\/pages\/695"}],"collection":[{"href":"https:\/\/leconservatoiredujeu.fr\/index.php\/wp-json\/wp\/v2\/pages"}],"about":[{"href":"https:\/\/leconservatoiredujeu.fr\/index.php\/wp-json\/wp\/v2\/types\/page"}],"author":[{"embeddable":true,"href":"https:\/\/leconservatoiredujeu.fr\/index.php\/wp-json\/wp\/v2\/users\/1"}],"replies":[{"embeddable":true,"href":"https:\/\/leconservatoiredujeu.fr\/index.php\/wp-json\/wp\/v2\/comments?post=695"}],"version-history":[{"count":6,"href":"https:\/\/leconservatoiredujeu.fr\/index.php\/wp-json\/wp\/v2\/pages\/695\/revisions"}],"predecessor-version":[{"id":13057,"href":"https:\/\/leconservatoiredujeu.fr\/index.php\/wp-json\/wp\/v2\/pages\/695\/revisions\/13057"}],"wp:attachment":[{"href":"https:\/\/leconservatoiredujeu.fr\/index.php\/wp-json\/wp\/v2\/media?parent=695"}],"curies":[{"name":"wp","href":"https:\/\/api.w.org\/{rel}","templated":true}]}}