{"id":685,"date":"2017-05-03T22:47:46","date_gmt":"2017-05-03T20:47:46","guid":{"rendered":"http:\/\/leconservatoiredujeu.fr\/?page_id=685"},"modified":"2022-05-04T17:36:38","modified_gmt":"2022-05-04T15:36:38","slug":"zoch","status":"publish","type":"page","link":"https:\/\/leconservatoiredujeu.fr\/index.php\/zoch\/","title":{"rendered":"Zoch"},"content":{"rendered":"\n<figure class=\"wp-block-gallery aligncenter columns-2 is-cropped wp-block-gallery-1 is-layout-flex wp-block-gallery-is-layout-flex\"><ul class=\"blocks-gallery-grid\"><li class=\"blocks-gallery-item\"><figure><img loading=\"lazy\" decoding=\"async\" width=\"300\" height=\"247\" src=\"http:\/\/leconservatoiredujeu.fr\/wp-content\/uploads\/2020\/08\/LOGO2.jpeg\" alt=\"\" data-id=\"10609\" data-full-url=\"http:\/\/leconservatoiredujeu.fr\/wp-content\/uploads\/2020\/08\/LOGO2.jpeg\" data-link=\"http:\/\/leconservatoiredujeu.fr\/index.php\/zoch\/logo2-3\/\" class=\"wp-image-10609\"\/><\/figure><\/li><li class=\"blocks-gallery-item\"><figure><img loading=\"lazy\" decoding=\"async\" width=\"300\" height=\"225\" src=\"http:\/\/leconservatoiredujeu.fr\/wp-content\/uploads\/2020\/08\/LOGO1-1.png\" alt=\"\" data-id=\"10608\" data-full-url=\"http:\/\/leconservatoiredujeu.fr\/wp-content\/uploads\/2020\/08\/LOGO1-1.png\" data-link=\"http:\/\/leconservatoiredujeu.fr\/index.php\/zoch\/logo1-1\/\" class=\"wp-image-10608\"\/><\/figure><\/li><\/ul><\/figure>\n\n\n\n<p class=\"has-white-color has-text-color\">ligne<\/p>\n\n\n\n<p><strong><u>Historique<\/u><\/strong><\/p>\n\n\n\n<p>La marque Zoch est distribu\u00e9e par\u00a0<a href=\"http:\/\/leconservatoiredujeu.fr\/index.php\/gigamic\/\">Gigamic\u00a0<\/a>en France.<br>Zoch est un \u00e9diteur de jeux de soci\u00e9t\u00e9 bas\u00e9 \u00e0 Munich en Allemagne. La soci\u00e9t\u00e9 a \u00e9t\u00e9 fond\u00e9e en 1987 par Albrecht Werstein et Klaus Zoch. En 2002, ils ont \u00e9t\u00e9 rejoints par Hermann Hutter. Zoch est associ\u00e9 en France avec la soci\u00e9t\u00e9 Gigamic qui \u00e9dite des \u00e9ditions fran\u00e7aises de nombreux jeux de la gamme Zoch GmbH.<\/p>\n\n\n\n<div class=\"wp-block-image is-style-default\"><figure class=\"aligncenter size-medium\"><img loading=\"lazy\" decoding=\"async\" width=\"300\" height=\"286\" src=\"http:\/\/leconservatoiredujeu.fr\/wp-content\/uploads\/2020\/08\/GIGA-300x286.png\" alt=\"\" class=\"wp-image-10613\" srcset=\"https:\/\/leconservatoiredujeu.fr\/wp-content\/uploads\/2020\/08\/GIGA-300x286.png 300w, https:\/\/leconservatoiredujeu.fr\/wp-content\/uploads\/2020\/08\/GIGA-315x300.png 315w, https:\/\/leconservatoiredujeu.fr\/wp-content\/uploads\/2020\/08\/GIGA.png 639w\" sizes=\"(max-width: 300px) 100vw, 300px\" \/><\/figure><\/div>\n\n\n\n<p>L&rsquo;ann\u00e9e 1987 a commenc\u00e9 en beaut\u00e9. Klaus Zoch lance Bausack et, peu apr\u00e8s, en 1988, re\u00e7oit le \u00ab &nbsp;Spiel des Jahres \u00bb. Aujourd\u2019hui, Bausack a \u00e9t\u00e9 vendu \u00e0 50 000 exemplaires et il est consid\u00e9r\u00e9 comme un classique parmi les jeux de construction. La cr\u00e9ation de Wer wohnt Wo a \u00e9galement eu lieu pendant cette p\u00e9riode. Le jeu de m\u00e9moire en bois est \u00e0 ce jour le favori dans les \u00e9coles maternelles. Bamboleo est publi\u00e9 en 1996, il est consid\u00e9r\u00e9 comme une nouvelle \u00e9tape des jeux d&rsquo;adresse de Zoch. Dans la m\u00eame ann\u00e9e, Aztec re\u00e7oit le \u00ab Sonderpreis Sch\u00f6nes Spiel \u00bb.<\/p>\n\n\n\n<p>D\u00e8s lors, le succ\u00e8s Zoch n\u2019\u00e9tait plus \u00e0 faire. En 1998, Pique-Plume a fait une perc\u00e9e majeure sur le march\u00e9. On lui a attribu\u00e9 le \u00ab\u00a0Sonderpreis Bestes Kinderspiel 1998\u00bb, Pique-Plume a \u00e9galement re\u00e7u le prix \u00abDeutscher Kinderspielpreis\u00a0\u00bb \u00e0 l&rsquo;automne 1998.<br>Aujourd&rsquo;hui, plus de 700.000 exemplaires de Pique-Plume ont \u00e9t\u00e9 vendus. Le jeu est paru dans plus de 20 \u00e9ditions \u00e9trang\u00e8res et a \u00e9t\u00e9 r\u00e9compens\u00e9 par des prix dans de nombreux pays europ\u00e9ens. En 1998, l&rsquo;extension \u00ab\u00a0Pique-Plume extension\u00a0\u00bb est un succ\u00e8s.<\/p>\n\n\n\n<p>La tradition du jeu d\u2019adresse de chez Zoch a continu\u00e9 avec le jeu Hamster rolle. En 2001, Tic Tac Troll a \u00e9t\u00e9 nomm\u00e9 \u00abJeu de l&rsquo;Ann\u00e9e 2001 \u00bb et a remport\u00e9 le prix \u00abDeutscher Kinderspielpreis\u00a0\u00bb. &nbsp;Villa Paletti a re\u00e7u le \u00ab Spiel des Jahres 2002\u00bb. Le Jury des Spiel Jahres a d\u00e9cern\u00e9 \u00ab l\u2019Oscar de l&rsquo;industrie des jeux \u00bb pour le travail de la maison d&rsquo;\u00e9dition Zoch. Villa Paletti, \u00e0 lui seul, a \u00e9t\u00e9 vendu \u00e0 plus de 300.000 exemplaires en 2002. En 2003, Zoch \u00e9largit leur &nbsp;gamme \u00ab poulet \u00bb avec des jeux tels que Schicki Micki.<\/p>\n\n\n\n<div class=\"wp-block-image is-style-default\"><figure class=\"aligncenter size-large\"><img loading=\"lazy\" decoding=\"async\" width=\"355\" height=\"355\" src=\"http:\/\/leconservatoiredujeu.fr\/wp-content\/uploads\/2020\/08\/TIC.jpg\" alt=\"\" class=\"wp-image-10614\" srcset=\"https:\/\/leconservatoiredujeu.fr\/wp-content\/uploads\/2020\/08\/TIC.jpg 355w, https:\/\/leconservatoiredujeu.fr\/wp-content\/uploads\/2020\/08\/TIC-300x300.jpg 300w, https:\/\/leconservatoiredujeu.fr\/wp-content\/uploads\/2020\/08\/TIC-150x150.jpg 150w\" sizes=\"(max-width: 355px) 100vw, 355px\" \/><\/figure><\/div>\n\n\n\n<p>Lors d\u2019une publication pour les 18 ans de la Soci\u00e9t\u00e9 Zoch, au printemps 2005, il \u00e9tait clair que le moment \u00e9tait venu de publier des jeux \u00abadultes\u00bb. Ainsi, l\u2019\u00e9diteur s&rsquo;aventure avec Goldbr\u00e4u (en coop\u00e9ration avec l&rsquo;\u00e9diteur Hanser Company), Niagara, Manila et San Ta Si dans une cat\u00e9gorie qui n&rsquo;a pas \u00e9t\u00e9 con\u00e7ue pour la main de l&rsquo;enfant. Cette nouvelle \u00e9tape fut un &nbsp;succ\u00e8s et en 2005 Niagara devient le \u00ab\u00a0Jeu de l&rsquo;ann\u00e9e\u00a0\u00bb. En 2013, Niagara, ainsi que Villa Paletti, ont \u00e9t\u00e9 vendus \u00e0 plus de 400.000 exemplaires. Reiner Knizia avec Pickomino est sorti la m\u00eame ann\u00e9e. Depuis lors, il a rapidement conquis les c\u0153urs et mains des joueurs. Il atteint m\u00eame le statut de jeu culte. Il a le potentiel pour obtenir une place de choix parmi les classiques de Zoch \u00e0 l&rsquo;avenir. Pickomino peut d&rsquo;ores et d\u00e9j\u00e0 \u00eatre jou\u00e9 dans sept \u00e9ditions \u00e9trang\u00e8res diff\u00e9rentes.<\/p>\n\n\n\n<figure class=\"wp-block-gallery columns-2 is-cropped wp-block-gallery-2 is-layout-flex wp-block-gallery-is-layout-flex\"><ul class=\"blocks-gallery-grid\"><li class=\"blocks-gallery-item\"><figure><img loading=\"lazy\" decoding=\"async\" width=\"300\" height=\"298\" src=\"http:\/\/leconservatoiredujeu.fr\/wp-content\/uploads\/2020\/08\/NIAGARA.jpg\" alt=\"\" data-id=\"10615\" data-full-url=\"http:\/\/leconservatoiredujeu.fr\/wp-content\/uploads\/2020\/08\/NIAGARA.jpg\" data-link=\"http:\/\/leconservatoiredujeu.fr\/index.php\/zoch\/niagara\/\" class=\"wp-image-10615\" srcset=\"https:\/\/leconservatoiredujeu.fr\/wp-content\/uploads\/2020\/08\/NIAGARA.jpg 300w, https:\/\/leconservatoiredujeu.fr\/wp-content\/uploads\/2020\/08\/NIAGARA-150x150.jpg 150w\" sizes=\"(max-width: 300px) 100vw, 300px\" \/><\/figure><\/li><li class=\"blocks-gallery-item\"><figure><img loading=\"lazy\" decoding=\"async\" width=\"200\" height=\"202\" src=\"http:\/\/leconservatoiredujeu.fr\/wp-content\/uploads\/2020\/08\/VILLA.jpeg\" alt=\"\" data-id=\"10616\" data-full-url=\"http:\/\/leconservatoiredujeu.fr\/wp-content\/uploads\/2020\/08\/VILLA.jpeg\" data-link=\"http:\/\/leconservatoiredujeu.fr\/index.php\/zoch\/villa\/\" class=\"wp-image-10616\"\/><\/figure><\/li><\/ul><\/figure>\n\n\n\n<p>La gamme de jeux tactiles a commenc\u00e9 avec Dscham\u00e1l et a \u00e9t\u00e9 \u00e9largie en 2006 avec Ramba Samba et Le Magiciens des cl\u00e9s. L&rsquo;ann\u00e9e 2006 a vu la sortie de Los Mampfos qui a \u00e9t\u00e9 nomin\u00e9 pour \u00ab\u00a0Kinderspiel des Jahres\u00a0\u00bb.<\/p>\n\n\n\n<p>L&rsquo;extension pour Niagara Flussgeister am Niagara a contribu\u00e9 au d\u00e9veloppement du jeu \u00e9ponyme. En outre, et en r\u00e9ponse \u00e0 de nombreuses demandes, Zoch r\u00e9\u00e9dite Bausack (avec lequel tout a commenc\u00e9 il ya 20 ans) dans une bo\u00eete avec une nouvelle illustration plus attrayante et avec du mat\u00e9riel r\u00e9vis\u00e9.<\/p>\n\n\n\n<p class=\"has-white-color has-text-color\">ligne<\/p>\n\n\n\n<figure class=\"wp-block-gallery aligncenter columns-2 is-cropped wp-block-gallery-3 is-layout-flex wp-block-gallery-is-layout-flex\"><ul class=\"blocks-gallery-grid\"><li class=\"blocks-gallery-item\"><figure><img loading=\"lazy\" decoding=\"async\" width=\"499\" height=\"500\" src=\"http:\/\/leconservatoiredujeu.fr\/wp-content\/uploads\/2020\/08\/JEU1-6.jpg\" alt=\"\" data-id=\"10610\" data-link=\"http:\/\/leconservatoiredujeu.fr\/index.php\/zoch\/jeu1-6\/\" class=\"wp-image-10610\" srcset=\"https:\/\/leconservatoiredujeu.fr\/wp-content\/uploads\/2020\/08\/JEU1-6.jpg 499w, https:\/\/leconservatoiredujeu.fr\/wp-content\/uploads\/2020\/08\/JEU1-6-300x300.jpg 300w, https:\/\/leconservatoiredujeu.fr\/wp-content\/uploads\/2020\/08\/JEU1-6-150x150.jpg 150w, https:\/\/leconservatoiredujeu.fr\/wp-content\/uploads\/2020\/08\/JEU1-6-299x300.jpg 299w\" sizes=\"(max-width: 499px) 100vw, 499px\" \/><\/figure><\/li><li class=\"blocks-gallery-item\"><figure><img loading=\"lazy\" decoding=\"async\" width=\"800\" height=\"800\" src=\"http:\/\/leconservatoiredujeu.fr\/wp-content\/uploads\/2020\/08\/JEU2-7.jpg\" alt=\"\" data-id=\"10611\" data-full-url=\"http:\/\/leconservatoiredujeu.fr\/wp-content\/uploads\/2020\/08\/JEU2-7.jpg\" data-link=\"http:\/\/leconservatoiredujeu.fr\/index.php\/zoch\/jeu2-7\/\" class=\"wp-image-10611\" srcset=\"https:\/\/leconservatoiredujeu.fr\/wp-content\/uploads\/2020\/08\/JEU2-7.jpg 800w, https:\/\/leconservatoiredujeu.fr\/wp-content\/uploads\/2020\/08\/JEU2-7-300x300.jpg 300w, https:\/\/leconservatoiredujeu.fr\/wp-content\/uploads\/2020\/08\/JEU2-7-150x150.jpg 150w, https:\/\/leconservatoiredujeu.fr\/wp-content\/uploads\/2020\/08\/JEU2-7-768x768.jpg 768w\" sizes=\"(max-width: 800px) 100vw, 800px\" \/><\/figure><\/li><\/ul><\/figure>\n\n\n\n<p class=\"has-text-align-left\"><strong><span style=\"text-decoration: underline;\">Source<\/span> : <\/strong>Wikip\u00e9dia<\/p>\n\n\n\n<p class=\"has-text-align-right\">Le Conservatoire du Jeu &#8211; Mai 2022<\/p>\n","protected":false},"excerpt":{"rendered":"<p>ligne Historique La marque Zoch est distribu\u00e9e par\u00a0Gigamic\u00a0en France.Zoch est un \u00e9diteur de jeux de soci\u00e9t\u00e9 bas\u00e9 \u00e0 Munich en Allemagne. La soci\u00e9t\u00e9 a \u00e9t\u00e9 fond\u00e9e en 1987 par Albrecht Werstein et Klaus Zoch. En 2002, ils ont \u00e9t\u00e9 rejoints &hellip; <a href=\"https:\/\/leconservatoiredujeu.fr\/index.php\/zoch\/\">Continuer la lecture <span class=\"meta-nav\">&rarr;<\/span><\/a><\/p>\n","protected":false},"author":1,"featured_media":0,"parent":0,"menu_order":0,"comment_status":"closed","ping_status":"closed","template":"","meta":{"footnotes":""},"_links":{"self":[{"href":"https:\/\/leconservatoiredujeu.fr\/index.php\/wp-json\/wp\/v2\/pages\/685"}],"collection":[{"href":"https:\/\/leconservatoiredujeu.fr\/index.php\/wp-json\/wp\/v2\/pages"}],"about":[{"href":"https:\/\/leconservatoiredujeu.fr\/index.php\/wp-json\/wp\/v2\/types\/page"}],"author":[{"embeddable":true,"href":"https:\/\/leconservatoiredujeu.fr\/index.php\/wp-json\/wp\/v2\/users\/1"}],"replies":[{"embeddable":true,"href":"https:\/\/leconservatoiredujeu.fr\/index.php\/wp-json\/wp\/v2\/comments?post=685"}],"version-history":[{"count":10,"href":"https:\/\/leconservatoiredujeu.fr\/index.php\/wp-json\/wp\/v2\/pages\/685\/revisions"}],"predecessor-version":[{"id":13122,"href":"https:\/\/leconservatoiredujeu.fr\/index.php\/wp-json\/wp\/v2\/pages\/685\/revisions\/13122"}],"wp:attachment":[{"href":"https:\/\/leconservatoiredujeu.fr\/index.php\/wp-json\/wp\/v2\/media?parent=685"}],"curies":[{"name":"wp","href":"https:\/\/api.w.org\/{rel}","templated":true}]}}