{"id":667,"date":"2017-05-03T22:32:37","date_gmt":"2017-05-03T20:32:37","guid":{"rendered":"http:\/\/leconservatoiredujeu.fr\/?page_id=667"},"modified":"2022-03-09T17:35:24","modified_gmt":"2022-03-09T16:35:24","slug":"gigamic","status":"publish","type":"page","link":"https:\/\/leconservatoiredujeu.fr\/index.php\/gigamic\/","title":{"rendered":"Gigamic"},"content":{"rendered":"\n<div class=\"wp-block-image\"><figure class=\"aligncenter is-resized\"><img loading=\"lazy\" decoding=\"async\" src=\"http:\/\/leconservatoiredujeu.fr\/wp-content\/uploads\/2017\/05\/Gigamic-logo-300x286.jpg\" alt=\"\" class=\"wp-image-668\" width=\"333\" height=\"316\"\/><figcaption>Logo de la marque<\/figcaption><\/figure><\/div>\n\n\n\n<p><strong><span style=\"text-decoration: underline;\">Historique <\/span>:<\/strong><\/p>\n\n\n\n<p>Gigamic est un \u00e9diteur fran\u00e7ais de jeux. Il \u00e9dite et distribue des jeux de soci\u00e9t\u00e9 et des casse-t\u00eate fran\u00e7ais ou \u00e9trangers, en France, en Belgique et dans plus de 45 pays. Cette soci\u00e9t\u00e9 distribue \u00e9galement les versions fran\u00e7aises de jeux d&rsquo;\u00e9diteurs \u00e9trangers, comme Amigo, Zoch,&nbsp; Don &amp; Co o Drei Magier Spiele.<\/p>\n\n\n\n<p>La marque a \u00e9t\u00e9 cr\u00e9\u00e9e en 1991 par 3 fr\u00e8res Gires, Jean-Christophe, Ludovic et St\u00e9phane. Gigamic est d&rsquo;abord \u00e9diteur de jeux abstraits en bois. Quarto, Quoridor<\/p>\n\n\n\n<figure class=\"wp-block-gallery aligncenter columns-2 is-cropped wp-block-gallery-1 is-layout-flex wp-block-gallery-is-layout-flex\"><ul class=\"blocks-gallery-grid\"><li class=\"blocks-gallery-item\"><figure><img loading=\"lazy\" decoding=\"async\" width=\"450\" height=\"450\" src=\"http:\/\/leconservatoiredujeu.fr\/wp-content\/uploads\/2022\/03\/quoridor.jpg\" alt=\"\" data-id=\"12644\" data-link=\"http:\/\/leconservatoiredujeu.fr\/index.php\/gigamic\/quoridor-2\/\" class=\"wp-image-12644\" srcset=\"https:\/\/leconservatoiredujeu.fr\/wp-content\/uploads\/2022\/03\/quoridor.jpg 450w, https:\/\/leconservatoiredujeu.fr\/wp-content\/uploads\/2022\/03\/quoridor-300x300.jpg 300w, https:\/\/leconservatoiredujeu.fr\/wp-content\/uploads\/2022\/03\/quoridor-150x150.jpg 150w\" sizes=\"(max-width: 450px) 100vw, 450px\" \/><\/figure><\/li><li class=\"blocks-gallery-item\"><figure><img loading=\"lazy\" decoding=\"async\" width=\"458\" height=\"458\" src=\"http:\/\/leconservatoiredujeu.fr\/wp-content\/uploads\/2022\/03\/quarto.jpg\" alt=\"\" data-id=\"12645\" data-full-url=\"http:\/\/leconservatoiredujeu.fr\/wp-content\/uploads\/2022\/03\/quarto.jpg\" data-link=\"http:\/\/leconservatoiredujeu.fr\/index.php\/gigamic\/quarto-2\/\" class=\"wp-image-12645\" srcset=\"https:\/\/leconservatoiredujeu.fr\/wp-content\/uploads\/2022\/03\/quarto.jpg 458w, https:\/\/leconservatoiredujeu.fr\/wp-content\/uploads\/2022\/03\/quarto-300x300.jpg 300w, https:\/\/leconservatoiredujeu.fr\/wp-content\/uploads\/2022\/03\/quarto-150x150.jpg 150w\" sizes=\"(max-width: 458px) 100vw, 458px\" \/><\/figure><\/li><\/ul><figcaption class=\"blocks-gallery-caption\">Boite des jeux \u00ab\u00a0Quoridor\u00a0\u00bb et \u00ab\u00a0Quarto\u00a0\u00bb<\/figcaption><\/figure>\n\n\n\n<p>L\u2019\u00e9diteur se pr\u00e9sente comme ayant une gamme de jeux pour la famille, des jeux avec des m\u00e9caniques vari\u00e9es et avec un mat\u00e9riel de qualit\u00e9. Il est vrai que la plupart des jeux Gigamic sont d\u2019excellente facture. De leur premier titre comme Quarto\u00a0! En bois ou des jeux plus r\u00e9cents, enti\u00e8re en plastique comme Wazabi, on sent un d\u00e9sir de bien faire, et de bien finir les choses\u00a0!<\/p>\n\n\n\n<p>Quant au fait d\u2019une gamme pour toute la famille, il est vrai que la plupart des jeux Gigamic sont accessibles aux plus jeunes, n\u00e9anmoins, se ne sont pas nos jolis t\u00eates blondes qui sont le plus attir\u00e9s par un Quarto\u00a0!, un Quads ou un Quoridor. La marque \u00e0 su au fil des ann\u00e9es se d\u00e9marquer des jeux de r\u00e9flexion en bois (ou pas\u00a0! il y a eu une gamme en plastique en r\u00e9\u00e9dition pour de nombreux jeux\u00a0!), en proposant des titres plus familiaux et conviviaux tels que Marrakech, par exemple.<\/p>\n\n\n\n<div class=\"wp-block-image\"><figure class=\"aligncenter size-full\"><img loading=\"lazy\" decoding=\"async\" width=\"340\" height=\"340\" src=\"http:\/\/leconservatoiredujeu.fr\/wp-content\/uploads\/2022\/03\/Gigamic-Marrakech.jpg\" alt=\"\" class=\"wp-image-12646\" srcset=\"https:\/\/leconservatoiredujeu.fr\/wp-content\/uploads\/2022\/03\/Gigamic-Marrakech.jpg 340w, https:\/\/leconservatoiredujeu.fr\/wp-content\/uploads\/2022\/03\/Gigamic-Marrakech-300x300.jpg 300w, https:\/\/leconservatoiredujeu.fr\/wp-content\/uploads\/2022\/03\/Gigamic-Marrakech-150x150.jpg 150w\" sizes=\"(max-width: 340px) 100vw, 340px\" \/><figcaption>Boite du jeu \u00ab\u00a0Marrakech\u00a0\u00bb<\/figcaption><\/figure><\/div>\n\n\n\n<p>Gigamic a su s\u2019\u00e9tendre, fort du succ\u00e8s de Quarto, cr\u00e9e en 1992 et vendu \u00e0 plus d\u2019un million d\u2019exemplaires dix ans plus tard, en 1999 Gigamic \u00e9tait consid\u00e9r\u00e9 comme \u00e9diteur de jeu de strat\u00e9gie. Les jeux de l\u2019\u00e9diteur ont re\u00e7u plus de 70 r\u00e9compenses&nbsp;!<\/p>\n\n\n\n<p>Au cours des ann\u00e9es, Gigamic a su s\u2019exporter dans pas moins de 45 pays, l\u2019\u00e9diteur devient Co\u00e9diteur et partenaires de nombreuses marques \u00e9trang\u00e8res&nbsp;: Amigo, Zoch, Drei Magier, Huch, DJ Games, Tantrix, Set, Fridolin, Professor Puzzle, Cheatwell, Philos.<\/p>\n\n\n\n<p>Et pour certains produits avec : Eggertspiel, Pegasus, NSV, Granna, Brain Games<\/p>\n\n\n\n<p>Aujourd\u2019hui (2014), Gigamic annonce plus de 400 r\u00e9f\u00e9rences \u00e0 son catalogue (partenaires compris biens\u00fbr).<\/p>\n\n\n\n<p>D\u2019abord sp\u00e9cialis\u00e9 dans le d\u00e9veloppement de jeux combinatoires abstraits (Quarto, Quoridor\u2026), Gigamic se diversifie progressivement \u00e0 partir de 1996 dans les petits jeux familiaux, en partie par d\u00e9veloppement interne, mais surtout par la traduction de jeux d\u2019\u00e9diteurs \u00e9trangers (Amigo, Zoch, Drei Magier Spiele\u2026).<\/p>\n\n\n\n<p>\u00c0 partir de 2012, Gigamic s\u2019\u00e9tend \u00e9galement vers le march\u00e9 des joueurs connaisseurs en traduisant des jeux experts d\u2019\u00e9diteurs \u00e9trangers (Trajan, Descendance, Keyflower, Roll for the Galaxy\u2026).<\/p>\n\n\n\n<figure class=\"wp-block-gallery columns-2 is-cropped wp-block-gallery-2 is-layout-flex wp-block-gallery-is-layout-flex\"><ul class=\"blocks-gallery-grid\"><li class=\"blocks-gallery-item\"><figure><img loading=\"lazy\" decoding=\"async\" width=\"372\" height=\"372\" src=\"http:\/\/leconservatoiredujeu.fr\/wp-content\/uploads\/2022\/03\/trajan.jpg\" alt=\"\" data-id=\"12647\" data-link=\"http:\/\/leconservatoiredujeu.fr\/index.php\/gigamic\/trajan\/\" class=\"wp-image-12647\" srcset=\"https:\/\/leconservatoiredujeu.fr\/wp-content\/uploads\/2022\/03\/trajan.jpg 372w, https:\/\/leconservatoiredujeu.fr\/wp-content\/uploads\/2022\/03\/trajan-300x300.jpg 300w, https:\/\/leconservatoiredujeu.fr\/wp-content\/uploads\/2022\/03\/trajan-150x150.jpg 150w\" sizes=\"(max-width: 372px) 100vw, 372px\" \/><\/figure><\/li><li class=\"blocks-gallery-item\"><figure><img loading=\"lazy\" decoding=\"async\" width=\"982\" height=\"1024\" src=\"http:\/\/leconservatoiredujeu.fr\/wp-content\/uploads\/2022\/03\/Roll-for-the-galaxy-Gigamic-Couv-Jeu-de-societe-ludovox-982x1024.jpg\" alt=\"\" data-id=\"12648\" data-full-url=\"http:\/\/leconservatoiredujeu.fr\/wp-content\/uploads\/2022\/03\/Roll-for-the-galaxy-Gigamic-Couv-Jeu-de-societe-ludovox.jpg\" data-link=\"http:\/\/leconservatoiredujeu.fr\/index.php\/gigamic\/roll-for-the-galaxy-gigamic-couv-jeu-de-societe-ludovox\/\" class=\"wp-image-12648\" srcset=\"https:\/\/leconservatoiredujeu.fr\/wp-content\/uploads\/2022\/03\/Roll-for-the-galaxy-Gigamic-Couv-Jeu-de-societe-ludovox-982x1024.jpg 982w, https:\/\/leconservatoiredujeu.fr\/wp-content\/uploads\/2022\/03\/Roll-for-the-galaxy-Gigamic-Couv-Jeu-de-societe-ludovox-288x300.jpg 288w, https:\/\/leconservatoiredujeu.fr\/wp-content\/uploads\/2022\/03\/Roll-for-the-galaxy-Gigamic-Couv-Jeu-de-societe-ludovox-768x801.jpg 768w, https:\/\/leconservatoiredujeu.fr\/wp-content\/uploads\/2022\/03\/Roll-for-the-galaxy-Gigamic-Couv-Jeu-de-societe-ludovox.jpg 1132w\" sizes=\"(max-width: 982px) 100vw, 982px\" \/><\/figure><\/li><\/ul><figcaption class=\"blocks-gallery-caption\">Boite des jeux \u00ab\u00a0Trajan\u00a0\u00bbet \u00ab\u00a0Roll for the Galaxy\u00a0\u00bb<\/figcaption><\/figure>\n\n\n\n<p>Gigamic est aujourd\u2019hui pr\u00e9sent sur la plupart des segments du jeu de soci\u00e9t\u00e9. Gigamic est son propre distributeur en France depuis 2003.<\/p>\n\n\n\n<p>\u00c0 l\u2019\u00e9tranger, Gigamic vend g\u00e9n\u00e9ralement ses jeux sous sa propre marque, par l\u2019interm\u00e9diaire de distributeurs locaux.<\/p>\n\n\n\n<p><span style=\"text-decoration: underline;\"><strong>Anciens logos de la marque<\/strong><\/span><strong> :<\/strong><\/p>\n\n\n\n<div class=\"wp-block-image\"><figure class=\"alignright\"><img loading=\"lazy\" decoding=\"async\" width=\"300\" height=\"90\" src=\"http:\/\/leconservatoiredujeu.fr\/wp-content\/uploads\/2019\/06\/logo-gigamic-300x90.jpg\" alt=\"\" class=\"wp-image-3778\" srcset=\"https:\/\/leconservatoiredujeu.fr\/wp-content\/uploads\/2019\/06\/logo-gigamic-300x90.jpg 300w, https:\/\/leconservatoiredujeu.fr\/wp-content\/uploads\/2019\/06\/logo-gigamic.jpg 400w\" sizes=\"(max-width: 300px) 100vw, 300px\" \/><\/figure><\/div>\n\n\n\n<figure class=\"wp-block-image\"><img loading=\"lazy\" decoding=\"async\" width=\"231\" height=\"300\" src=\"http:\/\/leconservatoiredujeu.fr\/wp-content\/uploads\/2019\/06\/logo-gigamic-ancien-231x300.jpg\" alt=\"\" class=\"wp-image-3779\" srcset=\"https:\/\/leconservatoiredujeu.fr\/wp-content\/uploads\/2019\/06\/logo-gigamic-ancien-231x300.jpg 231w, https:\/\/leconservatoiredujeu.fr\/wp-content\/uploads\/2019\/06\/logo-gigamic-ancien.jpg 268w\" sizes=\"(max-width: 231px) 100vw, 231px\" \/><\/figure>\n\n\n\n<p><strong><u>Liens<\/u><\/strong> <strong>:<\/strong><\/p>\n\n\n\n<p>Le site officiel de la marque :\u00a0<a href=\"http:\/\/www.gigamic.com\/\">Gigamic<\/a><\/p>\n\n\n\n<p><strong><span style=\"text-decoration: underline;\">Cr\u00e9dits photos <\/span>:<\/strong><\/p>\n\n\n\n<p>Philibert.net, LudoVox.fr<\/p>\n\n\n\n<p class=\"has-text-align-right\">M.a.J &#8211; Mars 2022<\/p>\n","protected":false},"excerpt":{"rendered":"<p>Historique : Gigamic est un \u00e9diteur fran\u00e7ais de jeux. Il \u00e9dite et distribue des jeux de soci\u00e9t\u00e9 et des casse-t\u00eate fran\u00e7ais ou \u00e9trangers, en France, en Belgique et dans plus de 45 pays. Cette soci\u00e9t\u00e9 distribue \u00e9galement les versions fran\u00e7aises &hellip; <a href=\"https:\/\/leconservatoiredujeu.fr\/index.php\/gigamic\/\">Continuer la lecture <span class=\"meta-nav\">&rarr;<\/span><\/a><\/p>\n","protected":false},"author":1,"featured_media":0,"parent":0,"menu_order":0,"comment_status":"closed","ping_status":"closed","template":"","meta":{"footnotes":""},"_links":{"self":[{"href":"https:\/\/leconservatoiredujeu.fr\/index.php\/wp-json\/wp\/v2\/pages\/667"}],"collection":[{"href":"https:\/\/leconservatoiredujeu.fr\/index.php\/wp-json\/wp\/v2\/pages"}],"about":[{"href":"https:\/\/leconservatoiredujeu.fr\/index.php\/wp-json\/wp\/v2\/types\/page"}],"author":[{"embeddable":true,"href":"https:\/\/leconservatoiredujeu.fr\/index.php\/wp-json\/wp\/v2\/users\/1"}],"replies":[{"embeddable":true,"href":"https:\/\/leconservatoiredujeu.fr\/index.php\/wp-json\/wp\/v2\/comments?post=667"}],"version-history":[{"count":5,"href":"https:\/\/leconservatoiredujeu.fr\/index.php\/wp-json\/wp\/v2\/pages\/667\/revisions"}],"predecessor-version":[{"id":12649,"href":"https:\/\/leconservatoiredujeu.fr\/index.php\/wp-json\/wp\/v2\/pages\/667\/revisions\/12649"}],"wp:attachment":[{"href":"https:\/\/leconservatoiredujeu.fr\/index.php\/wp-json\/wp\/v2\/media?parent=667"}],"curies":[{"name":"wp","href":"https:\/\/api.w.org\/{rel}","templated":true}]}}