{"id":661,"date":"2017-05-03T22:27:39","date_gmt":"2017-05-03T20:27:39","guid":{"rendered":"http:\/\/leconservatoiredujeu.fr\/?page_id=661"},"modified":"2022-02-18T19:00:28","modified_gmt":"2022-02-18T18:00:28","slug":"fx-schmid","status":"publish","type":"page","link":"https:\/\/leconservatoiredujeu.fr\/index.php\/fx-schmid\/","title":{"rendered":"FX Schmid"},"content":{"rendered":"\n<div class=\"wp-block-image is-style-default\"><figure class=\"alignright size-large\"><img loading=\"lazy\" decoding=\"async\" width=\"300\" height=\"300\" src=\"http:\/\/leconservatoiredujeu.fr\/wp-content\/uploads\/2020\/08\/1-LOGO-2.jpg\" alt=\"\" class=\"wp-image-10055\" srcset=\"https:\/\/leconservatoiredujeu.fr\/wp-content\/uploads\/2020\/08\/1-LOGO-2.jpg 300w, https:\/\/leconservatoiredujeu.fr\/wp-content\/uploads\/2020\/08\/1-LOGO-2-150x150.jpg 150w\" sizes=\"(max-width: 300px) 100vw, 300px\" \/><\/figure><\/div>\n\n\n\n<figure class=\"wp-block-image size-full is-style-default\"><img loading=\"lazy\" decoding=\"async\" width=\"154\" height=\"300\" src=\"http:\/\/leconservatoiredujeu.fr\/wp-content\/uploads\/2020\/08\/1-8.png\" alt=\"\" class=\"wp-image-10054\"\/><\/figure>\n\n\n\n<p class=\"has-white-color has-text-color\">Ligne<\/p>\n\n\n\n<p><strong><u>Historique<\/u><\/strong><\/p>\n\n\n\n<p>F.X. Schmid ou FX est un \u00e9diteur de jeux de soci\u00e9t\u00e9 et de puzzles bas\u00e9 en Allemagne. Il a remport\u00e9 plusieurs prix prestigieux, dont trois fois le Spiel des Jahres. Aujourd&rsquo;hui, F.X. Schmid est une marque du groupe Ravensburger. Ses activit\u00e9s ont \u00e9t\u00e9 r\u00e9orient\u00e9es vers la publication de livres pour la jeunesse.<\/p>\n\n\n\n<div class=\"wp-block-image is-style-default\"><figure class=\"aligncenter size-full\"><img loading=\"lazy\" decoding=\"async\" width=\"900\" height=\"591\" src=\"http:\/\/leconservatoiredujeu.fr\/wp-content\/uploads\/2022\/02\/auf-achse.jpg\" alt=\"\" class=\"wp-image-12478\" srcset=\"https:\/\/leconservatoiredujeu.fr\/wp-content\/uploads\/2022\/02\/auf-achse.jpg 900w, https:\/\/leconservatoiredujeu.fr\/wp-content\/uploads\/2022\/02\/auf-achse-300x197.jpg 300w, https:\/\/leconservatoiredujeu.fr\/wp-content\/uploads\/2022\/02\/auf-achse-768x504.jpg 768w, https:\/\/leconservatoiredujeu.fr\/wp-content\/uploads\/2022\/02\/auf-achse-457x300.jpg 457w\" sizes=\"(max-width: 900px) 100vw, 900px\" \/><figcaption><br>Premier jeu de FX SCHMID ayant re\u00e7u le Spiel des Jarhes<\/figcaption><\/figure><\/div>\n\n\n\n<p>En 1996,&nbsp;Ravensburger, qui s\u2019\u00e9tait jusque l\u00e0 concentr\u00e9 sur les publics familiaux, avec des jeux comme Labyrinthe, Reversi ou Scotland Yard, fait l\u2019acquisition de F.X. Schmid, une petite compagnie de jeux et de puzzles, et d\u00e9cide d\u2019ouvrir un d\u00e9partement \u00ab&nbsp;jeux pour joueurs&nbsp;\u00bb sous la marque&nbsp;<a href=\"http:\/\/leconservatoiredujeu.fr\/index.php\/alea\/\">Al\u00e9a<\/a>,&nbsp;F.X. Schmid&nbsp;reprenant l\u2019activit\u00e9 de jeux pour enfants. Stefan Br\u00fcck, alors responsable du d\u00e9veloppement chez&nbsp;F.X. Schmid&nbsp;est \u00e0 l\u2019origine de l\u2019id\u00e9e visant \u00e0 d\u00e9velopper les jeux pour joueurs chez Ravensburger. Ravensburger poss\u00e8de plusieurs marques cr\u00e9\u00e9es ou acquises, comme FX, FX Schmid, Carlit ou Al\u00e9a&#8230; La marque est donc connue sous deux noms en Europe : FX et FX Schmid.<\/p>\n\n\n\n<p>FX Schmid\u00a0\u00e9tait jusqu&rsquo;en 1996 l&rsquo;un des principaux \u00e9diteurs allemands de\u00a0cartes \u00e0 jouer\u00a0(\u00a0jeux de cartes traditionnels), de\u00a0jeux de soci\u00e9t\u00e9\u00a0et de\u00a0puzzles\u00a0.\u00a0Il \u00e9tait consid\u00e9r\u00e9 comme l&rsquo;un des principaux fabricants europ\u00e9ens.\u00a0En 1995, le chiffre d\u2019affaires s\u2019\u00e9levait \u00e0 67 millions de\u00a0DM et comptait environ 250 employ\u00e9s.<\/p>\n\n\n\n<figure class=\"wp-block-gallery aligncenter columns-2 is-cropped wp-block-gallery-1 is-layout-flex wp-block-gallery-is-layout-flex\"><ul class=\"blocks-gallery-grid\"><li class=\"blocks-gallery-item\"><figure><img loading=\"lazy\" decoding=\"async\" width=\"400\" height=\"400\" src=\"http:\/\/leconservatoiredujeu.fr\/wp-content\/uploads\/2022\/02\/Ravensburger-FX-Schmid-Skat-Allemand-Image-Skat-Jeu.jpg\" alt=\"\" data-id=\"12479\" data-link=\"http:\/\/leconservatoiredujeu.fr\/index.php\/fx-schmid\/ravensburger-fx-schmid-skat-allemand-image-skat-jeu\/\" class=\"wp-image-12479\" srcset=\"https:\/\/leconservatoiredujeu.fr\/wp-content\/uploads\/2022\/02\/Ravensburger-FX-Schmid-Skat-Allemand-Image-Skat-Jeu.jpg 400w, https:\/\/leconservatoiredujeu.fr\/wp-content\/uploads\/2022\/02\/Ravensburger-FX-Schmid-Skat-Allemand-Image-Skat-Jeu-300x300.jpg 300w, https:\/\/leconservatoiredujeu.fr\/wp-content\/uploads\/2022\/02\/Ravensburger-FX-Schmid-Skat-Allemand-Image-Skat-Jeu-150x150.jpg 150w\" sizes=\"(max-width: 400px) 100vw, 400px\" \/><\/figure><\/li><li class=\"blocks-gallery-item\"><figure><img loading=\"lazy\" decoding=\"async\" width=\"400\" height=\"400\" src=\"http:\/\/leconservatoiredujeu.fr\/wp-content\/uploads\/2022\/02\/Ravensburger-FX-Schmid-Poker-Image-Francaise-Jeu-De.jpg\" alt=\"\" data-id=\"12480\" data-full-url=\"http:\/\/leconservatoiredujeu.fr\/wp-content\/uploads\/2022\/02\/Ravensburger-FX-Schmid-Poker-Image-Francaise-Jeu-De.jpg\" data-link=\"http:\/\/leconservatoiredujeu.fr\/index.php\/fx-schmid\/ravensburger-fx-schmid-poker-image-francaise-jeu-de\/\" class=\"wp-image-12480\" srcset=\"https:\/\/leconservatoiredujeu.fr\/wp-content\/uploads\/2022\/02\/Ravensburger-FX-Schmid-Poker-Image-Francaise-Jeu-De.jpg 400w, https:\/\/leconservatoiredujeu.fr\/wp-content\/uploads\/2022\/02\/Ravensburger-FX-Schmid-Poker-Image-Francaise-Jeu-De-300x300.jpg 300w, https:\/\/leconservatoiredujeu.fr\/wp-content\/uploads\/2022\/02\/Ravensburger-FX-Schmid-Poker-Image-Francaise-Jeu-De-150x150.jpg 150w\" sizes=\"(max-width: 400px) 100vw, 400px\" \/><\/figure><\/li><\/ul><figcaption class=\"blocks-gallery-caption\"><br>Jeux de cartes traditionnels<\/figcaption><\/figure>\n\n\n\n<p>L&rsquo;entrepreneur allemand Franz Xaver Schmid a fond\u00e9 la maison d&rsquo;\u00e9dition de Munich en 1860, qui produisait des jouets et des cartes.&nbsp;L&rsquo;op\u00e9ration a ensuite \u00e9t\u00e9 men\u00e9e en 1915 sous le nom de&nbsp;<em>Vereinigte M\u00fcnchener Spielkarten-Factiken<\/em>&nbsp;.&nbsp;Au cours de la&nbsp;Seconde Guerre mondiale&nbsp;, la soci\u00e9t\u00e9 a d\u00e9m\u00e9nag\u00e9 son si\u00e8ge \u00e0&nbsp;Prien am Chiemsee&nbsp;.&nbsp;Il a commenc\u00e9 en 1955, la production de jeux de soci\u00e9t\u00e9 et de puzzles. En 1977, le site a \u00e9t\u00e9 agrandi structurellement.<\/p>\n\n\n\n<p>En 1991, le programme de cartes \u00e0 jouer de FX Schmid a \u00e9t\u00e9 int\u00e9gr\u00e9 \u00e0 la production de la\u00a0Spielkartenfabrik Altenburg\u00a0en Thuringe.\u00a0Ainsi, la Spielkartenfabrik Altenburg a \u00e9t\u00e9 impliqu\u00e9e dans le d\u00e9veloppement du march\u00e9.\u00a0En 1996, l&rsquo;\u00e9diteur rencontra des difficult\u00e9s financi\u00e8res et fusionna avec <a href=\"http:\/\/leconservatoiredujeu.fr\/index.php\/ravensburger\/\">Ravensburger<\/a> en 1997.\u00a0L\u00e0, il a d&rsquo;abord \u00e9t\u00e9\u00a0essay\u00e9\u00a0sous le nom de\u00a0<em>FX<\/em>\u00a0d&rsquo;\u00e9tablir sa propre apparence en tant que \u00ab\u00a0jeux pour jeunes adultes\u00a0\u00bb.\u00a0En 2000, la s\u00e9rie de jeux a \u00e9t\u00e9 abandonn\u00e9e \u00e0 la suite de la baisse des ventes sur le march\u00e9 des jeux., l&rsquo;\u00e9tiquette FX Schmid de Ravensburger\u00a0 est utilis\u00e9 pour les livres pour enfants.<\/p>\n\n\n\n<figure class=\"wp-block-gallery aligncenter columns-2 is-cropped wp-block-gallery-2 is-layout-flex wp-block-gallery-is-layout-flex\"><ul class=\"blocks-gallery-grid\"><li class=\"blocks-gallery-item\"><figure><img loading=\"lazy\" decoding=\"async\" width=\"175\" height=\"250\" src=\"http:\/\/leconservatoiredujeu.fr\/wp-content\/uploads\/2022\/02\/ASTERIX-FX-SCHMID.jpeg\" alt=\"\" data-id=\"12481\" data-link=\"http:\/\/leconservatoiredujeu.fr\/index.php\/fx-schmid\/asterix-fx-schmid\/\" class=\"wp-image-12481\"\/><\/figure><\/li><li class=\"blocks-gallery-item\"><figure><img loading=\"lazy\" decoding=\"async\" width=\"179\" height=\"250\" src=\"http:\/\/leconservatoiredujeu.fr\/wp-content\/uploads\/2022\/02\/attacke-fx.jpeg\" alt=\"\" data-id=\"12482\" data-full-url=\"http:\/\/leconservatoiredujeu.fr\/wp-content\/uploads\/2022\/02\/attacke-fx.jpeg\" data-link=\"http:\/\/leconservatoiredujeu.fr\/index.php\/fx-schmid\/attacke-fx\/\" class=\"wp-image-12482\"\/><\/figure><\/li><\/ul><\/figure>\n\n\n\n<p>Depuis 1996, la maison d&rsquo;\u00e9dition est une filiale \u00e0 100% de Ravensburger AG .Depuis 2002, la marque FX Schmid est utilis\u00e9e aujourd&rsquo;hui dans le domaine des livres pour enfants et des cartes \u00e0 jouer de Ravensburger.<\/p>\n\n\n\n<figure class=\"wp-block-gallery columns-1 is-cropped wp-block-gallery-3 is-layout-flex wp-block-gallery-is-layout-flex\"><ul class=\"blocks-gallery-grid\"><li class=\"blocks-gallery-item\"><figure><img loading=\"lazy\" decoding=\"async\" width=\"299\" height=\"86\" src=\"http:\/\/leconservatoiredujeu.fr\/wp-content\/uploads\/2022\/02\/image-2-FX.jpg\" alt=\"\" data-id=\"12483\" data-full-url=\"http:\/\/leconservatoiredujeu.fr\/wp-content\/uploads\/2022\/02\/image-2-FX.jpg\" data-link=\"http:\/\/leconservatoiredujeu.fr\/index.php\/fx-schmid\/image-2-fx\/\" class=\"wp-image-12483\"\/><\/figure><\/li><\/ul><\/figure>\n\n\n\n<p class=\"has-white-color has-text-color\">Ligne<\/p>\n\n\n\n<p class=\"has-white-color has-text-color\">Ligne<\/p>\n\n\n\n<p><strong><u>Liens<\/u><\/strong><br>Le site du distributeur officiel fran\u00e7ais de la marque FX Schmid&nbsp;:&nbsp;<a href=\"http:\/\/www.ravensburger.com\/fr\/start\/index.html\">Ravensburger<\/a><\/p>\n\n\n\n<p class=\"has-text-align-left\"><span style=\"text-decoration: underline;\"><strong>Source<\/strong><\/span> : Wikip\u00e9dia<\/p>\n\n\n\n<p><strong><span style=\"text-decoration: underline;\">Cr\u00e9dits<\/span><\/strong> : Ravensburger, Tric-Trac.net<\/p>\n\n\n\n<p class=\"has-text-align-right\">Le Conservatoire du Jeu &#8211; F\u00e9vier 2022<\/p>\n","protected":false},"excerpt":{"rendered":"<p>Ligne Historique F.X. Schmid ou FX est un \u00e9diteur de jeux de soci\u00e9t\u00e9 et de puzzles bas\u00e9 en Allemagne. Il a remport\u00e9 plusieurs prix prestigieux, dont trois fois le Spiel des Jahres. Aujourd&rsquo;hui, F.X. Schmid est une marque du groupe &hellip; <a href=\"https:\/\/leconservatoiredujeu.fr\/index.php\/fx-schmid\/\">Continuer la lecture <span class=\"meta-nav\">&rarr;<\/span><\/a><\/p>\n","protected":false},"author":1,"featured_media":10055,"parent":0,"menu_order":0,"comment_status":"closed","ping_status":"closed","template":"","meta":{"footnotes":""},"_links":{"self":[{"href":"https:\/\/leconservatoiredujeu.fr\/index.php\/wp-json\/wp\/v2\/pages\/661"}],"collection":[{"href":"https:\/\/leconservatoiredujeu.fr\/index.php\/wp-json\/wp\/v2\/pages"}],"about":[{"href":"https:\/\/leconservatoiredujeu.fr\/index.php\/wp-json\/wp\/v2\/types\/page"}],"author":[{"embeddable":true,"href":"https:\/\/leconservatoiredujeu.fr\/index.php\/wp-json\/wp\/v2\/users\/1"}],"replies":[{"embeddable":true,"href":"https:\/\/leconservatoiredujeu.fr\/index.php\/wp-json\/wp\/v2\/comments?post=661"}],"version-history":[{"count":8,"href":"https:\/\/leconservatoiredujeu.fr\/index.php\/wp-json\/wp\/v2\/pages\/661\/revisions"}],"predecessor-version":[{"id":12484,"href":"https:\/\/leconservatoiredujeu.fr\/index.php\/wp-json\/wp\/v2\/pages\/661\/revisions\/12484"}],"wp:featuredmedia":[{"embeddable":true,"href":"https:\/\/leconservatoiredujeu.fr\/index.php\/wp-json\/wp\/v2\/media\/10055"}],"wp:attachment":[{"href":"https:\/\/leconservatoiredujeu.fr\/index.php\/wp-json\/wp\/v2\/media?parent=661"}],"curies":[{"name":"wp","href":"https:\/\/api.w.org\/{rel}","templated":true}]}}