{"id":656,"date":"2017-05-03T22:14:14","date_gmt":"2017-05-03T20:14:14","guid":{"rendered":"http:\/\/leconservatoiredujeu.fr\/?page_id=656"},"modified":"2022-04-27T11:49:13","modified_gmt":"2022-04-27T09:49:13","slug":"drei-magier-spiele","status":"publish","type":"page","link":"https:\/\/leconservatoiredujeu.fr\/index.php\/drei-magier-spiele\/","title":{"rendered":"Drei Magier Spiele"},"content":{"rendered":"\n<div class=\"wp-block-image is-style-default\"><figure class=\"aligncenter size-large\"><img loading=\"lazy\" decoding=\"async\" width=\"162\" height=\"160\" src=\"http:\/\/leconservatoiredujeu.fr\/wp-content\/uploads\/2020\/08\/1-1.jpg\" alt=\"\" class=\"wp-image-10028\"\/><\/figure><\/div>\n\n\n\n<p class=\"has-white-color has-text-color\">Ligne<\/p>\n\n\n\n<p><strong><u>Historique<\/u><\/strong><\/p>\n\n\n\n<p>La marque Drei Magier Spiele est distribu\u00e9 par&nbsp;Gigamic&nbsp;en France.<\/p>\n\n\n\n<p>Drei Magier Spiele est un petit \u00e9diteur de jeux allemand. Depuis 2008, il est une marque de jeux pour enfants de l&rsquo; \u00e9diteur&nbsp;berlinois&nbsp;Schmidt Spiele.<\/p>\n\n\n\n<p>Drei Magier Spiel a \u00e9t\u00e9 fond\u00e9s en 1994 dans la&nbsp;ville&nbsp;francophone&nbsp;de&nbsp;Uehlfeld&nbsp;par&nbsp;Kathi Kappler&nbsp;,&nbsp;Johann R\u00fcttinger&nbsp;et&nbsp;Rolf Vogt&nbsp;.&nbsp;En 2003, la petite entreprise a initialement conclu une coop\u00e9ration de distribution avec l&rsquo;\u00e9diteur&nbsp;Schmidt Spiele&nbsp;.&nbsp;En 2008, Drei Magier s&rsquo;est totalement impliqu\u00e9 dans les jeux Schmidt; Berliner Verlag a repris tous les&nbsp;droits et obligations.&nbsp;Les fondateurs voulaient se retirer pour se consacrer au sujet moins difficile de l&rsquo;\u00e9criture et de la conception de livres pour enfants et fond\u00e8rent peu de temps apr\u00e8s l&rsquo;\u00e9diteur \u00ab\u00a0Drei Hasen in der Abendsonne\u00a0\u00bb.<\/p>\n\n\n\n<figure class=\"wp-block-gallery columns-2 is-cropped wp-block-gallery-1 is-layout-flex wp-block-gallery-is-layout-flex\"><ul class=\"blocks-gallery-grid\"><li class=\"blocks-gallery-item\"><figure><img loading=\"lazy\" decoding=\"async\" width=\"200\" height=\"200\" src=\"http:\/\/leconservatoiredujeu.fr\/wp-content\/uploads\/2020\/08\/LOGO-2.jpeg\" alt=\"\" data-id=\"10032\" data-full-url=\"http:\/\/leconservatoiredujeu.fr\/wp-content\/uploads\/2020\/08\/LOGO-2.jpeg\" data-link=\"http:\/\/leconservatoiredujeu.fr\/index.php\/drei-magier-spiele\/logo-2-2\/\" class=\"wp-image-10032\" srcset=\"https:\/\/leconservatoiredujeu.fr\/wp-content\/uploads\/2020\/08\/LOGO-2.jpeg 200w, https:\/\/leconservatoiredujeu.fr\/wp-content\/uploads\/2020\/08\/LOGO-2-150x150.jpeg 150w\" sizes=\"(max-width: 200px) 100vw, 200px\" \/><\/figure><\/li><li class=\"blocks-gallery-item\"><figure><img loading=\"lazy\" decoding=\"async\" width=\"242\" height=\"300\" src=\"http:\/\/leconservatoiredujeu.fr\/wp-content\/uploads\/2020\/08\/LOGO.gif\" alt=\"\" data-id=\"10033\" data-full-url=\"http:\/\/leconservatoiredujeu.fr\/wp-content\/uploads\/2020\/08\/LOGO.gif\" data-link=\"http:\/\/leconservatoiredujeu.fr\/index.php\/drei-magier-spiele\/logo-3\/\" class=\"wp-image-10033\"\/><\/figure><\/li><\/ul><\/figure>\n\n\n\n<p>Certains jeux de l&rsquo;\u00e9diteur ont \u00e9t\u00e9 prim\u00e9s:&nbsp;<em>Venice Connection a<\/em>&nbsp;re\u00e7u le prix du&nbsp;jeu de l&rsquo;ann\u00e9e&nbsp;en 1996&nbsp;\u00ab\u00a0Beautiful Game\u00a0\u00bb,&nbsp;<em>Spirits Staircase<\/em>&nbsp;est devenu&nbsp;le jeu de l&rsquo;ann\u00e9e&nbsp;pour&nbsp;enfants&nbsp;en 2004&nbsp;.&nbsp;<em>Nacht der Magier a<\/em>&nbsp;remport\u00e9 le Prix&nbsp;allemand des jeux pour enfants&nbsp;en 2006&nbsp;et le&nbsp;Feder Essener&nbsp;pour la haute qualit\u00e9 des r\u00e8gles du jeu,&nbsp;ainsi que l&rsquo;&nbsp;As d&rsquo;Or fran\u00e7ais en&nbsp;2007&nbsp;&#8211; Jeu de l&rsquo;Ann\u00e9e enfants&nbsp;.&nbsp;<em>Le labyrinthe magique<\/em>&nbsp;est devenu le jeu de l&rsquo;ann\u00e9e 2009 pour les enfants.&nbsp;<em>Mogel Motte a<\/em>&nbsp;remport\u00e9 le prix allemand des jeux pour enfants 2012. L&rsquo;\u00e9diteur a \u00e9galement publi\u00e9 des livres sur les jeux.<\/p>\n\n\n\n<figure class=\"wp-block-gallery columns-3 is-cropped wp-block-gallery-2 is-layout-flex wp-block-gallery-is-layout-flex\"><ul class=\"blocks-gallery-grid\"><li class=\"blocks-gallery-item\"><figure><img loading=\"lazy\" decoding=\"async\" width=\"250\" height=\"250\" src=\"http:\/\/leconservatoiredujeu.fr\/wp-content\/uploads\/2020\/08\/JEU1.jpeg\" alt=\"\" data-id=\"10029\" data-full-url=\"http:\/\/leconservatoiredujeu.fr\/wp-content\/uploads\/2020\/08\/JEU1.jpeg\" data-link=\"http:\/\/leconservatoiredujeu.fr\/index.php\/drei-magier-spiele\/jeu1-3\/\" class=\"wp-image-10029\" srcset=\"https:\/\/leconservatoiredujeu.fr\/wp-content\/uploads\/2020\/08\/JEU1.jpeg 250w, https:\/\/leconservatoiredujeu.fr\/wp-content\/uploads\/2020\/08\/JEU1-150x150.jpeg 150w\" sizes=\"(max-width: 250px) 100vw, 250px\" \/><\/figure><\/li><li class=\"blocks-gallery-item\"><figure><img loading=\"lazy\" decoding=\"async\" width=\"246\" height=\"246\" src=\"http:\/\/leconservatoiredujeu.fr\/wp-content\/uploads\/2020\/08\/JEU2-3.jpg\" alt=\"\" data-id=\"10030\" data-full-url=\"http:\/\/leconservatoiredujeu.fr\/wp-content\/uploads\/2020\/08\/JEU2-3.jpg\" data-link=\"http:\/\/leconservatoiredujeu.fr\/index.php\/drei-magier-spiele\/jeu2-3\/\" class=\"wp-image-10030\" srcset=\"https:\/\/leconservatoiredujeu.fr\/wp-content\/uploads\/2020\/08\/JEU2-3.jpg 246w, https:\/\/leconservatoiredujeu.fr\/wp-content\/uploads\/2020\/08\/JEU2-3-150x150.jpg 150w\" sizes=\"(max-width: 246px) 100vw, 246px\" \/><\/figure><\/li><li class=\"blocks-gallery-item\"><figure><img loading=\"lazy\" decoding=\"async\" width=\"247\" height=\"250\" src=\"http:\/\/leconservatoiredujeu.fr\/wp-content\/uploads\/2020\/08\/JEU3.jpeg\" alt=\"\" data-id=\"10031\" data-full-url=\"http:\/\/leconservatoiredujeu.fr\/wp-content\/uploads\/2020\/08\/JEU3.jpeg\" data-link=\"http:\/\/leconservatoiredujeu.fr\/index.php\/drei-magier-spiele\/jeu3-2\/\" class=\"wp-image-10031\"\/><\/figure><\/li><\/ul><\/figure>\n\n\n\n<p class=\"has-white-color has-text-color\">Ligne<\/p>\n\n\n\n<p><strong><u>Liens<\/u><\/strong><\/p>\n\n\n\n<p>Le site officiel de la marque (en allemand) :&nbsp;<a href=\"http:\/\/www.dreimagier.de\/index.php?id=453\">Drei Magier Spiele<\/a><br>Le site du distributeur fran\u00e7ais :&nbsp;<a href=\"http:\/\/www.gigamic.com\/\">Gigamic<\/a><\/p>\n\n\n\n<p class=\"has-text-align-left\"><strong><span style=\"text-decoration: underline;\">Source<\/span> :<\/strong> Wikip\u00e9dia<\/p>\n\n\n\n<p class=\"has-text-align-right\">Le Conservatoire du Jeu &#8211; Avril 2022<\/p>\n","protected":false},"excerpt":{"rendered":"<p>Ligne Historique La marque Drei Magier Spiele est distribu\u00e9 par&nbsp;Gigamic&nbsp;en France. Drei Magier Spiele est un petit \u00e9diteur de jeux allemand. Depuis 2008, il est une marque de jeux pour enfants de l&rsquo; \u00e9diteur&nbsp;berlinois&nbsp;Schmidt Spiele. Drei Magier Spiel a \u00e9t\u00e9 &hellip; <a href=\"https:\/\/leconservatoiredujeu.fr\/index.php\/drei-magier-spiele\/\">Continuer la lecture <span class=\"meta-nav\">&rarr;<\/span><\/a><\/p>\n","protected":false},"author":1,"featured_media":10028,"parent":0,"menu_order":0,"comment_status":"closed","ping_status":"closed","template":"","meta":{"footnotes":""},"_links":{"self":[{"href":"https:\/\/leconservatoiredujeu.fr\/index.php\/wp-json\/wp\/v2\/pages\/656"}],"collection":[{"href":"https:\/\/leconservatoiredujeu.fr\/index.php\/wp-json\/wp\/v2\/pages"}],"about":[{"href":"https:\/\/leconservatoiredujeu.fr\/index.php\/wp-json\/wp\/v2\/types\/page"}],"author":[{"embeddable":true,"href":"https:\/\/leconservatoiredujeu.fr\/index.php\/wp-json\/wp\/v2\/users\/1"}],"replies":[{"embeddable":true,"href":"https:\/\/leconservatoiredujeu.fr\/index.php\/wp-json\/wp\/v2\/comments?post=656"}],"version-history":[{"count":7,"href":"https:\/\/leconservatoiredujeu.fr\/index.php\/wp-json\/wp\/v2\/pages\/656\/revisions"}],"predecessor-version":[{"id":12904,"href":"https:\/\/leconservatoiredujeu.fr\/index.php\/wp-json\/wp\/v2\/pages\/656\/revisions\/12904"}],"wp:featuredmedia":[{"embeddable":true,"href":"https:\/\/leconservatoiredujeu.fr\/index.php\/wp-json\/wp\/v2\/media\/10028"}],"wp:attachment":[{"href":"https:\/\/leconservatoiredujeu.fr\/index.php\/wp-json\/wp\/v2\/media?parent=656"}],"curies":[{"name":"wp","href":"https:\/\/api.w.org\/{rel}","templated":true}]}}