{"id":651,"date":"2017-05-03T22:10:37","date_gmt":"2017-05-03T20:10:37","guid":{"rendered":"http:\/\/leconservatoiredujeu.fr\/?page_id=651"},"modified":"2022-03-08T09:56:48","modified_gmt":"2022-03-08T08:56:48","slug":"amigo","status":"publish","type":"page","link":"https:\/\/leconservatoiredujeu.fr\/index.php\/amigo\/","title":{"rendered":"Amigo"},"content":{"rendered":"\n<div class=\"wp-block-image is-style-default\"><figure class=\"aligncenter size-large\"><img loading=\"lazy\" decoding=\"async\" width=\"400\" height=\"400\" src=\"http:\/\/leconservatoiredujeu.fr\/wp-content\/uploads\/2020\/07\/amigo-logo.jpeg\" alt=\"\" class=\"wp-image-9653\" srcset=\"https:\/\/leconservatoiredujeu.fr\/wp-content\/uploads\/2020\/07\/amigo-logo.jpeg 400w, https:\/\/leconservatoiredujeu.fr\/wp-content\/uploads\/2020\/07\/amigo-logo-300x300.jpeg 300w, https:\/\/leconservatoiredujeu.fr\/wp-content\/uploads\/2020\/07\/amigo-logo-150x150.jpeg 150w\" sizes=\"(max-width: 400px) 100vw, 400px\" \/><figcaption>Logo de la marque<\/figcaption><\/figure><\/div>\n\n\n\n<p class=\"has-white-color has-text-color\">Saut de ligne<\/p>\n\n\n\n<p><strong><u>Historique<\/u><\/strong> <strong>:<\/strong><\/p>\n\n\n\n<p>La marque Amigo est distribu\u00e9 par&nbsp;<a href=\"http:\/\/leconservatoiredujeu.fr\/index.php\/gigamic\/\">Gigamic<\/a>&nbsp;en France. Amigo est un \u00e9diteur de <a href=\"http:\/\/leconservatoiredujeu.fr\/index.php\/jeux-de-plateau\/\">jeux de soci\u00e9t\u00e9 <\/a>allemande. Il \u00e9dite des jeux originaux et r\u00e9\u00e9edite plusieurs jeux vite tomb\u00e9s dans l&rsquo;oubli, comme Zatre, RoboRally ou Heimlich &amp; Co.<\/p>\n\n\n\n<p>AMIGO a \u00e9t\u00e9 fond\u00e9e en 1980 par Rudolf Jansen et G\u00fcnther Voigt \u00e0 R\u00f6dermark. Son nom provient de l&rsquo;h\u00f4tel \u00e9ponyme Amigo \u00e0&nbsp;Bruxelles , dans lequel il a \u00e9t\u00e9 d\u00e9cid\u00e9 de fonder une maison d&rsquo;\u00e9dition. La soci\u00e9t\u00e9 a&nbsp;publi\u00e9 d\u00e8s le d\u00e9part principalement des&nbsp;petits&nbsp;jeux de cartes et le premier match a \u00e9t\u00e9 le jeu de cartes <em>Zac<\/em>.&nbsp;La soci\u00e9t\u00e9 s&rsquo;est fait conna\u00eetre avec&nbsp;<em>Rubik&rsquo;s Snake<\/em>&nbsp;et la distribution allemande du&nbsp;jeu de cartes UNO&nbsp;de l&rsquo;ancienne soci\u00e9t\u00e9 am\u00e9ricaine&nbsp;International Games.&nbsp;En cons\u00e9quence, davantage de jeux ont \u00e9t\u00e9 ajout\u00e9s au programme.<\/p>\n\n\n\n<figure class=\"wp-block-gallery columns-2 is-cropped wp-block-gallery-1 is-layout-flex wp-block-gallery-is-layout-flex\"><ul class=\"blocks-gallery-grid\"><li class=\"blocks-gallery-item\"><figure><img loading=\"lazy\" decoding=\"async\" width=\"700\" height=\"700\" src=\"http:\/\/leconservatoiredujeu.fr\/wp-content\/uploads\/2020\/07\/RUBIK.jpg\" alt=\"\" data-id=\"9662\" data-full-url=\"http:\/\/leconservatoiredujeu.fr\/wp-content\/uploads\/2020\/07\/RUBIK.jpg\" data-link=\"http:\/\/leconservatoiredujeu.fr\/index.php\/amigo\/rubik\/\" class=\"wp-image-9662\" srcset=\"https:\/\/leconservatoiredujeu.fr\/wp-content\/uploads\/2020\/07\/RUBIK.jpg 700w, https:\/\/leconservatoiredujeu.fr\/wp-content\/uploads\/2020\/07\/RUBIK-300x300.jpg 300w, https:\/\/leconservatoiredujeu.fr\/wp-content\/uploads\/2020\/07\/RUBIK-150x150.jpg 150w\" sizes=\"(max-width: 700px) 100vw, 700px\" \/><figcaption class=\"blocks-gallery-item__caption\">Rubik&rsquo;s Snake<\/figcaption><\/figure><\/li><li class=\"blocks-gallery-item\"><figure><img loading=\"lazy\" decoding=\"async\" width=\"1024\" height=\"673\" src=\"http:\/\/leconservatoiredujeu.fr\/wp-content\/uploads\/2020\/07\/UNO.jpg\" alt=\"\" data-id=\"9663\" data-full-url=\"http:\/\/leconservatoiredujeu.fr\/wp-content\/uploads\/2020\/07\/UNO.jpg\" data-link=\"http:\/\/leconservatoiredujeu.fr\/index.php\/amigo\/uno\/\" class=\"wp-image-9663\" srcset=\"https:\/\/leconservatoiredujeu.fr\/wp-content\/uploads\/2020\/07\/UNO.jpg 1024w, https:\/\/leconservatoiredujeu.fr\/wp-content\/uploads\/2020\/07\/UNO-300x197.jpg 300w, https:\/\/leconservatoiredujeu.fr\/wp-content\/uploads\/2020\/07\/UNO-768x505.jpg 768w, https:\/\/leconservatoiredujeu.fr\/wp-content\/uploads\/2020\/07\/UNO-456x300.jpg 456w\" sizes=\"(max-width: 1024px) 100vw, 1024px\" \/><figcaption class=\"blocks-gallery-item__caption\">Logo du jeu \u00ab\u00a0UNO\u00a0\u00bb<\/figcaption><\/figure><\/li><\/ul><\/figure>\n\n\n\n<p>Les fondateurs Jansen et Voigt ont vendu la maison d&rsquo;\u00e9dition \u00e0 la\u00a0Berliner Kapitalbeteiligungsgesellschaft et Uwe Pauli a \u00e9t\u00e9 nomm\u00e9 nouveau directeur g\u00e9n\u00e9ral, qui travaillait pour la soci\u00e9t\u00e9 de logistique Company for Business Development.<\/p>\n\n\n\n<div class=\"wp-block-image is-style-default\"><figure class=\"aligncenter size-large\"><img loading=\"lazy\" decoding=\"async\" width=\"256\" height=\"256\" src=\"http:\/\/leconservatoiredujeu.fr\/wp-content\/uploads\/2020\/07\/uwe-pauli-foto.256x256.jpg\" alt=\"\" class=\"wp-image-9654\" srcset=\"https:\/\/leconservatoiredujeu.fr\/wp-content\/uploads\/2020\/07\/uwe-pauli-foto.256x256.jpg 256w, https:\/\/leconservatoiredujeu.fr\/wp-content\/uploads\/2020\/07\/uwe-pauli-foto.256x256-150x150.jpg 150w\" sizes=\"(max-width: 256px) 100vw, 256px\" \/><figcaption>Uwe Pauli<\/figcaption><\/figure><\/div>\n\n\n\n<p>En 1995, le\u00a0jeu de cartes \u00e0 collectionner\u00a0<em>Magic: The Gathering a \u00e9t\u00e9 pr\u00e9sent\u00e9<\/em>\u00a0comme le premier jeu du genre par Amigo en Allemagne (jusqu&rsquo;en 2006, depuis\u00a0Universal Cards\u00a0).\u00a0En 1998, l&rsquo;\u00e9diteur a re\u00e7u le titre de\u00a0jeu de l&rsquo;ann\u00e9e\u00a0avec le jeu de soci\u00e9t\u00e9\u00a0<em>Elfenland<\/em>\u00a0de\u00a0Alan R. Moon\u00a0et a obtenu la\u00a0troisi\u00e8me place\u00a0dans la pr\u00e9sentation du\u00a0prix du jeu allemand\u00a0.\u00a0Dans les ann\u00e9es 1990, plusieurs classiques du jeu de cartes sont \u00e9galement apparus, comme\u00a0<em>6 prises!\u00a0<\/em>,\u00a0<em>Wizard<\/em>\u00a0et\u00a0<em>Bohnanza<\/em>\u00a0, qui ont ensuite \u00e9t\u00e9 \u00e9tendus \u00e0 d\u2019autres \u00e9ditions, puis \u00e0 des jeux en s\u00e9ries.\u00a0En 1999, Amigo a \u00e9galement re\u00e7u les droits de licence et de distribution allemands des jeux de r\u00f4le. <em>Donjons et Dragons a<\/em>\u00a0\u00e9largi son offre de cartes \u00e0\u00a0collectionner\u00a0avec le jeu de cartes\u00a0collectives\u00a0<em>Pok\u00e9mon<\/em>\u00a0.\u00a0En 2004, le<em>\u00a0Yu-Gi-Oh!\u00a0<\/em>Jeu de Cartes \u00e0 collectionner\u00a0de\u00a0Konami ajout\u00e9e et depuis 2015 Amigo a \u00e9galement le syst\u00e8me de cartes \u00e0 collectionner<em>\u00a0Force de volont\u00e9<\/em> dans le programme.<\/p>\n\n\n\n<figure class=\"wp-block-gallery aligncenter columns-2 is-cropped wp-block-gallery-2 is-layout-flex wp-block-gallery-is-layout-flex\"><ul class=\"blocks-gallery-grid\"><li class=\"blocks-gallery-item\"><figure><img loading=\"lazy\" decoding=\"async\" width=\"818\" height=\"1024\" src=\"http:\/\/leconservatoiredujeu.fr\/wp-content\/uploads\/2022\/03\/Wizard-818x1024.jpg\" alt=\"\" data-id=\"12622\" data-link=\"http:\/\/leconservatoiredujeu.fr\/index.php\/amigo\/wizard\/\" class=\"wp-image-12622\" srcset=\"https:\/\/leconservatoiredujeu.fr\/wp-content\/uploads\/2022\/03\/Wizard-818x1024.jpg 818w, https:\/\/leconservatoiredujeu.fr\/wp-content\/uploads\/2022\/03\/Wizard-240x300.jpg 240w, https:\/\/leconservatoiredujeu.fr\/wp-content\/uploads\/2022\/03\/Wizard-768x962.jpg 768w, https:\/\/leconservatoiredujeu.fr\/wp-content\/uploads\/2022\/03\/Wizard.jpg 1198w\" sizes=\"(max-width: 818px) 100vw, 818px\" \/><\/figure><\/li><li class=\"blocks-gallery-item\"><figure><img loading=\"lazy\" decoding=\"async\" width=\"514\" height=\"640\" src=\"http:\/\/leconservatoiredujeu.fr\/wp-content\/uploads\/2022\/03\/bohnanza.jpg\" alt=\"\" data-id=\"12623\" data-full-url=\"http:\/\/leconservatoiredujeu.fr\/wp-content\/uploads\/2022\/03\/bohnanza.jpg\" data-link=\"http:\/\/leconservatoiredujeu.fr\/index.php\/amigo\/bohnanza-2\/\" class=\"wp-image-12623\" srcset=\"https:\/\/leconservatoiredujeu.fr\/wp-content\/uploads\/2022\/03\/bohnanza.jpg 514w, https:\/\/leconservatoiredujeu.fr\/wp-content\/uploads\/2022\/03\/bohnanza-241x300.jpg 241w\" sizes=\"(max-width: 514px) 100vw, 514px\" \/><\/figure><\/li><\/ul><figcaption class=\"blocks-gallery-caption\">Boite des jeux \u00ab\u00a0Wizard\u00a0\u00bb et \u00ab\u00a0Bohnanza\u00a0\u00bb<\/figcaption><\/figure>\n\n\n\n<p><strong><u>Liens<\/u><\/strong> <strong>:<\/strong><\/p>\n\n\n\n<p>Le site officiel de la marque (en allemand) :\u00a0<a href=\"https:\/\/www.amigo-spiele.de\/\">Amigo<\/a><br>Le site du distributeur fran\u00e7ais :\u00a0<a href=\"http:\/\/www.gigamic.com\/\">Gigamic<\/a><\/p>\n\n\n\n<p><strong><span style=\"text-decoration: underline;\">Source<\/span> :<\/strong><\/p>\n\n\n\n<p>Wikip\u00e9dia<\/p>\n\n\n\n<p class=\"has-text-align-right\">Le Conservatoire du jeu &#8211; Mars 2022<\/p>\n","protected":false},"excerpt":{"rendered":"<p>Saut de ligne Historique : La marque Amigo est distribu\u00e9 par&nbsp;Gigamic&nbsp;en France. Amigo est un \u00e9diteur de jeux de soci\u00e9t\u00e9 allemande. Il \u00e9dite des jeux originaux et r\u00e9\u00e9edite plusieurs jeux vite tomb\u00e9s dans l&rsquo;oubli, comme Zatre, RoboRally ou Heimlich &amp; &hellip; <a href=\"https:\/\/leconservatoiredujeu.fr\/index.php\/amigo\/\">Continuer la lecture <span class=\"meta-nav\">&rarr;<\/span><\/a><\/p>\n","protected":false},"author":1,"featured_media":9653,"parent":0,"menu_order":0,"comment_status":"closed","ping_status":"closed","template":"","meta":{"footnotes":""},"_links":{"self":[{"href":"https:\/\/leconservatoiredujeu.fr\/index.php\/wp-json\/wp\/v2\/pages\/651"}],"collection":[{"href":"https:\/\/leconservatoiredujeu.fr\/index.php\/wp-json\/wp\/v2\/pages"}],"about":[{"href":"https:\/\/leconservatoiredujeu.fr\/index.php\/wp-json\/wp\/v2\/types\/page"}],"author":[{"embeddable":true,"href":"https:\/\/leconservatoiredujeu.fr\/index.php\/wp-json\/wp\/v2\/users\/1"}],"replies":[{"embeddable":true,"href":"https:\/\/leconservatoiredujeu.fr\/index.php\/wp-json\/wp\/v2\/comments?post=651"}],"version-history":[{"count":9,"href":"https:\/\/leconservatoiredujeu.fr\/index.php\/wp-json\/wp\/v2\/pages\/651\/revisions"}],"predecessor-version":[{"id":12624,"href":"https:\/\/leconservatoiredujeu.fr\/index.php\/wp-json\/wp\/v2\/pages\/651\/revisions\/12624"}],"wp:featuredmedia":[{"embeddable":true,"href":"https:\/\/leconservatoiredujeu.fr\/index.php\/wp-json\/wp\/v2\/media\/9653"}],"wp:attachment":[{"href":"https:\/\/leconservatoiredujeu.fr\/index.php\/wp-json\/wp\/v2\/media?parent=651"}],"curies":[{"name":"wp","href":"https:\/\/api.w.org\/{rel}","templated":true}]}}