{"id":647,"date":"2017-05-03T22:05:33","date_gmt":"2017-05-03T20:05:33","guid":{"rendered":"http:\/\/leconservatoiredujeu.fr\/?page_id=647"},"modified":"2022-02-18T17:52:03","modified_gmt":"2022-02-18T16:52:03","slug":"alea","status":"publish","type":"page","link":"https:\/\/leconservatoiredujeu.fr\/index.php\/alea\/","title":{"rendered":"Alea"},"content":{"rendered":"\n<div class=\"wp-block-image is-style-default\"><figure class=\"aligncenter size-large\"><img loading=\"lazy\" decoding=\"async\" width=\"300\" height=\"300\" src=\"http:\/\/leconservatoiredujeu.fr\/wp-content\/uploads\/2020\/07\/1-2.jpeg\" alt=\"\" class=\"wp-image-9627\" srcset=\"https:\/\/leconservatoiredujeu.fr\/wp-content\/uploads\/2020\/07\/1-2.jpeg 300w, https:\/\/leconservatoiredujeu.fr\/wp-content\/uploads\/2020\/07\/1-2-150x150.jpeg 150w\" sizes=\"(max-width: 300px) 100vw, 300px\" \/><\/figure><\/div>\n\n\n\n<p class=\"has-white-color has-text-color\">Saut de ligne<\/p>\n\n\n\n<p><strong><u>Historique<\/u><\/strong><\/p>\n\n\n\n<p>Alea est une marque du groupe&nbsp;<a href=\"http:\/\/leconservatoiredujeu.fr\/index.php\/ravensburger\/\">Ravensburger<\/a>&nbsp;qui&nbsp;\u00e9dite&nbsp;des&nbsp;jeux de soci\u00e9t\u00e9&nbsp;allemands.<\/p>\n\n\n\n<p>En 1996,&nbsp;<a href=\"http:\/\/leconservatoiredujeu.fr\/index.php\/ravensburger\/\">Ravensburger<\/a>, qui s\u2019\u00e9tait jusque l\u00e0 concentr\u00e9 sur les publics familiaux, avec des jeux comme Labyrinthe, Reversi ou Scotland Yard, fait l\u2019acquisition de <a href=\"http:\/\/leconservatoiredujeu.fr\/index.php\/fx-schmid\/\">F.X. Schmid<\/a>, une petite compagnie de jeux et de puzzles, et d\u00e9cide d\u2019ouvrir un d\u00e9partement \u00ab&nbsp;jeux pour joueurs&nbsp;\u00bb sous la marque Alea, <a href=\"http:\/\/leconservatoiredujeu.fr\/index.php\/fx-schmid\/\">F.X. Schmid<\/a> reprenant l\u2019activit\u00e9 de jeux pour enfants.<\/p>\n\n\n\n<p>Alea propose trois collections. Les grands jeux ont \u00e9t\u00e9 inaugur\u00e9s par\u00a0Ra. Les petites bo\u00eetes ont d\u00e9but\u00e9 avec\u00a0Wyatt Earp. En 2004, Alea a commenc\u00e9 une nouvelle collection de bo\u00eetes moyennes dont le premier opus est\u00a0Louis XIV.<\/p>\n\n\n\n<figure class=\"wp-block-gallery columns-2 is-cropped wp-block-gallery-1 is-layout-flex wp-block-gallery-is-layout-flex\"><ul class=\"blocks-gallery-grid\"><li class=\"blocks-gallery-item\"><figure><img loading=\"lazy\" decoding=\"async\" width=\"196\" height=\"250\" src=\"http:\/\/leconservatoiredujeu.fr\/wp-content\/uploads\/2022\/02\/ayatt-earp.jpeg\" alt=\"\" data-id=\"12473\" data-link=\"http:\/\/leconservatoiredujeu.fr\/index.php\/alea\/ayatt-earp\/\" class=\"wp-image-12473\"\/><\/figure><\/li><li class=\"blocks-gallery-item\"><figure><img loading=\"lazy\" decoding=\"async\" width=\"711\" height=\"1024\" src=\"http:\/\/leconservatoiredujeu.fr\/wp-content\/uploads\/2022\/02\/louis-xiv.jpg\" alt=\"\" data-id=\"12474\" data-full-url=\"http:\/\/leconservatoiredujeu.fr\/wp-content\/uploads\/2022\/02\/louis-xiv.jpg\" data-link=\"http:\/\/leconservatoiredujeu.fr\/index.php\/alea\/louis-xiv\/\" class=\"wp-image-12474\" srcset=\"https:\/\/leconservatoiredujeu.fr\/wp-content\/uploads\/2022\/02\/louis-xiv.jpg 711w, https:\/\/leconservatoiredujeu.fr\/wp-content\/uploads\/2022\/02\/louis-xiv-208x300.jpg 208w\" sizes=\"(max-width: 711px) 100vw, 711px\" \/><\/figure><\/li><\/ul><\/figure>\n\n\n\n<p>En 2016, Alea lance une quatri\u00e8me collection de mini-bo\u00eetes qui remplace la s\u00e9rie des petites ; elle d\u00e9marre avec Les Ch\u00e2teaux de Bourgogne &#8211; Le Jeu de cartes de Stefan Feld. Cette collection propose essentiellement des d\u00e9clinaisons en jeux de cartes de jeux de plateau d\u00e9j\u00e0 publi\u00e9s par la marque.<\/p>\n\n\n\n<div class=\"wp-block-image\"><figure class=\"aligncenter size-full is-resized\"><img loading=\"lazy\" decoding=\"async\" src=\"http:\/\/leconservatoiredujeu.fr\/wp-content\/uploads\/2022\/02\/chateau-de-bourgogne.jpeg\" alt=\"\" class=\"wp-image-12475\" width=\"333\" height=\"532\"\/><figcaption>Jeu \u00a0\u00bb Les ch\u00e2teaux de Bourgogne \u00ab\u00a0<\/figcaption><\/figure><\/div>\n\n\n\n<p>En 2018, Alea lance une cinqui\u00e8me collection constitu\u00e9e de tr\u00e8s grandes bo\u00eetes cette fois, avec le jeu \u00ab legacy \u00bb The Rise of Queensdale d&rsquo; Inka et Markus Brand, seul jeu de la collection \u00e0 ce jour. Parall\u00e8lement la marque r\u00e9\u00e9dite ses classiques en bo\u00eetes moyennes avec des graphismes retravaill\u00e9s.<\/p>\n\n\n\n<figure class=\"wp-block-image size-full\"><img loading=\"lazy\" decoding=\"async\" width=\"900\" height=\"392\" src=\"http:\/\/leconservatoiredujeu.fr\/wp-content\/uploads\/2022\/02\/The-Rise-of-Queensdale-Materiel-Jeu-de-societe-.jpeg\" alt=\"\" class=\"wp-image-12476\" srcset=\"https:\/\/leconservatoiredujeu.fr\/wp-content\/uploads\/2022\/02\/The-Rise-of-Queensdale-Materiel-Jeu-de-societe-.jpeg 900w, https:\/\/leconservatoiredujeu.fr\/wp-content\/uploads\/2022\/02\/The-Rise-of-Queensdale-Materiel-Jeu-de-societe--300x131.jpeg 300w, https:\/\/leconservatoiredujeu.fr\/wp-content\/uploads\/2022\/02\/The-Rise-of-Queensdale-Materiel-Jeu-de-societe--768x335.jpeg 768w, https:\/\/leconservatoiredujeu.fr\/wp-content\/uploads\/2022\/02\/The-Rise-of-Queensdale-Materiel-Jeu-de-societe--500x218.jpeg 500w\" sizes=\"(max-width: 900px) 100vw, 900px\" \/><\/figure>\n\n\n\n<p><strong><u>Liens<\/u><\/strong><\/p>\n\n\n\n<p>Le site officiel de la marque&nbsp;<a href=\"http:\/\/www.aleaspiele.de\/Pages\/Title\/\">Alea<\/a>&nbsp;(en Allemand)<\/p>\n\n\n\n<p class=\"has-text-align-right\">Source : Wikip\u00e9dia<\/p>\n\n\n\n<p class=\"has-text-align-right\">Le Conservatoire du jeu &#8211; F\u00e9vrier 2022<\/p>\n","protected":false},"excerpt":{"rendered":"<p>Saut de ligne Historique Alea est une marque du groupe&nbsp;Ravensburger&nbsp;qui&nbsp;\u00e9dite&nbsp;des&nbsp;jeux de soci\u00e9t\u00e9&nbsp;allemands. En 1996,&nbsp;Ravensburger, qui s\u2019\u00e9tait jusque l\u00e0 concentr\u00e9 sur les publics familiaux, avec des jeux comme Labyrinthe, Reversi ou Scotland Yard, fait l\u2019acquisition de F.X. Schmid, une petite compagnie &hellip; <a href=\"https:\/\/leconservatoiredujeu.fr\/index.php\/alea\/\">Continuer la lecture <span class=\"meta-nav\">&rarr;<\/span><\/a><\/p>\n","protected":false},"author":1,"featured_media":9626,"parent":0,"menu_order":0,"comment_status":"closed","ping_status":"closed","template":"","meta":{"footnotes":""},"_links":{"self":[{"href":"https:\/\/leconservatoiredujeu.fr\/index.php\/wp-json\/wp\/v2\/pages\/647"}],"collection":[{"href":"https:\/\/leconservatoiredujeu.fr\/index.php\/wp-json\/wp\/v2\/pages"}],"about":[{"href":"https:\/\/leconservatoiredujeu.fr\/index.php\/wp-json\/wp\/v2\/types\/page"}],"author":[{"embeddable":true,"href":"https:\/\/leconservatoiredujeu.fr\/index.php\/wp-json\/wp\/v2\/users\/1"}],"replies":[{"embeddable":true,"href":"https:\/\/leconservatoiredujeu.fr\/index.php\/wp-json\/wp\/v2\/comments?post=647"}],"version-history":[{"count":9,"href":"https:\/\/leconservatoiredujeu.fr\/index.php\/wp-json\/wp\/v2\/pages\/647\/revisions"}],"predecessor-version":[{"id":12477,"href":"https:\/\/leconservatoiredujeu.fr\/index.php\/wp-json\/wp\/v2\/pages\/647\/revisions\/12477"}],"wp:featuredmedia":[{"embeddable":true,"href":"https:\/\/leconservatoiredujeu.fr\/index.php\/wp-json\/wp\/v2\/media\/9626"}],"wp:attachment":[{"href":"https:\/\/leconservatoiredujeu.fr\/index.php\/wp-json\/wp\/v2\/media?parent=647"}],"curies":[{"name":"wp","href":"https:\/\/api.w.org\/{rel}","templated":true}]}}