{"id":613,"date":"2017-05-03T17:41:16","date_gmt":"2017-05-03T15:41:16","guid":{"rendered":"http:\/\/leconservatoiredujeu.fr\/?page_id=613"},"modified":"2020-08-09T23:10:10","modified_gmt":"2020-08-09T21:10:10","slug":"cinema","status":"publish","type":"page","link":"https:\/\/leconservatoiredujeu.fr\/index.php\/cinema\/","title":{"rendered":"Cin\u00e9ma"},"content":{"rendered":"\n<p>Nous vous proposons une liste de films li\u00e9e au domaine du Jeu de pr\u00e8s ou de loin : adaptations de jeux vid\u00e9o, histoires originales, jeux d&rsquo;argent&#8230;<\/p>\n\n\n\n<div class=\"wp-block-image\"><figure class=\"aligncenter size-large is-resized\"><a href=\"http:\/\/leconservatoiredujeu.fr\/index.php\/category\/film-a-f\/\" target=\"_blank\" rel=\"noopener noreferrer\"><img loading=\"lazy\" decoding=\"async\" src=\"http:\/\/leconservatoiredujeu.fr\/wp-content\/uploads\/2020\/08\/liste-des-films-1024x599.jpg\" alt=\"\" class=\"wp-image-10408\" width=\"439\" height=\"258\" srcset=\"https:\/\/leconservatoiredujeu.fr\/wp-content\/uploads\/2020\/08\/liste-des-films-1024x599.jpg 1024w, https:\/\/leconservatoiredujeu.fr\/wp-content\/uploads\/2020\/08\/liste-des-films-300x176.jpg 300w, https:\/\/leconservatoiredujeu.fr\/wp-content\/uploads\/2020\/08\/liste-des-films-768x449.jpg 768w, https:\/\/leconservatoiredujeu.fr\/wp-content\/uploads\/2020\/08\/liste-des-films-500x293.jpg 500w, https:\/\/leconservatoiredujeu.fr\/wp-content\/uploads\/2020\/08\/liste-des-films.jpg 1290w\" sizes=\"(max-width: 439px) 100vw, 439px\" \/><\/a><\/figure><\/div>\n\n\n\n<div class=\"wp-block-image\"><figure class=\"aligncenter size-large is-resized\"><a href=\"http:\/\/leconservatoiredujeu.fr\/index.php\/category\/film-g-r\/\" target=\"_blank\" rel=\"noopener noreferrer\"><img loading=\"lazy\" decoding=\"async\" src=\"http:\/\/leconservatoiredujeu.fr\/wp-content\/uploads\/2020\/08\/liste-des-filmsgr-1024x661.jpg\" alt=\"\" class=\"wp-image-10411\" width=\"451\" height=\"292\" srcset=\"https:\/\/leconservatoiredujeu.fr\/wp-content\/uploads\/2020\/08\/liste-des-filmsgr-1024x661.jpg 1024w, https:\/\/leconservatoiredujeu.fr\/wp-content\/uploads\/2020\/08\/liste-des-filmsgr-300x194.jpg 300w, https:\/\/leconservatoiredujeu.fr\/wp-content\/uploads\/2020\/08\/liste-des-filmsgr-768x496.jpg 768w, https:\/\/leconservatoiredujeu.fr\/wp-content\/uploads\/2020\/08\/liste-des-filmsgr-465x300.jpg 465w, https:\/\/leconservatoiredujeu.fr\/wp-content\/uploads\/2020\/08\/liste-des-filmsgr.jpg 1277w\" sizes=\"(max-width: 451px) 100vw, 451px\" \/><\/a><\/figure><\/div>\n\n\n\n<div class=\"wp-block-image\"><figure class=\"aligncenter size-large is-resized\"><a href=\"http:\/\/leconservatoiredujeu.fr\/index.php\/category\/film-s-z\/page\/2\/\" target=\"_blank\" rel=\"noopener noreferrer\"><img loading=\"lazy\" decoding=\"async\" src=\"http:\/\/leconservatoiredujeu.fr\/wp-content\/uploads\/2020\/08\/liste-des-filmssz-1024x614.jpg\" alt=\"\" class=\"wp-image-10415\" width=\"458\" height=\"275\" srcset=\"https:\/\/leconservatoiredujeu.fr\/wp-content\/uploads\/2020\/08\/liste-des-filmssz-1024x614.jpg 1024w, https:\/\/leconservatoiredujeu.fr\/wp-content\/uploads\/2020\/08\/liste-des-filmssz-300x180.jpg 300w, https:\/\/leconservatoiredujeu.fr\/wp-content\/uploads\/2020\/08\/liste-des-filmssz-768x460.jpg 768w, https:\/\/leconservatoiredujeu.fr\/wp-content\/uploads\/2020\/08\/liste-des-filmssz-500x300.jpg 500w, https:\/\/leconservatoiredujeu.fr\/wp-content\/uploads\/2020\/08\/liste-des-filmssz.jpg 1268w\" sizes=\"(max-width: 458px) 100vw, 458px\" \/><\/a><\/figure><\/div>\n\n\n\n<p><\/p>\n","protected":false},"excerpt":{"rendered":"<p>Nous vous proposons une liste de films li\u00e9e au domaine du Jeu de pr\u00e8s ou de loin : adaptations de jeux vid\u00e9o, histoires originales, jeux d&rsquo;argent&#8230;<\/p>\n","protected":false},"author":1,"featured_media":0,"parent":0,"menu_order":0,"comment_status":"closed","ping_status":"closed","template":"","meta":{"footnotes":""},"_links":{"self":[{"href":"https:\/\/leconservatoiredujeu.fr\/index.php\/wp-json\/wp\/v2\/pages\/613"}],"collection":[{"href":"https:\/\/leconservatoiredujeu.fr\/index.php\/wp-json\/wp\/v2\/pages"}],"about":[{"href":"https:\/\/leconservatoiredujeu.fr\/index.php\/wp-json\/wp\/v2\/types\/page"}],"author":[{"embeddable":true,"href":"https:\/\/leconservatoiredujeu.fr\/index.php\/wp-json\/wp\/v2\/users\/1"}],"replies":[{"embeddable":true,"href":"https:\/\/leconservatoiredujeu.fr\/index.php\/wp-json\/wp\/v2\/comments?post=613"}],"version-history":[{"count":14,"href":"https:\/\/leconservatoiredujeu.fr\/index.php\/wp-json\/wp\/v2\/pages\/613\/revisions"}],"predecessor-version":[{"id":10416,"href":"https:\/\/leconservatoiredujeu.fr\/index.php\/wp-json\/wp\/v2\/pages\/613\/revisions\/10416"}],"wp:attachment":[{"href":"https:\/\/leconservatoiredujeu.fr\/index.php\/wp-json\/wp\/v2\/media?parent=613"}],"curies":[{"name":"wp","href":"https:\/\/api.w.org\/{rel}","templated":true}]}}