{"id":4747,"date":"2019-06-27T15:54:15","date_gmt":"2019-06-27T13:54:15","guid":{"rendered":"http:\/\/leconservatoiredujeu.fr\/?page_id=4747"},"modified":"2022-05-04T15:20:56","modified_gmt":"2022-05-04T13:20:56","slug":"ystari-games","status":"publish","type":"page","link":"https:\/\/leconservatoiredujeu.fr\/index.php\/ystari-games\/","title":{"rendered":"Ystari Games"},"content":{"rendered":"<p><img loading=\"lazy\" decoding=\"async\" class=\"size-full wp-image-4748 aligncenter\" src=\"http:\/\/leconservatoiredujeu.fr\/wp-content\/uploads\/2019\/06\/t\u00e9l\u00e9chargement-20.jpg\" alt=\"\" width=\"266\" height=\"190\" \/><\/p>\n<p><span style=\"text-decoration: underline;\"><strong>Historique<\/strong><\/span><\/p>\n<p>Ystari Games\u00a0est un\u00a0\u00e9diteur\u00a0fran\u00e7ais de\u00a0jeux de soci\u00e9t\u00e9\u00a0bas\u00e9 \u00e0\u00a0Paris. Fond\u00e9e en 2004 avec la parution du jeu\u00a0<i>Ys<\/i>, dirig\u00e9e par l&rsquo;auteur\u00a0Cyril Demaegd, cette maison d&rsquo;\u00e9dition a \u00e9t\u00e9 propuls\u00e9e sur le devant de la sc\u00e8ne ludique en 2005, lors de la publication du jeu innovant\u00a0<i>Caylus<\/i>, succ\u00e8s mondial remportant de nombreux prix.<\/p>\n<p><img loading=\"lazy\" decoding=\"async\" class=\" wp-image-4749 aligncenter\" src=\"http:\/\/leconservatoiredujeu.fr\/wp-content\/uploads\/2019\/06\/4529-300x300.jpg\" alt=\"\" width=\"276\" height=\"276\" srcset=\"https:\/\/leconservatoiredujeu.fr\/wp-content\/uploads\/2019\/06\/4529-300x300.jpg 300w, https:\/\/leconservatoiredujeu.fr\/wp-content\/uploads\/2019\/06\/4529-150x150.jpg 150w, https:\/\/leconservatoiredujeu.fr\/wp-content\/uploads\/2019\/06\/4529.jpg 372w\" sizes=\"(max-width: 276px) 100vw, 276px\" \/><\/p>\n<p>Ystari est aujourd&rsquo;hui connu et reconnu pour \u00e9diter avec grand soin des jeux dits de gestion, strat\u00e9giquement riches et profonds, et tr\u00e8s bien \u00e9quilibr\u00e9s (<i>Caylus<\/i>,\u00a0<i>Amyitis<\/i>, <i>Assyria<\/i>, <i>Olympos<\/i>,\u00a0<i>Myrmes<\/i>,\u00a0<i>Spyrium<\/i>,\u00a0<i>Shakespeare<\/i>&#8230;), mais aussi pour avoir, dans un tout autre genre, r\u00e9\u00e9dit\u00e9\u00a0<i>Sherlock Holmes d\u00e9tective conseil<\/i>. L&rsquo;\u00e9diteur propose en outre des jeux tactiques plus familiaux, tels que\u00a0<i>Yspahan<\/i>,\u00a0<i>Metropolys<\/i>,\u00a0<i>Bombay<\/i>, ou encore des jeux fonctionnant sur des m\u00e9caniques autre que la seule \u00ab gestion \u00bb, tels que <i>Asteroyds<\/i>, <i>Mousquetaires du Roy<\/i> (dans l&rsquo;univers des Trois Mousquetaires), <i>Serenissima<\/i>, <i>Witness<\/i>\u00a0(dans l&rsquo;univers de\u00a0Blake et Mortimer) ou encore\u00a0<i>Starfighter<\/i>.<\/p>\n<p><img loading=\"lazy\" decoding=\"async\" class=\" wp-image-4750 aligncenter\" src=\"http:\/\/leconservatoiredujeu.fr\/wp-content\/uploads\/2019\/06\/yspahan.png\" alt=\"\" width=\"221\" height=\"221\" srcset=\"https:\/\/leconservatoiredujeu.fr\/wp-content\/uploads\/2019\/06\/yspahan.png 200w, https:\/\/leconservatoiredujeu.fr\/wp-content\/uploads\/2019\/06\/yspahan-150x150.png 150w\" sizes=\"(max-width: 221px) 100vw, 221px\" \/><\/p>\n<p><span style=\"text-decoration: underline;\"><strong>Dates<\/strong><\/span><\/p>\n<ul>\n<li>2004\u00a0:\u00a0<i>Ys<\/i>, de\u00a0Cyril Demaegd\n<ul>\n<li><i>Ys+<\/i>, 2005<\/li>\n<\/ul>\n<\/li>\n<li>2005\u00a0:\u00a0<i>Caylus<\/i>, de\u00a0William Attia\u00a0(Tric Trac d&rsquo;or 2005,<i><span class=\"lang-de\" lang=\"de\">Spiel des Jahres<\/span><\/i>\u00a0jeu complexe 2006,\u00a0<i><span class=\"lang-de\" lang=\"de\">Deutscher Spiele Preis<\/span><\/i>\u00a02006,\u00a0<i><span class=\"lang-en\" lang=\"en\">International Gamers Awards<\/span><\/i>\u00a0multijoueur 2006,\u00a0<i><span class=\"lang-nl\" lang=\"nl\">Nederlandse Spellenprijs<\/span><\/i>\u00a02006)<\/li>\n<li>2006\u00a0:\u00a0<i>Mykerinos<\/i>, de\u00a0Nicolas Oury\n<ul>\n<li><i>Mykerinos\u00a0: Le Nil<\/i>, 2008<\/li>\n<\/ul>\n<\/li>\n<li>2006\u00a0:\u00a0<i>Yspahan<\/i>, de\u00a0S\u00e9bastien Pauchon\u00a0(Tric Trac d&rsquo;or 2006,Concours de cr\u00e9ateurs de jeux de Boulogne-Billancourt Prim\u00e9 2006)<\/li>\n<li>2007\u00a0:\u00a0<i>Caylus Magna Carta<\/i>, de\u00a0William Attia<\/li>\n<li>2007\u00a0:\u00a0<i>Amyitis<\/i>, de\u00a0Cyril Demaegd<\/li>\n<li>2008\u00a0:\u00a0<i>Metropolys<\/i>, de\u00a0S\u00e9bastien Pauchon<\/li>\n<li>2008\u00a0:\u00a0<i>Sylla<\/i>, de\u00a0Dominique Ehrhard<\/li>\n<li>2009\u00a0:\u00a0<i>Bombay<\/i>, de\u00a0Cyril Demaegd<\/li>\n<li>2009\u00a0:\u00a0<i>Assyria<\/i>, d&rsquo;Emanuele Ornella<\/li>\n<li>2010\u00a0:\u00a0<i>Asteroyds<\/i>, de\u00a0Guillaume Blossier\u00a0et\u00a0Fr\u00e9d\u00e9ric Henry<\/li>\n<li>2010\u00a0:\u00a0<i>Industry<\/i>, de\u00a0Michael Schacht<\/li>\n<li>2010\u00a0:\u00a0<i>Mousquetaires du Roy<\/i>, de\u00a0Fran\u00e7ois Combe\u00a0et\u00a0Fr\u00e9d\u00e9ric Henry<\/li>\n<li>2011\u00a0:\u00a0<i>Olympos<\/i>, de\u00a0Philippe Keyaerts\u00a0(Tric Trac d&rsquo;Argent 2011,\u00a0As d&rsquo;or Jeu de l&rsquo;ann\u00e9e Grand Prix 2012)\n<ul>\n<li><i>Olympos\u00a0: Oikoumene<\/i>, 2011<\/li>\n<\/ul>\n<\/li>\n<li>2012\u00a0:\u00a0<i>Serenissima<\/i>, de\u00a0Dominique Ehrhard<\/li>\n<li>2012\u00a0:\u00a0<i>Myrmes<\/i>, de\u00a0Yoann Levet, (Tric Trac d&rsquo;or 2012,\u00a0As d&rsquo;or Jeu de l&rsquo;ann\u00e9e Grand Prix 2013)<\/li>\n<li>2013\u00a0:\u00a0<i>Spyrium<\/i>, de William Attia<\/li>\n<li>2013\u00a0:\u00a0<i>Prosperity<\/i>, de\u00a0Reiner Knizia\u00a0et\u00a0Sebastian Bleasdale<\/li>\n<li>2014\u00a0:\u00a0<i>Witness<\/i>, de\u00a0Dominique Bodin<\/li>\n<li>2015\u00a0:\u00a0<i>Starfighter<\/i>, de\u00a0St\u00e9phane Boudin<\/li>\n<li>2015\u00a0:\u00a0<i>Shakespeare<\/i>, de\u00a0RV Rigal\n<ul>\n<li><i>Shakespeare\u00a0: Backstage<\/i>, 2016<\/li>\n<\/ul>\n<\/li>\n<\/ul>\n<p><img loading=\"lazy\" decoding=\"async\" class=\"size-medium wp-image-4751 aligncenter\" src=\"http:\/\/leconservatoiredujeu.fr\/wp-content\/uploads\/2019\/06\/olymposcouv-215x300.jpg\" alt=\"\" width=\"215\" height=\"300\" srcset=\"https:\/\/leconservatoiredujeu.fr\/wp-content\/uploads\/2019\/06\/olymposcouv-215x300.jpg 215w, https:\/\/leconservatoiredujeu.fr\/wp-content\/uploads\/2019\/06\/olymposcouv-768x1071.jpg 768w, https:\/\/leconservatoiredujeu.fr\/wp-content\/uploads\/2019\/06\/olymposcouv-734x1024.jpg 734w, https:\/\/leconservatoiredujeu.fr\/wp-content\/uploads\/2019\/06\/olymposcouv.jpg 800w\" sizes=\"(max-width: 215px) 100vw, 215px\" \/><\/p>\n<p><span style=\"text-decoration: underline;\"><strong>Liens<\/strong><\/span><\/p>\n<p>Site d&rsquo;<a href=\"http:\/\/www.ystari.com\/accueil\/\">Ystari Games<\/a><\/p>\n<p style=\"text-align: right;\">Le Conservatoire du Jeu &#8211; Mai 2022<\/p>\n","protected":false},"excerpt":{"rendered":"<p>Historique Ystari Games\u00a0est un\u00a0\u00e9diteur\u00a0fran\u00e7ais de\u00a0jeux de soci\u00e9t\u00e9\u00a0bas\u00e9 \u00e0\u00a0Paris. Fond\u00e9e en 2004 avec la parution du jeu\u00a0Ys, dirig\u00e9e par l&rsquo;auteur\u00a0Cyril Demaegd, cette maison d&rsquo;\u00e9dition a \u00e9t\u00e9 propuls\u00e9e sur le devant de la sc\u00e8ne ludique en 2005, lors de la publication du &hellip; <a href=\"https:\/\/leconservatoiredujeu.fr\/index.php\/ystari-games\/\">Continuer la lecture <span class=\"meta-nav\">&rarr;<\/span><\/a><\/p>\n","protected":false},"author":1,"featured_media":0,"parent":0,"menu_order":0,"comment_status":"closed","ping_status":"closed","template":"","meta":{"footnotes":""},"_links":{"self":[{"href":"https:\/\/leconservatoiredujeu.fr\/index.php\/wp-json\/wp\/v2\/pages\/4747"}],"collection":[{"href":"https:\/\/leconservatoiredujeu.fr\/index.php\/wp-json\/wp\/v2\/pages"}],"about":[{"href":"https:\/\/leconservatoiredujeu.fr\/index.php\/wp-json\/wp\/v2\/types\/page"}],"author":[{"embeddable":true,"href":"https:\/\/leconservatoiredujeu.fr\/index.php\/wp-json\/wp\/v2\/users\/1"}],"replies":[{"embeddable":true,"href":"https:\/\/leconservatoiredujeu.fr\/index.php\/wp-json\/wp\/v2\/comments?post=4747"}],"version-history":[{"count":2,"href":"https:\/\/leconservatoiredujeu.fr\/index.php\/wp-json\/wp\/v2\/pages\/4747\/revisions"}],"predecessor-version":[{"id":13120,"href":"https:\/\/leconservatoiredujeu.fr\/index.php\/wp-json\/wp\/v2\/pages\/4747\/revisions\/13120"}],"wp:attachment":[{"href":"https:\/\/leconservatoiredujeu.fr\/index.php\/wp-json\/wp\/v2\/media?parent=4747"}],"curies":[{"name":"wp","href":"https:\/\/api.w.org\/{rel}","templated":true}]}}