{"id":4724,"date":"2019-06-27T13:55:26","date_gmt":"2019-06-27T11:55:26","guid":{"rendered":"http:\/\/leconservatoiredujeu.fr\/?page_id=4724"},"modified":"2022-05-04T14:21:32","modified_gmt":"2022-05-04T12:21:32","slug":"tomy","status":"publish","type":"page","link":"https:\/\/leconservatoiredujeu.fr\/index.php\/tomy\/","title":{"rendered":"Tomy"},"content":{"rendered":"\n<div class=\"wp-block-image\"><figure class=\"aligncenter\"><img loading=\"lazy\" decoding=\"async\" width=\"300\" height=\"99\" src=\"http:\/\/leconservatoiredujeu.fr\/wp-content\/uploads\/2019\/06\/t\u00e9l\u00e9chargement-19-300x99.jpg\" alt=\"\" class=\"wp-image-4725\" srcset=\"https:\/\/leconservatoiredujeu.fr\/wp-content\/uploads\/2019\/06\/t\u00e9l\u00e9chargement-19-300x99.jpg 300w, https:\/\/leconservatoiredujeu.fr\/wp-content\/uploads\/2019\/06\/t\u00e9l\u00e9chargement-19.jpg 389w\" sizes=\"(max-width: 300px) 100vw, 300px\" \/><\/figure><\/div>\n\n\n\n<p><span style=\"text-decoration: underline;\"><strong>Historique<\/strong><\/span> <strong>:<\/strong><\/p>\n\n\n\n<p>Takara Tomy Co., Ltd.&nbsp;(<span title=\"Japonais\"><span class=\"lang-ja\" lang=\"ja\">\u682a\u5f0f\u4f1a\u793e\u30bf\u30ab\u30e9\u30c8\u30df\u30fc<\/span><\/span>,&nbsp;<i title=\"Transcription Hepburn\"><span class=\"lang-ja-latn-alalc97\" lang=\"ja-latn-alalc97\">Kabushiki-gaisha Takara Tom\u012b<\/span><\/i>) est une compagnie&nbsp;japonaise&nbsp;de jouets, jeux vid\u00e9o, produits et divertissements pour enfants, cr\u00e9\u00e9e par la fusion de deux compagnies rivales le&nbsp;<time class=\"nowrap date-lien\" datetime=\"2006-03-01\" data-sort-value=\"2006-03-01\">1<sup>er<\/sup>&nbsp;mars&nbsp;2006<\/time>&nbsp;: Tomy (fond\u00e9e en&nbsp;1924&nbsp;sous le nom de Tomiyama et chang\u00e9 en Tomy en&nbsp;1963) et de&nbsp;Takara&nbsp;(fond\u00e9e en&nbsp;1955). C&rsquo;est Tomy qui produit les figurines et une grande partie des accessoires Pok\u00e9mon.<\/p>\n\n\n\n<p>La soci\u00e9t\u00e9 a pris une d\u00e9cision pragmatique concernant le nom \u00e0 utiliser apr\u00e8s la fusion, en d\u00e9cidant d&rsquo;utiliser \u00ab\u00a0Tomy\u00a0\u00bb dans les filiales internationales et \u00ab\u00a0Takara-Tomy\u00a0\u00bb au Japon.&nbsp;Ils ont pris cette d\u00e9cision parce que Tomy avait acquis une notori\u00e9t\u00e9 internationale consid\u00e9rable aupr\u00e8s de la marque. La plupart des produits \u00e0 succ\u00e8s internationaux de Takara (&nbsp;Microman&nbsp;,&nbsp;Transformers&nbsp;,&nbsp;Battle Beasts&nbsp;,&nbsp;Beyblade&nbsp;,&nbsp;B-Daman,&nbsp;etc.) avaient \u00e9t\u00e9 vendus et \u00e9tiquet\u00e9s par d&rsquo;autres fabricants de jouets tels que&nbsp;<a href=\"http:\/\/leconservatoiredujeu.fr\/index.php\/hasbro\/\">Hasbro<\/a>.&nbsp;Ils ont \u00e9galement estim\u00e9 que le co\u00fbt financier du changement de nom \u00e9tait trop \u00e9lev\u00e9.<\/p>\n\n\n\n<div class=\"wp-block-image\"><figure class=\"aligncenter\"><img loading=\"lazy\" decoding=\"async\" width=\"300\" height=\"123\" src=\"http:\/\/leconservatoiredujeu.fr\/wp-content\/uploads\/2019\/06\/Games_All_FR_1170x478-v3-b-300x123.jpg\" alt=\"\" class=\"wp-image-4727\" srcset=\"https:\/\/leconservatoiredujeu.fr\/wp-content\/uploads\/2019\/06\/Games_All_FR_1170x478-v3-b-300x123.jpg 300w, https:\/\/leconservatoiredujeu.fr\/wp-content\/uploads\/2019\/06\/Games_All_FR_1170x478-v3-b-768x314.jpg 768w, https:\/\/leconservatoiredujeu.fr\/wp-content\/uploads\/2019\/06\/Games_All_FR_1170x478-v3-b-1024x418.jpg 1024w, https:\/\/leconservatoiredujeu.fr\/wp-content\/uploads\/2019\/06\/Games_All_FR_1170x478-v3-b-500x204.jpg 500w, https:\/\/leconservatoiredujeu.fr\/wp-content\/uploads\/2019\/06\/Games_All_FR_1170x478-v3-b.jpg 1170w\" sizes=\"(max-width: 300px) 100vw, 300px\" \/><\/figure><\/div>\n\n\n\n<p>L&rsquo;une des politiques \u00e9ditoriales de nombreuses publications commerciales occidentales consiste \u00e0 ignorer les d\u00e9clarations de fusion et \u00e0 d\u00e9clarer qu&rsquo;une entreprise est achet\u00e9e par une autre.&nbsp;Par cons\u00e9quent, dans la plupart des m\u00e9dias occidentaux, la fusion Takara-Tomy a \u00e9t\u00e9 qualifi\u00e9e de \u00abprise de contr\u00f4le\u00bb de Takara par Tomy.&nbsp;Cette hypoth\u00e8se a peut-\u00eatre \u00e9t\u00e9 faite parce que plusieurs ann\u00e9es de pertes avaient mis Takara dans une situation de crise financi\u00e8re au moment de la fusion, bien que ses ventes aient \u00e9t\u00e9 nettement sup\u00e9rieures \u00e0 celles de Tomy.&nbsp;Cependant, la direction de Takara et de Tomy avaient discut\u00e9 de la fusion \u00e0 plusieurs reprises, y compris lorsque Takara semblait plus fort.&nbsp;En droit des soci\u00e9t\u00e9s japonais, il s&rsquo;agissait d&rsquo;une fusion des deux soci\u00e9t\u00e9s sur un pied d&rsquo;\u00e9galit\u00e9.<\/p>\n\n\n\n<p>Takara a acquis une participation majoritaire dans Tatsunoko Production en juin 2005. Le studio est ensuite devenu une filiale \u00e0 part enti\u00e8re de Takara-Tomy \u00e0 la suite de la fusion en mars 2006. Tomy UK a \u00e9t\u00e9 fond\u00e9e en 1982 pour la vente et la distribution de produits Tomy en Europe et a apport\u00e9 des jouets tels que Zoids, et des jeux comme Pop-up Pirate, \u00e0 l\u2019Ouest avec un grand succ\u00e8s. Le slogan de Tomy UK a toujours \u00e9t\u00e9 \u00ab\u00a0Trust Tomy\u00a0\u00bb. En 2006, Tomy UK a lanc\u00e9 un site Web sur lequel les consommateurs peuvent acheter en ligne \u00e0 partir du catalogue de Tomy. D\u00e9but 2011, Takara-Tomy a acquis Learning Curve , une sous-marque de RC2 Corporation et RC2, qui comprenait les premi\u00e8res ann\u00e9es, Lamaze et Compass.<\/p>\n\n\n\n<div class=\"wp-block-image\"><figure class=\"aligncenter\"><img loading=\"lazy\" decoding=\"async\" width=\"250\" height=\"250\" src=\"http:\/\/leconservatoiredujeu.fr\/wp-content\/uploads\/2019\/06\/250px-Popuppirate.jpg\" alt=\"\" class=\"wp-image-4726\" srcset=\"https:\/\/leconservatoiredujeu.fr\/wp-content\/uploads\/2019\/06\/250px-Popuppirate.jpg 250w, https:\/\/leconservatoiredujeu.fr\/wp-content\/uploads\/2019\/06\/250px-Popuppirate-150x150.jpg 150w\" sizes=\"(max-width: 250px) 100vw, 250px\" \/><\/figure><\/div>\n\n\n\n<p>Takara-Tomy a fabriqu\u00e9 une large gamme de produits \u00e0 partir de ses propres propri\u00e9t\u00e9s, notamment les produits&nbsp;Tomica&nbsp;,&nbsp;Plarail&nbsp;,&nbsp;Zoids&nbsp;,&nbsp;Idaten Jump&nbsp;,&nbsp;Nohohon Zoku&nbsp;et Tomy, ainsi que les produits de soins pour b\u00e9b\u00e9s de la marque Takara:&nbsp;Space Pets.&nbsp;,&nbsp;Choro-Q&nbsp;(\u00e9galement connu sous le nom de Penny Racers),&nbsp;Transformers&nbsp;, B-Daman, Koeda-chan (\u00e9galement connu sous le nom de Treena) et&nbsp;Microman&nbsp;.&nbsp;Takara-Tomy, qui a fusionn\u00e9, produit et \/ ou vend \u00e9galement une grande vari\u00e9t\u00e9 de marques de jouets et de jeux sous licence, telles que&nbsp;<i>Thomas &amp; Friends<\/i>, Disney, Pok\u00e9mon, <i>Naruto<\/i>,&nbsp;<i>Le jeu de la vie<\/i> (\u00e9galement connu sous le nom de jeu de Jinsei ), Rockman (alias Megaman), la sir\u00e8ne Melody Pichi Pichi Pitch, la r\u00e9volution Kirarin, les Sugarbunnies et<i> Animal Crossing<\/i>.<\/p>\n\n\n\n<p>Les droits de Tomy sur ces licences varient selon les r\u00e9gions. L\u2019un des premiers exemples de synergie de produits pour la soci\u00e9t\u00e9 issue de la fusion a \u00e9t\u00e9 la combinaison de la licence Jinsei Game (Game of Life) de Takara et de la licence Pok\u00e9mon de Tomy afin de produire un jeu Pok\u00e9mon Jinsei.<\/p>\n\n\n\n<div class=\"wp-block-image\"><figure class=\"aligncenter\"><img loading=\"lazy\" decoding=\"async\" width=\"300\" height=\"296\" src=\"http:\/\/leconservatoiredujeu.fr\/wp-content\/uploads\/2019\/06\/mlle-gobe-la-mouche-jeu-de-societe-tomy-1984-p-image-326723-grande-300x296.jpg\" alt=\"\" class=\"wp-image-4728\" srcset=\"https:\/\/leconservatoiredujeu.fr\/wp-content\/uploads\/2019\/06\/mlle-gobe-la-mouche-jeu-de-societe-tomy-1984-p-image-326723-grande-300x296.jpg 300w, https:\/\/leconservatoiredujeu.fr\/wp-content\/uploads\/2019\/06\/mlle-gobe-la-mouche-jeu-de-societe-tomy-1984-p-image-326723-grande-768x757.jpg 768w, https:\/\/leconservatoiredujeu.fr\/wp-content\/uploads\/2019\/06\/mlle-gobe-la-mouche-jeu-de-societe-tomy-1984-p-image-326723-grande-305x300.jpg 305w, https:\/\/leconservatoiredujeu.fr\/wp-content\/uploads\/2019\/06\/mlle-gobe-la-mouche-jeu-de-societe-tomy-1984-p-image-326723-grande.jpg 806w\" sizes=\"(max-width: 300px) 100vw, 300px\" \/><\/figure><\/div>\n\n\n\n<p>Tomy vend de nombreux produits dans le monde entier, notamment des jouets pour b\u00e9b\u00e9 et pr\u00e9scolaire, des moniteurs pour b\u00e9b\u00e9, des jeux m\u00e9caniques et \u00e9lectroniques, des produits \u00e9lectroniques grand public, des produits d\u2019artisanat pour enfants et une vaste gamme de jouets adapt\u00e9s aux filles et aux gar\u00e7ons. Ils font une large s\u00e9lection de produits Disney, Pok\u00e9mon et Thomas the Tank Engine.<\/p>\n\n\n\n<p>Ils publient \u00e9galement des jeux vid\u00e9o au Japon (principalement bas\u00e9s sur les s\u00e9ries anim\u00e9es Zoids et Naruto ) et sont responsables de la distribution de certains produits Hasbro au Japon, tels que Play-Doh , Jenga et Monopoly. La soci\u00e9t\u00e9 \u00e9tait auparavant responsable de la distribution des produits My Little Pony au Japon avant que Bushiroad n\u2019en obtienne les droits de distribution, en commen\u00e7ant par la ligne <i>Friendship Is Magic de<\/i>&nbsp;la franchise&nbsp;(bien que&nbsp;la s\u00e9rie t\u00e9l\u00e9vis\u00e9e anim\u00e9e&nbsp;appartienne \u00e0&nbsp;Hasbro&nbsp;).&nbsp;Plus tard en 2015, apr\u00e8s que Bushiroad eut reni\u00e9 les droits de distribution, Sega Toys a rachet\u00e9 les droits sur toutes les g\u00e9n\u00e9rations de la franchise.&nbsp;Dans les ann\u00e9es 1960, Tomy \u00e9tait un sponsor et un fabricant de jouets pour l\u2019\u00e9mission de t\u00e9l\u00e9vision&nbsp;<i>Giant Robo<\/i>&nbsp;.&nbsp;Ils ont fusionn\u00e9 avec Takara peu de temps avant la faillite de la soci\u00e9t\u00e9 susmentionn\u00e9e.<\/p>\n\n\n\n<div class=\"wp-block-image\"><figure class=\"aligncenter\"><img loading=\"lazy\" decoding=\"async\" width=\"300\" height=\"300\" src=\"http:\/\/leconservatoiredujeu.fr\/wp-content\/uploads\/2019\/06\/Frigo-Glouton-Tomy-Games-300x300.jpg\" alt=\"\" class=\"wp-image-4729\" srcset=\"https:\/\/leconservatoiredujeu.fr\/wp-content\/uploads\/2019\/06\/Frigo-Glouton-Tomy-Games-300x300.jpg 300w, https:\/\/leconservatoiredujeu.fr\/wp-content\/uploads\/2019\/06\/Frigo-Glouton-Tomy-Games-150x150.jpg 150w, https:\/\/leconservatoiredujeu.fr\/wp-content\/uploads\/2019\/06\/Frigo-Glouton-Tomy-Games.jpg 340w\" sizes=\"(max-width: 300px) 100vw, 300px\" \/><\/figure><\/div>\n\n\n\n<p><span style=\"text-decoration: underline;\"><strong>Liens<\/strong><\/span><\/p>\n\n\n\n<p>Site de la marque <a href=\"https:\/\/fr.tomy.com\/\">Tomy<\/a><\/p>\n\n\n\n<p class=\"has-text-align-right\">Le Conservatoire du Jeu &#8211; Mai 2022<\/p>\n","protected":false},"excerpt":{"rendered":"<p>Historique : Takara Tomy Co., Ltd.&nbsp;(\u682a\u5f0f\u4f1a\u793e\u30bf\u30ab\u30e9\u30c8\u30df\u30fc,&nbsp;Kabushiki-gaisha Takara Tom\u012b) est une compagnie&nbsp;japonaise&nbsp;de jouets, jeux vid\u00e9o, produits et divertissements pour enfants, cr\u00e9\u00e9e par la fusion de deux compagnies rivales le&nbsp;1er&nbsp;mars&nbsp;2006&nbsp;: Tomy (fond\u00e9e en&nbsp;1924&nbsp;sous le nom de Tomiyama et chang\u00e9 en Tomy en&nbsp;1963) &hellip; <a href=\"https:\/\/leconservatoiredujeu.fr\/index.php\/tomy\/\">Continuer la lecture <span class=\"meta-nav\">&rarr;<\/span><\/a><\/p>\n","protected":false},"author":1,"featured_media":0,"parent":0,"menu_order":0,"comment_status":"closed","ping_status":"closed","template":"","meta":{"footnotes":""},"_links":{"self":[{"href":"https:\/\/leconservatoiredujeu.fr\/index.php\/wp-json\/wp\/v2\/pages\/4724"}],"collection":[{"href":"https:\/\/leconservatoiredujeu.fr\/index.php\/wp-json\/wp\/v2\/pages"}],"about":[{"href":"https:\/\/leconservatoiredujeu.fr\/index.php\/wp-json\/wp\/v2\/types\/page"}],"author":[{"embeddable":true,"href":"https:\/\/leconservatoiredujeu.fr\/index.php\/wp-json\/wp\/v2\/users\/1"}],"replies":[{"embeddable":true,"href":"https:\/\/leconservatoiredujeu.fr\/index.php\/wp-json\/wp\/v2\/comments?post=4724"}],"version-history":[{"count":3,"href":"https:\/\/leconservatoiredujeu.fr\/index.php\/wp-json\/wp\/v2\/pages\/4724\/revisions"}],"predecessor-version":[{"id":13103,"href":"https:\/\/leconservatoiredujeu.fr\/index.php\/wp-json\/wp\/v2\/pages\/4724\/revisions\/13103"}],"wp:attachment":[{"href":"https:\/\/leconservatoiredujeu.fr\/index.php\/wp-json\/wp\/v2\/media?parent=4724"}],"curies":[{"name":"wp","href":"https:\/\/api.w.org\/{rel}","templated":true}]}}