{"id":4718,"date":"2019-06-27T13:28:23","date_gmt":"2019-06-27T11:28:23","guid":{"rendered":"http:\/\/leconservatoiredujeu.fr\/?page_id=4718"},"modified":"2022-05-04T11:54:12","modified_gmt":"2022-05-04T09:54:12","slug":"tf1-games","status":"publish","type":"page","link":"https:\/\/leconservatoiredujeu.fr\/index.php\/tf1-games\/","title":{"rendered":"TF1 Games"},"content":{"rendered":"\n<div class=\"wp-block-image\"><figure class=\"aligncenter\"><img loading=\"lazy\" decoding=\"async\" width=\"280\" height=\"280\" src=\"http:\/\/leconservatoiredujeu.fr\/wp-content\/uploads\/2019\/06\/TF1Games.png\" alt=\"\" class=\"wp-image-4719\" srcset=\"https:\/\/leconservatoiredujeu.fr\/wp-content\/uploads\/2019\/06\/TF1Games.png 280w, https:\/\/leconservatoiredujeu.fr\/wp-content\/uploads\/2019\/06\/TF1Games-150x150.png 150w\" sizes=\"(max-width: 280px) 100vw, 280px\" \/><\/figure><\/div>\n\n\n\n<p><strong><span style=\"text-decoration: underline;\">Historique<\/span> :<\/strong><\/p>\n\n\n\n<p>TF1 Games&nbsp;est un&nbsp;\u00e9diteur de jeux de soci\u00e9t\u00e9, filiale du&nbsp;Groupe TF1, bas\u00e9 en&nbsp;France. Les jeux sont commercialis\u00e9s sous deux marques&nbsp;: TF1 Games et&nbsp;<a href=\"http:\/\/leconservatoiredujeu.fr\/index.php\/dujardin\/\">Dujardin<\/a>.<\/p>\n\n\n\n<p>Apr\u00e8s avoir dans un premier temps publi\u00e9 quelques jeux d&rsquo;auteurs, TF1 Games a recentr\u00e9 sa production vers les jeux exploitant les licences des \u00e9missions vedettes de la cha\u00eene. TF1 Games distribue \u00e9galement en France les jeux de l&rsquo;\u00e9diteur canadien Cranium.<\/p>\n\n\n\n<p>Cr\u00e9\u00e9 en 2001, avec le jeu Qui veut gagner des millions ?,&nbsp; TF1 Games s\u2019est depuis d\u00e9velopp\u00e9 avec le rachat de Dujardin en 2007 et celui des \u00e9ditions Michel en 2009. TF1 Games-Dujardin est aujourd\u2019hui un \u00e9diteur reconnu &nbsp;de jeux de soci\u00e9t\u00e9 .<\/p>\n\n\n\n<div class=\"wp-block-image\"><figure class=\"aligncenter\"><img loading=\"lazy\" decoding=\"async\" width=\"300\" height=\"210\" src=\"http:\/\/leconservatoiredujeu.fr\/wp-content\/uploads\/2019\/06\/qvgdm-300x210.jpg\" alt=\"\" class=\"wp-image-4720\" srcset=\"https:\/\/leconservatoiredujeu.fr\/wp-content\/uploads\/2019\/06\/qvgdm-300x210.jpg 300w, https:\/\/leconservatoiredujeu.fr\/wp-content\/uploads\/2019\/06\/qvgdm-429x300.jpg 429w, https:\/\/leconservatoiredujeu.fr\/wp-content\/uploads\/2019\/06\/qvgdm.jpg 500w\" sizes=\"(max-width: 300px) 100vw, 300px\" \/><\/figure><\/div>\n\n\n\n<p>TF1 Games-Dujardin propose un catalogue tr\u00e8s riche pour r\u00e9pondre aux envies de tous&nbsp;: des jeux pour toute la famille, des peluches, des jouets 1<sup>er<\/sup> \u00e2ge\u2026. Des succ\u00e8s aupr\u00e8s de toutes les g\u00e9n\u00e9rations, plus de 2 millions de bo\u00eetes de jeux sont vendues chaque ann\u00e9e en France, dont les c\u00e9l\u00e8bres Money Drop, Chrono Bomb, Tr\u00e9sor Detector, sans oublier ses marques phares Mille Bornes et Cochon qui Rit.<\/p>\n\n\n\n<p>Les \u00e9quipes de TF1 Games-Dujardin d\u00e9veloppent, fabriquent et commercialisent chaque ann\u00e9e de nombreux jeux. De la cr\u00e9ation \u00e0 l\u2019adaptation, les \u00e9quipes de d\u00e9veloppement \u00e9tudient tous les concepts, imaginent des gameplay et donnent naissance \u00e0 de vrais best-sellers comme Chrono Bomb et Tr\u00e9sor Detector.<\/p>\n\n\n\n<p>Les jeux sont ensuite commercialis\u00e9s gr\u00e2ce \u00e0 une force de vente centrale et terrain dans des r\u00e9seaux de distribution aussi vari\u00e9s que la grande distribution, le web et les magasins sp\u00e9cialis\u00e9s.<\/p>\n\n\n\n<p>TF1 Games-Dujardin est le leader incontest\u00e9 des jeux de soci\u00e9t\u00e9 issus des jeux t\u00e9l\u00e9vis\u00e9s. En tant que pilier de la&nbsp; programmation de l\u2019antenne, le jeu TV et sa d\u00e9clinaison en jeu de soci\u00e9t\u00e9 est devenu un axe majeur de la diversification du Groupe. TF1 Games-Dujardin a \u00e9galement su s\u00e9duire d\u2019autres cha\u00eenes et adapte m\u00eame certains jeux de France T\u00e9l\u00e9vision ou encore de Gulli.<\/p>\n\n\n\n<p>Au fur et \u00e0 mesure des ann\u00e9es, TF1 Games -Dujardin s\u2019est \u00e9galement fait une place de choix sur le secteur du jeu d\u2019action avec des concepts qui permettent aux enfants de se d\u00e9fouler et de sortir de l\u2019emplacement traditionnel de la table de jeu. C\u2019est ainsi que Chrono Bomb et Tr\u00e9sor Detector sont devenus respectivement n\u00b01 et n\u00b02 du march\u00e9 des jeux \u00e0 No\u00ebl 2015 !<\/p>\n\n\n\n<div class=\"wp-block-image\"><figure class=\"aligncenter\"><img loading=\"lazy\" decoding=\"async\" width=\"280\" height=\"300\" src=\"http:\/\/leconservatoiredujeu.fr\/wp-content\/uploads\/2019\/06\/81S7Wmc8QhL._SY355_-280x300.jpg\" alt=\"\" class=\"wp-image-4721\" srcset=\"https:\/\/leconservatoiredujeu.fr\/wp-content\/uploads\/2019\/06\/81S7Wmc8QhL._SY355_-280x300.jpg 280w, https:\/\/leconservatoiredujeu.fr\/wp-content\/uploads\/2019\/06\/81S7Wmc8QhL._SY355_.jpg 331w\" sizes=\"(max-width: 280px) 100vw, 280px\" \/><\/figure><\/div>\n\n\n\n<p>Ce succ\u00e8s se prolonge m\u00eame \u00e0 l\u2019international avec la vente de Chrono Bomb dans 30 pays et celle de Mille Bornes aux Etats-Unis et en Europe par exemple. M\u00eame au-del\u00e0 de nos fronti\u00e8res, TF1 Games-Dujardin est dor\u00e9navant reconnu comme un \u00e9diteur cr\u00e9ateur de contenu innovant et exportateur \u00e0 succ\u00e8s.<\/p>\n\n\n\n<p><span style=\"text-decoration: underline;\"><strong>Liens<\/strong><\/span><\/p>\n\n\n\n<p>Site de <a href=\"https:\/\/www.tf1-entertainment.fr\/categorie\/tf1-gamesdujardin\">TF1 Games<\/a><\/p>\n\n\n\n<p class=\"has-text-align-right\">Le Conservatoire du Jeu &#8211; Mai 2022<\/p>\n","protected":false},"excerpt":{"rendered":"<p>Historique : TF1 Games&nbsp;est un&nbsp;\u00e9diteur de jeux de soci\u00e9t\u00e9, filiale du&nbsp;Groupe TF1, bas\u00e9 en&nbsp;France. Les jeux sont commercialis\u00e9s sous deux marques&nbsp;: TF1 Games et&nbsp;Dujardin. Apr\u00e8s avoir dans un premier temps publi\u00e9 quelques jeux d&rsquo;auteurs, TF1 Games a recentr\u00e9 sa production &hellip; <a href=\"https:\/\/leconservatoiredujeu.fr\/index.php\/tf1-games\/\">Continuer la lecture <span class=\"meta-nav\">&rarr;<\/span><\/a><\/p>\n","protected":false},"author":1,"featured_media":0,"parent":0,"menu_order":0,"comment_status":"closed","ping_status":"closed","template":"","meta":{"footnotes":""},"_links":{"self":[{"href":"https:\/\/leconservatoiredujeu.fr\/index.php\/wp-json\/wp\/v2\/pages\/4718"}],"collection":[{"href":"https:\/\/leconservatoiredujeu.fr\/index.php\/wp-json\/wp\/v2\/pages"}],"about":[{"href":"https:\/\/leconservatoiredujeu.fr\/index.php\/wp-json\/wp\/v2\/types\/page"}],"author":[{"embeddable":true,"href":"https:\/\/leconservatoiredujeu.fr\/index.php\/wp-json\/wp\/v2\/users\/1"}],"replies":[{"embeddable":true,"href":"https:\/\/leconservatoiredujeu.fr\/index.php\/wp-json\/wp\/v2\/comments?post=4718"}],"version-history":[{"count":3,"href":"https:\/\/leconservatoiredujeu.fr\/index.php\/wp-json\/wp\/v2\/pages\/4718\/revisions"}],"predecessor-version":[{"id":13094,"href":"https:\/\/leconservatoiredujeu.fr\/index.php\/wp-json\/wp\/v2\/pages\/4718\/revisions\/13094"}],"wp:attachment":[{"href":"https:\/\/leconservatoiredujeu.fr\/index.php\/wp-json\/wp\/v2\/media?parent=4718"}],"curies":[{"name":"wp","href":"https:\/\/api.w.org\/{rel}","templated":true}]}}