{"id":4705,"date":"2019-06-27T11:57:56","date_gmt":"2019-06-27T09:57:56","guid":{"rendered":"http:\/\/leconservatoiredujeu.fr\/?page_id=4705"},"modified":"2022-05-04T11:20:38","modified_gmt":"2022-05-04T09:20:38","slug":"sentosphere","status":"publish","type":"page","link":"https:\/\/leconservatoiredujeu.fr\/index.php\/sentosphere\/","title":{"rendered":"SentoSph\u00e8re"},"content":{"rendered":"\n<div class=\"wp-block-image\"><figure class=\"aligncenter is-resized\"><img loading=\"lazy\" decoding=\"async\" src=\"http:\/\/leconservatoiredujeu.fr\/wp-content\/uploads\/2019\/06\/sentosphereview.png\" alt=\"\" class=\"wp-image-4706\" width=\"380\" height=\"169\"\/><\/figure><\/div>\n\n\n\n<p><span style=\"text-decoration: underline;\"><strong>Historique :<\/strong><\/span><\/p>\n\n\n\n<p>Sentosph\u00e8re est une soci\u00e9t\u00e9 fran\u00e7aise cr\u00e9\u00e9e en 1989 par V\u00e9ronique Debroise, parfumeuse de formation. La vocation premi\u00e8re de l&rsquo;entreprise est l&rsquo;\u00e9dition de jeux olfactifs, puis son domaine d&rsquo;activit\u00e9 s&rsquo;est \u00e9tendu aux kits cosm\u00e9tiques et aux loisirs cr\u00e9atifs, notamment avec des gammes telles qu&rsquo;Aquarellum ou Sablimage.<\/p>\n\n\n\n<p>D\u00e8s son jeune \u00e2ge, V\u00e9ronique Debroise invente ses propres activit\u00e9s cr\u00e9atives&nbsp;: elle plante des herbes et fleurs pour en extraire les&nbsp;huiles essentielles, elle r\u00e9alise des tableaux avec de la colle sur laquelle elle saupoudre de la terre de diff\u00e9rentes couleurs, elle cr\u00e9e ses premiers gloss, avec des tubes de lanoline en y incorporant de la poudre de crayons color\u00e9s, etc.<\/p>\n\n\n\n<p>Elle a suivi des \u00e9tudes d&rsquo;ing\u00e9nieur \u00e0 l\u2019Institut Sup\u00e9rieur International du Parfum, de la Cosm\u00e9tique et de l\u2019Aromatique Alimentaire (ISIPCA). Une fois dipl\u00f4m\u00e9e en 1981, elle devient parfumeur dans deux grands groupes internationaux de fragrances, IFF en Am\u00e9rique du Sud puis&nbsp;Givaudan&nbsp;en France.<\/p>\n\n\n\n<p>Plus tard, elle reprend les principes de ses jeux d\u2019enfance avec pour objectif de concevoir des produits p\u00e9dagogiques destin\u00e9s \u00e0 \u00e9duquer les enfants, tout en les amusant. Elle commence en 1989 par l\u2019\u00e9ducation du sens de l\u2019odorat avec le Loto des Odeurs, Fragrance et Magic Odor et nomme sa soci\u00e9t\u00e9 Sentosph\u00e8re.<\/p>\n\n\n\n<div class=\"wp-block-image\"><figure class=\"aligncenter\"><img loading=\"lazy\" decoding=\"async\" width=\"300\" height=\"300\" src=\"http:\/\/leconservatoiredujeu.fr\/wp-content\/uploads\/2019\/06\/04313-300x300.jpg\" alt=\"\" class=\"wp-image-4707\" srcset=\"https:\/\/leconservatoiredujeu.fr\/wp-content\/uploads\/2019\/06\/04313-300x300.jpg 300w, https:\/\/leconservatoiredujeu.fr\/wp-content\/uploads\/2019\/06\/04313-150x150.jpg 150w, https:\/\/leconservatoiredujeu.fr\/wp-content\/uploads\/2019\/06\/04313-768x768.jpg 768w, https:\/\/leconservatoiredujeu.fr\/wp-content\/uploads\/2019\/06\/04313-1024x1024.jpg 1024w, https:\/\/leconservatoiredujeu.fr\/wp-content\/uploads\/2019\/06\/04313.jpg 1200w\" sizes=\"(max-width: 300px) 100vw, 300px\" \/><\/figure><\/div>\n\n\n\n<p>V\u00e9ronique Debroise est r\u00e9compens\u00e9e avec les distinctions du Chevalier de l&rsquo;Ordre du M\u00e9rite Agricole (2000) et du&nbsp;Chevalier de l&rsquo;Ordre National du M\u00e9rite&nbsp;(2013).<\/p>\n\n\n\n<p>En 1989, cr\u00e9ation de l\u2019entreprise et du concept des jeux olfactifs, avec le lancement du Loto des odeurs.<\/p>\n\n\n\n<p>M\u00eame si Sentosph\u00e8re a d\u00e9but\u00e9 avec des produits d\u2019\u00e9veil olfactif, l\u2019entreprise a \u00e9tendu son domaine d\u2019activit\u00e9 aux loisirs cr\u00e9atifs en lan\u00e7ant des gammes comme Aquarellum, en 1996, ou Sablimage, en 2005<sup id=\"cite_ref-:2_2-0\" class=\"reference\">2<\/sup>.<\/p>\n\n\n\n<p>En 1998, am\u00e9nagement d\u2019un site de production \u00e0&nbsp;Marne-la-Vall\u00e9e.<\/p>\n\n\n\n<p>En 2004, cr\u00e9ation de l\u2019usine dans les Yvelines, puis extension de l\u2019usine en 2009.<\/p>\n\n\n\n<p>En 2013, cr\u00e9ation d\u2019une filiale aux \u00c9tats-Unis. Les produits Sentosph\u00e8re sont vendus dans 25 pays.<\/p>\n\n\n\n<p>En 2015, Sentosph\u00e8re a re\u00e7u le J d\u2019or Jou\u00e9Club de la Cr\u00e9ation Fran\u00e7aise.<\/p>\n\n\n\n<div class=\"wp-block-image\"><figure class=\"aligncenter\"><img loading=\"lazy\" decoding=\"async\" width=\"300\" height=\"300\" src=\"http:\/\/leconservatoiredujeu.fr\/wp-content\/uploads\/2019\/06\/916261580-300x300.jpg\" alt=\"\" class=\"wp-image-4709\" srcset=\"https:\/\/leconservatoiredujeu.fr\/wp-content\/uploads\/2019\/06\/916261580-300x300.jpg 300w, https:\/\/leconservatoiredujeu.fr\/wp-content\/uploads\/2019\/06\/916261580-150x150.jpg 150w, https:\/\/leconservatoiredujeu.fr\/wp-content\/uploads\/2019\/06\/916261580.jpg 500w\" sizes=\"(max-width: 300px) 100vw, 300px\" \/><\/figure><\/div>\n\n\n\n<p><span style=\"text-decoration: underline;\"><strong>Liens<\/strong><\/span><\/p>\n\n\n\n<p>Site de <a href=\"http:\/\/www.sentosphere.fr\/\">SentoSph\u00e8re<\/a><\/p>\n\n\n\n<p class=\"has-text-align-right\">Le Conservatoire du Jeu &#8211; Mai 2022<\/p>\n","protected":false},"excerpt":{"rendered":"<p>Historique : Sentosph\u00e8re est une soci\u00e9t\u00e9 fran\u00e7aise cr\u00e9\u00e9e en 1989 par V\u00e9ronique Debroise, parfumeuse de formation. La vocation premi\u00e8re de l&rsquo;entreprise est l&rsquo;\u00e9dition de jeux olfactifs, puis son domaine d&rsquo;activit\u00e9 s&rsquo;est \u00e9tendu aux kits cosm\u00e9tiques et aux loisirs cr\u00e9atifs, notamment &hellip; <a href=\"https:\/\/leconservatoiredujeu.fr\/index.php\/sentosphere\/\">Continuer la lecture <span class=\"meta-nav\">&rarr;<\/span><\/a><\/p>\n","protected":false},"author":1,"featured_media":0,"parent":0,"menu_order":0,"comment_status":"closed","ping_status":"closed","template":"","meta":{"footnotes":""},"_links":{"self":[{"href":"https:\/\/leconservatoiredujeu.fr\/index.php\/wp-json\/wp\/v2\/pages\/4705"}],"collection":[{"href":"https:\/\/leconservatoiredujeu.fr\/index.php\/wp-json\/wp\/v2\/pages"}],"about":[{"href":"https:\/\/leconservatoiredujeu.fr\/index.php\/wp-json\/wp\/v2\/types\/page"}],"author":[{"embeddable":true,"href":"https:\/\/leconservatoiredujeu.fr\/index.php\/wp-json\/wp\/v2\/users\/1"}],"replies":[{"embeddable":true,"href":"https:\/\/leconservatoiredujeu.fr\/index.php\/wp-json\/wp\/v2\/comments?post=4705"}],"version-history":[{"count":3,"href":"https:\/\/leconservatoiredujeu.fr\/index.php\/wp-json\/wp\/v2\/pages\/4705\/revisions"}],"predecessor-version":[{"id":13082,"href":"https:\/\/leconservatoiredujeu.fr\/index.php\/wp-json\/wp\/v2\/pages\/4705\/revisions\/13082"}],"wp:attachment":[{"href":"https:\/\/leconservatoiredujeu.fr\/index.php\/wp-json\/wp\/v2\/media?parent=4705"}],"curies":[{"name":"wp","href":"https:\/\/api.w.org\/{rel}","templated":true}]}}