{"id":4698,"date":"2019-06-27T11:39:07","date_gmt":"2019-06-27T09:39:07","guid":{"rendered":"http:\/\/leconservatoiredujeu.fr\/?page_id=4698"},"modified":"2022-05-04T11:02:26","modified_gmt":"2022-05-04T09:02:26","slug":"rio-grande-games","status":"publish","type":"page","link":"https:\/\/leconservatoiredujeu.fr\/index.php\/rio-grande-games\/","title":{"rendered":"Rio Grande Games"},"content":{"rendered":"\n<div class=\"wp-block-image\"><figure class=\"aligncenter\"><img loading=\"lazy\" decoding=\"async\" width=\"300\" height=\"100\" src=\"http:\/\/leconservatoiredujeu.fr\/wp-content\/uploads\/2019\/06\/logosponsor_riogrande_sfmtxm-300x100.jpg\" alt=\"\" class=\"wp-image-4699\" srcset=\"https:\/\/leconservatoiredujeu.fr\/wp-content\/uploads\/2019\/06\/logosponsor_riogrande_sfmtxm-300x100.jpg 300w, https:\/\/leconservatoiredujeu.fr\/wp-content\/uploads\/2019\/06\/logosponsor_riogrande_sfmtxm-500x167.jpg 500w, https:\/\/leconservatoiredujeu.fr\/wp-content\/uploads\/2019\/06\/logosponsor_riogrande_sfmtxm.jpg 600w\" sizes=\"(max-width: 300px) 100vw, 300px\" \/><\/figure><\/div>\n\n\n\n<p><span style=\"text-decoration: underline;\"><strong>Historique<\/strong><\/span><strong> :<\/strong><\/p>\n\n\n\n<p>Rio Grande Games&nbsp;est une soci\u00e9t\u00e9&nbsp;am\u00e9ricaine&nbsp;bas\u00e9e \u00e0&nbsp;Rio Rancho&nbsp;(Nouveau-Mexique) sp\u00e9cialis\u00e9e dans la publication de&nbsp;jeux de soci\u00e9t\u00e9 en langue anglaise simultan\u00e9ment \u00e0 leur sortie en langue originale, le plus souvent en allemand. Cette politique de publication simultan\u00e9e permet de minimiser les co\u00fbts de production et d&rsquo;offrir au public anglophone des jeux de bonne qualit\u00e9. Le plus souvent, les \u00e9l\u00e9ments qui contiennent du texte sont les cartes, la bo\u00eete, et parfois le plateau de jeu, ce qui limite les co\u00fbts d&rsquo;\u00e9dition sp\u00e9cifiques.<\/p>\n\n\n\n<p>Au-del\u00e0 du public des joueurs am\u00e9ricains, les publications de Rio Grande int\u00e9ressent tous les joueurs qui ne lisent pas l&rsquo;allemand mais lisent ou parviennent \u00e0 comprendre l&rsquo;anglais. C&rsquo;est ainsi qu&rsquo;une bonne moiti\u00e9 des jeux publi\u00e9s par Rio Grande sont fabriqu\u00e9s en&nbsp;Allemagne, export\u00e9s aux&nbsp;\u00c9tats-Unis&nbsp;pour finalement repartir vers d&rsquo;autres pays et souvent en&nbsp;Europe. En&nbsp;France, lorsqu&rsquo;un jeu de soci\u00e9t\u00e9 r\u00e9cent n&rsquo;existe pas en langue fran\u00e7aise, il n&rsquo;est pas rare que les d\u00e9taillants pr\u00e9f\u00e8rent se procurer la version anglaise plut\u00f4t que la version allemande, m\u00eame avec un l\u00e9ger surco\u00fbt, afin de satisfaire le plus de clients possibles.<\/p>\n\n\n\n<p>En 1995, Jay Tummelson a commenc\u00e9 \u00e0 travailler pour les Jeux de Mayfair . \u00c0 cette \u00e9poque, Mayfair avait commenc\u00e9 \u00e0 importer des jeux de plateau de style allemand, sans faire de localisation. Tummelson a d&rsquo;abord sugg\u00e9r\u00e9 qu&rsquo;ils incorporent une traduction anglaise, puis qu&rsquo;ils localisent compl\u00e8tement le jeu pour le public am\u00e9ricain. Tummelson a acquis les droits pour le Grand Prix de Detroit \/ Cleveland , Manhattan , l\u2019art moderne, les tramways et les Settlers of Catan, qui ont \u00e9t\u00e9 publi\u00e9s ensemble en 1996.<\/p>\n\n\n\n<div class=\"wp-block-image\"><figure class=\"aligncenter\"><img loading=\"lazy\" decoding=\"async\" width=\"192\" height=\"263\" src=\"http:\/\/leconservatoiredujeu.fr\/wp-content\/uploads\/2019\/06\/t\u00e9l\u00e9chargement-16.jpg\" alt=\"\" class=\"wp-image-4700\"\/><\/figure><\/div>\n\n\n\n<p>Une partie du processus de localisation consistait \u00e0 cr\u00e9er de l&rsquo;art et des composants originaux.&nbsp;Tummelson a estim\u00e9 qu&rsquo;une meilleure solution consisterait \u00e0 utiliser les m\u00eames illustrations et composants que les originaux et \u00e0 partager le co\u00fbt de l&rsquo;impression avec les \u00e9diteurs europ\u00e9ens.&nbsp;En 1998, il a fond\u00e9 Rio Grande Games pour adopter cette approche.<\/p>\n\n\n\n<p>Depuis lors, Rio Grande Games a publi\u00e9 plus de 350 jeux et a eu un impact significatif sur les jeux de soci\u00e9t\u00e9 aux \u00c9tats-Unis.<\/p>\n\n\n\n<p>Les jeux les plus populaires publi\u00e9s par Rio Grande Games sont&nbsp;Carcassonne&nbsp;,&nbsp;Porto Rico&nbsp;,&nbsp;Dominion&nbsp;,&nbsp;Power Grid&nbsp;,&nbsp;Race for the Galaxy&nbsp;,&nbsp;Bohnanza&nbsp;et&nbsp;Lost Cities&nbsp;. Plus r\u00e9cemment, Rio Grande Games a commenc\u00e9 \u00e0 publier ses propres jeux et a m\u00eame commenc\u00e9 \u00e0 octroyer des licences pour ses jeux \u00e0 des partenaires d&rsquo;autres pays souhaitant localiser les jeux dans leurs langues locales.&nbsp;Ainsi,&nbsp;Race for the Galaxy&nbsp;sera bient\u00f4t disponible en chinois, en cor\u00e9en et dans d\u2019autres langues, ainsi qu\u2019en anglais, en fran\u00e7ais et en allemand.<\/p>\n\n\n\n<div class=\"wp-block-image\"><figure class=\"aligncenter\"><img loading=\"lazy\" decoding=\"async\" width=\"183\" height=\"275\" src=\"http:\/\/leconservatoiredujeu.fr\/wp-content\/uploads\/2019\/06\/t\u00e9l\u00e9chargement-17.jpg\" alt=\"\" class=\"wp-image-4701\"\/><\/figure><\/div>\n\n\n\n<p>Depuis 2005, Rio Grande est devenu \u00e9diteur principal de quelques jeux initialement allemands, comme&nbsp;Tikal&nbsp;ou&nbsp;Ricochet Robots. L&rsquo;\u00e9diteur de jeux de soci\u00e9t\u00e9&nbsp;Abacus&nbsp;n&rsquo;est plus en charge, sur ces produits, que du seul march\u00e9 allemand.<\/p>\n\n\n\n<p>Dominion&nbsp;est un&nbsp;jeu de&nbsp;cartes de&nbsp;construction de deck&nbsp;cr\u00e9\u00e9 par Donald X. Vaccarino et publi\u00e9 par Rio Grande Games.&nbsp;Chaque joueur utilise un jeu de cartes s\u00e9par\u00e9 et tire ses mains de ses propres jeux, pas ceux des autres.&nbsp;Les joueurs utilisent les cartes dans leurs mains pour effectuer des actions ou acheter des cartes s\u00e9lectionn\u00e9es dans un pool commun de piles de cartes.&nbsp;Le joueur avec le plus de points de victoire \u00e0 la fin gagne.&nbsp;Le jeu a un&nbsp;th\u00e8me m\u00e9di\u00e9val&nbsp;\u00ab\u00a0l\u00e9ger\u00a0\u00bb, avec des noms de cartes qui font r\u00e9f\u00e9rence \u00e0&nbsp;des structures sociales&nbsp;pr\u00e9industrielles,&nbsp;monarchiques&nbsp;et&nbsp;f\u00e9odales&nbsp;.<\/p>\n\n\n\n<p>En ce qui concerne la convivialit\u00e9 du jeu, les parall\u00e8les sont souvent trac\u00e9s avec&nbsp;des jeux de cartes \u00e0 collectionner&nbsp;tels que le populaire&nbsp;Magic: The Gathering&nbsp;. Vaccarino, cependant, nie que&nbsp;Magic ait&nbsp;\u00e9t\u00e9 l&rsquo;inspiration. Contrairement \u00e0&nbsp;ce jeu, les&nbsp;joueurs de&nbsp;Dominion&nbsp;construire leurs plate &#8211;&nbsp;formes&nbsp;ad hoc&nbsp;que le jeu se&nbsp;d\u00e9roule, plut\u00f4t que de&nbsp;venir \u00e0 la table avec une plate &#8211;&nbsp;forme pr\u00e9-faites.&nbsp;Dominion&nbsp;\u00e9tait le premier jeu du genre, mais il a engendr\u00e9 tout un genre de jeux de cartes similaires appel\u00e9s&nbsp;\u00ab\u00a0jeux de construction de ponts\u00a0\u00bb&nbsp;(et appliqu\u00e9s r\u00e9troactivement en tant que descripteur \u00e0 ce jeu).<\/p>\n\n\n\n<div class=\"wp-block-image\"><figure class=\"aligncenter\"><img loading=\"lazy\" decoding=\"async\" width=\"297\" height=\"300\" src=\"http:\/\/leconservatoiredujeu.fr\/wp-content\/uploads\/2019\/06\/51-ISqVVRSL._SY355_-297x300.jpg\" alt=\"\" class=\"wp-image-4702\" srcset=\"https:\/\/leconservatoiredujeu.fr\/wp-content\/uploads\/2019\/06\/51-ISqVVRSL._SY355_-297x300.jpg 297w, https:\/\/leconservatoiredujeu.fr\/wp-content\/uploads\/2019\/06\/51-ISqVVRSL._SY355_.jpg 352w\" sizes=\"(max-width: 297px) 100vw, 297px\" \/><\/figure><\/div>\n\n\n\n<p><span style=\"text-decoration: underline;\"><strong>Liens<\/strong><\/span><\/p>\n\n\n\n<p>Site de <a href=\"http:\/\/riograndegames.com\/\">Rio Grande Games<\/a><\/p>\n\n\n\n<p class=\"has-text-align-right\">Le Conservatoire du Jeu 2022<\/p>\n","protected":false},"excerpt":{"rendered":"<p>Historique : Rio Grande Games&nbsp;est une soci\u00e9t\u00e9&nbsp;am\u00e9ricaine&nbsp;bas\u00e9e \u00e0&nbsp;Rio Rancho&nbsp;(Nouveau-Mexique) sp\u00e9cialis\u00e9e dans la publication de&nbsp;jeux de soci\u00e9t\u00e9 en langue anglaise simultan\u00e9ment \u00e0 leur sortie en langue originale, le plus souvent en allemand. Cette politique de publication simultan\u00e9e permet de minimiser les &hellip; <a href=\"https:\/\/leconservatoiredujeu.fr\/index.php\/rio-grande-games\/\">Continuer la lecture <span class=\"meta-nav\">&rarr;<\/span><\/a><\/p>\n","protected":false},"author":1,"featured_media":0,"parent":0,"menu_order":0,"comment_status":"closed","ping_status":"closed","template":"","meta":{"footnotes":""},"_links":{"self":[{"href":"https:\/\/leconservatoiredujeu.fr\/index.php\/wp-json\/wp\/v2\/pages\/4698"}],"collection":[{"href":"https:\/\/leconservatoiredujeu.fr\/index.php\/wp-json\/wp\/v2\/pages"}],"about":[{"href":"https:\/\/leconservatoiredujeu.fr\/index.php\/wp-json\/wp\/v2\/types\/page"}],"author":[{"embeddable":true,"href":"https:\/\/leconservatoiredujeu.fr\/index.php\/wp-json\/wp\/v2\/users\/1"}],"replies":[{"embeddable":true,"href":"https:\/\/leconservatoiredujeu.fr\/index.php\/wp-json\/wp\/v2\/comments?post=4698"}],"version-history":[{"count":4,"href":"https:\/\/leconservatoiredujeu.fr\/index.php\/wp-json\/wp\/v2\/pages\/4698\/revisions"}],"predecessor-version":[{"id":13078,"href":"https:\/\/leconservatoiredujeu.fr\/index.php\/wp-json\/wp\/v2\/pages\/4698\/revisions\/13078"}],"wp:attachment":[{"href":"https:\/\/leconservatoiredujeu.fr\/index.php\/wp-json\/wp\/v2\/media?parent=4698"}],"curies":[{"name":"wp","href":"https:\/\/api.w.org\/{rel}","templated":true}]}}