{"id":4691,"date":"2019-06-27T11:11:56","date_gmt":"2019-06-27T09:11:56","guid":{"rendered":"http:\/\/leconservatoiredujeu.fr\/?page_id=4691"},"modified":"2022-05-04T10:50:37","modified_gmt":"2022-05-04T08:50:37","slug":"queen-games","status":"publish","type":"page","link":"https:\/\/leconservatoiredujeu.fr\/index.php\/queen-games\/","title":{"rendered":"Queen Games"},"content":{"rendered":"\n<div class=\"wp-block-image\"><figure class=\"aligncenter\"><img loading=\"lazy\" decoding=\"async\" width=\"188\" height=\"300\" src=\"http:\/\/leconservatoiredujeu.fr\/wp-content\/uploads\/2019\/06\/f8d4e3cb6c6e3c10000905edfb29ac2b5b5e-188x300.jpeg\" alt=\"\" class=\"wp-image-4693\" srcset=\"https:\/\/leconservatoiredujeu.fr\/wp-content\/uploads\/2019\/06\/f8d4e3cb6c6e3c10000905edfb29ac2b5b5e-188x300.jpeg 188w, https:\/\/leconservatoiredujeu.fr\/wp-content\/uploads\/2019\/06\/f8d4e3cb6c6e3c10000905edfb29ac2b5b5e.jpeg 313w\" sizes=\"(max-width: 188px) 100vw, 188px\" \/><\/figure><\/div>\n\n\n\n<p><strong><span style=\"text-decoration: underline;\">Historique<\/span><\/strong> <strong>:<\/strong><\/p>\n\n\n\n<p>Queen Games&nbsp;est un&nbsp;\u00e9diteur&nbsp;allemand&nbsp;de&nbsp;jeux&nbsp;de&nbsp;table&nbsp;bas\u00e9 \u00e0&nbsp;Troisdorf et fond\u00e9 en 1992 par le Rajive Gupta, sp\u00e9cialis\u00e9 principalement dans les&nbsp;jeux de&nbsp;style allemand de style familial, mais qui a \u00e9galement publi\u00e9 un plus petit nombre de jeux pour enfants plus simples et plus complexes.<sup id=\"cite_ref-Impressum_1-0\" class=\"reference\"><\/sup><\/p>\n\n\n\n<p>En 1988 Rajive Gupta a fond\u00e9 la soci\u00e9t\u00e9 \u00ab\u00a0Reine Carroms Toys GmbH\u00a0\u00bb pour la distribution et la fabrication des Indiens Carrom -Spiels, 1992 a \u00e9t\u00e9 suivi par l&rsquo;\u00e9diteur du jeu Queen Games.<\/p>\n\n\n\n<p>L\u2019une de leurs sorties les plus populaires est <i>Alhambra<\/i>, elle-m\u00eame d\u00e9velopp\u00e9e \u00e0 partir d\u2019un jeu auto-publi\u00e9 en 1992, le jeu&nbsp; a remport\u00e9 le Spiel des Jahres et s\u2019est class\u00e9 deuxi\u00e8me au Deutscher Spiele Preis en 2003. <i>Alhambra<\/i>a a depuis de nombreuses extensions et un certain nombre de spin-off et pourrait \u00eatre consid\u00e9r\u00e9 comme la \u00ab\u00a0franchise\u00a0\u00bb de la soci\u00e9t\u00e9. Ils sont \u00e9galement connus, dans une certaine mesure, pour avoir publi\u00e9 de nombreux jeux con\u00e7us par Dirk Henn. Parmi les autres jeux publi\u00e9s par Queen Games, citons <i>Industria: 600 Years of Progress<\/i>, le&nbsp;<i>t\u00e9l\u00e9ph\u00e9rique de San Francisco<\/i>&nbsp;et&nbsp;<i>Wallenstein<\/i>.<\/p>\n\n\n\n<div class=\"wp-block-image\"><figure class=\"aligncenter\"><img loading=\"lazy\" decoding=\"async\" width=\"300\" height=\"300\" src=\"http:\/\/leconservatoiredujeu.fr\/wp-content\/uploads\/2019\/06\/1814-300x300.jpg\" alt=\"\" class=\"wp-image-4694\" srcset=\"https:\/\/leconservatoiredujeu.fr\/wp-content\/uploads\/2019\/06\/1814-300x300.jpg 300w, https:\/\/leconservatoiredujeu.fr\/wp-content\/uploads\/2019\/06\/1814-150x150.jpg 150w, https:\/\/leconservatoiredujeu.fr\/wp-content\/uploads\/2019\/06\/1814.jpg 372w\" sizes=\"(max-width: 300px) 100vw, 300px\" \/><\/figure><\/div>\n\n\n\n<p>En 2000, Queen Games a cess\u00e9 de publier ses jeux dans des bo\u00eetes horizontalement peu profondes, rectangulaires, de formes et de tailles vari\u00e9es, pour adopter des bo\u00eetes distinctement plus \u00ab\u00a0grasses\u00a0\u00bb con\u00e7ues pour \u00eatre empil\u00e9es verticalement dans quatre tailles de bo\u00eetes normalis\u00e9es. Les versions 2005 \u00e0 2010 ont g\u00e9n\u00e9ralement \u00e9t\u00e9 produites dans une version nationale avec uniquement les r\u00e8gles allemandes et une version pour l\u2019exportation, avec les r\u00e8gles en anglais, fran\u00e7ais, espagnol, italien, n\u00e9erlandais et l&rsquo;allemand. Les titres sur la bo\u00eete ont chang\u00e9 pour \u00eatre plus ind\u00e9pendants de la langue (comme <i>Alhambra<\/i>&nbsp;au lieu de&nbsp;<i>Der Palast von Alhambra<\/i> ). Si les composants du jeu contiennent du texte, celui-ci est remplac\u00e9 dans la version d&rsquo;exportation par des symboles ind\u00e9pendants de la langue. Cependant, certains de leurs jeux ont \u00e9galement \u00e9t\u00e9 republi\u00e9s par des \u00e9diteurs bas\u00e9s dans d&rsquo;autres pays dans des versions int\u00e9gralement traduites.<\/p>\n\n\n\n<p>Apr\u00e8s la faillite de Laurin Maison d&rsquo; \u00e9dition 1993 Queen Games a repris ses droits de publication, y compris les jeux de soci\u00e9t\u00e9 et la plume et papier jeux de r\u00f4le Terre du Milieu jeu de r\u00f4le (MERS), Rolemaster et Cthulhu . Queen Games a licenci\u00e9 des produits sous licence d&rsquo; Iron Crown Enterprises (Rolemaster et MERS) sur le march\u00e9 germanophone.<\/p>\n\n\n\n<p>En 1997, deux jeux &#8211; responsable du salon et exp\u00e9dition &#8211; ont atteint les 3e et 8e places du&nbsp;prix des Jeux allemands&nbsp;.&nbsp;Le jeu&nbsp;Alhambra&nbsp;est devenu le&nbsp;jeu de l\u2019ann\u00e9e&nbsp;2003&nbsp;.&nbsp;En 2010,&nbsp;Fresko a \u00e9t\u00e9&nbsp;nomin\u00e9 pour ce prix et a remport\u00e9 le&nbsp;<i>prix des jeux allemands<\/i>&nbsp;.&nbsp;Kingdom Builder&nbsp;de&nbsp;Donald X. Vaccarino a&nbsp;remport\u00e9 le prix du jeu de l&rsquo;ann\u00e9e en 2012.<\/p>\n\n\n\n<div class=\"wp-block-image\"><figure class=\"aligncenter\"><img loading=\"lazy\" decoding=\"async\" width=\"300\" height=\"296\" src=\"http:\/\/leconservatoiredujeu.fr\/wp-content\/uploads\/2019\/06\/fc0dad5c2d0fd2b93d99eddf1b75d4839aa3-300x296.jpeg\" alt=\"\" class=\"wp-image-4695\"\/><\/figure><\/div>\n\n\n\n<p><span style=\"text-decoration: underline;\"><strong>Liens<\/strong><\/span><\/p>\n\n\n\n<p>Site de <a href=\"http:\/\/www.queen-games.com\/fr\/\">Queen Games<\/a><\/p>\n\n\n\n<p class=\"has-text-align-right\">Le Conservatoire du Jeu &#8211; Mai 2022<\/p>\n\n\n\n<p><\/p>\n","protected":false},"excerpt":{"rendered":"<p>Historique : Queen Games&nbsp;est un&nbsp;\u00e9diteur&nbsp;allemand&nbsp;de&nbsp;jeux&nbsp;de&nbsp;table&nbsp;bas\u00e9 \u00e0&nbsp;Troisdorf et fond\u00e9 en 1992 par le Rajive Gupta, sp\u00e9cialis\u00e9 principalement dans les&nbsp;jeux de&nbsp;style allemand de style familial, mais qui a \u00e9galement publi\u00e9 un plus petit nombre de jeux pour enfants plus simples et plus &hellip; <a href=\"https:\/\/leconservatoiredujeu.fr\/index.php\/queen-games\/\">Continuer la lecture <span class=\"meta-nav\">&rarr;<\/span><\/a><\/p>\n","protected":false},"author":1,"featured_media":0,"parent":0,"menu_order":0,"comment_status":"closed","ping_status":"closed","template":"","meta":{"footnotes":""},"_links":{"self":[{"href":"https:\/\/leconservatoiredujeu.fr\/index.php\/wp-json\/wp\/v2\/pages\/4691"}],"collection":[{"href":"https:\/\/leconservatoiredujeu.fr\/index.php\/wp-json\/wp\/v2\/pages"}],"about":[{"href":"https:\/\/leconservatoiredujeu.fr\/index.php\/wp-json\/wp\/v2\/types\/page"}],"author":[{"embeddable":true,"href":"https:\/\/leconservatoiredujeu.fr\/index.php\/wp-json\/wp\/v2\/users\/1"}],"replies":[{"embeddable":true,"href":"https:\/\/leconservatoiredujeu.fr\/index.php\/wp-json\/wp\/v2\/comments?post=4691"}],"version-history":[{"count":2,"href":"https:\/\/leconservatoiredujeu.fr\/index.php\/wp-json\/wp\/v2\/pages\/4691\/revisions"}],"predecessor-version":[{"id":13075,"href":"https:\/\/leconservatoiredujeu.fr\/index.php\/wp-json\/wp\/v2\/pages\/4691\/revisions\/13075"}],"wp:attachment":[{"href":"https:\/\/leconservatoiredujeu.fr\/index.php\/wp-json\/wp\/v2\/media?parent=4691"}],"curies":[{"name":"wp","href":"https:\/\/api.w.org\/{rel}","templated":true}]}}