{"id":4681,"date":"2019-06-27T10:45:29","date_gmt":"2019-06-27T08:45:29","guid":{"rendered":"http:\/\/leconservatoiredujeu.fr\/?page_id=4681"},"modified":"2022-04-28T13:06:40","modified_gmt":"2022-04-28T11:06:40","slug":"hasbro","status":"publish","type":"page","link":"https:\/\/leconservatoiredujeu.fr\/index.php\/hasbro\/","title":{"rendered":"Hasbro"},"content":{"rendered":"\n<div class=\"wp-block-image\"><figure class=\"aligncenter\"><img loading=\"lazy\" decoding=\"async\" width=\"280\" height=\"280\" src=\"http:\/\/leconservatoiredujeu.fr\/wp-content\/uploads\/2019\/06\/langfr-280px-Hasbro_logo.png\" alt=\"\" class=\"wp-image-4682\" srcset=\"https:\/\/leconservatoiredujeu.fr\/wp-content\/uploads\/2019\/06\/langfr-280px-Hasbro_logo.png 280w, https:\/\/leconservatoiredujeu.fr\/wp-content\/uploads\/2019\/06\/langfr-280px-Hasbro_logo-150x150.png 150w\" sizes=\"(max-width: 280px) 100vw, 280px\" \/><\/figure><\/div>\n\n\n\n<p><span style=\"text-decoration: underline;\"><strong>Historique<\/strong><\/span> <strong>:<\/strong><\/p>\n\n\n\n<p>Hasbro&nbsp;est une soci\u00e9t\u00e9&nbsp;am\u00e9ricaine&nbsp;sp\u00e9cialis\u00e9e dans les jouets et les jeux qui a \u00e9t\u00e9 cr\u00e9\u00e9e en&nbsp;1923&nbsp;par les fr\u00e8res Henry et Helal Hassenfeld \u00e0&nbsp;Providence,&nbsp;Rhode Island. Hasbro est la contraction de&nbsp;Hassenfeld Brothers.<\/p>\n\n\n\n<p>Initialement une entreprise de textile, Hassenfeld Brothers se diversifie dans les accessoires de papeterie puis le p\u00e9riscolaire avant de se convertir au jouet dans les ann\u00e9es 1940. Hasbro est connu pour plusieurs marques et leur d\u00e9clinaison dont&nbsp;M. Patate&nbsp;lanc\u00e9e en 1952,&nbsp;G.I. Joe&nbsp;en 1964 ou&nbsp;My Little Pony&nbsp;en 1983. Dans les ann\u00e9es 1980, la soci\u00e9t\u00e9 d\u00e9cline ses marques en s\u00e9ries t\u00e9l\u00e9vis\u00e9es d&rsquo;animation puis dans les ann\u00e9es 2000 en longs m\u00e9trages. En 1984, Hasbro entre dans les jeux de soci\u00e9t\u00e9s avec l&rsquo;achat de&nbsp;<a href=\"http:\/\/leconservatoiredujeu.fr\/index.php\/mb\/\">Milton Bradley Company<\/a>&nbsp;puis en 1991 avec l&rsquo;achat de&nbsp;Tonka&nbsp;maison m\u00e8re de&nbsp;Kenner,&nbsp;Parker Brothers&nbsp;et&nbsp;Playskool. En 1999, Hasbro ach\u00e8te l&rsquo;\u00e9diteur de jeu de carte&nbsp;Wizards of the Coast. Hasbro est aussi un important producteur de jouets au travers de licences comme celles de&nbsp;Disney,&nbsp;Pok\u00e9mon&nbsp;ou&nbsp;Jurassic Park.<\/p>\n\n\n\n<div class=\"wp-block-image\"><figure class=\"aligncenter\"><img loading=\"lazy\" decoding=\"async\" width=\"300\" height=\"251\" src=\"http:\/\/leconservatoiredujeu.fr\/wp-content\/uploads\/2019\/06\/81JHulD-LTL._SX355_-300x251.jpg\" alt=\"\" class=\"wp-image-4683\" srcset=\"https:\/\/leconservatoiredujeu.fr\/wp-content\/uploads\/2019\/06\/81JHulD-LTL._SX355_-300x251.jpg 300w, https:\/\/leconservatoiredujeu.fr\/wp-content\/uploads\/2019\/06\/81JHulD-LTL._SX355_.jpg 355w\" sizes=\"(max-width: 300px) 100vw, 300px\" \/><\/figure><\/div>\n\n\n\n<p>En&nbsp;1935, les fabricants et fournisseurs de crayons souhaitent prendre une part du g\u00e2teau et produisent des trousses et boites \u00e0 des prix plus faibles que les Hassenfeld. En r\u00e9action, Henry Hassenfeld commence la production de stylos assurant plusieurs d\u00e9cennies de revenus pour la soci\u00e9t\u00e9. Par la suite, l&rsquo;entreprise \u00e9largit sa gamme d&rsquo;articles pour l&rsquo;\u00e9cole avec des accessoires pour infirmi\u00e8res et de la p\u00e2te \u00e0 modeler.<\/p>\n\n\n\n<p>En 1942, les jouets et articles pour enfants deviennent la principale source de revenus pour Hassenfeld Brothers.<\/p>\n\n\n\n<p>Hassenfeld a commercialis\u00e9 ce produit sous le nom M. Patate (<span class=\"lang-en\" lang=\"en\">Mr. Potato Head<\/span>). En 1954, Hassenfeld Brothers obtient une licence pour vendre des personnages Disney.<\/p>\n\n\n\n<p>En&nbsp;1963, Hassenfeld est contact\u00e9e pour produire un jouet bas\u00e9 sur la s\u00e9rie t\u00e9l\u00e9vis\u00e9e&nbsp;<i>The Lieutenant<\/i>&nbsp;produite par&nbsp;Gene Roddenberry&nbsp;mais la soci\u00e9t\u00e9 refuse en raison de la dur\u00e9e de vie potentiellement courte de la s\u00e9rie. Toutefois d\u00e8s 1964, la soci\u00e9t\u00e9 lance un jouet de type Figurine articul\u00e9e nomm\u00e9 G.I. Joe pour un public masculin qui repr\u00e9sente 2\/3 du chiffre d&rsquo;affaires durant les deux premi\u00e8res ann\u00e9es.<\/p>\n\n\n\n<div class=\"wp-block-image\"><figure class=\"aligncenter\"><img loading=\"lazy\" decoding=\"async\" width=\"259\" height=\"194\" src=\"http:\/\/leconservatoiredujeu.fr\/wp-content\/uploads\/2019\/06\/t\u00e9l\u00e9chargement-15.jpg\" alt=\"\" class=\"wp-image-4684\"\/><\/figure><\/div>\n\n\n\n<p>En&nbsp;1968, la soci\u00e9t\u00e9 qui utilise d\u00e9j\u00e0 la marque abr\u00e9g\u00e9e Hasbro depuis quelques ann\u00e9es, officialise son changement de nom pour&nbsp;Hasbro Industries&nbsp;et ouvre une part minoritaire de son capital en bourse.<\/p>\n\n\n\n<p>En&nbsp;1974, Merrill Hassenfeld devient directeur g\u00e9n\u00e9ral d&rsquo;Hasbro, et son fils, Stephen D. Hassenfeld, devient pr\u00e9sident. En&nbsp;1975, Hasbro stoppe la production des figurines GI Joe en raison de la hausse du prix du plastique li\u00e9e au&nbsp;premier choc p\u00e9trolier. Elle continue dans les figurines articul\u00e9es avec&nbsp;Action Joe, produit toutefois arr\u00eat\u00e9 en 1981, puis avec les&nbsp;Action Man, les&nbsp;COPS et Truands&nbsp;et d&rsquo;autres s\u00e9ries de figurines.<\/p>\n\n\n\n<p>En&nbsp;1982, Hasbro reprend la production des GI Joe avec l&rsquo;aide de&nbsp;Marvel Comics&nbsp;afin d&rsquo;avoir un univers bas\u00e9 sur un commando anti-terroriste. La gamme nomm\u00e9e&nbsp;<i>G. I. JOE &#8211; A Real American Hero<\/i> comprend 47 figurines et leurs accessoires et permet \u00e0 Hasbro de d\u00e9passer les 100 millions de dollars de chiffres d&rsquo;affaires.<\/p>\n\n\n\n<p>MB acceptent en mai 1984 d&rsquo;\u00eatre achet\u00e9e par Hasbro pour 360 millions de dollars. Milton <a href=\"http:\/\/leconservatoiredujeu.fr\/index.php\/mb\/\">Bradley Company <\/a>est l&rsquo;un des leaders mondial du jeu de soci\u00e9t\u00e9 et du puzzle (sous la marque MB) et du jouet premier \u00e2ge (sous la marque&nbsp;Playskool), seconde du march\u00e9 derri\u00e8re<a href=\"http:\/\/leconservatoiredujeu.fr\/index.php\/parker\/\">&nbsp;Parker Brothers<\/a>&nbsp;alors une filiale de&nbsp;General Mills.<\/p>\n\n\n\n<p>En 1985, Hasbro devient Hasbro, Inc.<\/p>\n\n\n\n<p><time class=\"nowrap date-lien\" datetime=\"1988-07-12\" data-sort-value=\"1988-07-12\">En 1988<\/time>, Hasbro ach\u00e8te pour 21 millions de dollars deux usines de la soci\u00e9t\u00e9 Coleco sp\u00e9cialis\u00e9es dans les meubles d&rsquo;int\u00e9rieur et d&rsquo;ext\u00e9rieur pour enfants et jouets \u00e0 grimper et situ\u00e9es \u00e0&nbsp;Amsterdam&nbsp;(\u00c9tat de New York).<\/p>\n\n\n\n<p><time class=\"nowrap date-lien\" datetime=\"1989-07-13\" data-sort-value=\"1989-07-13\">En 1989<\/time>, Hasbro ach\u00e8te pour 85 millions de dollars son concurrent alors en faillite&nbsp;Coleco, un fabricant de consoles de jeux vid\u00e9o et jeux \u00e9lectroniques mais qui d\u00e9tient aussi les marques&nbsp;Scrabble&nbsp;(Am\u00e9rique du Nord),&nbsp;Parcheesi et une licence de&nbsp;<i>Sesame Street<\/i>. C&rsquo;est la derni\u00e8re acquisition faite par Stephen Hassenfeld qui s&rsquo;\u00e9teint \u00e0 47 ans et qui a transform\u00e9 l&rsquo;entreprise familiale en un leader mondial, d\u00e9passant les 1,4 milliard de dollars de chiffres d&rsquo;affaires. En 1989, Hasbro cherche \u00e0 entrer dans le monde jeu vid\u00e9o en distribuant des jeux&nbsp;Nintendo.<\/p>\n\n\n\n<div class=\"wp-block-image\"><figure class=\"aligncenter\"><img loading=\"lazy\" decoding=\"async\" width=\"300\" height=\"159\" src=\"http:\/\/leconservatoiredujeu.fr\/wp-content\/uploads\/2019\/06\/0714043061064_p0_v2_s550x406-300x159.jpg\" alt=\"\" class=\"wp-image-4686\" srcset=\"https:\/\/leconservatoiredujeu.fr\/wp-content\/uploads\/2019\/06\/0714043061064_p0_v2_s550x406-300x159.jpg 300w, https:\/\/leconservatoiredujeu.fr\/wp-content\/uploads\/2019\/06\/0714043061064_p0_v2_s550x406-500x265.jpg 500w, https:\/\/leconservatoiredujeu.fr\/wp-content\/uploads\/2019\/06\/0714043061064_p0_v2_s550x406.jpg 550w\" sizes=\"(max-width: 300px) 100vw, 300px\" \/><\/figure><\/div>\n\n\n\n<p><time class=\"nowrap date-lien\" datetime=\"1991-02-01\" data-sort-value=\"1991-02-01\">En 1991<\/time>, Hasbro annonce acheter&nbsp;Tonka&nbsp;pour pr\u00e8s de 500 millions de dollars. Tonka \u00e9tait en difficult\u00e9 financi\u00e8re depuis l&rsquo;achat de Kenner Products en 1987 pour 555 millions de dollars qui lui avait apport\u00e9 les marques de Parker Brothers dont le Monopoly mais avec aussi des licences dont la s\u00e9rie <i>SOS Fant\u00f4mes<\/i>, le film&nbsp;<i>Batman<\/i>&nbsp;ou la s\u00e9rie&nbsp;<i>Charlotte aux fraises<\/i>. La filiale Parker Brothers a \u00e9t\u00e9 fusionn\u00e9e avec Milton Bradley. L&rsquo;achat co\u00fbtera au final 486 millions de dollars.<\/p>\n\n\n\n<p>En d\u00e9cembre 1994, Hasbro ach\u00e8te l&rsquo;\u00e9diteur britannique John Waddington PLC pour 78 millions de dollars, \u00e9diteur du Cluedo, de Subbuteo et distributeur au Royaume-Uni du Monopoly (d\u00e9tenu par Parker Bros, autre filiale de Hasbro).<\/p>\n\n\n\n<div class=\"wp-block-image\"><figure class=\"aligncenter\"><img loading=\"lazy\" decoding=\"async\" width=\"300\" height=\"282\" src=\"http:\/\/leconservatoiredujeu.fr\/wp-content\/uploads\/2019\/06\/91pBmoBnygL._SX425_-300x282.jpg\" alt=\"\" class=\"wp-image-4687\" srcset=\"https:\/\/leconservatoiredujeu.fr\/wp-content\/uploads\/2019\/06\/91pBmoBnygL._SX425_-300x282.jpg 300w, https:\/\/leconservatoiredujeu.fr\/wp-content\/uploads\/2019\/06\/91pBmoBnygL._SX425_-320x300.jpg 320w, https:\/\/leconservatoiredujeu.fr\/wp-content\/uploads\/2019\/06\/91pBmoBnygL._SX425_.jpg 425w\" sizes=\"(max-width: 300px) 100vw, 300px\" \/><\/figure><\/div>\n\n\n\n<p><time class=\"nowrap date-lien\" datetime=\"1997-02-10\" data-sort-value=\"1997-02-10\">En 1997<\/time>, Hasbro annonce qu&rsquo;il va acheter Cap Toys et OddzOn pour 166 millions de dollars, la premi\u00e8re est connue pour des poup\u00e9es, des peluches et des distributeurs de bonbons, la seconde pour la balle Koosh&nbsp;et la distribution du Rubik&rsquo;s Cube.<\/p>\n\n\n\n<p><time class=\"nowrap date-lien\" datetime=\"1998-03-17\" data-sort-value=\"1998-03-17\">En 1998<\/time>, Hasbro ach\u00e8te le catalogue de jeux vid\u00e9o d&rsquo;Atari Corporation \u00e0 JTS, comprenant 75 licences. En<time class=\"nowrap date-lien\" datetime=\"1999-09-09\" data-sort-value=\"1999-09-09\">&nbsp;1999<\/time>, Hasbro pr\u00e9voit l&rsquo;achat pour 325 millions de dollars de l&rsquo;\u00e9diteur&nbsp;Wizards of the Coast,&nbsp;jeux de cartes&nbsp;(dont&nbsp;Magic : l&rsquo;assembl\u00e9e) et&nbsp;jeux de r\u00f4le&nbsp;(dont&nbsp;<i>Donjons et Dragons<\/i>).<\/p>\n\n\n\n<p>En 2008, Hasbro ach\u00e8te l&rsquo;\u00e9diteur de jeu Cranium pour 77,5 millions de dollars.1<\/p>\n\n\n\n<p><time class=\"nowrap date-lien\" datetime=\"2014-09-24\" data-sort-value=\"2014-09-24\">En 2014<\/time>, Hasbro annonce avoir sign\u00e9 au d\u00e9triment de&nbsp;Mattel&nbsp;un contrat avec&nbsp;Disney&nbsp;pour produire les poup\u00e9es de&nbsp;<i>La Reine des neiges<\/i>.<\/p>\n\n\n\n<p>En mai 2018, Hasbro annonce l&rsquo;acquisition de la licence des Power Rangers, ainsi que d&rsquo;autres licences plus mineures \u00e0 Saban Capital pour 520 millions de dollars.<\/p>\n\n\n\n<p><span style=\"text-decoration: underline;\"><strong>Les Logos<\/strong><\/span><\/p>\n\n\n\n<div class=\"wp-block-image\"><figure class=\"aligncenter\"><img loading=\"lazy\" decoding=\"async\" width=\"300\" height=\"143\" src=\"http:\/\/leconservatoiredujeu.fr\/wp-content\/uploads\/2019\/06\/rZVr7Se-300x143.jpg\" alt=\"\" class=\"wp-image-4685\" srcset=\"https:\/\/leconservatoiredujeu.fr\/wp-content\/uploads\/2019\/06\/rZVr7Se-300x143.jpg 300w, https:\/\/leconservatoiredujeu.fr\/wp-content\/uploads\/2019\/06\/rZVr7Se-768x367.jpg 768w, https:\/\/leconservatoiredujeu.fr\/wp-content\/uploads\/2019\/06\/rZVr7Se-500x239.jpg 500w, https:\/\/leconservatoiredujeu.fr\/wp-content\/uploads\/2019\/06\/rZVr7Se.jpg 920w\" sizes=\"(max-width: 300px) 100vw, 300px\" \/><\/figure><\/div>\n\n\n\n<p><span style=\"text-decoration: underline;\"><strong>Liens<\/strong><\/span><\/p>\n\n\n\n<p>Site de la marque <a href=\"https:\/\/shop.hasbro.com\/fr-fr\">Hasbro<\/a><\/p>\n\n\n\n<p class=\"has-text-align-right\">Le Conservatoire du Jeu &#8211; Avril 2022<\/p>\n","protected":false},"excerpt":{"rendered":"<p>Historique : Hasbro&nbsp;est une soci\u00e9t\u00e9&nbsp;am\u00e9ricaine&nbsp;sp\u00e9cialis\u00e9e dans les jouets et les jeux qui a \u00e9t\u00e9 cr\u00e9\u00e9e en&nbsp;1923&nbsp;par les fr\u00e8res Henry et Helal Hassenfeld \u00e0&nbsp;Providence,&nbsp;Rhode Island. Hasbro est la contraction de&nbsp;Hassenfeld Brothers. Initialement une entreprise de textile, Hassenfeld Brothers se diversifie dans &hellip; <a href=\"https:\/\/leconservatoiredujeu.fr\/index.php\/hasbro\/\">Continuer la lecture <span class=\"meta-nav\">&rarr;<\/span><\/a><\/p>\n","protected":false},"author":1,"featured_media":0,"parent":0,"menu_order":0,"comment_status":"closed","ping_status":"closed","template":"","meta":{"footnotes":""},"_links":{"self":[{"href":"https:\/\/leconservatoiredujeu.fr\/index.php\/wp-json\/wp\/v2\/pages\/4681"}],"collection":[{"href":"https:\/\/leconservatoiredujeu.fr\/index.php\/wp-json\/wp\/v2\/pages"}],"about":[{"href":"https:\/\/leconservatoiredujeu.fr\/index.php\/wp-json\/wp\/v2\/types\/page"}],"author":[{"embeddable":true,"href":"https:\/\/leconservatoiredujeu.fr\/index.php\/wp-json\/wp\/v2\/users\/1"}],"replies":[{"embeddable":true,"href":"https:\/\/leconservatoiredujeu.fr\/index.php\/wp-json\/wp\/v2\/comments?post=4681"}],"version-history":[{"count":3,"href":"https:\/\/leconservatoiredujeu.fr\/index.php\/wp-json\/wp\/v2\/pages\/4681\/revisions"}],"predecessor-version":[{"id":12948,"href":"https:\/\/leconservatoiredujeu.fr\/index.php\/wp-json\/wp\/v2\/pages\/4681\/revisions\/12948"}],"wp:attachment":[{"href":"https:\/\/leconservatoiredujeu.fr\/index.php\/wp-json\/wp\/v2\/media?parent=4681"}],"curies":[{"name":"wp","href":"https:\/\/api.w.org\/{rel}","templated":true}]}}