{"id":4673,"date":"2019-06-27T10:11:20","date_gmt":"2019-06-27T08:11:20","guid":{"rendered":"http:\/\/leconservatoiredujeu.fr\/?page_id=4673"},"modified":"2022-05-04T10:28:34","modified_gmt":"2022-05-04T08:28:34","slug":"parker","status":"publish","type":"page","link":"https:\/\/leconservatoiredujeu.fr\/index.php\/parker\/","title":{"rendered":"Parker"},"content":{"rendered":"\n<div class=\"wp-block-image\"><figure class=\"aligncenter is-resized\"><img loading=\"lazy\" decoding=\"async\" src=\"http:\/\/leconservatoiredujeu.fr\/wp-content\/uploads\/2019\/06\/Parker-brothers-brand.svg_.png\" alt=\"\" class=\"wp-image-4674\" width=\"326\" height=\"133\"\/><\/figure><\/div>\n\n\n\n<p><span style=\"text-decoration: underline;\"><strong>Historique<\/strong><\/span> <strong>:<\/strong><\/p>\n\n\n\n<p>Parker (anciennement&nbsp;<i>Parker Brothers)<\/i>&nbsp; est un \u00e9diteur&nbsp;de&nbsp;jeux de soci\u00e9t\u00e9&nbsp;des&nbsp;\u00c9tats-Unis, surtout connu pour son&nbsp;Monopoly. La marque appartient au groupe&nbsp;Hasbro, mais son nom appara\u00eet toujours sur de nombreuses bo\u00eetes.<\/p>\n\n\n\n<p>Parker Brothers a \u00e9t\u00e9 fond\u00e9 par&nbsp;George S. Parker&nbsp;.&nbsp;La philosophie de Parker s\u2019\u00e9cartait du th\u00e8me dominant de la conception de jeux de soci\u00e9t\u00e9;&nbsp;Il croyait que les jeux devaient \u00eatre jou\u00e9s pour le plaisir et n&rsquo;avait pas besoin de mettre l&rsquo;accent sur la morale et les valeurs.&nbsp;Il a cr\u00e9\u00e9 son premier jeu, appel\u00e9&nbsp;<i>Banking<\/i>&nbsp;, en 1883, \u00e0 l&rsquo;\u00e2ge de 16 ans.&nbsp;<i>Banking<\/i>&nbsp;est un jeu dans lequel les joueurs empruntent de l&rsquo;argent \u00e0 la banque et tentent de g\u00e9n\u00e9rer de la richesse en devinant jusqu&rsquo;\u00e0 quel point ils pourraient le faire.&nbsp;Le jeu comprend 160 cartes qui pr\u00e9disent leur \u00e9chec ou leur succ\u00e8s.&nbsp;Le jeu \u00e9tait si populaire parmi la famille et les amis que son fr\u00e8re, Charles Parker, l\u2019a invit\u00e9 \u00e0 le publier.&nbsp;George a approch\u00e9 deux \u00e9diteurs de Boston avec l&rsquo;id\u00e9e, mais sans succ\u00e8s.&nbsp;Pas d\u00e9courag\u00e9, il a d\u00e9pens\u00e9 40 $ pour publier 500 ensembles de documents&nbsp;<i>bancaires<\/i>. Il a finalement vendu tous les exemplaires sauf douze, r\u00e9alisant un b\u00e9n\u00e9fice de 100 $.<\/p>\n\n\n\n<div class=\"thumb tright\">\n<figure><img loading=\"lazy\" decoding=\"async\" class=\"thumbimage aligncenter\" src=\"https:\/\/upload.wikimedia.org\/wikipedia\/commons\/thumb\/8\/8b\/Parker_brothers.jpg\/220px-Parker_brothers.jpg\" srcset=\"\/\/upload.wikimedia.org\/wikipedia\/commons\/thumb\/8\/8b\/Parker_brothers.jpg\/330px-Parker_brothers.jpg 1.5x, \/\/upload.wikimedia.org\/wikipedia\/commons\/thumb\/8\/8b\/Parker_brothers.jpg\/440px-Parker_brothers.jpg 2x\" alt=\"\" width=\"220\" height=\"241\" data-file-width=\"636\" data-file-height=\"696\"><\/figure><div class=\"thumbinner\">\n<p>&nbsp;<\/p>\n<div class=\"magnify\">\n<p>En&nbsp;1931,&nbsp;Charles Darrow, ch\u00f4meur, d\u00e9couvre le jeu&nbsp;<i>The Landlord&rsquo;s Game<\/i>&nbsp;invent\u00e9 en 1904&nbsp;Elizabeth Magie gr\u00e2ce \u00e0 des voisins. Il cr\u00e9e alors un jeu tr\u00e8s proche nomm\u00e9 Monopoly et le propose \u00e0 Parker Brothers, qui le refuse notamment parce qu&rsquo;il \u00e9tait trop complexe<span style=\"font-size: 10px;\">.<\/span>&nbsp;Charles Darrow commercialise alors le jeu par ses propres moyens et obtient un succ\u00e8s tel qu&rsquo;en 1935, Parker Brothers lui ach\u00e8te les droits du jeu. La firme rach\u00e8te ensuite les droits originaux \u00e0 Elizabeth Magie en 1936&nbsp;; celle-ci les c\u00e8de \u00e0 bas prix, sans droits d&rsquo;auteur&nbsp;: elle n&rsquo;est pas int\u00e9ress\u00e9e par l&rsquo;argent mais veut la diffusion du message du jeu.<\/p>\n<\/div>\n<\/div>\n<\/div>\n\n\n\n<p>Parker fonda sa soci\u00e9t\u00e9 de jeux, initialement appel\u00e9e George S. Parker Company, dans sa ville natale de Salem,&nbsp;dans le&nbsp;Massachusetts, en 1883. Lorsque le fr\u00e8re de George, Charles, entra dans l&rsquo;entreprise en 1888, le nom de la soci\u00e9t\u00e9 prit une forme plus famili\u00e8re.&nbsp;En 1898, un troisi\u00e8me fr\u00e8re, Edward H. Parker, rejoignit la soci\u00e9t\u00e9.&nbsp;Pendant de nombreuses ann\u00e9es, George a lui-m\u00eame con\u00e7u la plupart des jeux et \u00e9crit toutes les r\u00e8gles.&nbsp;De nombreux jeux \u00e9taient bas\u00e9s sur des \u00e9v\u00e9nements importants de la journ\u00e9e: le&nbsp;<i>Klondike<\/i>&nbsp;\u00e9tait bas\u00e9 sur la&nbsp;ru\u00e9e vers l&rsquo;or en&nbsp;Alaska&nbsp;et la&nbsp;<i>guerre \u00e0 Cuba<\/i>&nbsp;\u00e9tait bas\u00e9e sur la&nbsp;guerre&nbsp;imminente&nbsp;hispano-am\u00e9ricaine&nbsp;.<\/p>\n\n\n\n<div class=\"wp-block-image\"><figure class=\"aligncenter\"><img loading=\"lazy\" decoding=\"async\" width=\"300\" height=\"238\" src=\"http:\/\/leconservatoiredujeu.fr\/wp-content\/uploads\/2019\/06\/il_340x270.1544612625_7bty-300x238.jpg\" alt=\"\" class=\"wp-image-4677\" srcset=\"https:\/\/leconservatoiredujeu.fr\/wp-content\/uploads\/2019\/06\/il_340x270.1544612625_7bty-300x238.jpg 300w, https:\/\/leconservatoiredujeu.fr\/wp-content\/uploads\/2019\/06\/il_340x270.1544612625_7bty.jpg 340w\" sizes=\"(max-width: 300px) 100vw, 300px\" \/><\/figure><\/div>\n\n\n\n<p>L&rsquo;industrie du jeu se d\u00e9veloppait et l&rsquo;entreprise devenait tr\u00e8s rentable.&nbsp;En 1906, Parker Brothers a publi\u00e9 le jeu&nbsp;<i>Rook<\/i>&nbsp;, leur&nbsp;jeu de cartes le&nbsp;plus populaire&nbsp;\u00e0 ce jour, et il est devenu le jeu le plus vendu du pays.&nbsp;Pendant la&nbsp;Grande D\u00e9pression, \u00e0 une \u00e9poque o\u00f9 de nombreuses entreprises ont cess\u00e9 leurs activit\u00e9s, Parker Brothers a publi\u00e9 un nouveau&nbsp;jeu de soci\u00e9t\u00e9&nbsp;appel\u00e9&nbsp;<i>Monopoly<\/i>&nbsp;.&nbsp;Bien que la soci\u00e9t\u00e9 ait initialement rejet\u00e9 le jeu en 1934, ils ont d\u00e9cid\u00e9 de le publier l&rsquo;ann\u00e9e suivante.&nbsp;<sup id=\"cite_ref-7\" class=\"reference\">[7]<\/sup>&nbsp;Ce fut un succ\u00e8s et l&rsquo;entreprise avait du mal \u00e0 suivre la demande.&nbsp;La soci\u00e9t\u00e9 poursuit sa croissance au cours des d\u00e9cennies suivantes et produit des jeux aussi durables que&nbsp;<i>Cluedo<\/i>(publi\u00e9 sous le nom de<i>Indice<\/i>&nbsp;en Am\u00e9rique du Nord),&nbsp;<i>Risque<\/i>&nbsp;et&nbsp;<i>D\u00e9sol\u00e9!<\/i><\/p>\n\n\n\n<div class=\"wp-block-image\"><figure class=\"aligncenter\"><img loading=\"lazy\" decoding=\"async\" width=\"300\" height=\"171\" src=\"http:\/\/leconservatoiredujeu.fr\/wp-content\/uploads\/2019\/06\/s-l300-1-300x171.jpg\" alt=\"\" class=\"wp-image-4675\"\/><\/figure><\/div>\n\n\n\n<p>Les fr\u00e8res Parker ont commercialis\u00e9 son premier puzzle en 1887. Les casse-t\u00eates Parker les plus recherch\u00e9s sont les Parker Pastimes en bois.&nbsp;Parker a \u00e9galement produit des casse-t\u00eate pour enfants, ainsi que les gammes Climax, Jig-A-Jig, Jig Wood et Paramount.&nbsp;Selon&nbsp;<i>Jigsaw Puzzles: Une histoire illustr\u00e9e et un guide des prix<\/i> d\u2019Anne D. Williams, Parker Bros. a ferm\u00e9 la ligne Pastime dans les ann\u00e9es 1950 et ses \u00e9nigmes ont \u00e9t\u00e9 supprim\u00e9es \u00e0 la fin des ann\u00e9es 1970.<\/p>\n\n\n\n<p>M\u00eame apr\u00e8s le d\u00e9c\u00e8s de George Parker, la soci\u00e9t\u00e9 resta une entreprise familiale jusqu&rsquo;en 1968, date \u00e0 laquelle General Mills l&rsquo;acheta. Apr\u00e8s cela, Parker Brothers produisit le premier ballon&nbsp;<i>Nerf<\/i>&nbsp;, qui devint un autre succ\u00e8s national majeur.&nbsp;Au Royaume-Uni, au cours des ann\u00e9es 1970, Parker Bros. \u00e9tait la division jeux de&nbsp;Palitoy&nbsp;(\u00e9galement une soci\u00e9t\u00e9 de General Mills) et avait produit une s\u00e9rie de sorties telles que&nbsp;<i>Escape from Colditz<\/i> .&nbsp;Au tournant de la d\u00e9cennie, la soci\u00e9t\u00e9 d\u00e9m\u00e9nage \u00e0&nbsp;Beverly, dans le Massachusetts.<\/p>\n\n\n\n<div class=\"wp-block-image\"><figure class=\"aligncenter\"><img loading=\"lazy\" decoding=\"async\" width=\"300\" height=\"225\" src=\"http:\/\/leconservatoiredujeu.fr\/wp-content\/uploads\/2019\/06\/03668_zWuvpfjeFzvuAAxBGaFbiLvy-300x225.jpeg\" alt=\"\" class=\"wp-image-4676\" srcset=\"https:\/\/leconservatoiredujeu.fr\/wp-content\/uploads\/2019\/06\/03668_zWuvpfjeFzvuAAxBGaFbiLvy-300x225.jpeg 300w, https:\/\/leconservatoiredujeu.fr\/wp-content\/uploads\/2019\/06\/03668_zWuvpfjeFzvuAAxBGaFbiLvy-768x576.jpeg 768w, https:\/\/leconservatoiredujeu.fr\/wp-content\/uploads\/2019\/06\/03668_zWuvpfjeFzvuAAxBGaFbiLvy-400x300.jpeg 400w, https:\/\/leconservatoiredujeu.fr\/wp-content\/uploads\/2019\/06\/03668_zWuvpfjeFzvuAAxBGaFbiLvy.jpeg 800w\" sizes=\"(max-width: 300px) 100vw, 300px\" \/><\/figure><\/div>\n\n\n\n<p>La soci\u00e9t\u00e9 a commenc\u00e9 \u00e0 produire des versions \u00e9lectroniques de ses jeux de soci\u00e9t\u00e9 populaires \u00e0 la fin des ann\u00e9es 1970 et au d\u00e9but des ann\u00e9es 1980.&nbsp;A cette \u00e9poque, la soci\u00e9t\u00e9 aventur\u00e9 dans le&nbsp;jouet&nbsp;march\u00e9 avec l&rsquo;\u00e9lectronique&nbsp;figure d&rsquo;action&nbsp;,&nbsp;Rom la Spaceknight&nbsp;, en 1977. Bien que le jouet a&nbsp;prouv\u00e9 un \u00e9chec, la licence&nbsp;bande dessin\u00e9e&nbsp;publi\u00e9e par&nbsp;Marvel Comics&nbsp;a couru pendant des&nbsp;ann\u00e9es apr\u00e8s que&nbsp;le jouet a \u00e9t\u00e9 interrompu.&nbsp;Ils ont \u00e9galement produit des&nbsp;jeux vid\u00e9o pour diff\u00e9rents syst\u00e8mes au d\u00e9but des&nbsp;ann\u00e9es 1980, avec des&nbsp;ports maison de beaucoup de&nbsp;jeux d&rsquo;arcade populaires tels que&nbsp;Konami&nbsp;de&nbsp;<i>Frogger<\/i>&nbsp;,&nbsp;<i>Popeye<\/i>&nbsp;,&nbsp;Gottlieb&nbsp;jeux tels que&nbsp;<i>Q * bert<\/i>&nbsp;et&nbsp;<i>r\u00e9acteur<\/i>, les premiers jeux vid\u00e9o bas\u00e9s sur les&nbsp;films&nbsp;<i>Star Wars<\/i>&nbsp;tels que&nbsp;<i>The Strikes Back<\/i>&nbsp;,&nbsp;<i>The&nbsp;<\/i><i>Jedi Arena<\/i>&nbsp;et&nbsp;<i>Death Star Battle<\/i>&nbsp;, etc.<\/p>\n\n\n\n<p>En 1985, General Mills a fusionn\u00e9 la soci\u00e9t\u00e9 avec sa filiale&nbsp;Kenner&nbsp;;&nbsp;Cette nouvelle soci\u00e9t\u00e9, Kenner Parker Toys Inc., a \u00e9t\u00e9 acquise par&nbsp;Tonka&nbsp;en 1987.<\/p>\n\n\n\n<p>Elle est rachet\u00e9e par&nbsp;Tonka&nbsp;en 1987, puis&nbsp;Hasbro&nbsp;rach\u00e8te&nbsp;<i>Tonka<\/i>&nbsp;en 1991.<\/p>\n\n\n\n<p>Tonka, y compris Parker Brothers, a \u00e9t\u00e9 achet\u00e9 en 1991 pour environ 516 millions de dollars par&nbsp;Hasbro,&nbsp;\u00e9galement propri\u00e9taire de la soci\u00e9t\u00e9&nbsp;Milton Bradley&nbsp;. &nbsp;Suite \u00e0&nbsp;l&rsquo;acquisition, Parker Brothers a&nbsp;continu\u00e9 \u00e0 avoir ses bureaux \u00e0 Beverly, mais la&nbsp;production des jeux ont \u00e9t\u00e9 d\u00e9plac\u00e9s au si\u00e8ge de Milton Bradley \u00e0&nbsp;East Longmeadow&nbsp;. En 1998, Parker Brothers et Milton Bradley ont \u00e9t\u00e9 regroup\u00e9s sur le nouveau campus de Hasbro Games (bas\u00e9 dans l&rsquo;ancien si\u00e8ge de Parker Brother).<\/p>\n\n\n\n<div class=\"wp-block-image\"><figure class=\"aligncenter\"><img loading=\"lazy\" decoding=\"async\" width=\"300\" height=\"300\" src=\"http:\/\/leconservatoiredujeu.fr\/wp-content\/uploads\/2019\/06\/hasbro-gaming-mastermind-jeu-de-societe-300x300.jpg\" alt=\"\" class=\"wp-image-4678\" srcset=\"https:\/\/leconservatoiredujeu.fr\/wp-content\/uploads\/2019\/06\/hasbro-gaming-mastermind-jeu-de-societe-300x300.jpg 300w, https:\/\/leconservatoiredujeu.fr\/wp-content\/uploads\/2019\/06\/hasbro-gaming-mastermind-jeu-de-societe-150x150.jpg 150w, https:\/\/leconservatoiredujeu.fr\/wp-content\/uploads\/2019\/06\/hasbro-gaming-mastermind-jeu-de-societe.jpg 475w\" sizes=\"(max-width: 300px) 100vw, 300px\" \/><\/figure><\/div>\n\n\n\n<p class=\"has-text-align-right\">Le Conservatoire du Jeu &#8211; Mai 2022<\/p>\n","protected":false},"excerpt":{"rendered":"<p>Historique : Parker (anciennement&nbsp;Parker Brothers)&nbsp; est un \u00e9diteur&nbsp;de&nbsp;jeux de soci\u00e9t\u00e9&nbsp;des&nbsp;\u00c9tats-Unis, surtout connu pour son&nbsp;Monopoly. La marque appartient au groupe&nbsp;Hasbro, mais son nom appara\u00eet toujours sur de nombreuses bo\u00eetes. Parker Brothers a \u00e9t\u00e9 fond\u00e9 par&nbsp;George S. Parker&nbsp;.&nbsp;La philosophie de Parker s\u2019\u00e9cartait &hellip; <a href=\"https:\/\/leconservatoiredujeu.fr\/index.php\/parker\/\">Continuer la lecture <span class=\"meta-nav\">&rarr;<\/span><\/a><\/p>\n","protected":false},"author":1,"featured_media":0,"parent":0,"menu_order":0,"comment_status":"closed","ping_status":"closed","template":"","meta":{"footnotes":""},"_links":{"self":[{"href":"https:\/\/leconservatoiredujeu.fr\/index.php\/wp-json\/wp\/v2\/pages\/4673"}],"collection":[{"href":"https:\/\/leconservatoiredujeu.fr\/index.php\/wp-json\/wp\/v2\/pages"}],"about":[{"href":"https:\/\/leconservatoiredujeu.fr\/index.php\/wp-json\/wp\/v2\/types\/page"}],"author":[{"embeddable":true,"href":"https:\/\/leconservatoiredujeu.fr\/index.php\/wp-json\/wp\/v2\/users\/1"}],"replies":[{"embeddable":true,"href":"https:\/\/leconservatoiredujeu.fr\/index.php\/wp-json\/wp\/v2\/comments?post=4673"}],"version-history":[{"count":2,"href":"https:\/\/leconservatoiredujeu.fr\/index.php\/wp-json\/wp\/v2\/pages\/4673\/revisions"}],"predecessor-version":[{"id":13068,"href":"https:\/\/leconservatoiredujeu.fr\/index.php\/wp-json\/wp\/v2\/pages\/4673\/revisions\/13068"}],"wp:attachment":[{"href":"https:\/\/leconservatoiredujeu.fr\/index.php\/wp-json\/wp\/v2\/media?parent=4673"}],"curies":[{"name":"wp","href":"https:\/\/api.w.org\/{rel}","templated":true}]}}