{"id":4657,"date":"2019-06-26T16:04:07","date_gmt":"2019-06-26T14:04:07","guid":{"rendered":"http:\/\/leconservatoiredujeu.fr\/?page_id=4657"},"modified":"2022-05-03T17:19:20","modified_gmt":"2022-05-03T15:19:20","slug":"miro-meccano","status":"publish","type":"page","link":"https:\/\/leconservatoiredujeu.fr\/index.php\/miro-meccano\/","title":{"rendered":"Miro Meccano"},"content":{"rendered":"\n<div class=\"wp-block-image\"><figure class=\"aligncenter is-resized\"><img loading=\"lazy\" decoding=\"async\" src=\"http:\/\/leconservatoiredujeu.fr\/wp-content\/uploads\/2019\/06\/1602e572be0994aed85e64f58c8bd1a60b61.jpeg\" alt=\"\" class=\"wp-image-4658\" width=\"278\" height=\"273\"\/><\/figure><\/div>\n\n\n\n<p><span style=\"text-decoration: underline;\"><strong>Historique<\/strong><\/span><\/p>\n\n\n\n<p>Miro Company&nbsp;\u00e9tait un c\u00e9l\u00e8bre&nbsp;\u00e9diteur de jeux de soci\u00e9t\u00e9&nbsp;fran\u00e7ais, diffusant des jeux tr\u00e8s connus comme&nbsp;Monopoly,&nbsp;Cluedo&nbsp;ou&nbsp;Risk.<\/p>\n\n\n\n<p>La soci\u00e9t\u00e9 Miro Company a \u00e9t\u00e9 fond\u00e9e \u00e0&nbsp;Paris&nbsp;en 1936 par un Russe de&nbsp;Riga, Fred Mirowitch, et un Am\u00e9ricain de&nbsp;Londres, Leo J. Frankenthal. En 1950, Miro change de mains&nbsp;: Mirowitch et Frankenthal revendent l&rsquo;affaire \u00e0 Michel Habourdin et Jean Boisseau. Elle \u00e9dite des jeux originaux et, \u00e0 partir des ann\u00e9es 1950, diffuse en France des jeux de Waddington Ltd. et de&nbsp;Parker Brothers, tandis que Parker diffuse aux \u00c9tats-Unis les jeux de Miro Company, comme&nbsp;<i>La Conqu\u00eate du Monde<\/i>, devenu&nbsp;Risk.<\/p>\n\n\n\n<p>Miro Company devient en 1961 une soci\u00e9t\u00e9 anonyme et en 1969, le g\u00e9ant de l&rsquo;agroalimentaire am\u00e9ricain General Mills en devient actionnaire majoritaire. En 1972, Miro Company acquiert Meccano France S.A.<\/p>\n\n\n\n<p>En 1980, Miro Company fusionne avec les soci\u00e9t\u00e9s\u00a0Meccano France,\u00a0Parker Brothers France,\u00a0Capi\u00e9pa, Lines Brothers France et S.G.C.T. et prend le nom de\u00a0Miro-Meccano S.A.\u00a0qui est absorb\u00e9e en 1986 par\u00a0Hasbro.<\/p>\n\n\n\n<div class=\"wp-block-image\"><figure class=\"aligncenter size-full\"><img loading=\"lazy\" decoding=\"async\" width=\"300\" height=\"300\" src=\"http:\/\/leconservatoiredujeu.fr\/wp-content\/uploads\/2022\/05\/offre-remboursement-jeux-de-societe-hasbro-300x300-1.jpg\" alt=\"\" class=\"wp-image-13052\" srcset=\"https:\/\/leconservatoiredujeu.fr\/wp-content\/uploads\/2022\/05\/offre-remboursement-jeux-de-societe-hasbro-300x300-1.jpg 300w, https:\/\/leconservatoiredujeu.fr\/wp-content\/uploads\/2022\/05\/offre-remboursement-jeux-de-societe-hasbro-300x300-1-150x150.jpg 150w\" sizes=\"(max-width: 300px) 100vw, 300px\" \/><\/figure><\/div>\n\n\n\n<p class=\"has-text-align-right\">Le Conservatoire du Jeu &#8211; Mai 2022<\/p>\n","protected":false},"excerpt":{"rendered":"<p>Historique Miro Company&nbsp;\u00e9tait un c\u00e9l\u00e8bre&nbsp;\u00e9diteur de jeux de soci\u00e9t\u00e9&nbsp;fran\u00e7ais, diffusant des jeux tr\u00e8s connus comme&nbsp;Monopoly,&nbsp;Cluedo&nbsp;ou&nbsp;Risk. La soci\u00e9t\u00e9 Miro Company a \u00e9t\u00e9 fond\u00e9e \u00e0&nbsp;Paris&nbsp;en 1936 par un Russe de&nbsp;Riga, Fred Mirowitch, et un Am\u00e9ricain de&nbsp;Londres, Leo J. Frankenthal. En 1950, Miro &hellip; <a href=\"https:\/\/leconservatoiredujeu.fr\/index.php\/miro-meccano\/\">Continuer la lecture <span class=\"meta-nav\">&rarr;<\/span><\/a><\/p>\n","protected":false},"author":1,"featured_media":0,"parent":0,"menu_order":0,"comment_status":"closed","ping_status":"closed","template":"","meta":{"footnotes":""},"_links":{"self":[{"href":"https:\/\/leconservatoiredujeu.fr\/index.php\/wp-json\/wp\/v2\/pages\/4657"}],"collection":[{"href":"https:\/\/leconservatoiredujeu.fr\/index.php\/wp-json\/wp\/v2\/pages"}],"about":[{"href":"https:\/\/leconservatoiredujeu.fr\/index.php\/wp-json\/wp\/v2\/types\/page"}],"author":[{"embeddable":true,"href":"https:\/\/leconservatoiredujeu.fr\/index.php\/wp-json\/wp\/v2\/users\/1"}],"replies":[{"embeddable":true,"href":"https:\/\/leconservatoiredujeu.fr\/index.php\/wp-json\/wp\/v2\/comments?post=4657"}],"version-history":[{"count":6,"href":"https:\/\/leconservatoiredujeu.fr\/index.php\/wp-json\/wp\/v2\/pages\/4657\/revisions"}],"predecessor-version":[{"id":13053,"href":"https:\/\/leconservatoiredujeu.fr\/index.php\/wp-json\/wp\/v2\/pages\/4657\/revisions\/13053"}],"wp:attachment":[{"href":"https:\/\/leconservatoiredujeu.fr\/index.php\/wp-json\/wp\/v2\/media?parent=4657"}],"curies":[{"name":"wp","href":"https:\/\/api.w.org\/{rel}","templated":true}]}}