{"id":4630,"date":"2019-06-26T15:04:36","date_gmt":"2019-06-26T13:04:36","guid":{"rendered":"http:\/\/leconservatoiredujeu.fr\/?page_id=4630"},"modified":"2022-05-02T17:12:46","modified_gmt":"2022-05-02T15:12:46","slug":"4630-2","status":"publish","type":"page","link":"https:\/\/leconservatoiredujeu.fr\/index.php\/4630-2\/","title":{"rendered":"Mattel"},"content":{"rendered":"\n<figure class=\"wp-block-gallery aligncenter columns-2 is-cropped wp-block-gallery-1 is-layout-flex wp-block-gallery-is-layout-flex\"><ul class=\"blocks-gallery-grid\"><li class=\"blocks-gallery-item\"><figure><img loading=\"lazy\" decoding=\"async\" width=\"280\" height=\"280\" src=\"http:\/\/leconservatoiredujeu.fr\/wp-content\/uploads\/2020\/08\/LOGO11-1.png\" alt=\"\" data-id=\"10229\" data-link=\"http:\/\/leconservatoiredujeu.fr\/index.php\/4630-2\/logo11-1\/\" class=\"wp-image-10229\" srcset=\"https:\/\/leconservatoiredujeu.fr\/wp-content\/uploads\/2020\/08\/LOGO11-1.png 280w, https:\/\/leconservatoiredujeu.fr\/wp-content\/uploads\/2020\/08\/LOGO11-1-150x150.png 150w\" sizes=\"(max-width: 280px) 100vw, 280px\" \/><\/figure><\/li><li class=\"blocks-gallery-item\"><figure><img loading=\"lazy\" decoding=\"async\" width=\"266\" height=\"300\" src=\"http:\/\/leconservatoiredujeu.fr\/wp-content\/uploads\/2020\/08\/LOGO22.jpg\" alt=\"\" data-id=\"10227\" data-link=\"http:\/\/leconservatoiredujeu.fr\/index.php\/4630-2\/logo22\/\" class=\"wp-image-10227\"\/><\/figure><\/li><\/ul><\/figure>\n\n\n\n<p class=\"has-white-color has-text-color\">Ligne<\/p>\n\n\n\n<p><strong><span style=\"text-decoration: underline;\">Historique<\/span> :<\/strong><\/p>\n\n\n\n<p>Mattel Inc.&nbsp;est une soci\u00e9t\u00e9&nbsp;am\u00e9ricaine&nbsp;sp\u00e9cialis\u00e9e dans les jouets et jeux, fond\u00e9e en&nbsp;1945&nbsp;par&nbsp;Matt Matson&nbsp;et&nbsp;Elliot Handler. Elle est le second fabricant mondial derri\u00e8re&nbsp;Lego. Elle fabrique la plupart de ses jouets en&nbsp;Chine.<\/p>\n\n\n\n<p>Mattel est un nom form\u00e9 de \u00ab Matt \u00bb, surnom de Harold Matson, et du \u00ab El \u00bb de Elliot Handler.<\/p>\n\n\n\n<p>En 1945, Harold Matson, Elliot Handler et son \u00e9pouse Ruth Handler fondent Mattel dans un garage.&nbsp;Les premiers produits \u00e9taient&nbsp;des&nbsp;cadres en&nbsp;bois et des meubles de poup\u00e9e.&nbsp;L\u2019\u00e9largissement de l\u2019offre aux v\u00eatements de poup\u00e9e a \u00e9t\u00e9 un succ\u00e8s, et le couple Handler, apr\u00e8s sa s\u00e9paration avec son partenaire Matson, a donc d\u00e9cid\u00e9 de se concentrer davantage sur les jouets.<\/p>\n\n\n\n<p>En 1959, la premi\u00e8re poup\u00e9e Barbie est apparue et en 1961, la poup\u00e9e Ken (l&rsquo;amie de Barbie). Mattel a fond\u00e9 la premi\u00e8re succursale europ\u00e9enne en 1966. Les premiers mod\u00e8les Hot Wheels &#8211; voitures miniatures sont apparus en 1968. La figurine Big Jim est arriv\u00e9e en 1972 sur le march\u00e9 am\u00e9ricain.<\/p>\n\n\n\n<p>En 1975, le couple quitte Handler Mattel et, en 1978, Mattel commence \u00e0 d\u00e9velopper la premi\u00e8re console de jeu vid\u00e9o 16 bits, Intellivision , lanc\u00e9e en 1980. Deux ans plus tard, les premiers chiffres de Masters of the Universe ont \u00e9t\u00e9 publi\u00e9s. En 1992, Mattel International Games prend le dessus et remporte un vif succ\u00e8s avec des jeux de cartes tels que Uno , Skip-Bo et Rage .<\/p>\n\n\n\n<div class=\"wp-block-image is-style-default\"><figure class=\"aligncenter size-large\"><img loading=\"lazy\" decoding=\"async\" width=\"300\" height=\"300\" src=\"http:\/\/leconservatoiredujeu.fr\/wp-content\/uploads\/2020\/08\/2-RAGE.jpg\" alt=\"\" class=\"wp-image-10230\" srcset=\"https:\/\/leconservatoiredujeu.fr\/wp-content\/uploads\/2020\/08\/2-RAGE.jpg 300w, https:\/\/leconservatoiredujeu.fr\/wp-content\/uploads\/2020\/08\/2-RAGE-150x150.jpg 150w\" sizes=\"(max-width: 300px) 100vw, 300px\" \/><\/figure><\/div>\n\n\n\n<p>En 2000, Mattel est devenu le principal d\u00e9tenteur de licence de la s\u00e9rie de jouets <em>Harry Potter<\/em>. Mattel poss\u00e8de notamment les marques&nbsp;Barbie,&nbsp;Big Jim,&nbsp;Fisher-Price,&nbsp;Hot Wheels,&nbsp;Magic 8 Ball,&nbsp;Les Ma\u00eetres de l&rsquo;univers,&nbsp;Matchbox,&nbsp;Corolle&nbsp;et&nbsp;Polly Pocket&nbsp;et \u00e9dite les jeux de soci\u00e9t\u00e9&nbsp;Othello,&nbsp;Scrabble&nbsp;(sauf&nbsp;Am\u00e9rique du Nord) et&nbsp;Uno.<\/p>\n\n\n\n<p>En 2006, Mattel a annonc\u00e9 l\u2019acquisition de Radica Games Ltd., un fabricant de jouets \u00e9lectroniques.<\/p>\n\n\n\n<p>En 2009, la soci\u00e9t\u00e9 fran\u00e7aise de jeux vid\u00e9o Sekkoia , devenue c\u00e9l\u00e8bre gr\u00e2ce \u00e0 Blokus , a \u00e9t\u00e9 reprise par Mattel.<\/p>\n\n\n\n<div class=\"wp-block-image is-style-default\"><figure class=\"aligncenter size-large\"><img loading=\"lazy\" decoding=\"async\" width=\"300\" height=\"300\" src=\"http:\/\/leconservatoiredujeu.fr\/wp-content\/uploads\/2020\/08\/3-BLOKUS.jpg\" alt=\"\" class=\"wp-image-10231\" srcset=\"https:\/\/leconservatoiredujeu.fr\/wp-content\/uploads\/2020\/08\/3-BLOKUS.jpg 300w, https:\/\/leconservatoiredujeu.fr\/wp-content\/uploads\/2020\/08\/3-BLOKUS-150x150.jpg 150w\" sizes=\"(max-width: 300px) 100vw, 300px\" \/><\/figure><\/div>\n\n\n\n<p>En octobre 2011, Mattel acquiert&nbsp;<em>Hit Entertainment<\/em>, qui commercialise les \u00e9missions de&nbsp;<em>Bob le bricoleur<\/em>&nbsp;et&nbsp;<em>Thomas et ses amis<\/em>, au prix de 680 millions US$.<\/p>\n\n\n\n<p>En mai 2014, Mattel acquiert&nbsp;<em>Mega Brands inc<\/em>, qui fabrique et commercialise les produits Mega Blocks, Mega Puzzles, Rose Art et Board Dudes, pour un montant de 460 millions US$.<\/p>\n\n\n\n<p class=\"has-white-color has-text-color\">Ligne<\/p>\n\n\n\n<p><strong>Liens<\/strong><\/p>\n\n\n\n<p>Site de <a href=\"https:\/\/lesjouetsmattel.fr\/\">Mattel<\/a><\/p>\n\n\n\n<p class=\"has-text-align-left\"><strong><span style=\"text-decoration: underline;\">Source <\/span>:<\/strong> Wikip\u00e9dia<\/p>\n\n\n\n<p class=\"has-text-align-right\">Le Conservatoire du Jeu &#8211; Mai 2022<\/p>\n","protected":false},"excerpt":{"rendered":"<p>Ligne Historique : Mattel Inc.&nbsp;est une soci\u00e9t\u00e9&nbsp;am\u00e9ricaine&nbsp;sp\u00e9cialis\u00e9e dans les jouets et jeux, fond\u00e9e en&nbsp;1945&nbsp;par&nbsp;Matt Matson&nbsp;et&nbsp;Elliot Handler. Elle est le second fabricant mondial derri\u00e8re&nbsp;Lego. Elle fabrique la plupart de ses jouets en&nbsp;Chine. Mattel est un nom form\u00e9 de \u00ab Matt \u00bb, &hellip; <a href=\"https:\/\/leconservatoiredujeu.fr\/index.php\/4630-2\/\">Continuer la lecture <span class=\"meta-nav\">&rarr;<\/span><\/a><\/p>\n","protected":false},"author":1,"featured_media":0,"parent":0,"menu_order":0,"comment_status":"closed","ping_status":"closed","template":"","meta":{"footnotes":""},"_links":{"self":[{"href":"https:\/\/leconservatoiredujeu.fr\/index.php\/wp-json\/wp\/v2\/pages\/4630"}],"collection":[{"href":"https:\/\/leconservatoiredujeu.fr\/index.php\/wp-json\/wp\/v2\/pages"}],"about":[{"href":"https:\/\/leconservatoiredujeu.fr\/index.php\/wp-json\/wp\/v2\/types\/page"}],"author":[{"embeddable":true,"href":"https:\/\/leconservatoiredujeu.fr\/index.php\/wp-json\/wp\/v2\/users\/1"}],"replies":[{"embeddable":true,"href":"https:\/\/leconservatoiredujeu.fr\/index.php\/wp-json\/wp\/v2\/comments?post=4630"}],"version-history":[{"count":12,"href":"https:\/\/leconservatoiredujeu.fr\/index.php\/wp-json\/wp\/v2\/pages\/4630\/revisions"}],"predecessor-version":[{"id":13045,"href":"https:\/\/leconservatoiredujeu.fr\/index.php\/wp-json\/wp\/v2\/pages\/4630\/revisions\/13045"}],"wp:attachment":[{"href":"https:\/\/leconservatoiredujeu.fr\/index.php\/wp-json\/wp\/v2\/media?parent=4630"}],"curies":[{"name":"wp","href":"https:\/\/api.w.org\/{rel}","templated":true}]}}