{"id":4620,"date":"2019-06-26T14:28:59","date_gmt":"2019-06-26T12:28:59","guid":{"rendered":"http:\/\/leconservatoiredujeu.fr\/?page_id=4620"},"modified":"2022-04-28T17:45:55","modified_gmt":"2022-04-28T15:45:55","slug":"ludodelire","status":"publish","type":"page","link":"https:\/\/leconservatoiredujeu.fr\/index.php\/ludodelire\/","title":{"rendered":"Ludod\u00e9lire"},"content":{"rendered":"\n<div class=\"wp-block-image\"><figure class=\"aligncenter\"><img loading=\"lazy\" decoding=\"async\" width=\"200\" height=\"200\" src=\"http:\/\/leconservatoiredujeu.fr\/wp-content\/uploads\/2019\/06\/ludod\u00e9lire.jpeg\" alt=\"\" class=\"wp-image-4621\" srcset=\"https:\/\/leconservatoiredujeu.fr\/wp-content\/uploads\/2019\/06\/ludod\u00e9lire.jpeg 200w, https:\/\/leconservatoiredujeu.fr\/wp-content\/uploads\/2019\/06\/ludod\u00e9lire-150x150.jpeg 150w\" sizes=\"(max-width: 200px) 100vw, 200px\" \/><\/figure><\/div>\n\n\n\n<p><span style=\"text-decoration: underline;\"><strong>Historique<\/strong><\/span><\/p>\n\n\n\n<p>Ludod\u00e9lire&nbsp;est un&nbsp;\u00e9diteur&nbsp;de&nbsp;jeux de soci\u00e9t\u00e9&nbsp;fran\u00e7ais&nbsp;qui a aujourd&rsquo;hui cess\u00e9 ses activit\u00e9s. Quelques-uns de ses titres ont \u00e9t\u00e9 r\u00e9\u00e9dit\u00e9s, comme&nbsp;Footmania,&nbsp;Formule d\u00e9,&nbsp;Temp\u00eate sur l&rsquo;\u00e9chiquier&nbsp;ou&nbsp;La Vall\u00e9e des Mammouths.<\/p>\n\n\n\n<p>Super Gang&nbsp;(ou Supergang) est un&nbsp;jeu de soci\u00e9t\u00e9&nbsp;cr\u00e9\u00e9 par&nbsp;G\u00e9rard Delfanti,&nbsp;G\u00e9rard Mathieu&nbsp;et&nbsp;Pascal Trigaux&nbsp;en&nbsp;1984&nbsp;et \u00e9dit\u00e9 par&nbsp;Ludod\u00e9lire.<\/p>\n\n\n\n<p>Chaque joueur contr\u00f4le un gang de malfaiteurs compos\u00e9 de trois membres ayant chacun des attributs particuliers. Dans chaque gang se trouve: un tueur, un trafiquant et une vamp. On d\u00e9marre la partie sans un sou en poche. On essaye donc de s&rsquo;en procurer par divers moyens, \u00e0 savoir le braquage (rapporte 50 ou 100 briques selon la boutique), le racket (5 briques par tour), la l\u00e2che agression dans la rue (10 briques).<\/p>\n\n\n\n<div class=\"wp-block-image\"><figure class=\"aligncenter\"><img loading=\"lazy\" decoding=\"async\" width=\"300\" height=\"154\" src=\"http:\/\/leconservatoiredujeu.fr\/wp-content\/uploads\/2019\/06\/51XfJit2IOL._SX355_-300x154.jpg\" alt=\"\" class=\"wp-image-4624\" srcset=\"https:\/\/leconservatoiredujeu.fr\/wp-content\/uploads\/2019\/06\/51XfJit2IOL._SX355_-300x154.jpg 300w, https:\/\/leconservatoiredujeu.fr\/wp-content\/uploads\/2019\/06\/51XfJit2IOL._SX355_.jpg 355w\" sizes=\"(max-width: 300px) 100vw, 300px\" \/><\/figure><\/div>\n\n\n\n<p>Au quatri\u00e8me tour de la partie, on fait entrer la police: chaque joueur joue, au d\u00e9but de son tour, les deux patrouilles de deux flics du jeu, en essayant \u00e9videmment de les envoyer sur ses adversaires et de les \u00e9loigner de soi. C&rsquo;est aussi \u00e0 partir de ce tour que les actions violentes entre gangs (r\u00e8glements de comptes) sont autoris\u00e9es. Les attaques (braquages, conflits entre gangs rivaux, descentes de police) se r\u00e8glent, \u00e0 la suite d&rsquo;un jet de d\u00e9s d\u00e9terminant le nombre d&rsquo;essais de chacun et le joueur ayant l&rsquo;initiative, en tirant \u00e0 coup de pistolet \u00e0 fl\u00e9chettes sur une ou plusieurs cibles de carton repr\u00e9sentant les adversaires (membres d&rsquo;un gang adverse, flics ou g\u00e9rants de boutique). Le combat ne se termine que lorsque tous les membres de l&rsquo;un des deux camps sont morts ou bless\u00e9s.<\/p>\n\n\n\n<p>Le but du jeu est d&rsquo;\u00eatre le premier \u00e0 contr\u00f4ler int\u00e9gralement un des cinq quartiers de la ville. On peut aussi gagner si tous les personnages des autres joueurs sont au cimeti\u00e8re, en prison ou \u00e0 la clinique.<\/p>\n\n\n\n<p>Une variante permet \u00e0 un joueur de jouer la police. Dans ce cas, l&rsquo;objectif de ce joueur est que tous les gangsters se retrouvent en prison, \u00e0 la clinique ou au cimeti\u00e8re.<\/p>\n\n\n\n<div class=\"wp-block-image\"><figure class=\"aligncenter\"><img loading=\"lazy\" decoding=\"async\" width=\"300\" height=\"156\" src=\"http:\/\/leconservatoiredujeu.fr\/wp-content\/uploads\/2019\/06\/ZLYFMKbkqcF_eZE1BMc5csH_Ho-300x156.jpg\" alt=\"\" class=\"wp-image-4625\" srcset=\"https:\/\/leconservatoiredujeu.fr\/wp-content\/uploads\/2019\/06\/ZLYFMKbkqcF_eZE1BMc5csH_Ho-300x156.jpg 300w, https:\/\/leconservatoiredujeu.fr\/wp-content\/uploads\/2019\/06\/ZLYFMKbkqcF_eZE1BMc5csH_Ho-768x399.jpg 768w, https:\/\/leconservatoiredujeu.fr\/wp-content\/uploads\/2019\/06\/ZLYFMKbkqcF_eZE1BMc5csH_Ho-1024x532.jpg 1024w, https:\/\/leconservatoiredujeu.fr\/wp-content\/uploads\/2019\/06\/ZLYFMKbkqcF_eZE1BMc5csH_Ho-500x260.jpg 500w, https:\/\/leconservatoiredujeu.fr\/wp-content\/uploads\/2019\/06\/ZLYFMKbkqcF_eZE1BMc5csH_Ho.jpg 1500w\" sizes=\"(max-width: 300px) 100vw, 300px\" \/><\/figure><\/div>\n\n\n\n<p>Full Metal Plan\u00e8te (FMP)&nbsp;est un&nbsp;jeu de soci\u00e9t\u00e9&nbsp;de&nbsp;G\u00e9rard Delfanti,&nbsp;G\u00e9rard Mathieu&nbsp;et&nbsp;Pascal Trigaux, \u00e9dit\u00e9 par&nbsp;Ludod\u00e9lire&nbsp;en&nbsp;1988. C\u2019est un&nbsp;jeu de strat\u00e9gie&nbsp;et de&nbsp;combats&nbsp;en&nbsp;tour par tour&nbsp;qui oppose deux \u00e0 quatre joueurs.<\/p>\n\n\n\n<p>Le jeu, \u00e9puis\u00e9, garde une place importante dans le domaine du jeu fran\u00e7ais, par son mat\u00e9riel &#8211; des pi\u00e8ces m\u00e9talliques pour les figurines et du gravier simulant le minerai &#8211; et par ses m\u00e9canismes simples mais g\u00e9n\u00e9rant des interactions complexes.<\/p>\n\n\n\n<p>Une extension contenant un plateau modulable (le plateau est en plusieurs morceaux qui peuvent s&rsquo;agencer diff\u00e9remment) et proposant des r\u00e8gles jouables avec deux bo\u00eetes de jeu a \u00e9t\u00e9 \u00e9dit\u00e9e.<\/p>\n\n\n\n<p>Full Metal Plan\u00e8te est une plan\u00e8te riche en ressources mini\u00e8res, mais instable. Chaque joueur incarne une&nbsp;soci\u00e9t\u00e9 d&rsquo;exploitation mini\u00e8re, dont le but est d&rsquo;amasser le maximum de minerai et de l&rsquo;\u00e9vacuer en&nbsp;orbite avant la destruction de la plan\u00e8te. Mais les&nbsp;mar\u00e9es&nbsp;et les autres compagnies viennent contrecarrer les plans.<\/p>\n\n\n\n<div class=\"wp-block-image\"><figure class=\"aligncenter\"><img loading=\"lazy\" decoding=\"async\" width=\"300\" height=\"138\" src=\"http:\/\/leconservatoiredujeu.fr\/wp-content\/uploads\/2019\/06\/full-metal-planete-300x138.jpg\" alt=\"\" class=\"wp-image-4769\" srcset=\"https:\/\/leconservatoiredujeu.fr\/wp-content\/uploads\/2019\/06\/full-metal-planete-300x138.jpg 300w, https:\/\/leconservatoiredujeu.fr\/wp-content\/uploads\/2019\/06\/full-metal-planete.jpg 400w\" sizes=\"(max-width: 300px) 100vw, 300px\" \/><\/figure><\/div>\n\n\n\n<p>Formule D\u00e9 (ou Formula D\u00e9 puis Formula D) est un jeu de soci\u00e9t\u00e9 simulant une course de Formule 1. Cr\u00e9\u00e9 par \u00c9ric Randall et Laurent Lavaur et initialement publi\u00e9 par Ludod\u00e9lire en 1991, son \u00e9dition a \u00e9t\u00e9 reprise par <a href=\"http:\/\/leconservatoiredujeu.fr\/index.php\/descartes\/\">Descartes<\/a>&nbsp;en 1996 \u00e0 la suite de la disparition de Ludod\u00e9lire. Apr\u00e8s le d\u00e9p\u00f4t de bilan de la soci\u00e9t\u00e9 de jeu Descartes en 2004, c\u2019est&nbsp;<a href=\"http:\/\/leconservatoiredujeu.fr\/index.php\/asmodee\/\">Asmod\u00e9e<\/a>&nbsp;qui reprend la commercialisation de la gamme des produits&nbsp;Formule D\u00e9.<\/p>\n\n\n\n<p>En 2008, <a href=\"http:\/\/leconservatoiredujeu.fr\/index.php\/asmodee\/\">Asmodee<\/a> r\u00e9alise ainsi une nouvelle \u00e9dition du jeu sous le nom de Formula D, plus international. Le jeu s&rsquo;ouvre aux courses urbaines et les extensions sont partag\u00e9es entre cette nouveaut\u00e9 et l&rsquo;\u00e9dition de nouveaux circuits du calendrier de F1 comme Valence, Singapour ou Buddh. Des circuits am\u00e9ricains d&rsquo;endurance (Sebring) et d&rsquo;IndyCar (Baltimore) sont \u00e9galement \u00e0 l&rsquo;honneur. Le jeu est rapidement prim\u00e9 meilleur jeu familial et meilleure r\u00e9\u00e9dition par Dice Tower.<\/p>\n\n\n\n<div class=\"wp-block-image\"><figure class=\"aligncenter\"><img loading=\"lazy\" decoding=\"async\" width=\"300\" height=\"225\" src=\"http:\/\/leconservatoiredujeu.fr\/wp-content\/uploads\/2019\/06\/FormuleDe200412-001-300x225.jpg\" alt=\"\" class=\"wp-image-4626\" srcset=\"https:\/\/leconservatoiredujeu.fr\/wp-content\/uploads\/2019\/06\/FormuleDe200412-001-300x225.jpg 300w, https:\/\/leconservatoiredujeu.fr\/wp-content\/uploads\/2019\/06\/FormuleDe200412-001.jpg 350w\" sizes=\"(max-width: 300px) 100vw, 300px\" \/><\/figure><\/div>\n\n\n\n<p>Il existe par ailleurs une F\u00e9d\u00e9ration Fran\u00e7aise de Formule D\u00e9 qui a vocation \u00e0 planifier des rencontres entre les joueurs et \u00e0 servir d&rsquo;apport en information. Depuis 1999, l&rsquo;association organise annuellement des Masters, les derniers se d\u00e9roulant \u00e0&nbsp;Lieusaint.<\/p>\n\n\n\n<p>Formule D\u00e9 est un jeu de gestion de ressources et de gestion de chance, sur le th\u00e8me de la&nbsp;Formule 1. Les plateaux mesurent approximativement 100 x 70&nbsp;<abbr class=\"abbr\" title=\"centim\u00e8tre\">cm<\/abbr> et contiennent des circuits \u00e0 cases, pour v\u00e9hicules d&rsquo;une taille d&rsquo;environ 1,6 <abbr class=\"abbr\" title=\"centim\u00e8tre\">cm<\/abbr>. Chaque circuit comprend des conditions m\u00e9t\u00e9o et un espace d\u00e9di\u00e9 aux stands.<\/p>\n\n\n\n<p>Outre le plateau recto-verso, la bo\u00eete contient six d\u00e9s sp\u00e9ciaux de vitesses et un d\u00e9 de chance, dix v\u00e9hicules en plastique, dix&nbsp;tableaux de bord&nbsp;et des marqueurs de d\u00e9bris.<\/p>\n\n\n\n<p>L&rsquo;objectif du jeu est de passer la ligne d&rsquo;arriv\u00e9e dans la meilleure position possible, peu importe l&rsquo;\u00e9tat de la voiture. En configuration championnat, chaque voiture marque des points \u00e0 l&rsquo;arriv\u00e9e des grands prix. Le vainqueur est celui qui marque le plus grand total de points sur la saison.<\/p>\n\n\n\n<p>Une partie se joue, selon les r\u00e8gles, avec deux \u00e0 dix joueurs, mais des adaptations demeurent possibles.<\/p>\n\n\n\n<div class=\"wp-block-image\"><figure class=\"aligncenter\"><img loading=\"lazy\" decoding=\"async\" width=\"300\" height=\"200\" src=\"http:\/\/leconservatoiredujeu.fr\/wp-content\/uploads\/2019\/06\/exemple_partie-300x200.jpg\" alt=\"\" class=\"wp-image-4627\" srcset=\"https:\/\/leconservatoiredujeu.fr\/wp-content\/uploads\/2019\/06\/exemple_partie-300x200.jpg 300w, https:\/\/leconservatoiredujeu.fr\/wp-content\/uploads\/2019\/06\/exemple_partie-450x300.jpg 450w, https:\/\/leconservatoiredujeu.fr\/wp-content\/uploads\/2019\/06\/exemple_partie.jpg 550w\" sizes=\"(max-width: 300px) 100vw, 300px\" \/><\/figure><\/div>\n\n\n\n<p>Manhattan&nbsp;est un&nbsp;jeu de soci\u00e9t\u00e9&nbsp;cr\u00e9\u00e9 par&nbsp;Andreas Seyfarth&nbsp;en 1994 et \u00e9dit\u00e9 en France par&nbsp;Ludod\u00e9lire. Le jeu est r\u00e9-\u00e9dit\u00e9 en 2018 par Act In Games en langue fran\u00e7aise et continue \u00e0 \u00eatre \u00e9dit\u00e9 en langue allemande ou anglaise.<\/p>\n\n\n\n<p>Le jeu a connu et conna\u00eet toujours un grand succ\u00e8s du fait de la simplicit\u00e9 de ses r\u00e8gles et de son caract\u00e8re tr\u00e8s interactif. Sur six villes, les joueurs construisent des \u00e9tages de buildings dans le but de marquer des points. On joue autant de manches que de joueurs.<\/p>\n\n\n\n<p>Le but est de cumuler le plus de points \u00e0 l&rsquo;issue de toutes les manches. \u00c0 la fin d&rsquo;une manche chacun marque 1 point pour tout b\u00e2timent dont il poss\u00e8de le sommet, 2 points pour toute ville o\u00f9 il est seul majoritaire et 3 points s&rsquo;il poss\u00e8de seul la plus haute tour du jeu.<\/p>\n\n\n\n<p>\u00c0 son tour, le joueur pose une carte et construit un b\u00e2timent sur une des six villes \u00e0 son choix, \u00e0 l&#8217;emplacement indiqu\u00e9 par la carte. \u00c0 la fin, le vainqueur est celui qui a le plus de points.<\/p>\n\n\n\n<div class=\"wp-block-image\"><figure class=\"aligncenter\"><img loading=\"lazy\" decoding=\"async\" width=\"300\" height=\"216\" src=\"http:\/\/leconservatoiredujeu.fr\/wp-content\/uploads\/2019\/06\/5c290144175b4e673ac5866f5111422b4b82-300x216.jpeg\" alt=\"\" class=\"wp-image-4547\"\/><\/figure><\/div>\n\n\n\n<p class=\"has-text-align-right\">Le Conservatoire du Jeu &#8211; Avril 2022<\/p>\n","protected":false},"excerpt":{"rendered":"<p>Historique Ludod\u00e9lire&nbsp;est un&nbsp;\u00e9diteur&nbsp;de&nbsp;jeux de soci\u00e9t\u00e9&nbsp;fran\u00e7ais&nbsp;qui a aujourd&rsquo;hui cess\u00e9 ses activit\u00e9s. Quelques-uns de ses titres ont \u00e9t\u00e9 r\u00e9\u00e9dit\u00e9s, comme&nbsp;Footmania,&nbsp;Formule d\u00e9,&nbsp;Temp\u00eate sur l&rsquo;\u00e9chiquier&nbsp;ou&nbsp;La Vall\u00e9e des Mammouths. Super Gang&nbsp;(ou Supergang) est un&nbsp;jeu de soci\u00e9t\u00e9&nbsp;cr\u00e9\u00e9 par&nbsp;G\u00e9rard Delfanti,&nbsp;G\u00e9rard Mathieu&nbsp;et&nbsp;Pascal Trigaux&nbsp;en&nbsp;1984&nbsp;et \u00e9dit\u00e9 par&nbsp;Ludod\u00e9lire. Chaque joueur contr\u00f4le &hellip; <a href=\"https:\/\/leconservatoiredujeu.fr\/index.php\/ludodelire\/\">Continuer la lecture <span class=\"meta-nav\">&rarr;<\/span><\/a><\/p>\n","protected":false},"author":1,"featured_media":0,"parent":0,"menu_order":0,"comment_status":"closed","ping_status":"closed","template":"","meta":{"footnotes":""},"_links":{"self":[{"href":"https:\/\/leconservatoiredujeu.fr\/index.php\/wp-json\/wp\/v2\/pages\/4620"}],"collection":[{"href":"https:\/\/leconservatoiredujeu.fr\/index.php\/wp-json\/wp\/v2\/pages"}],"about":[{"href":"https:\/\/leconservatoiredujeu.fr\/index.php\/wp-json\/wp\/v2\/types\/page"}],"author":[{"embeddable":true,"href":"https:\/\/leconservatoiredujeu.fr\/index.php\/wp-json\/wp\/v2\/users\/1"}],"replies":[{"embeddable":true,"href":"https:\/\/leconservatoiredujeu.fr\/index.php\/wp-json\/wp\/v2\/comments?post=4620"}],"version-history":[{"count":3,"href":"https:\/\/leconservatoiredujeu.fr\/index.php\/wp-json\/wp\/v2\/pages\/4620\/revisions"}],"predecessor-version":[{"id":12967,"href":"https:\/\/leconservatoiredujeu.fr\/index.php\/wp-json\/wp\/v2\/pages\/4620\/revisions\/12967"}],"wp:attachment":[{"href":"https:\/\/leconservatoiredujeu.fr\/index.php\/wp-json\/wp\/v2\/media?parent=4620"}],"curies":[{"name":"wp","href":"https:\/\/api.w.org\/{rel}","templated":true}]}}