{"id":4554,"date":"2019-06-25T15:41:39","date_gmt":"2019-06-25T13:41:39","guid":{"rendered":"http:\/\/leconservatoiredujeu.fr\/?page_id=4554"},"modified":"2022-03-03T14:30:48","modified_gmt":"2022-03-03T13:30:48","slug":"iello","status":"publish","type":"page","link":"https:\/\/leconservatoiredujeu.fr\/index.php\/iello\/","title":{"rendered":"Iello"},"content":{"rendered":"\n<div class=\"wp-block-image\"><figure class=\"aligncenter\"><img loading=\"lazy\" decoding=\"async\" width=\"297\" height=\"300\" src=\"http:\/\/leconservatoiredujeu.fr\/wp-content\/uploads\/2019\/06\/iello-logo-sans-contour-297x300.jpg\" alt=\"\" class=\"wp-image-4555\" srcset=\"https:\/\/leconservatoiredujeu.fr\/wp-content\/uploads\/2019\/06\/iello-logo-sans-contour-297x300.jpg 297w, https:\/\/leconservatoiredujeu.fr\/wp-content\/uploads\/2019\/06\/iello-logo-sans-contour.jpg 451w\" sizes=\"(max-width: 297px) 100vw, 297px\" \/><figcaption>Logo de la marque<\/figcaption><\/figure><\/div>\n\n\n\n<p><span style=\"text-decoration: underline;\"><strong>Historique<\/strong><\/span><strong> :<\/strong><\/p>\n\n\n\n<p>Iello est un \u00e9diteur fran\u00e7ais de jeux de soci\u00e9t\u00e9 cr\u00e9\u00e9 en 2004 \u00e0 Nancy (Meurthe-et-Moselle) par C\u00e9dric Barb\u00e9 et Patrice Boule.<\/p>\n\n\n\n<p>Iello est aujourd\u2019hui un \u00e9diteur et distributeur de jeux de soci\u00e9t\u00e9 mondialement reconnu. L\u2019entreprise passe de la vente \u00e0 distance de cartes \u00e0 collectionner \u00e0 une activit\u00e9 de grossiste distributeur. En\u00a02008, elle se diversifie \u00e0 nouveau dans la\u00a0co\u00e9dition de jeux de soci\u00e9t\u00e9, un travail qui consiste \u00e0 traduire et adapter les jeux \u00e0 la culture fran\u00e7aise. Cette nouvelle activit\u00e9 donne assez naturellement naissance en\u00a02009 \u00e0 une derni\u00e8re : l\u2019\u00e9dition de ses propres jeux.<\/p>\n\n\n\n<div class=\"wp-block-image\"><figure class=\"aligncenter size-full\"><img loading=\"lazy\" decoding=\"async\" width=\"250\" height=\"250\" src=\"http:\/\/leconservatoiredujeu.fr\/wp-content\/uploads\/2022\/03\/la-foret-mysterieuse.jpg\" alt=\"\" class=\"wp-image-12525\" srcset=\"https:\/\/leconservatoiredujeu.fr\/wp-content\/uploads\/2022\/03\/la-foret-mysterieuse.jpg 250w, https:\/\/leconservatoiredujeu.fr\/wp-content\/uploads\/2022\/03\/la-foret-mysterieuse-150x150.jpg 150w\" sizes=\"(max-width: 250px) 100vw, 250px\" \/><figcaption>Boite du jeu \u00ab\u00a0La for\u00eat Myst\u00e9rieuse\u00a0\u00bb<\/figcaption><\/figure><\/div>\n\n\n\n<p>Depuis 2008,&nbsp;Iello co\u00e9dite une&nbsp;large gamme de jeux de soci\u00e9t\u00e9, en partenariat avec des \u00e9diteurs du&nbsp;monde entier&nbsp;(AEG, Kosmos, Czech Games Edition, Mindware, etc.). Les \u00e9quipes&nbsp;traduisent&nbsp;et&nbsp;adaptent&nbsp;les jeux \u00e9trangers pour le march\u00e9 francophone et les&nbsp;distribuent&nbsp;via le r\u00e9seau traditionnel.<\/p>\n\n\n\n<p>En octobre&nbsp;2011, la soci\u00e9t\u00e9 est r\u00e9compens\u00e9e par le&nbsp;troph\u00e9e du Meilleur Nouvel Exportateur Lorrain. Ce prix encourage \u00e0 poursuivre la conqu\u00eate de nouveaux march\u00e9s export.<\/p>\n\n\n\n<p>Parall\u00e8lement, Iello d\u00e9marre son activit\u00e9 d\u2019\u00e9diteur avec l\u2019objectif de cr\u00e9er sa propre gamme et ainsi r\u00e9pondre aux attentes d\u2019une nouvelle client\u00e8le curieuse des jeux. King of Tokyo deviendra en 2011 le premier jeu d\u00e9velopp\u00e9 et distribu\u00e9 par Iello. Le succ\u00e8s de cette activit\u00e9 est tel qu\u2019en 2016, le p\u00f4le \u00e9dition compte 90% de cr\u00e9ation de jeux contre 10% de co\u00e9dition. Succ\u00e8s confirm\u00e9 \u00e9galement par la croissance de l\u2019\u00e9quipe, passant de 2 \u00e0 7 personnes entre 2014 et 2016.<\/p>\n\n\n\n<div class=\"wp-block-image\"><figure class=\"aligncenter size-full\"><img loading=\"lazy\" decoding=\"async\" width=\"372\" height=\"372\" src=\"http:\/\/leconservatoiredujeu.fr\/wp-content\/uploads\/2022\/03\/king-of-tokyo-vf-version-2.jpg\" alt=\"\" class=\"wp-image-12526\" srcset=\"https:\/\/leconservatoiredujeu.fr\/wp-content\/uploads\/2022\/03\/king-of-tokyo-vf-version-2.jpg 372w, https:\/\/leconservatoiredujeu.fr\/wp-content\/uploads\/2022\/03\/king-of-tokyo-vf-version-2-300x300.jpg 300w, https:\/\/leconservatoiredujeu.fr\/wp-content\/uploads\/2022\/03\/king-of-tokyo-vf-version-2-150x150.jpg 150w\" sizes=\"(max-width: 372px) 100vw, 372px\" \/><figcaption>Boite du jeu \u00ab\u00a0King of Tokyo\u00a0\u00bb<\/figcaption><\/figure><\/div>\n\n\n\n<p>En mai&nbsp;2012, elle confirme son&nbsp;envergure internationale&nbsp;en ouvrant sa&nbsp;filiale aux \u00c9tats-Unis, \u00e0 Las Vegas. Cette pr\u00e9sence sur le continent nord-am\u00e9ricain donne aux jeux Iello une visibilit\u00e9 internationale et ouvre ainsi les portes d\u2019une distribution sur de nombreux autres march\u00e9s&nbsp;: gr\u00e2ce \u00e0 la traduction syst\u00e9matique des titres en anglais, la promotion des jeux et leur localisation se d\u00e9veloppent tr\u00e8s vite en Europe, en Asie et en Am\u00e9rique du Sud.<\/p>\n\n\n\n<p>En 2019, Iello acquiert la marque Loki.<\/p>\n\n\n\n<p>En France, Iello est aussi distributeur de jeux : il distribue ses propres jeux ainsi que ceux d&rsquo;autres \u00e9diteurs, notamment <a href=\"http:\/\/leconservatoiredujeu.fr\/index.php\/ravensburger\/\">Ravensburger<\/a> \/ <a href=\"http:\/\/leconservatoiredujeu.fr\/index.php\/alea\/\">Alea<\/a>.<\/p>\n\n\n\n<div class=\"wp-block-image\"><figure class=\"aligncenter size-full\"><img loading=\"lazy\" decoding=\"async\" width=\"400\" height=\"400\" src=\"http:\/\/leconservatoiredujeu.fr\/wp-content\/uploads\/2022\/03\/logo-loki.jpg\" alt=\"\" class=\"wp-image-12527\" srcset=\"https:\/\/leconservatoiredujeu.fr\/wp-content\/uploads\/2022\/03\/logo-loki.jpg 400w, https:\/\/leconservatoiredujeu.fr\/wp-content\/uploads\/2022\/03\/logo-loki-300x300.jpg 300w, https:\/\/leconservatoiredujeu.fr\/wp-content\/uploads\/2022\/03\/logo-loki-150x150.jpg 150w\" sizes=\"(max-width: 400px) 100vw, 400px\" \/><figcaption>Logo de la marque LOKI<\/figcaption><\/figure><\/div>\n\n\n\n<p><span style=\"text-decoration: underline;\"><strong>Liens<\/strong><\/span> :<\/p>\n\n\n\n<p>Site de la marque <a href=\"https:\/\/www.iello.fr\/\">Iello<\/a><\/p>\n\n\n\n<p class=\"has-text-align-right\">M.a.J &#8211; F\u00e9vrier 2022<\/p>\n","protected":false},"excerpt":{"rendered":"<p>Historique : Iello est un \u00e9diteur fran\u00e7ais de jeux de soci\u00e9t\u00e9 cr\u00e9\u00e9 en 2004 \u00e0 Nancy (Meurthe-et-Moselle) par C\u00e9dric Barb\u00e9 et Patrice Boule. Iello est aujourd\u2019hui un \u00e9diteur et distributeur de jeux de soci\u00e9t\u00e9 mondialement reconnu. L\u2019entreprise passe de la &hellip; <a href=\"https:\/\/leconservatoiredujeu.fr\/index.php\/iello\/\">Continuer la lecture <span class=\"meta-nav\">&rarr;<\/span><\/a><\/p>\n","protected":false},"author":1,"featured_media":0,"parent":0,"menu_order":0,"comment_status":"closed","ping_status":"closed","template":"","meta":{"footnotes":""},"_links":{"self":[{"href":"https:\/\/leconservatoiredujeu.fr\/index.php\/wp-json\/wp\/v2\/pages\/4554"}],"collection":[{"href":"https:\/\/leconservatoiredujeu.fr\/index.php\/wp-json\/wp\/v2\/pages"}],"about":[{"href":"https:\/\/leconservatoiredujeu.fr\/index.php\/wp-json\/wp\/v2\/types\/page"}],"author":[{"embeddable":true,"href":"https:\/\/leconservatoiredujeu.fr\/index.php\/wp-json\/wp\/v2\/users\/1"}],"replies":[{"embeddable":true,"href":"https:\/\/leconservatoiredujeu.fr\/index.php\/wp-json\/wp\/v2\/comments?post=4554"}],"version-history":[{"count":4,"href":"https:\/\/leconservatoiredujeu.fr\/index.php\/wp-json\/wp\/v2\/pages\/4554\/revisions"}],"predecessor-version":[{"id":12528,"href":"https:\/\/leconservatoiredujeu.fr\/index.php\/wp-json\/wp\/v2\/pages\/4554\/revisions\/12528"}],"wp:attachment":[{"href":"https:\/\/leconservatoiredujeu.fr\/index.php\/wp-json\/wp\/v2\/media?parent=4554"}],"curies":[{"name":"wp","href":"https:\/\/api.w.org\/{rel}","templated":true}]}}