{"id":4545,"date":"2019-06-25T15:25:31","date_gmt":"2019-06-25T13:25:31","guid":{"rendered":"http:\/\/leconservatoiredujeu.fr\/?page_id=4545"},"modified":"2022-04-28T11:57:53","modified_gmt":"2022-04-28T09:57:53","slug":"hans-im-gluck","status":"publish","type":"page","link":"https:\/\/leconservatoiredujeu.fr\/index.php\/hans-im-gluck\/","title":{"rendered":"Hans im Gl\u00fcck"},"content":{"rendered":"\n<div class=\"wp-block-image\"><figure class=\"aligncenter\"><img loading=\"lazy\" decoding=\"async\" width=\"252\" height=\"300\" src=\"http:\/\/leconservatoiredujeu.fr\/wp-content\/uploads\/2019\/06\/hans_im_gluck-252x300.png\" alt=\"\" class=\"wp-image-4546\" srcset=\"https:\/\/leconservatoiredujeu.fr\/wp-content\/uploads\/2019\/06\/hans_im_gluck-252x300.png 252w, https:\/\/leconservatoiredujeu.fr\/wp-content\/uploads\/2019\/06\/hans_im_gluck-768x915.png 768w, https:\/\/leconservatoiredujeu.fr\/wp-content\/uploads\/2019\/06\/hans_im_gluck-860x1024.png 860w, https:\/\/leconservatoiredujeu.fr\/wp-content\/uploads\/2019\/06\/hans_im_gluck.png 1014w\" sizes=\"(max-width: 252px) 100vw, 252px\" \/><\/figure><\/div>\n\n\n\n<p><span style=\"text-decoration: underline;\"><strong>Historique<\/strong><\/span><\/p>\n\n\n\n<p>Le succ\u00e8s des \u00e9diteurs Hans im Gl\u00fcck ne cesse de cro\u00eetre. Depuis les premiers jours de jeu \u00e0 Essen en 1983 avec le jeu DODGE CITY, les titres du M\u00fcnchner Verlag se sont fermement \u00e9tablis sur la sc\u00e8ne du jeu vid\u00e9o et sont remplis de reconnaissance et de r\u00e9compenses. Bernd Brunnhofer et Karl-Heinz Schmiel n\u2019en r\u00eavaient pas quand ils se lanc\u00e8rent dans l\u2019aventure de la publication de jeux avec un garage.<\/p>\n\n\n\n<p>Avec greyhounds, l&rsquo;\u00e9diteur fait sensation pour la premi\u00e8re fois avec un public plus large, le jeu se retrouvant sur la liste de choix du jeu de l&rsquo;ann\u00e9e 1986. Apr\u00e8s que Karl-Heinz Schmiel a pris sa retraite de la maison d&rsquo;\u00e9dition en 1987 afin de se consacrer \u00e0 nouveau \u00e0 son m\u00e9tier d&rsquo;enseignant, le travail devient un travail \u00e0 plein temps pour Bernd Brunnhofer. Les jeux ne sont plus produits manuellement \u00e0 l\u2019aide de la s\u00e9rigraphie, mais la qualit\u00e9 de la production repose sur le standard \u00e9lev\u00e9 des autres \u00e9diteurs. En 1990, le premier grand succ\u00e8s du Golden P\u00f6ppel (pr\u00e9d\u00e9cesseur du German Game Prize) r\u00e9ussit pour le jeu MAESTRO.<\/p>\n\n\n\n<p>D\u00e8s 1994, ils peuvent d\u00e9j\u00e0 c\u00e9l\u00e9brer le succ\u00e8s de MANHATTAN de Andreas \u00ab\u00a0Leo\u00a0\u00bb Seyfarth. Et deux ans plus tard, El Grande de Wolfgang Kramer et Richard Ulrich, qui sera le jeu de l&rsquo;ann\u00e9e 1996 et est aujourd&rsquo;hui consid\u00e9r\u00e9 comme l&rsquo;un des meilleurs jeux pour les amis du jeu stimulant.<\/p>\n\n\n\n<div class=\"wp-block-image\"><figure class=\"aligncenter\"><img loading=\"lazy\" decoding=\"async\" width=\"300\" height=\"220\" src=\"http:\/\/leconservatoiredujeu.fr\/wp-content\/uploads\/2019\/06\/Hans-im-Gl\u00fcckelgrande-300x220.jpeg\" alt=\"\" class=\"wp-image-4573\"\/><\/figure><\/div>\n\n\n\n<p>En 1998, la maison d&rsquo;\u00e9dition se renforce avec Dirk Geilenkeuser, qui devait d\u00e9charger Volker Weitzel de son travail de bureau. \u00c0 la fin de 2000, Volker Weitzel a d\u00e9cid\u00e9 de changer de secteur et de quitter la maison d&rsquo;\u00e9dition. Encore une fois, l&rsquo;\u00e9diteur est une \u00e9quipe de 2 personnes. Mais vous pouvez c\u00e9l\u00e9brer avec le jeu Carcassonne de Klaus-J\u00fcrgen Wrede en 2001 le plus grand succ\u00e8s de l\u2019histoire de l\u2019\u00e9dition. Carcassonne est le jeu de l&rsquo;ann\u00e9e, remporte le prix du jeu allemand et se vend \u00e0 plus de 700 000 exemplaires la premi\u00e8re ann\u00e9e &#8211; uniquement en Allemagne. Entre-temps, des millions de jeux Carcassonne ont \u00e9t\u00e9 vendus et le jeu a \u00e9t\u00e9 traduit dans plus de 20 langues.<\/p>\n\n\n\n<div class=\"wp-block-image\"><figure class=\"aligncenter\"><img loading=\"lazy\" decoding=\"async\" width=\"183\" height=\"225\" src=\"http:\/\/leconservatoiredujeu.fr\/wp-content\/uploads\/2019\/06\/t\u00e9l\u00e9chargement-14.jpg\" alt=\"\" class=\"wp-image-4550\"\/><\/figure><\/div>\n\n\n\n<p>En 2008, Moritz Brunnhofer rejoint la maison d&rsquo;\u00e9dition &#8211; initialement avec un stage.&nbsp;Il assume rapidement des t\u00e2ches importantes et fonde la boutique en ligne de la maison d&rsquo;\u00e9dition Hans im Gl\u00fcck avec Carcassonne &amp; Co.&nbsp;Enfin, en 2017, il prend la direction de son p\u00e8re.<\/p>\n\n\n\n<p>De l&rsquo;id\u00e9e de faire de bons jeux, une petite \u00e9quipe a grandi avec un grand enthousiasme pour les jeux.&nbsp;Il y aura s\u00fbrement beaucoup de grands jeux \u00e0 suivre &#8230;<\/p>\n\n\n\n<p><strong><u>Liens<\/u><\/strong><\/p>\n\n\n\n<p>Site de la marque <a href=\"https:\/\/www.hans-im-glueck.de\/\">Hans im Gl\u00fcck<\/a><\/p>\n\n\n\n<p class=\"has-text-align-right\">Le Conservatoire du Jeu &#8211; Avril 2022<\/p>\n","protected":false},"excerpt":{"rendered":"<p>Historique Le succ\u00e8s des \u00e9diteurs Hans im Gl\u00fcck ne cesse de cro\u00eetre. Depuis les premiers jours de jeu \u00e0 Essen en 1983 avec le jeu DODGE CITY, les titres du M\u00fcnchner Verlag se sont fermement \u00e9tablis sur la sc\u00e8ne du &hellip; <a href=\"https:\/\/leconservatoiredujeu.fr\/index.php\/hans-im-gluck\/\">Continuer la lecture <span class=\"meta-nav\">&rarr;<\/span><\/a><\/p>\n","protected":false},"author":1,"featured_media":0,"parent":0,"menu_order":0,"comment_status":"closed","ping_status":"closed","template":"","meta":{"footnotes":""},"_links":{"self":[{"href":"https:\/\/leconservatoiredujeu.fr\/index.php\/wp-json\/wp\/v2\/pages\/4545"}],"collection":[{"href":"https:\/\/leconservatoiredujeu.fr\/index.php\/wp-json\/wp\/v2\/pages"}],"about":[{"href":"https:\/\/leconservatoiredujeu.fr\/index.php\/wp-json\/wp\/v2\/types\/page"}],"author":[{"embeddable":true,"href":"https:\/\/leconservatoiredujeu.fr\/index.php\/wp-json\/wp\/v2\/users\/1"}],"replies":[{"embeddable":true,"href":"https:\/\/leconservatoiredujeu.fr\/index.php\/wp-json\/wp\/v2\/comments?post=4545"}],"version-history":[{"count":5,"href":"https:\/\/leconservatoiredujeu.fr\/index.php\/wp-json\/wp\/v2\/pages\/4545\/revisions"}],"predecessor-version":[{"id":12947,"href":"https:\/\/leconservatoiredujeu.fr\/index.php\/wp-json\/wp\/v2\/pages\/4545\/revisions\/12947"}],"wp:attachment":[{"href":"https:\/\/leconservatoiredujeu.fr\/index.php\/wp-json\/wp\/v2\/media?parent=4545"}],"curies":[{"name":"wp","href":"https:\/\/api.w.org\/{rel}","templated":true}]}}