{"id":4528,"date":"2019-06-25T11:01:31","date_gmt":"2019-06-25T09:01:31","guid":{"rendered":"http:\/\/leconservatoiredujeu.fr\/?page_id=4528"},"modified":"2022-03-03T14:35:32","modified_gmt":"2022-03-03T13:35:32","slug":"haba","status":"publish","type":"page","link":"https:\/\/leconservatoiredujeu.fr\/index.php\/haba\/","title":{"rendered":"Haba"},"content":{"rendered":"\n<div class=\"wp-block-image\"><figure class=\"aligncenter\"><img loading=\"lazy\" decoding=\"async\" width=\"300\" height=\"131\" src=\"http:\/\/leconservatoiredujeu.fr\/wp-content\/uploads\/2019\/06\/t\u00e9l\u00e9chargement-2-300x131.png\" alt=\"\" class=\"wp-image-4529\" srcset=\"https:\/\/leconservatoiredujeu.fr\/wp-content\/uploads\/2019\/06\/t\u00e9l\u00e9chargement-2-300x131.png 300w, https:\/\/leconservatoiredujeu.fr\/wp-content\/uploads\/2019\/06\/t\u00e9l\u00e9chargement-2.png 340w\" sizes=\"(max-width: 300px) 100vw, 300px\" \/><figcaption>Logo de la marque<\/figcaption><\/figure><\/div>\n\n\n\n<p><span style=\"text-decoration: underline;\"><strong>Historique<\/strong><\/span> <strong>:<\/strong><\/p>\n\n\n\n<p>Haba (Habermaa\u00df GmbH) est une soci\u00e9t\u00e9 allemande&nbsp;sp\u00e9cialis\u00e9e dans l&rsquo;univers de l&rsquo;enfant et de la famille \u00e0 travers les&nbsp;jeux&nbsp;et le mobilier, distribu\u00e9s dans le monde entier.&nbsp;<span class=\"need_ref\" title=\"Ce passage n\u00e9cessite une r\u00e9f\u00e9rence.\">Les jeux Haba se reconnaissent \u00e0 leurs bo\u00eetes jaune vif.<\/span><\/p>\n\n\n\n<p>La soci\u00e9t\u00e9 se d\u00e9finit elle-m\u00eame comme un \u00abinventeur d&rsquo;esprit curieux\u00bb, proposant une large gamme de produits tels que des jouets en bois et textiles, des accessoires de maison et des accessoires pour b\u00e9b\u00e9s et enfants.&nbsp;Aujourd&rsquo;hui, la soci\u00e9t\u00e9 est encore une entreprise familiale, dirig\u00e9e par l&rsquo;associ\u00e9 directeur Klaus Habermaa\u00df et le directeur g\u00e9n\u00e9ral Harald Grosch.<\/p>\n\n\n\n<p>Exemple de bo\u00eete jaune vif :<\/p>\n\n\n\n<div class=\"wp-block-image\"><figure class=\"aligncenter\"><img loading=\"lazy\" decoding=\"async\" width=\"300\" height=\"300\" src=\"http:\/\/leconservatoiredujeu.fr\/wp-content\/uploads\/2019\/06\/160770-300x300.jpg\" alt=\"\" class=\"wp-image-4571\" srcset=\"https:\/\/leconservatoiredujeu.fr\/wp-content\/uploads\/2019\/06\/160770-300x300.jpg 300w, https:\/\/leconservatoiredujeu.fr\/wp-content\/uploads\/2019\/06\/160770-150x150.jpg 150w, https:\/\/leconservatoiredujeu.fr\/wp-content\/uploads\/2019\/06\/160770-768x768.jpg 768w, https:\/\/leconservatoiredujeu.fr\/wp-content\/uploads\/2019\/06\/160770-1024x1024.jpg 1024w, https:\/\/leconservatoiredujeu.fr\/wp-content\/uploads\/2019\/06\/160770.jpg 1200w\" sizes=\"(max-width: 300px) 100vw, 300px\" \/><figcaption>Boite du \u00ab\u00a0Petits Magiciens\u00a0\u00bb<\/figcaption><\/figure><\/div>\n\n\n\n<p>En 1938, Eugen Habermaa\u00df et Anton Engel fond\u00e8rent \u00abHabermaa\u00df &amp; Co.\u00bb en tant qu&rsquo; \u00abusine de produits en bois pr\u00e9cieux\u00bb, puis quelques mois plus tard, \u00abWehrfritz &amp; Co.\u00bb en coop\u00e9ration avec Karl Wehrfritz. Parall\u00e8lement, son fils, Klaus Habermaa\u00df, a pour devenir le poste de directeur g\u00e9n\u00e9ral de la soci\u00e9t\u00e9, il entreprit un apprentissage en \u00e9b\u00e9nisterie. Apr\u00e8s ses \u00e9tudes d&rsquo;ing\u00e9nieur en 1961, il participa activement \u00e0 la gestion de la soci\u00e9t\u00e9, qui se d\u00e9veloppa.<\/p>\n\n\n\n<p>Le petit&nbsp;fabricant&nbsp;de jouets en bois entend devenir un leader du march\u00e9 dans ce secteur, confront\u00e9 au d\u00e9fi de la mondialisation.&nbsp;Le fabricant de jouets bas\u00e9 en Haute-Frankonie se d\u00e9veloppe d&rsquo;abord aux \u00c9tats-Unis o\u00f9, en 1980, la soci\u00e9t\u00e9 am\u00e9ricaine \u00abSkaneateles Handicrafters\u00bb est int\u00e9gr\u00e9e \u00e0 Habermaa\u00df Inc., d&rsquo;abord en tant que site de production puis de vente.&nbsp;Renomm\u00e9 dans les ann\u00e9es suivantes \u00ab TC Timber \u00bb, en 2002 ,&nbsp;la soci\u00e9t\u00e9 re\u00e7oit le nom de la&nbsp;soci\u00e9t\u00e9 d\u00e9finitive de \u00ab Habermaa\u00df Corp. Inc.\u00a0\u00bb. En 1993, une filiale est fond\u00e9e en France&nbsp;pr\u00e8s de&nbsp;Paris sous le nom \u00ab\u00a0HABA SARL\u00a0\u00bb et en 2005 le site \u00ab\u00a0HABA UK\u00a0\u00bb est cr\u00e9\u00e9 au Royaume-Uni.<\/p>\n\n\n\n<div class=\"wp-block-image\"><figure class=\"aligncenter\"><img loading=\"lazy\" decoding=\"async\" width=\"300\" height=\"225\" src=\"http:\/\/leconservatoiredujeu.fr\/wp-content\/uploads\/2019\/06\/3478-min-300x225.png\" alt=\"\" class=\"wp-image-4586\" srcset=\"https:\/\/leconservatoiredujeu.fr\/wp-content\/uploads\/2019\/06\/3478-min-300x225.png 300w, https:\/\/leconservatoiredujeu.fr\/wp-content\/uploads\/2019\/06\/3478-min-400x300.png 400w, https:\/\/leconservatoiredujeu.fr\/wp-content\/uploads\/2019\/06\/3478-min.png 739w\" sizes=\"(max-width: 300px) 100vw, 300px\" \/><figcaption>Mat\u00e9riel du jeu \u00ab\u00a0Pyramide d&rsquo;animaux\u00a0\u00bb<\/figcaption><\/figure><\/div>\n\n\n\n<p>Afin de d\u00e9velopper encore leur gamme de produits, la soci\u00e9t\u00e9 HABA et Wehrfritz ont d\u00e9cid\u00e9 en 1987 de fonder Jako-o GmbH, soci\u00e9t\u00e9 de vente par correspondance sp\u00e9cialis\u00e9e dans la mode pour enfants, les jouets et les accessoires. les agences commerciales Fit-z et Qi\u00e9ro.<\/p>\n\n\n\n<p>Depuis la fondation de la soci\u00e9t\u00e9 en 1938,&nbsp;les&nbsp;jouets en&nbsp;bois&nbsp;sont une marque de commerce de HABA.&nbsp;La soci\u00e9t\u00e9 s&rsquo;est notamment fait conna\u00eetre par ses&nbsp;blocs de construction&nbsp;, qui faisaient jusqu&rsquo;\u00e0 pr\u00e9sent partie int\u00e9grante de la gamme de produits.&nbsp;Au fil des d\u00e9cennies, la gamme de produits s&rsquo;est \u00e9largie: int\u00e9grant d\u2019abord d\u2019autres jouets en bois, tels que des figurines, des v\u00e9hicules, des jouets \u00e0 saisir et un syst\u00e8me de piste de balle \u00e9volutif complexe, suivis des premiers jeux de soci\u00e9t\u00e9.&nbsp;C\u2019est ainsi que fut cr\u00e9\u00e9 en 1986 le jeu le plus c\u00e9l\u00e8bre de HABA, \u00abThe Orchard\u00bb.&nbsp;Les liens avec la soci\u00e9t\u00e9 \u00e9troitement li\u00e9e Wehrfritz ont \u00e9galement \u00e9t\u00e9 mis \u00e0 profit dans le d\u00e9veloppement et la production \u00e0 venir de meubles pour enfants &#8211; tous fabriqu\u00e9s de mani\u00e8re adapt\u00e9e aux enfants en utilisant uniquement les meilleurs bois.<\/p>\n\n\n\n<div class=\"wp-block-image\"><figure class=\"aligncenter\"><img loading=\"lazy\" decoding=\"async\" width=\"300\" height=\"225\" src=\"http:\/\/leconservatoiredujeu.fr\/wp-content\/uploads\/2019\/06\/mon_premier_verger-300x225.png\" alt=\"\" class=\"wp-image-4565\" srcset=\"https:\/\/leconservatoiredujeu.fr\/wp-content\/uploads\/2019\/06\/mon_premier_verger-300x225.png 300w, https:\/\/leconservatoiredujeu.fr\/wp-content\/uploads\/2019\/06\/mon_premier_verger-400x300.png 400w, https:\/\/leconservatoiredujeu.fr\/wp-content\/uploads\/2019\/06\/mon_premier_verger.png 739w\" sizes=\"(max-width: 300px) 100vw, 300px\" \/><\/figure><\/div>\n\n\n\n<p>M\u00eame aujourd&rsquo;hui, la soci\u00e9t\u00e9 se concentre principalement sur la fabrication de bois.&nbsp;Cependant, diff\u00e9rents mat\u00e9riaux ont \u00e9t\u00e9 progressivement incorpor\u00e9s: des poup\u00e9es et des animaux en tissu, des tapis, des meubles pour chambres d&rsquo;enfants et des articles d&rsquo;\u00e9clairage se retrouvant dans la gamme de produits, qui est compl\u00e9t\u00e9e par des articles-cadeaux, des accessoires et des bijoux pour enfants.&nbsp;Tous les produits fabriqu\u00e9s par la soci\u00e9t\u00e9 Habermaa\u00df ont cependant un objectif commun: favoriser le d\u00e9veloppement sain des enfants.<\/p>\n\n\n\n<p><strong><u>Liens<\/u><\/strong> <strong>:<\/strong><\/p>\n\n\n\n<p>Site de <a href=\"https:\/\/www.haba.de\/fr_FR\">Haba<\/a><\/p>\n\n\n\n<p class=\"has-text-align-right\">M.a.J &#8211; F\u00e9vrier 2022<\/p>\n","protected":false},"excerpt":{"rendered":"<p>Historique : Haba (Habermaa\u00df GmbH) est une soci\u00e9t\u00e9 allemande&nbsp;sp\u00e9cialis\u00e9e dans l&rsquo;univers de l&rsquo;enfant et de la famille \u00e0 travers les&nbsp;jeux&nbsp;et le mobilier, distribu\u00e9s dans le monde entier.&nbsp;Les jeux Haba se reconnaissent \u00e0 leurs bo\u00eetes jaune vif. La soci\u00e9t\u00e9 se d\u00e9finit &hellip; <a href=\"https:\/\/leconservatoiredujeu.fr\/index.php\/haba\/\">Continuer la lecture <span class=\"meta-nav\">&rarr;<\/span><\/a><\/p>\n","protected":false},"author":1,"featured_media":0,"parent":0,"menu_order":0,"comment_status":"closed","ping_status":"closed","template":"","meta":{"footnotes":""},"_links":{"self":[{"href":"https:\/\/leconservatoiredujeu.fr\/index.php\/wp-json\/wp\/v2\/pages\/4528"}],"collection":[{"href":"https:\/\/leconservatoiredujeu.fr\/index.php\/wp-json\/wp\/v2\/pages"}],"about":[{"href":"https:\/\/leconservatoiredujeu.fr\/index.php\/wp-json\/wp\/v2\/types\/page"}],"author":[{"embeddable":true,"href":"https:\/\/leconservatoiredujeu.fr\/index.php\/wp-json\/wp\/v2\/users\/1"}],"replies":[{"embeddable":true,"href":"https:\/\/leconservatoiredujeu.fr\/index.php\/wp-json\/wp\/v2\/comments?post=4528"}],"version-history":[{"count":5,"href":"https:\/\/leconservatoiredujeu.fr\/index.php\/wp-json\/wp\/v2\/pages\/4528\/revisions"}],"predecessor-version":[{"id":12530,"href":"https:\/\/leconservatoiredujeu.fr\/index.php\/wp-json\/wp\/v2\/pages\/4528\/revisions\/12530"}],"wp:attachment":[{"href":"https:\/\/leconservatoiredujeu.fr\/index.php\/wp-json\/wp\/v2\/media?parent=4528"}],"curies":[{"name":"wp","href":"https:\/\/api.w.org\/{rel}","templated":true}]}}