{"id":4521,"date":"2019-06-25T10:30:34","date_gmt":"2019-06-25T08:30:34","guid":{"rendered":"http:\/\/leconservatoiredujeu.fr\/?page_id=4521"},"modified":"2022-03-03T14:46:56","modified_gmt":"2022-03-03T13:46:56","slug":"goldsieber-spiele","status":"publish","type":"page","link":"https:\/\/leconservatoiredujeu.fr\/index.php\/goldsieber-spiele\/","title":{"rendered":"GoldSieber Spiele"},"content":{"rendered":"\n<div class=\"wp-block-image\"><figure class=\"aligncenter\"><img loading=\"lazy\" decoding=\"async\" width=\"220\" height=\"300\" src=\"http:\/\/leconservatoiredujeu.fr\/wp-content\/uploads\/2019\/06\/588370e873c5a_publisherLarge-220x300.jpeg\" alt=\"\" class=\"wp-image-4522\" srcset=\"https:\/\/leconservatoiredujeu.fr\/wp-content\/uploads\/2019\/06\/588370e873c5a_publisherLarge-220x300.jpeg 220w, https:\/\/leconservatoiredujeu.fr\/wp-content\/uploads\/2019\/06\/588370e873c5a_publisherLarge.jpeg 693w\" sizes=\"(max-width: 220px) 100vw, 220px\" \/><figcaption>Logo de la marque<\/figcaption><\/figure><\/div>\n\n\n\n<p><span style=\"text-decoration: underline;\"><strong>Historique<\/strong><\/span> <strong>:<\/strong><\/p>\n\n\n\n<p>Goldsieber&nbsp;est un&nbsp;\u00e9diteur&nbsp;de&nbsp;jeux de soci\u00e9t\u00e9&nbsp;bas\u00e9 en&nbsp;Allemagne&nbsp;\u00e0&nbsp;F\u00fcrth. Sa production est bas\u00e9e sur les jeux d&rsquo;auteurs, qu&rsquo;il s&rsquo;agisse de grands jeux, de jeux en bois, de jeux de cartes originaux ou de jeux pour enfants.<\/p>\n\n\n\n<p>Depuis le&nbsp;<abbr class=\"abbr\" title=\"Premier\">1<sup>er<\/sup><\/abbr>&nbsp;janvier 2002, Goldsieber a rejoint la soci\u00e9t\u00e9&nbsp;Noris Spiele.<\/p>\n\n\n\n<p>Goldsieber a\u00a0\u00e9t\u00e9 fond\u00e9e en 1995 en tant que ligne de jeu au sein du\u00a0<i>groupe Simba Toys<\/i> par les propri\u00e9taires de la soci\u00e9t\u00e9, les fr\u00e8res Sieber. Depuis 2002 Goldsieber est un sous-ensemble de Simba nouvellement acquis Noris -Verlages. Ils sont publi\u00e9s sous le nom de jeux d\u2019auteur Goldsieber, alors que la marque Noris sert plut\u00f4t le march\u00e9 des jeux de famille.<\/p>\n\n\n\n<figure class=\"wp-block-image size-full\"><img loading=\"lazy\" decoding=\"async\" width=\"800\" height=\"327\" src=\"http:\/\/leconservatoiredujeu.fr\/wp-content\/uploads\/2022\/03\/noris.jpg\" alt=\"\" class=\"wp-image-12532\" srcset=\"https:\/\/leconservatoiredujeu.fr\/wp-content\/uploads\/2022\/03\/noris.jpg 800w, https:\/\/leconservatoiredujeu.fr\/wp-content\/uploads\/2022\/03\/noris-300x123.jpg 300w, https:\/\/leconservatoiredujeu.fr\/wp-content\/uploads\/2022\/03\/noris-768x314.jpg 768w, https:\/\/leconservatoiredujeu.fr\/wp-content\/uploads\/2022\/03\/noris-500x204.jpg 500w\" sizes=\"(max-width: 800px) 100vw, 800px\" \/><\/figure>\n\n\n\n<p>En 1997, Goldsieber a re\u00e7u le&nbsp;titre de jeu de l&rsquo;ann\u00e9e&nbsp;du Critics&nbsp;Award&nbsp;pour le jeu&nbsp;<i>Mississippi Queen<\/i>&nbsp;.&nbsp;La m\u00eame ann\u00e9e,&nbsp;<i>L\u00f6wenherz<\/i> re\u00e7ut le prix&nbsp;allemand des jeux.<\/p>\n\n\n\n<p>L\u00f6wenherz\u00a0est un\u00a0jeu de soci\u00e9t\u00e9\u00a0cr\u00e9\u00e9 par\u00a0Klaus Teuber\u00a0en\u00a01997\u00a0et \u00e9dit\u00e9 par\u00a0Goldsieber\u00a0et\u00a0Rio Grande Games.<\/p>\n\n\n\n<div class=\"wp-block-image\"><figure class=\"aligncenter size-full is-resized\"><img loading=\"lazy\" decoding=\"async\" src=\"http:\/\/leconservatoiredujeu.fr\/wp-content\/uploads\/2022\/03\/gold-spieler.jpg\" alt=\"\" class=\"wp-image-12533\" width=\"214\" height=\"334\"\/><figcaption>Boite du jeu \u00a0\u00bb L\u00f6wenherz\u00a0\u00bb<\/figcaption><\/figure><\/div>\n\n\n\n<p>Le jeu a \u00e9t\u00e9 r\u00e9\u00e9dit\u00e9 en fran\u00e7ais en&nbsp;2003&nbsp;par&nbsp;<a href=\"http:\/\/leconservatoiredujeu.fr\/index.php\/tilsit\/\">Tilsit<\/a> avec des r\u00e8gles revisit\u00e9es, sous le nom Richard C\u0153ur de Lion. Les joueurs disposent de territoires qu&rsquo;ils vont chercher \u00e0 \u00e9tendre, au d\u00e9triment de ceux de leurs adversaires. Le but est de poss\u00e9der le plus de points de pouvoir au moment o\u00f9 la carte annon\u00e7ant la mort du roi est tir\u00e9e.<\/p>\n\n\n\n<div class=\"wp-block-image\"><figure class=\"aligncenter size-full\"><img loading=\"lazy\" decoding=\"async\" width=\"458\" height=\"458\" src=\"http:\/\/leconservatoiredujeu.fr\/wp-content\/uploads\/2022\/03\/richard-coeur-de-lion.jpg\" alt=\"\" class=\"wp-image-12534\" srcset=\"https:\/\/leconservatoiredujeu.fr\/wp-content\/uploads\/2022\/03\/richard-coeur-de-lion.jpg 458w, https:\/\/leconservatoiredujeu.fr\/wp-content\/uploads\/2022\/03\/richard-coeur-de-lion-300x300.jpg 300w, https:\/\/leconservatoiredujeu.fr\/wp-content\/uploads\/2022\/03\/richard-coeur-de-lion-150x150.jpg 150w\" sizes=\"(max-width: 458px) 100vw, 458px\" \/><figcaption>Boite du jeu \u00ab\u00a0Richard c\u0153ur de Lion\u00a0\u00bb<\/figcaption><\/figure><\/div>\n\n\n\n<p><br>Mississippi Queen&nbsp;est un&nbsp;jeu de soci\u00e9t\u00e9&nbsp;cr\u00e9\u00e9 par Werner Hodel et \u00e9dit\u00e9 en 1997 par&nbsp;Goldsieber.<\/p>\n\n\n\n<p>Les joueurs commandent des bateaux \u00e0 vapeur sur le Mississippi. Mais on ne sait pas \u00e0 l&rsquo;avance comment le fleuve fait ses m\u00e9andres. Au fur et \u00e0 mesure que les bateaux avancent, le paysage se d\u00e9couvre.<\/p>\n\n\n\n<p>Les joueurs doivent g\u00e9rer leur vitesse pour avancer vite mais aussi accoster \u00e0 vitesse r\u00e9duite pour embarquer les passagers.<\/p>\n\n\n\n<div class=\"wp-block-image\"><figure class=\"aligncenter\"><img loading=\"lazy\" decoding=\"async\" width=\"288\" height=\"300\" src=\"http:\/\/leconservatoiredujeu.fr\/wp-content\/uploads\/2019\/06\/86af90ec22f05a22002b58cefdc818a9baf6b74493a5dbe0b5728f0c88e1-288x300.png\" alt=\"\" class=\"wp-image-4525\" srcset=\"https:\/\/leconservatoiredujeu.fr\/wp-content\/uploads\/2019\/06\/86af90ec22f05a22002b58cefdc818a9baf6b74493a5dbe0b5728f0c88e1-288x300.png 288w, https:\/\/leconservatoiredujeu.fr\/wp-content\/uploads\/2019\/06\/86af90ec22f05a22002b58cefdc818a9baf6b74493a5dbe0b5728f0c88e1.png 300w\" sizes=\"(max-width: 288px) 100vw, 288px\" \/><figcaption>Boite du jeu <\/figcaption><\/figure><\/div>\n\n\n\n<p><strong><span style=\"text-decoration: underline;\">Source<\/span> :<\/strong> Reich der Spiele<\/p>\n\n\n\n<p><strong><span style=\"text-decoration: underline;\">Cr\u00e9dit<\/span> :<\/strong> 1jour1jeux.fr<\/p>\n\n\n\n<p class=\"has-text-align-right\">M.a.J &#8211; F\u00e9vrier 2022<\/p>\n","protected":false},"excerpt":{"rendered":"<p>Historique : Goldsieber&nbsp;est un&nbsp;\u00e9diteur&nbsp;de&nbsp;jeux de soci\u00e9t\u00e9&nbsp;bas\u00e9 en&nbsp;Allemagne&nbsp;\u00e0&nbsp;F\u00fcrth. Sa production est bas\u00e9e sur les jeux d&rsquo;auteurs, qu&rsquo;il s&rsquo;agisse de grands jeux, de jeux en bois, de jeux de cartes originaux ou de jeux pour enfants. Depuis le&nbsp;1er&nbsp;janvier 2002, Goldsieber a rejoint &hellip; <a href=\"https:\/\/leconservatoiredujeu.fr\/index.php\/goldsieber-spiele\/\">Continuer la lecture <span class=\"meta-nav\">&rarr;<\/span><\/a><\/p>\n","protected":false},"author":1,"featured_media":0,"parent":0,"menu_order":0,"comment_status":"closed","ping_status":"closed","template":"","meta":{"footnotes":""},"_links":{"self":[{"href":"https:\/\/leconservatoiredujeu.fr\/index.php\/wp-json\/wp\/v2\/pages\/4521"}],"collection":[{"href":"https:\/\/leconservatoiredujeu.fr\/index.php\/wp-json\/wp\/v2\/pages"}],"about":[{"href":"https:\/\/leconservatoiredujeu.fr\/index.php\/wp-json\/wp\/v2\/types\/page"}],"author":[{"embeddable":true,"href":"https:\/\/leconservatoiredujeu.fr\/index.php\/wp-json\/wp\/v2\/users\/1"}],"replies":[{"embeddable":true,"href":"https:\/\/leconservatoiredujeu.fr\/index.php\/wp-json\/wp\/v2\/comments?post=4521"}],"version-history":[{"count":3,"href":"https:\/\/leconservatoiredujeu.fr\/index.php\/wp-json\/wp\/v2\/pages\/4521\/revisions"}],"predecessor-version":[{"id":12535,"href":"https:\/\/leconservatoiredujeu.fr\/index.php\/wp-json\/wp\/v2\/pages\/4521\/revisions\/12535"}],"wp:attachment":[{"href":"https:\/\/leconservatoiredujeu.fr\/index.php\/wp-json\/wp\/v2\/media?parent=4521"}],"curies":[{"name":"wp","href":"https:\/\/api.w.org\/{rel}","templated":true}]}}