{"id":4517,"date":"2019-06-25T10:00:14","date_gmt":"2019-06-25T08:00:14","guid":{"rendered":"http:\/\/leconservatoiredujeu.fr\/?page_id=4517"},"modified":"2022-04-27T16:51:33","modified_gmt":"2022-04-27T14:51:33","slug":"filosofia","status":"publish","type":"page","link":"https:\/\/leconservatoiredujeu.fr\/index.php\/filosofia\/","title":{"rendered":"Filosofia"},"content":{"rendered":"\n<div class=\"wp-block-image is-style-default\"><figure class=\"aligncenter size-large\"><img loading=\"lazy\" decoding=\"async\" width=\"256\" height=\"256\" src=\"http:\/\/leconservatoiredujeu.fr\/wp-content\/uploads\/2020\/08\/1-3.jpg\" alt=\"\" class=\"wp-image-10040\" srcset=\"https:\/\/leconservatoiredujeu.fr\/wp-content\/uploads\/2020\/08\/1-3.jpg 256w, https:\/\/leconservatoiredujeu.fr\/wp-content\/uploads\/2020\/08\/1-3-150x150.jpg 150w\" sizes=\"(max-width: 256px) 100vw, 256px\" \/><\/figure><\/div>\n\n\n\n<p class=\"has-white-color has-text-color\">Ligne<\/p>\n\n\n\n<p><strong>Historique<\/strong><\/p>\n\n\n\n<p>Filosofia&nbsp;est une soci\u00e9t\u00e9 de distribution de&nbsp;jeux de soci\u00e9t\u00e9, co fond\u00e9e par Martin Tremblay et Sophie Gravel en 2002, bas\u00e9 pr\u00e8s de&nbsp;Montr\u00e9al&nbsp;au&nbsp;Canada&nbsp;o\u00f9 il diffuse les jeux de tr\u00e8s nombreux \u00e9diteurs \u00e9trangers, allemands, fran\u00e7ais, am\u00e9ricains ou belges.<\/p>\n\n\n\n<p>Fond\u00e9e en 2001, Filosofia est une soci\u00e9t\u00e9 active dans l\u2019industrie du jeu de soci\u00e9t\u00e9. Elle a commenc\u00e9 sa carri\u00e8re en tant qu\u2019entreprise de distribution et s\u2019est impos\u00e9e comme un \u00e9diteur s\u00e9rieux.&nbsp;Cela lui a permis de nouer de solides relations avec de nombreux \u00e9diteurs du monde entier.&nbsp;Filosofia est aujourd&rsquo;hui l&rsquo;un des premiers \u00e9diteurs fran\u00e7ais de jeux de soci\u00e9t\u00e9.<\/p>\n\n\n\n<p>Depuis 2006, Filosofia est \u00e9galement \u00e9diteur de jeux de soci\u00e9t\u00e9. Ses premi\u00e8res \u00e9ditions sont les jeux en version francophone de la s\u00e9rie des&nbsp;Colons de Catane.<\/p>\n\n\n\n<figure class=\"wp-block-gallery columns-2 is-cropped wp-block-gallery-1 is-layout-flex wp-block-gallery-is-layout-flex\"><ul class=\"blocks-gallery-grid\"><li class=\"blocks-gallery-item\"><figure><img loading=\"lazy\" decoding=\"async\" width=\"319\" height=\"355\" src=\"http:\/\/leconservatoiredujeu.fr\/wp-content\/uploads\/2020\/08\/SER.jpg\" alt=\"\" data-id=\"10045\" data-full-url=\"http:\/\/leconservatoiredujeu.fr\/wp-content\/uploads\/2020\/08\/SER.jpg\" data-link=\"http:\/\/leconservatoiredujeu.fr\/index.php\/filosofia\/ser\/\" class=\"wp-image-10045\" srcset=\"https:\/\/leconservatoiredujeu.fr\/wp-content\/uploads\/2020\/08\/SER.jpg 319w, https:\/\/leconservatoiredujeu.fr\/wp-content\/uploads\/2020\/08\/SER-270x300.jpg 270w\" sizes=\"(max-width: 319px) 100vw, 319px\" \/><\/figure><\/li><li class=\"blocks-gallery-item\"><figure><img loading=\"lazy\" decoding=\"async\" width=\"500\" height=\"506\" src=\"http:\/\/leconservatoiredujeu.fr\/wp-content\/uploads\/2020\/08\/SER2.jpg\" alt=\"\" data-id=\"10046\" data-full-url=\"http:\/\/leconservatoiredujeu.fr\/wp-content\/uploads\/2020\/08\/SER2.jpg\" data-link=\"http:\/\/leconservatoiredujeu.fr\/index.php\/filosofia\/ser2\/\" class=\"wp-image-10046\" srcset=\"https:\/\/leconservatoiredujeu.fr\/wp-content\/uploads\/2020\/08\/SER2.jpg 500w, https:\/\/leconservatoiredujeu.fr\/wp-content\/uploads\/2020\/08\/SER2-296x300.jpg 296w\" sizes=\"(max-width: 500px) 100vw, 500px\" \/><\/figure><\/li><\/ul><\/figure>\n\n\n\n<p>Depuis la publication de son premier jeu en 2006, Filosofia Editions a augment\u00e9 le nombre de partenaires \u00e9trangers avec lesquels il travaille, permettant \u00e0 Filosofia Editions de commercialiser ses jeux sur le march\u00e9 fran\u00e7ais.&nbsp;Filosofia Edition a d\u00e9j\u00e0 publi\u00e9 plus de 100 titres vendus dans les pays francophones.&nbsp;Filosofia Edition d\u00e9veloppe \u00e9galement sa propre s\u00e9rie de jeux, qui sont ensuite traduits dans plus d&rsquo;une douzaine de langues.<\/p>\n\n\n\n<p>En 2011, la soci\u00e9t\u00e9 rach\u00e8te&nbsp;Z-Man Games. L&rsquo;entreprise d\u00e9m\u00e9nage \u00e0&nbsp;Rigaud.<\/p>\n\n\n\n<p>En 2014, l&rsquo;entreprise constitu\u00e9 de&nbsp;<em>Filosofia<\/em>&nbsp;et&nbsp;<em>Z-Man Games<\/em>&nbsp;devient F2Z Entertainment<\/p>\n\n\n\n<p>En 2016, F2Z Entertainement est rachet\u00e9 par&nbsp;<a href=\"http:\/\/leconservatoiredujeu.fr\/index.php\/asmodee\/\">Asmodee \u00c9ditions<\/a>.<\/p>\n\n\n\n<div class=\"wp-block-image is-style-default\"><figure class=\"aligncenter size-medium\"><img loading=\"lazy\" decoding=\"async\" width=\"300\" height=\"131\" src=\"http:\/\/leconservatoiredujeu.fr\/wp-content\/uploads\/2020\/08\/F2Z-300x131.jpeg\" alt=\"\" class=\"wp-image-10044\" srcset=\"https:\/\/leconservatoiredujeu.fr\/wp-content\/uploads\/2020\/08\/F2Z-300x131.jpeg 300w, https:\/\/leconservatoiredujeu.fr\/wp-content\/uploads\/2020\/08\/F2Z-768x335.jpeg 768w, https:\/\/leconservatoiredujeu.fr\/wp-content\/uploads\/2020\/08\/F2Z-500x218.jpeg 500w, https:\/\/leconservatoiredujeu.fr\/wp-content\/uploads\/2020\/08\/F2Z.jpeg 900w\" sizes=\"(max-width: 300px) 100vw, 300px\" \/><\/figure><\/div>\n\n\n\n<figure class=\"wp-block-gallery columns-3 is-cropped wp-block-gallery-2 is-layout-flex wp-block-gallery-is-layout-flex\"><ul class=\"blocks-gallery-grid\"><li class=\"blocks-gallery-item\"><figure><img loading=\"lazy\" decoding=\"async\" width=\"350\" height=\"350\" src=\"http:\/\/leconservatoiredujeu.fr\/wp-content\/uploads\/2020\/08\/JEU1-3.jpg\" alt=\"\" data-id=\"10041\" data-full-url=\"http:\/\/leconservatoiredujeu.fr\/wp-content\/uploads\/2020\/08\/JEU1-3.jpg\" data-link=\"http:\/\/leconservatoiredujeu.fr\/index.php\/filosofia\/jeu1-3-2\/\" class=\"wp-image-10041\" srcset=\"https:\/\/leconservatoiredujeu.fr\/wp-content\/uploads\/2020\/08\/JEU1-3.jpg 350w, https:\/\/leconservatoiredujeu.fr\/wp-content\/uploads\/2020\/08\/JEU1-3-300x300.jpg 300w, https:\/\/leconservatoiredujeu.fr\/wp-content\/uploads\/2020\/08\/JEU1-3-150x150.jpg 150w\" sizes=\"(max-width: 350px) 100vw, 350px\" \/><\/figure><\/li><li class=\"blocks-gallery-item\"><figure><img loading=\"lazy\" decoding=\"async\" width=\"287\" height=\"300\" src=\"http:\/\/leconservatoiredujeu.fr\/wp-content\/uploads\/2020\/08\/JEU2-4.jpg\" alt=\"\" data-id=\"10042\" data-full-url=\"http:\/\/leconservatoiredujeu.fr\/wp-content\/uploads\/2020\/08\/JEU2-4.jpg\" data-link=\"http:\/\/leconservatoiredujeu.fr\/index.php\/filosofia\/jeu2-4\/\" class=\"wp-image-10042\"\/><\/figure><\/li><li class=\"blocks-gallery-item\"><figure><img loading=\"lazy\" decoding=\"async\" width=\"382\" height=\"384\" src=\"http:\/\/leconservatoiredujeu.fr\/wp-content\/uploads\/2020\/08\/JEU3-1.jpeg\" alt=\"\" data-id=\"10043\" data-full-url=\"http:\/\/leconservatoiredujeu.fr\/wp-content\/uploads\/2020\/08\/JEU3-1.jpeg\" data-link=\"http:\/\/leconservatoiredujeu.fr\/index.php\/filosofia\/jeu3-1\/\" class=\"wp-image-10043\" srcset=\"https:\/\/leconservatoiredujeu.fr\/wp-content\/uploads\/2020\/08\/JEU3-1.jpeg 382w, https:\/\/leconservatoiredujeu.fr\/wp-content\/uploads\/2020\/08\/JEU3-1-298x300.jpeg 298w, https:\/\/leconservatoiredujeu.fr\/wp-content\/uploads\/2020\/08\/JEU3-1-150x150.jpeg 150w\" sizes=\"(max-width: 382px) 100vw, 382px\" \/><\/figure><\/li><\/ul><\/figure>\n\n\n\n<p class=\"has-white-color has-text-color\">Ligne<\/p>\n\n\n\n<p><strong><u>Liens<\/u><\/strong><\/p>\n\n\n\n<p>Site de la marque<a href=\"https:\/\/fr.asmodee.com\/fr\/index\/\"> Asmodee<\/a><\/p>\n\n\n\n<p class=\"has-text-align-left\"><strong><span style=\"text-decoration: underline;\">Source<\/span> : <\/strong>Wikip\u00e9dia<\/p>\n\n\n\n<p class=\"has-text-align-right\">Le Conservatoire du Jeu &#8211; Avril 2022<\/p>\n","protected":false},"excerpt":{"rendered":"<p>Ligne Historique Filosofia&nbsp;est une soci\u00e9t\u00e9 de distribution de&nbsp;jeux de soci\u00e9t\u00e9, co fond\u00e9e par Martin Tremblay et Sophie Gravel en 2002, bas\u00e9 pr\u00e8s de&nbsp;Montr\u00e9al&nbsp;au&nbsp;Canada&nbsp;o\u00f9 il diffuse les jeux de tr\u00e8s nombreux \u00e9diteurs \u00e9trangers, allemands, fran\u00e7ais, am\u00e9ricains ou belges. Fond\u00e9e en 2001, &hellip; <a href=\"https:\/\/leconservatoiredujeu.fr\/index.php\/filosofia\/\">Continuer la lecture <span class=\"meta-nav\">&rarr;<\/span><\/a><\/p>\n","protected":false},"author":1,"featured_media":10040,"parent":0,"menu_order":0,"comment_status":"closed","ping_status":"closed","template":"","meta":{"footnotes":""},"_links":{"self":[{"href":"https:\/\/leconservatoiredujeu.fr\/index.php\/wp-json\/wp\/v2\/pages\/4517"}],"collection":[{"href":"https:\/\/leconservatoiredujeu.fr\/index.php\/wp-json\/wp\/v2\/pages"}],"about":[{"href":"https:\/\/leconservatoiredujeu.fr\/index.php\/wp-json\/wp\/v2\/types\/page"}],"author":[{"embeddable":true,"href":"https:\/\/leconservatoiredujeu.fr\/index.php\/wp-json\/wp\/v2\/users\/1"}],"replies":[{"embeddable":true,"href":"https:\/\/leconservatoiredujeu.fr\/index.php\/wp-json\/wp\/v2\/comments?post=4517"}],"version-history":[{"count":3,"href":"https:\/\/leconservatoiredujeu.fr\/index.php\/wp-json\/wp\/v2\/pages\/4517\/revisions"}],"predecessor-version":[{"id":12928,"href":"https:\/\/leconservatoiredujeu.fr\/index.php\/wp-json\/wp\/v2\/pages\/4517\/revisions\/12928"}],"wp:featuredmedia":[{"embeddable":true,"href":"https:\/\/leconservatoiredujeu.fr\/index.php\/wp-json\/wp\/v2\/media\/10040"}],"wp:attachment":[{"href":"https:\/\/leconservatoiredujeu.fr\/index.php\/wp-json\/wp\/v2\/media?parent=4517"}],"curies":[{"name":"wp","href":"https:\/\/api.w.org\/{rel}","templated":true}]}}