{"id":4508,"date":"2019-06-25T09:39:54","date_gmt":"2019-06-25T07:39:54","guid":{"rendered":"http:\/\/leconservatoiredujeu.fr\/?page_id=4508"},"modified":"2022-04-27T15:10:57","modified_gmt":"2022-04-27T13:10:57","slug":"matagot","status":"publish","type":"page","link":"https:\/\/leconservatoiredujeu.fr\/index.php\/matagot\/","title":{"rendered":"\u00c9ditions Matagot"},"content":{"rendered":"\n<div class=\"wp-block-image\"><figure class=\"aligncenter\"><img loading=\"lazy\" decoding=\"async\" width=\"283\" height=\"300\" src=\"http:\/\/leconservatoiredujeu.fr\/wp-content\/uploads\/2019\/06\/matagot_logo_2-283x300.png\" alt=\"\" class=\"wp-image-4509\" srcset=\"https:\/\/leconservatoiredujeu.fr\/wp-content\/uploads\/2019\/06\/matagot_logo_2-283x300.png 283w, https:\/\/leconservatoiredujeu.fr\/wp-content\/uploads\/2019\/06\/matagot_logo_2.png 486w\" sizes=\"(max-width: 283px) 100vw, 283px\" \/><\/figure><\/div>\n\n\n\n<p><span style=\"text-decoration: underline;\"><strong>Historique<\/strong><\/span><\/p>\n\n\n\n<p>En 2005, Hicham Ayoub Bedran fonde les \u00e9ditions du Matagot en d\u00e9butant par la publication de jeux de r\u00f4le \u00e0 l\u2019instar de <em>Cendres<\/em>&nbsp;ou encore&nbsp;<em>Te Deum pour un Massacre,&nbsp;<\/em>avant de se lancer dans la cr\u00e9ation de jeux de plateau. Puis, Hicham est rejoint par Arnaud Charpentier<em>.<\/em>&nbsp;Les deux associ\u00e9s ont des profils bien diff\u00e9rents, puisqu\u2019\u00e0 l\u2019origine, Hicham est issu du monde de l\u2019\u00e9dition et du jeu, ayant d\u00e9j\u00e0 endoss\u00e9 le r\u00f4le de r\u00e9dacteur en chef et \u00e9tant tr\u00e8s alerte sur les questions de contenu \u00e9ditorial, de mise en forme et de fabrication. Arnaud, quant \u00e0 lui, est form\u00e9 au management et \u00e0 la finance et est un passionn\u00e9 de jeux.<\/p>\n\n\n\n<div class=\"wp-block-image\"><figure class=\"aligncenter\"><img loading=\"lazy\" decoding=\"async\" width=\"300\" height=\"300\" src=\"http:\/\/leconservatoiredujeu.fr\/wp-content\/uploads\/2019\/06\/te-deum-pour-un-massacre-seconde-edition-300x300.jpg\" alt=\"\" class=\"wp-image-4569\" srcset=\"https:\/\/leconservatoiredujeu.fr\/wp-content\/uploads\/2019\/06\/te-deum-pour-un-massacre-seconde-edition-300x300.jpg 300w, https:\/\/leconservatoiredujeu.fr\/wp-content\/uploads\/2019\/06\/te-deum-pour-un-massacre-seconde-edition-150x150.jpg 150w, https:\/\/leconservatoiredujeu.fr\/wp-content\/uploads\/2019\/06\/te-deum-pour-un-massacre-seconde-edition-768x768.jpg 768w, https:\/\/leconservatoiredujeu.fr\/wp-content\/uploads\/2019\/06\/te-deum-pour-un-massacre-seconde-edition.jpg 800w\" sizes=\"(max-width: 300px) 100vw, 300px\" \/><\/figure><\/div>\n\n\n\n<p>Le matagot, c\u2019est tout d\u2019abord une identit\u00e9 tr\u00e8s fran\u00e7aise. Les l\u00e9gendes du folklore fran\u00e7ais racontent que le matagot est un chat fantastique qu\u2019il faudrait capturer dans un grand sac afin de le ramener chez soi. Celui qui ch\u00e9rit le matagot se verra offrir un louis d\u2019or chaque matin dans le coffre o\u00f9 l\u2019animal se repose.<\/p>\n\n\n\n<p>C\u2019est ainsi que le logo de l\u2019entreprise a toujours \u00e9t\u00e9 un coffre entrouvert laissant voir deux yeux jaunes malicieux et la queue du chat. Notre devise, \u00ab\u2009Nos jeux ont une \u00e2me\u2009\u00bb, t\u00e9moigne de notre volont\u00e9 de conf\u00e9rer \u00e0 chaque jeu un v\u00e9ritable univers, une appr\u00e9hension qui va bien au del\u00e0 d\u2019une simple boite et qui renferme quelque chose de plus magique.<\/p>\n\n\n\n<p>En 2006, lorsque Matagot \u00e9dite ses premiers jeux, avec <em>\u00e9xp\u00e9dition Altiplano&nbsp;<\/em>et <em>Tomahawk <\/em>qui sont des jeux sp\u00e9cifiquement pens\u00e9s pour deux joueurs. Matagot est alors une toute petite entreprise o\u00f9 l\u2019on travaille dans un bureau en sous-sol. La m\u00eame ann\u00e9e, le jeu XL&nbsp;<em>Khronos<\/em> va inaugurer la section EXPERT du catalogue avec sa m\u00e9canique c\u00e9r\u00e9brale solide; il va donner une vraie impulsion \u00e0 Matagot et inaugurera l\u2019exigence et la qualit\u00e9 future du mat\u00e9riel de la marque. Matagot prend le parti pris original de communiquer grandement sur ce jeu, se voulant d\u00e9j\u00e0 proche de sa communaut\u00e9, avec des teasers d\u2019exception pour l\u2019\u00e9poque ainsi que de nombreux sites d\u00e9di\u00e9s aux jeux qui sortent, notamment pour <em>Utopia<\/em>&nbsp;et&nbsp;<em>G\u00e9ant de l\u2019\u00cele de P\u00e2ques.<\/em><\/p>\n\n\n\n<div class=\"wp-block-image\"><figure class=\"aligncenter\"><img loading=\"lazy\" decoding=\"async\" width=\"300\" height=\"232\" src=\"http:\/\/leconservatoiredujeu.fr\/wp-content\/uploads\/2019\/06\/640462fa2b89932aa09753580a459e8cb5e6-300x232.jpeg\" alt=\"\" class=\"wp-image-4510\"\/><\/figure><\/div>\n\n\n\n<p>Matagot travaille tr\u00e8s vite avec des auteurs de renoms et se fait rapidement une place de choix sur le march\u00e9. En 2009, c\u2019est la cons\u00e9cration avec le jeu&nbsp;<em>Cyclades<\/em>&nbsp;qui verra para\u00eetre de nombreuses extensions et demeure un hit incontournable de la gamme Expert. La m\u00eame ann\u00e9e, para\u00eet le cultissime&nbsp;<em>Dice Town&nbsp;<\/em>et sa th\u00e9matique western, portant les valeurs du divertissement entre amis cher \u00e0 la marque.<\/p>\n\n\n\n<div class=\"wp-block-image\"><figure class=\"aligncenter\"><img loading=\"lazy\" decoding=\"async\" width=\"300\" height=\"300\" src=\"http:\/\/leconservatoiredujeu.fr\/wp-content\/uploads\/2019\/06\/9363-300x300.jpg\" alt=\"\" class=\"wp-image-4511\" srcset=\"https:\/\/leconservatoiredujeu.fr\/wp-content\/uploads\/2019\/06\/9363-300x300.jpg 300w, https:\/\/leconservatoiredujeu.fr\/wp-content\/uploads\/2019\/06\/9363-150x150.jpg 150w, https:\/\/leconservatoiredujeu.fr\/wp-content\/uploads\/2019\/06\/9363.jpg 372w\" sizes=\"(max-width: 300px) 100vw, 300px\" \/><\/figure><\/div>\n\n\n\n<div class=\"wp-block-image\"><figure class=\"aligncenter\"><img loading=\"lazy\" decoding=\"async\" width=\"252\" height=\"300\" src=\"http:\/\/leconservatoiredujeu.fr\/wp-content\/uploads\/2019\/06\/takenoko-p-image-68080-grande-252x300.jpg\" alt=\"\" class=\"wp-image-4512\" srcset=\"https:\/\/leconservatoiredujeu.fr\/wp-content\/uploads\/2019\/06\/takenoko-p-image-68080-grande-252x300.jpg 252w, https:\/\/leconservatoiredujeu.fr\/wp-content\/uploads\/2019\/06\/takenoko-p-image-68080-grande.jpg 630w\" sizes=\"(max-width: 252px) 100vw, 252px\" \/><\/figure><\/div>\n\n\n\n<p>Jusqu\u2019ici cantonn\u00e9 \u00e0 un domaine tr\u00e8s sp\u00e9cialiste, Matagot prend un autre tournant en 2011, avec le succ\u00e8s du tr\u00e8s populaire <em>Takenoko,&nbsp;<\/em>avec plus de 300 000 exemplaires \u00e9coul\u00e9s; le jeu est \u00e9dit\u00e9 aux c\u00f4t\u00e9s des \u00e9ditions Bombyx, agrandissant le catalogue vers des cat\u00e9gories plus familiales.<br>Ce qui \u00e9tait une petite entreprise sans salari\u00e9s fixes va alors \u00e9voluer. Matagot s\u2019entoure toujours de passionn\u00e9s de jeux et commence \u00e0 voir se distinguer diff\u00e9rents p\u00f4les de communication, cr\u00e9ation et logistique.<br><\/p>\n\n\n\n<p>Derni\u00e8rement, en 2017, l\u2019entreprise a investi de nouveaux locaux \u00e0 Paris o\u00f9 l\u2019\u00e9quipe travaille \u00e0 la cr\u00e9ation des prochains jeux. Retour aux origines, l\u2019entreprise s\u2019\u00e9tabli \u00e0 nouveau en sous-sol, mais fini le petit bureau, cette fois, place aux grands locaux !<\/p>\n\n\n\n<p><strong><u>Liens<\/u><\/strong><\/p>\n\n\n\n<p>Site d&rsquo;<a href=\"https:\/\/www.matagot.com\/\">\u00c9dition Matagot<\/a><\/p>\n","protected":false},"excerpt":{"rendered":"<p>Historique En 2005, Hicham Ayoub Bedran fonde les \u00e9ditions du Matagot en d\u00e9butant par la publication de jeux de r\u00f4le \u00e0 l\u2019instar de Cendres&nbsp;ou encore&nbsp;Te Deum pour un Massacre,&nbsp;avant de se lancer dans la cr\u00e9ation de jeux de plateau. Puis, &hellip; <a href=\"https:\/\/leconservatoiredujeu.fr\/index.php\/matagot\/\">Continuer la lecture <span class=\"meta-nav\">&rarr;<\/span><\/a><\/p>\n","protected":false},"author":1,"featured_media":0,"parent":0,"menu_order":0,"comment_status":"closed","ping_status":"closed","template":"","meta":{"footnotes":""},"_links":{"self":[{"href":"https:\/\/leconservatoiredujeu.fr\/index.php\/wp-json\/wp\/v2\/pages\/4508"}],"collection":[{"href":"https:\/\/leconservatoiredujeu.fr\/index.php\/wp-json\/wp\/v2\/pages"}],"about":[{"href":"https:\/\/leconservatoiredujeu.fr\/index.php\/wp-json\/wp\/v2\/types\/page"}],"author":[{"embeddable":true,"href":"https:\/\/leconservatoiredujeu.fr\/index.php\/wp-json\/wp\/v2\/users\/1"}],"replies":[{"embeddable":true,"href":"https:\/\/leconservatoiredujeu.fr\/index.php\/wp-json\/wp\/v2\/comments?post=4508"}],"version-history":[{"count":4,"href":"https:\/\/leconservatoiredujeu.fr\/index.php\/wp-json\/wp\/v2\/pages\/4508\/revisions"}],"predecessor-version":[{"id":12910,"href":"https:\/\/leconservatoiredujeu.fr\/index.php\/wp-json\/wp\/v2\/pages\/4508\/revisions\/12910"}],"wp:attachment":[{"href":"https:\/\/leconservatoiredujeu.fr\/index.php\/wp-json\/wp\/v2\/media?parent=4508"}],"curies":[{"name":"wp","href":"https:\/\/api.w.org\/{rel}","templated":true}]}}