{"id":4500,"date":"2019-06-24T16:46:48","date_gmt":"2019-06-24T14:46:48","guid":{"rendered":"http:\/\/leconservatoiredujeu.fr\/?page_id=4500"},"modified":"2022-04-27T09:22:24","modified_gmt":"2022-04-27T07:22:24","slug":"djeco","status":"publish","type":"page","link":"https:\/\/leconservatoiredujeu.fr\/index.php\/djeco\/","title":{"rendered":"Djeco"},"content":{"rendered":"\n<div class=\"wp-block-image is-style-default\"><figure class=\"aligncenter size-large\"><img loading=\"lazy\" decoding=\"async\" width=\"300\" height=\"199\" src=\"http:\/\/leconservatoiredujeu.fr\/wp-content\/uploads\/2020\/08\/1111.gif\" alt=\"\" class=\"wp-image-9990\"\/><\/figure><\/div>\n\n\n\n<p class=\"has-white-color has-text-color\">Ligne<\/p>\n\n\n\n<p><strong>Historique<\/strong><\/p>\n\n\n\n<p>Djeco&nbsp;est un&nbsp;fabricant&nbsp;fran\u00e7ais de&nbsp;jouets&nbsp;originaire de&nbsp;Paris, sp\u00e9cialis\u00e9 principalement dans les jouets pour enfants. La soci\u00e9t\u00e9 a \u00e9t\u00e9&nbsp;fond\u00e9e&nbsp;en&nbsp;1954&nbsp;par la m\u00e8re du propri\u00e9taire actuel, Frederick Michel Dales.&nbsp;Elle a ouvert une petite boutique pour laisser sa place \u00e0 sa passion pour les jouets.&nbsp;Dales a repris l&rsquo;entreprise de sa m\u00e8re en 1990 et est devenu le leader du march\u00e9.<\/p>\n\n\n\n<p>Djeco propose une large gamme de kits de bricolage , de figurines \u00e0 dessiner, de lampes, de blocs empilables et de puzzles. Les produits se distinguent des autres fabricants par leurs qualit\u00e9s artistiques, de sorte que les bo\u00eetes de puzzles ont la forme du sujet du puzzle (par exemple, un ch\u00e2teau ou une vache).<\/p>\n\n\n\n<figure class=\"wp-block-gallery columns-2 is-cropped wp-block-gallery-1 is-layout-flex wp-block-gallery-is-layout-flex\"><ul class=\"blocks-gallery-grid\"><li class=\"blocks-gallery-item\"><figure><img loading=\"lazy\" decoding=\"async\" width=\"340\" height=\"340\" src=\"http:\/\/leconservatoiredujeu.fr\/wp-content\/uploads\/2020\/08\/FAMILOW-DJECO.jpg\" alt=\"\" data-id=\"9995\" data-full-url=\"http:\/\/leconservatoiredujeu.fr\/wp-content\/uploads\/2020\/08\/FAMILOW-DJECO.jpg\" data-link=\"http:\/\/leconservatoiredujeu.fr\/index.php\/djeco\/familow-djeco\/\" class=\"wp-image-9995\" srcset=\"https:\/\/leconservatoiredujeu.fr\/wp-content\/uploads\/2020\/08\/FAMILOW-DJECO.jpg 340w, https:\/\/leconservatoiredujeu.fr\/wp-content\/uploads\/2020\/08\/FAMILOW-DJECO-300x300.jpg 300w, https:\/\/leconservatoiredujeu.fr\/wp-content\/uploads\/2020\/08\/FAMILOW-DJECO-150x150.jpg 150w\" sizes=\"(max-width: 340px) 100vw, 340px\" \/><\/figure><\/li><li class=\"blocks-gallery-item\"><figure><img loading=\"lazy\" decoding=\"async\" width=\"767\" height=\"1024\" src=\"http:\/\/leconservatoiredujeu.fr\/wp-content\/uploads\/2020\/08\/HERO-DJECO-1-767x1024.jpg\" alt=\"\" data-id=\"9996\" data-full-url=\"http:\/\/leconservatoiredujeu.fr\/wp-content\/uploads\/2020\/08\/HERO-DJECO-1.jpg\" data-link=\"http:\/\/leconservatoiredujeu.fr\/index.php\/djeco\/hero-djeco-1\/\" class=\"wp-image-9996\" srcset=\"https:\/\/leconservatoiredujeu.fr\/wp-content\/uploads\/2020\/08\/HERO-DJECO-1-767x1024.jpg 767w, https:\/\/leconservatoiredujeu.fr\/wp-content\/uploads\/2020\/08\/HERO-DJECO-1-225x300.jpg 225w, https:\/\/leconservatoiredujeu.fr\/wp-content\/uploads\/2020\/08\/HERO-DJECO-1-768x1025.jpg 768w, https:\/\/leconservatoiredujeu.fr\/wp-content\/uploads\/2020\/08\/HERO-DJECO-1-1151x1536.jpg 1151w, https:\/\/leconservatoiredujeu.fr\/wp-content\/uploads\/2020\/08\/HERO-DJECO-1.jpg 1500w\" sizes=\"(max-width: 767px) 100vw, 767px\" \/><\/figure><\/li><\/ul><\/figure>\n\n\n\n<p>C&rsquo;est V\u00e9ronique Michel-Dal\u00e8s qui a cr\u00e9e sa petite entreprise, d\u00e8s 1954. Elle imagine des jeux d\u2019apprentissage comme le \u00abloto des quatre jeudis\u00bb ou \u00abMa maison des puces\u00bb. Beaux, intelligents et ludiques \u00e0 la fois, les jeux du Djeco, en r\u00e9f\u00e9rence au gecko, le petit l\u00e9zard porte-bonheur, connaissent un grand succ\u00e8s et sont r\u00e9compens\u00e9s par quatre Oscars du jouet dans les ann\u00e9es soixante.<\/p>\n\n\n\n<div class=\"wp-block-image is-style-default\"><figure class=\"aligncenter size-medium\"><img loading=\"lazy\" decoding=\"async\" width=\"300\" height=\"300\" src=\"http:\/\/leconservatoiredujeu.fr\/wp-content\/uploads\/2020\/08\/LOTO-300x300.jpg\" alt=\"\" class=\"wp-image-9994\" srcset=\"https:\/\/leconservatoiredujeu.fr\/wp-content\/uploads\/2020\/08\/LOTO-300x300.jpg 300w, https:\/\/leconservatoiredujeu.fr\/wp-content\/uploads\/2020\/08\/LOTO-150x150.jpg 150w, https:\/\/leconservatoiredujeu.fr\/wp-content\/uploads\/2020\/08\/LOTO.jpg 700w\" sizes=\"(max-width: 300px) 100vw, 300px\" \/><\/figure><\/div>\n\n\n\n<p>En 1989, le jeune homme d\u00e9cide de r\u00e9veiller Djeco et reprend pour terrain de jeu l\u2019affaire familiale. Il installe ses bureaux dans l\u2019ancien entrep\u00f4t. Au d\u00e9part, il sillonne les quatre coins de la plan\u00e8te et importe des jouets qui n\u2019existent pas en France. Sa vision du monde impr\u00e8gne encore la petite entreprise fran\u00e7aise. Puis il r\u00eave de jouets qu\u2019il ne trouve pas sur le march\u00e9. Il n\u2019a donc plus&#8230; qu\u2019\u00e0 les cr\u00e9er !<\/p>\n\n\n\n<p>En 1997, dou\u00e9 d\u2019une sensibilit\u00e9 artistique peu commune dans l\u2019univers du jouet, il invente une collection de jouets \u00e9ducatifs. Puzzles en bois, jouets en bois, puzzles en carton ouvrent la voie puis les gammes s\u2019agrandissent avec des jeux de cartes et des jeux de soci\u00e9t\u00e9.<\/p>\n\n\n\n<p>En 2007, des bo\u00eetes-ateliers originales r\u00e9volutionnent les loisirs cr\u00e9atifs. 2011 voit l\u2019arriv\u00e9e des figurines Arty toys \u00e0 l\u2019allure inclassable. Depuis, r\u00e9guli\u00e8rement naissent des collections totalement in\u00e9dites, con\u00e7ues par une direction artistique qui privil\u00e9gie graphisme, design et esth\u00e9tique.<\/p>\n\n\n\n<figure class=\"wp-block-gallery columns-2 is-cropped wp-block-gallery-2 is-layout-flex wp-block-gallery-is-layout-flex\"><ul class=\"blocks-gallery-grid\"><li class=\"blocks-gallery-item\"><figure><img loading=\"lazy\" decoding=\"async\" width=\"400\" height=\"400\" src=\"http:\/\/leconservatoiredujeu.fr\/wp-content\/uploads\/2020\/08\/FIGU-1.jpg\" alt=\"\" data-id=\"9991\" data-full-url=\"http:\/\/leconservatoiredujeu.fr\/wp-content\/uploads\/2020\/08\/FIGU-1.jpg\" data-link=\"http:\/\/leconservatoiredujeu.fr\/index.php\/djeco\/figu-1\/\" class=\"wp-image-9991\" srcset=\"https:\/\/leconservatoiredujeu.fr\/wp-content\/uploads\/2020\/08\/FIGU-1.jpg 400w, https:\/\/leconservatoiredujeu.fr\/wp-content\/uploads\/2020\/08\/FIGU-1-300x300.jpg 300w, https:\/\/leconservatoiredujeu.fr\/wp-content\/uploads\/2020\/08\/FIGU-1-150x150.jpg 150w\" sizes=\"(max-width: 400px) 100vw, 400px\" \/><\/figure><\/li><li class=\"blocks-gallery-item\"><figure><img loading=\"lazy\" decoding=\"async\" width=\"355\" height=\"342\" src=\"http:\/\/leconservatoiredujeu.fr\/wp-content\/uploads\/2020\/08\/FIGU2.jpg\" alt=\"\" data-id=\"9992\" data-full-url=\"http:\/\/leconservatoiredujeu.fr\/wp-content\/uploads\/2020\/08\/FIGU2.jpg\" data-link=\"http:\/\/leconservatoiredujeu.fr\/index.php\/djeco\/figu2\/\" class=\"wp-image-9992\" srcset=\"https:\/\/leconservatoiredujeu.fr\/wp-content\/uploads\/2020\/08\/FIGU2.jpg 355w, https:\/\/leconservatoiredujeu.fr\/wp-content\/uploads\/2020\/08\/FIGU2-300x289.jpg 300w, https:\/\/leconservatoiredujeu.fr\/wp-content\/uploads\/2020\/08\/FIGU2-311x300.jpg 311w\" sizes=\"(max-width: 355px) 100vw, 355px\" \/><\/figure><\/li><\/ul><\/figure>\n\n\n\n<p class=\"has-white-color has-text-color\">Ligne<\/p>\n\n\n\n<p><strong>Liens<\/strong> :<\/p>\n\n\n\n<p>Site de <a href=\"http:\/\/www.djeco.com\/fr\">Djeco<\/a><\/p>\n\n\n\n<p class=\"has-text-align-left\"><strong><span style=\"text-decoration: underline;\">Source<\/span> :<\/strong> Wikip\u00e9dia<\/p>\n\n\n\n<p class=\"has-text-align-right\">Le Conservatoire du Jeu &#8211; Avril 2022<\/p>\n","protected":false},"excerpt":{"rendered":"<p>Ligne Historique Djeco&nbsp;est un&nbsp;fabricant&nbsp;fran\u00e7ais de&nbsp;jouets&nbsp;originaire de&nbsp;Paris, sp\u00e9cialis\u00e9 principalement dans les jouets pour enfants. La soci\u00e9t\u00e9 a \u00e9t\u00e9&nbsp;fond\u00e9e&nbsp;en&nbsp;1954&nbsp;par la m\u00e8re du propri\u00e9taire actuel, Frederick Michel Dales.&nbsp;Elle a ouvert une petite boutique pour laisser sa place \u00e0 sa passion pour les jouets.&nbsp;Dales &hellip; <a href=\"https:\/\/leconservatoiredujeu.fr\/index.php\/djeco\/\">Continuer la lecture <span class=\"meta-nav\">&rarr;<\/span><\/a><\/p>\n","protected":false},"author":1,"featured_media":9990,"parent":0,"menu_order":0,"comment_status":"closed","ping_status":"closed","template":"","meta":{"footnotes":""},"_links":{"self":[{"href":"https:\/\/leconservatoiredujeu.fr\/index.php\/wp-json\/wp\/v2\/pages\/4500"}],"collection":[{"href":"https:\/\/leconservatoiredujeu.fr\/index.php\/wp-json\/wp\/v2\/pages"}],"about":[{"href":"https:\/\/leconservatoiredujeu.fr\/index.php\/wp-json\/wp\/v2\/types\/page"}],"author":[{"embeddable":true,"href":"https:\/\/leconservatoiredujeu.fr\/index.php\/wp-json\/wp\/v2\/users\/1"}],"replies":[{"embeddable":true,"href":"https:\/\/leconservatoiredujeu.fr\/index.php\/wp-json\/wp\/v2\/comments?post=4500"}],"version-history":[{"count":4,"href":"https:\/\/leconservatoiredujeu.fr\/index.php\/wp-json\/wp\/v2\/pages\/4500\/revisions"}],"predecessor-version":[{"id":12903,"href":"https:\/\/leconservatoiredujeu.fr\/index.php\/wp-json\/wp\/v2\/pages\/4500\/revisions\/12903"}],"wp:featuredmedia":[{"embeddable":true,"href":"https:\/\/leconservatoiredujeu.fr\/index.php\/wp-json\/wp\/v2\/media\/9990"}],"wp:attachment":[{"href":"https:\/\/leconservatoiredujeu.fr\/index.php\/wp-json\/wp\/v2\/media?parent=4500"}],"curies":[{"name":"wp","href":"https:\/\/api.w.org\/{rel}","templated":true}]}}