{"id":4487,"date":"2019-06-24T15:47:02","date_gmt":"2019-06-24T13:47:02","guid":{"rendered":"http:\/\/leconservatoiredujeu.fr\/?page_id=4487"},"modified":"2022-04-26T17:48:32","modified_gmt":"2022-04-26T15:48:32","slug":"descartes","status":"publish","type":"page","link":"https:\/\/leconservatoiredujeu.fr\/index.php\/descartes\/","title":{"rendered":"Descartes"},"content":{"rendered":"\n<div class=\"wp-block-image is-style-default\"><figure class=\"aligncenter size-large is-resized\"><img loading=\"lazy\" decoding=\"async\" src=\"http:\/\/leconservatoiredujeu.fr\/wp-content\/uploads\/2020\/08\/1.jpg\" alt=\"\" class=\"wp-image-9974\" width=\"353\" height=\"273\"\/><\/figure><\/div>\n\n\n\n<p class=\"has-white-color has-text-color\">Ligne<\/p>\n\n\n\n<p><strong>Historique<\/strong><\/p>\n\n\n\n<p>Jeux Descartes a \u00e9t\u00e9 fond\u00e9e en 1977 et a cess\u00e9 ses activit\u00e9s en 2005. Ses actifs sont maintenant la propri\u00e9t\u00e9 de son rival&nbsp;<a href=\"http:\/\/leconservatoiredujeu.fr\/index.php\/asmodee\/\">Asmod\u00e9e \u00c9ditions<\/a>&nbsp;et sont vendus sous le&nbsp;<em>signe de Descartes Editeur<\/em>&nbsp;.<\/p>\n\n\n\n<p>La soci\u00e9t\u00e9 utilise les marques Descartes, Games for 2, Blue Games ou <a href=\"http:\/\/leconservatoiredujeu.fr\/index.php\/euro-games\/\">Eurogames<\/a>, ce dernier nom provenant d&rsquo;une soci\u00e9t\u00e9 rachet\u00e9e par Jeux Descartes.<\/p>\n\n\n\n<p>Jeux Descartes&nbsp;\u00e9tait un&nbsp;\u00e9diteur&nbsp;fran\u00e7ais&nbsp;de&nbsp;jeux&nbsp;de&nbsp;r\u00f4le&nbsp;et de&nbsp;jeux de soci\u00e9t\u00e9&nbsp;.&nbsp;Parmi les jeux les plus populaires, citons:&nbsp;<a href=\"http:\/\/leconservatoiredujeu.fr\/index.php\/euro-games\/\">Eurogames&nbsp;<\/a>, un ensemble de jeux de soci\u00e9t\u00e9 s\u00e9rieux, publi\u00e9 ant\u00e9rieurement par la&nbsp;soci\u00e9t\u00e9 ind\u00e9pendante&nbsp;de&nbsp;Duccio Vitale&nbsp;;&nbsp;Blue Games&nbsp;, petits jeux de cartes pour les grands groupes;&nbsp;et&nbsp;jeux pour deux&nbsp;.<\/p>\n\n\n\n<p>Jeux Descartes est cr\u00e9\u00e9 en 1977 par Peter Watts seul, dans le cadre de son cabinet de conseil European Particpative Methods (EPM France Sarl) Il \u00e9tait amateur de jeux, pigiste et critique de jeux dans&nbsp;<em>Science &amp; vie<\/em>. En 1979, EPM et le groupe de presse&nbsp;Excelsior Publications (Editeur de Science et Vie) cr\u00e9e Jeux Descartes Sarl. Par la suite, en parall\u00e8le, Excelsior cr\u00e9e le journal <em>Jeux et Strat\u00e9gie<\/em>&nbsp;et rach\u00e8te le magazine&nbsp;<em>Casus Belli<\/em>&nbsp;(cr\u00e9\u00e9 par&nbsp;Fran\u00e7ois Marcela-Froideval).<\/p>\n\n\n\n<p>Deux ann\u00e9es apr\u00e8s la cr\u00e9ation de la soci\u00e9t\u00e9 Jeux Descartes Sarl., un conflit oppose Excelsior et Peter Watts, ce dernier \u00e9tant \u00e9cart\u00e9 de la soci\u00e9t\u00e9 Jeux Descartes Sarl. dans des circonstances houleuses. Jeux Descartes devient filiale \u00e0 100 % d&rsquo;Excelsior.<\/p>\n\n\n\n<p>En 2005, Jeux Descartes rejoint le groupe<a href=\"http:\/\/leconservatoiredujeu.fr\/index.php\/asmodee\/\"> Asmod\u00e9e<\/a> qui reprend les cinq boutiques (Paris, Lyon et Bordeaux), les activit\u00e9s d&rsquo;\u00e9dition et celles de distribution. De ce fait, le catalogue de jeux est profond\u00e9ment remani\u00e9. Certains jeux changent d&rsquo;\u00e9diteur ou de distributeur. D&rsquo;autres restent sous la marque <em>Descartes<\/em>&nbsp;ou&nbsp;<em><a href=\"http:\/\/leconservatoiredujeu.fr\/index.php\/euro-games\/\">Eurogames<\/a><\/em>, ou passent sous la marque Asmod\u00e9e.<\/p>\n\n\n\n<p><span class=\"has-inline-color has-white-color\">ligne<\/span><\/p>\n\n\n\n<p><strong>Quelques jeux&#8230;<\/strong><\/p>\n\n\n\n<p><em>El Grande<\/em>&nbsp;est un&nbsp;jeu de soci\u00e9t\u00e9&nbsp;cr\u00e9\u00e9 par&nbsp;Wolfgang Kramer&nbsp;et&nbsp;Richard Ulrich. Il a \u00e9t\u00e9 publi\u00e9 par&nbsp;Jeux Descartes. Le plan comporte 9 r\u00e9gions d&rsquo;Espagne, un lieu sur lequel se trouve le ch\u00e2teau, une \u00e9chelle de scores autour du plan de jeu, une \u00e9chelle de tours comportant 9 parties et 3 \u00e9chelles de d\u00e9compte horizontales. Sur chaque r\u00e9gion se trouve un tableau de marque comportant trois cases carr\u00e9es qui indiquent sa valeur. Le joueur poss\u00e9dant le plus grand nombre de Caballeros marque les points indiqu\u00e9s dans la case la plus \u00e0 gauche, le deuxi\u00e8me joueur ceux indiqu\u00e9s dans la deuxi\u00e8me case. La partie se termine apr\u00e8s le&nbsp;3<sup>e<\/sup>&nbsp;d\u00e9compte g\u00e9n\u00e9ral. Le joueur dont le pion se trouve le plus loin sur l&rsquo;\u00e9chelle de scores est d\u00e9clar\u00e9 vainqueur et \u00ab\u00a0El Grande\u00a0\u00bb.<\/p>\n\n\n\n<figure class=\"wp-block-gallery aligncenter columns-2 is-cropped wp-block-gallery-1 is-layout-flex wp-block-gallery-is-layout-flex\"><ul class=\"blocks-gallery-grid\"><li class=\"blocks-gallery-item\"><figure><img loading=\"lazy\" decoding=\"async\" width=\"300\" height=\"220\" src=\"http:\/\/leconservatoiredujeu.fr\/wp-content\/uploads\/2020\/08\/3-el-grande.jpeg\" alt=\"\" data-id=\"9976\" class=\"wp-image-9976\"\/><\/figure><\/li><li class=\"blocks-gallery-item\"><figure><img loading=\"lazy\" decoding=\"async\" width=\"919\" height=\"600\" src=\"http:\/\/leconservatoiredujeu.fr\/wp-content\/uploads\/2020\/08\/el-grande-jeu.png\" alt=\"\" data-id=\"10466\" data-full-url=\"http:\/\/leconservatoiredujeu.fr\/wp-content\/uploads\/2020\/08\/el-grande-jeu.png\" data-link=\"http:\/\/leconservatoiredujeu.fr\/index.php\/descartes\/el-grande-jeu\/\" class=\"wp-image-10466\" srcset=\"https:\/\/leconservatoiredujeu.fr\/wp-content\/uploads\/2020\/08\/el-grande-jeu.png 919w, https:\/\/leconservatoiredujeu.fr\/wp-content\/uploads\/2020\/08\/el-grande-jeu-300x196.png 300w, https:\/\/leconservatoiredujeu.fr\/wp-content\/uploads\/2020\/08\/el-grande-jeu-768x501.png 768w, https:\/\/leconservatoiredujeu.fr\/wp-content\/uploads\/2020\/08\/el-grande-jeu-460x300.png 460w\" sizes=\"(max-width: 919px) 100vw, 919px\" \/><\/figure><\/li><\/ul><\/figure>\n\n\n\n<p><span class=\"has-inline-color has-white-color\">ligne<\/span><\/p>\n\n\n\n<p><em>Sherlock Holmes d\u00e9tective conseil<\/em>&nbsp;(Sherlock Holmes Consulting Detective) est un jeu d&rsquo;enqu\u00eate logico-d\u00e9ductif de Gary Grady, Suzanne Goldberg et Raymond Edwards, o\u00f9 les joueurs doivent r\u00e9soudre des \u00e9nigmes criminelles, en comp\u00e9tition amicale avec&nbsp;Sherlock Holmes.Pour cela, ils suivent des pistes dans un livret selon un principe apparent\u00e9 au&nbsp;livre dont vous \u00eates le h\u00e9ros, s&rsquo;appuyant sur les indices diss\u00e9min\u00e9s dans les diff\u00e9rents paragraphes suivis, ainsi que dans des coupures de presse, pour tenter de b\u00e2tir le bon raisonnement explicatif. Le jeu peut se jouer seul ou \u00e0 plusieurs, en mode comp\u00e9titif ou coop\u00e9ratif.<\/p>\n\n\n\n<p>Paru aux \u00c9tats-Unis de mani\u00e8re confidentielle en&nbsp;1981, puis de mani\u00e8re plus large en 1984 chez Sleuth Publications, le jeu a \u00e9t\u00e9 distribu\u00e9 en fran\u00e7ais par les&nbsp;\u00c9ditions Descartes&nbsp;en 1985 avant de conna\u00eetre une longue \u00e9clipse. Sherlock Holmes d\u00e9tective conseil conna\u00eet une seconde vie \u00e0 partir de 2011 et rencontre cette fois un large succ\u00e8s&nbsp;\u00e0 la suite de sa r\u00e9\u00e9dition chez l&rsquo;\u00e9diteur fran\u00e7ais&nbsp;Ystari, dans une version augment\u00e9e et am\u00e9lior\u00e9e \u00e0 la fois dans son contenu narratif, ses visuels et son ergonomie.<\/p>\n\n\n\n<p>En 2016, le jeu conna\u00eet une troisi\u00e8me incarnation chez l&rsquo;\u00e9diteur fran\u00e7ais&nbsp;<a href=\"http:\/\/leconservatoiredujeu.fr\/index.php\/space-cowboy\/\">Space Cowboys.<\/a><\/p>\n\n\n\n<figure class=\"wp-block-gallery aligncenter columns-2 is-cropped wp-block-gallery-2 is-layout-flex wp-block-gallery-is-layout-flex\"><ul class=\"blocks-gallery-grid\"><li class=\"blocks-gallery-item\"><figure><img loading=\"lazy\" decoding=\"async\" width=\"187\" height=\"300\" src=\"http:\/\/leconservatoiredujeu.fr\/wp-content\/uploads\/2020\/08\/4-cowboys.jpg\" alt=\"\" data-id=\"9977\" class=\"wp-image-9977\"\/><\/figure><\/li><li class=\"blocks-gallery-item\"><figure><img loading=\"lazy\" decoding=\"async\" width=\"650\" height=\"431\" src=\"http:\/\/leconservatoiredujeu.fr\/wp-content\/uploads\/2020\/08\/sherlock-holmes-detective-conseil-boite.jpg\" alt=\"\" data-id=\"10467\" data-full-url=\"http:\/\/leconservatoiredujeu.fr\/wp-content\/uploads\/2020\/08\/sherlock-holmes-detective-conseil-boite.jpg\" data-link=\"http:\/\/leconservatoiredujeu.fr\/index.php\/descartes\/sherlock-holmes-detective-conseil-boite\/\" class=\"wp-image-10467\" srcset=\"https:\/\/leconservatoiredujeu.fr\/wp-content\/uploads\/2020\/08\/sherlock-holmes-detective-conseil-boite.jpg 650w, https:\/\/leconservatoiredujeu.fr\/wp-content\/uploads\/2020\/08\/sherlock-holmes-detective-conseil-boite-300x199.jpg 300w, https:\/\/leconservatoiredujeu.fr\/wp-content\/uploads\/2020\/08\/sherlock-holmes-detective-conseil-boite-452x300.jpg 452w\" sizes=\"(max-width: 650px) 100vw, 650px\" \/><\/figure><\/li><\/ul><\/figure>\n\n\n\n<p class=\"has-white-color has-text-color\">Ligne<\/p>\n\n\n\n<h2 class=\"wp-block-heading\"><span style=\"text-decoration: underline;\">Quelques jeux \u00e9dit\u00e9s par Descartes<\/span><\/h2>\n\n\n\n<ul><li>Takito, 1977, Claude Vieux<\/li><li>Napol\u00e9on \u00e0 Austerlitz, 1977, repris \u00e0 l&rsquo;auteur en 1978, Jean-Pierre D\u00e9fieux<\/li><li>1870, 1978, repris \u00e0 l&rsquo;auteur en 1978, Jean-Pierre D\u00e9fieux<\/li><li>Magenta, 1978, Jean-Pierre D\u00e9fieux<\/li><li>Solf\u00e9rino, 1978, Jean-Pierre D\u00e9fieux<\/li><li>Junta, 1979, Vincent Tsao<\/li><li>Amiraut\u00e9, 1979, Paul Bois<\/li><li>Civilization, 1981, Francis Tresham<\/li><li>Cry Havoc, 1984, version fran\u00e7aise de Duccio Vitale<\/li><li>Sherlock Holmes d\u00e9tective conseil ou Sherlock Holmes Criminal-Cabinet, 1984, Gary Grady, Suzanne Goldberg, Raymond Edwards, Spiel des Jahres 1985<\/li><li>Armada, 1985, Patrice Pillet et Philippe des Palli\u00e8res, Pion d&rsquo;or jeux &amp; strat\u00e9gie 1986<\/li><li>Supr\u00e9matie, 1986, Robert J. Simpson<\/li><li>Res Publica Romana, 1990, Richard Berthold, Robert Haines et Don Greenwood<\/li><li>Formule D\u00e9, 1991, \u00c9ric Randall et Laurent Lavaur<\/li><li>Droids, 1991, Dominique Ehrhard<\/li><li>Diplomatie, 1994, Allan B. Calhamer (r\u00e9\u00e9dition)<\/li><li>Condottiere, 1995, Dominique Ehrhard, As d&rsquo;or Jeu de l&rsquo;ann\u00e9e 1995<\/li><li>El Grande, 1995, Wolfgang Kramer et Richard Ulrich, Spiel des Jahres 1996, Deutscher Spiele Preis 1996<\/li><li>M\u00e9diterran\u00e9e, 1996, Dominique Ehrhard<\/li><li>Europa 1945 2030, 1998, Duccio Vitale et Leo Colovini<\/li><li>Vinci, 1999, Philippe Keyaerts<\/li><li>Evo, 2000, Philippe Keyaerts, Games Magazine Awards 2002<\/li><li>Les Dragons du M\u00e9kong, 2000, Roberto Fraga<\/li><li>La Vall\u00e9e des mammouths, 2001, Bruno Faidutti (r\u00e9\u00e9dition)<\/li><li>L&rsquo;Or des dragons, 2001, Bruno Faidutti<\/li><li>Une vie de chien, 2001, Christophe Boelinger<\/li><li>Fantasy business, 2002, Christophe Boelinger<\/li><li>Tony &amp; Tino, 2002, Bruno Cathala<\/li><li>Sans foi ni loi, 2003, Bruno Cathala<\/li><li>Mare Nostrum, 2003, Serge Laget<\/li><\/ul>\n\n\n\n<figure class=\"wp-block-gallery columns-2 is-cropped wp-block-gallery-3 is-layout-flex wp-block-gallery-is-layout-flex\"><ul class=\"blocks-gallery-grid\"><li class=\"blocks-gallery-item\"><figure><img loading=\"lazy\" decoding=\"async\" width=\"420\" height=\"420\" src=\"http:\/\/leconservatoiredujeu.fr\/wp-content\/uploads\/2020\/08\/SOLFE.jpg\" alt=\"\" data-id=\"9981\" data-link=\"http:\/\/leconservatoiredujeu.fr\/index.php\/descartes\/solfe\/\" class=\"wp-image-9981\" srcset=\"https:\/\/leconservatoiredujeu.fr\/wp-content\/uploads\/2020\/08\/SOLFE.jpg 420w, https:\/\/leconservatoiredujeu.fr\/wp-content\/uploads\/2020\/08\/SOLFE-300x300.jpg 300w, https:\/\/leconservatoiredujeu.fr\/wp-content\/uploads\/2020\/08\/SOLFE-150x150.jpg 150w\" sizes=\"(max-width: 420px) 100vw, 420px\" \/><\/figure><\/li><li class=\"blocks-gallery-item\"><figure><img loading=\"lazy\" decoding=\"async\" width=\"400\" height=\"400\" src=\"http:\/\/leconservatoiredujeu.fr\/wp-content\/uploads\/2020\/08\/JUNTA.jpg\" alt=\"\" data-id=\"9982\" data-link=\"http:\/\/leconservatoiredujeu.fr\/index.php\/descartes\/junta\/\" class=\"wp-image-9982\" srcset=\"https:\/\/leconservatoiredujeu.fr\/wp-content\/uploads\/2020\/08\/JUNTA.jpg 400w, https:\/\/leconservatoiredujeu.fr\/wp-content\/uploads\/2020\/08\/JUNTA-300x300.jpg 300w, https:\/\/leconservatoiredujeu.fr\/wp-content\/uploads\/2020\/08\/JUNTA-150x150.jpg 150w\" sizes=\"(max-width: 400px) 100vw, 400px\" \/><\/figure><\/li><li class=\"blocks-gallery-item\"><figure><img loading=\"lazy\" decoding=\"async\" width=\"1024\" height=\"427\" src=\"http:\/\/leconservatoiredujeu.fr\/wp-content\/uploads\/2020\/08\/CHIEN-1024x427.jpeg\" alt=\"\" data-id=\"9983\" data-full-url=\"http:\/\/leconservatoiredujeu.fr\/wp-content\/uploads\/2020\/08\/CHIEN.jpeg\" data-link=\"http:\/\/leconservatoiredujeu.fr\/index.php\/descartes\/chien\/\" class=\"wp-image-9983\" srcset=\"https:\/\/leconservatoiredujeu.fr\/wp-content\/uploads\/2020\/08\/CHIEN-1024x427.jpeg 1024w, https:\/\/leconservatoiredujeu.fr\/wp-content\/uploads\/2020\/08\/CHIEN-300x125.jpeg 300w, https:\/\/leconservatoiredujeu.fr\/wp-content\/uploads\/2020\/08\/CHIEN-768x320.jpeg 768w, https:\/\/leconservatoiredujeu.fr\/wp-content\/uploads\/2020\/08\/CHIEN-500x208.jpeg 500w, https:\/\/leconservatoiredujeu.fr\/wp-content\/uploads\/2020\/08\/CHIEN.jpeg 1440w\" sizes=\"(max-width: 1024px) 100vw, 1024px\" \/><\/figure><\/li><\/ul><\/figure>\n\n\n\n<p class=\"has-white-color has-text-color\">Ligne<\/p>\n\n\n\n<h2 class=\"wp-block-heading\"><span style=\"text-decoration: underline;\">Jeux de r\u00f4le<\/span><\/h2>\n\n\n\n<ul><li>L\u00e9gendes, 1983, Philippe Mercier, Jean-Marc Montel, Marc Deladerri\u00e8re, St\u00e9phane Daudier, Guillame Rohmer<\/li><li>L&rsquo;Appel de Cthulhu, de 1984 \u00e0 2000<\/li><li>Mal\u00e9fices, 1985, Michel Gaudo &amp; Guillaume Rohmer<\/li><li>Parano\u00efa, de 1986 \u00e0 1990<\/li><li>James Bond 007 de 1988 \u00e0 1992<\/li><li>Star Wars \u00ab&nbsp;D6&nbsp;\u00bb, de 1988 \u00e0 1998<\/li><li>Ars Magica, 1989<\/li><li>Warhammer, le jeu de r\u00f4le fantastique, de 1989 \u00e0 2003<\/li><li>SimulacreS, 1990<\/li><li>Torg, de 1990 \u00e0 1994<\/li><li>Mega III, 1993<\/li><li>Shadowrun, de 1993 \u00e0 2004<\/li><li>Ambre le jeu de r\u00f4le sans d\u00e9, 1994, Erick Wujcik<\/li><li>Mutant Chronicles, de 1994 \u00e0 1996<\/li><li>Ch\u00e2teau Falkestein, 1995<\/li><li>Thoan, de 1995 \u00e0 1996<\/li><li>Earthdawn, de 1996 \u00e0 1999<\/li><li>Le Monde de Murphy, 1996<\/li><li>R\u00e8gles avanc\u00e9es de Donjons et Dragon, de 1997 \u00e0 2000<\/li><\/ul>\n\n\n\n<figure class=\"wp-block-gallery columns-2 is-cropped wp-block-gallery-4 is-layout-flex wp-block-gallery-is-layout-flex\"><ul class=\"blocks-gallery-grid\"><li class=\"blocks-gallery-item\"><figure><img loading=\"lazy\" decoding=\"async\" width=\"745\" height=\"1024\" src=\"http:\/\/leconservatoiredujeu.fr\/wp-content\/uploads\/2020\/08\/ARS-745x1024.jpg\" alt=\"\" data-id=\"9984\" data-full-url=\"http:\/\/leconservatoiredujeu.fr\/wp-content\/uploads\/2020\/08\/ARS-scaled.jpg\" data-link=\"http:\/\/leconservatoiredujeu.fr\/index.php\/descartes\/ars\/\" class=\"wp-image-9984\" srcset=\"https:\/\/leconservatoiredujeu.fr\/wp-content\/uploads\/2020\/08\/ARS-745x1024.jpg 745w, https:\/\/leconservatoiredujeu.fr\/wp-content\/uploads\/2020\/08\/ARS-218x300.jpg 218w, https:\/\/leconservatoiredujeu.fr\/wp-content\/uploads\/2020\/08\/ARS-768x1056.jpg 768w, https:\/\/leconservatoiredujeu.fr\/wp-content\/uploads\/2020\/08\/ARS-1117x1536.jpg 1117w, https:\/\/leconservatoiredujeu.fr\/wp-content\/uploads\/2020\/08\/ARS-1489x2048.jpg 1489w, https:\/\/leconservatoiredujeu.fr\/wp-content\/uploads\/2020\/08\/ARS-scaled.jpg 1861w\" sizes=\"(max-width: 745px) 100vw, 745px\" \/><\/figure><\/li><li class=\"blocks-gallery-item\"><figure><img loading=\"lazy\" decoding=\"async\" width=\"286\" height=\"400\" src=\"http:\/\/leconservatoiredujeu.fr\/wp-content\/uploads\/2020\/08\/III.jpg\" alt=\"\" data-id=\"9985\" data-full-url=\"http:\/\/leconservatoiredujeu.fr\/wp-content\/uploads\/2020\/08\/III.jpg\" data-link=\"http:\/\/leconservatoiredujeu.fr\/index.php\/descartes\/iii\/\" class=\"wp-image-9985\" srcset=\"https:\/\/leconservatoiredujeu.fr\/wp-content\/uploads\/2020\/08\/III.jpg 286w, https:\/\/leconservatoiredujeu.fr\/wp-content\/uploads\/2020\/08\/III-215x300.jpg 215w\" sizes=\"(max-width: 286px) 100vw, 286px\" \/><\/figure><\/li><\/ul><\/figure>\n\n\n\n<p class=\"has-white-color has-text-color\">Ligne<\/p>\n\n\n\n<figure class=\"wp-block-gallery columns-3 is-cropped wp-block-gallery-5 is-layout-flex wp-block-gallery-is-layout-flex\"><ul class=\"blocks-gallery-grid\"><li class=\"blocks-gallery-item\"><figure><img loading=\"lazy\" decoding=\"async\" width=\"300\" height=\"400\" src=\"http:\/\/leconservatoiredujeu.fr\/wp-content\/uploads\/2020\/08\/ARMADA.jpg\" alt=\"\" data-id=\"9978\" data-full-url=\"http:\/\/leconservatoiredujeu.fr\/wp-content\/uploads\/2020\/08\/ARMADA.jpg\" data-link=\"http:\/\/leconservatoiredujeu.fr\/index.php\/descartes\/armada\/\" class=\"wp-image-9978\" srcset=\"https:\/\/leconservatoiredujeu.fr\/wp-content\/uploads\/2020\/08\/ARMADA.jpg 300w, https:\/\/leconservatoiredujeu.fr\/wp-content\/uploads\/2020\/08\/ARMADA-225x300.jpg 225w\" sizes=\"(max-width: 300px) 100vw, 300px\" \/><\/figure><\/li><li class=\"blocks-gallery-item\"><figure><img loading=\"lazy\" decoding=\"async\" width=\"300\" height=\"300\" src=\"http:\/\/leconservatoiredujeu.fr\/wp-content\/uploads\/2020\/08\/SUP.jpg\" alt=\"\" data-id=\"9979\" data-full-url=\"http:\/\/leconservatoiredujeu.fr\/wp-content\/uploads\/2020\/08\/SUP.jpg\" data-link=\"http:\/\/leconservatoiredujeu.fr\/index.php\/descartes\/sup\/\" class=\"wp-image-9979\" srcset=\"https:\/\/leconservatoiredujeu.fr\/wp-content\/uploads\/2020\/08\/SUP.jpg 300w, https:\/\/leconservatoiredujeu.fr\/wp-content\/uploads\/2020\/08\/SUP-150x150.jpg 150w\" sizes=\"(max-width: 300px) 100vw, 300px\" \/><\/figure><\/li><li class=\"blocks-gallery-item\"><figure><img loading=\"lazy\" decoding=\"async\" width=\"662\" height=\"1024\" src=\"http:\/\/leconservatoiredujeu.fr\/wp-content\/uploads\/2020\/08\/TONY-662x1024.jpg\" alt=\"\" data-id=\"9980\" data-full-url=\"http:\/\/leconservatoiredujeu.fr\/wp-content\/uploads\/2020\/08\/TONY.jpg\" data-link=\"http:\/\/leconservatoiredujeu.fr\/index.php\/descartes\/tony\/\" class=\"wp-image-9980\" srcset=\"https:\/\/leconservatoiredujeu.fr\/wp-content\/uploads\/2020\/08\/TONY-662x1024.jpg 662w, https:\/\/leconservatoiredujeu.fr\/wp-content\/uploads\/2020\/08\/TONY-194x300.jpg 194w, https:\/\/leconservatoiredujeu.fr\/wp-content\/uploads\/2020\/08\/TONY-768x1189.jpg 768w, https:\/\/leconservatoiredujeu.fr\/wp-content\/uploads\/2020\/08\/TONY.jpg 803w\" sizes=\"(max-width: 662px) 100vw, 662px\" \/><\/figure><\/li><\/ul><\/figure>\n\n\n\n<p class=\"has-white-color has-text-color\">Ligne<\/p>\n\n\n\n<p><strong><u>Liens<\/u><\/strong><\/p>\n\n\n\n<p>Le Site de <a href=\"http:\/\/www.jeux-descartes.fr\/\">Descartes<\/a><\/p>\n\n\n\n<p class=\"has-text-align-left\"><strong><span style=\"text-decoration: underline;\">Source<\/span> :<\/strong> Wikip\u00e9dia<\/p>\n\n\n\n<p class=\"has-text-align-right\">Le Conservatoire du Jeu &#8211; Avril 2022<\/p>\n","protected":false},"excerpt":{"rendered":"<p>Ligne Historique Jeux Descartes a \u00e9t\u00e9 fond\u00e9e en 1977 et a cess\u00e9 ses activit\u00e9s en 2005. Ses actifs sont maintenant la propri\u00e9t\u00e9 de son rival&nbsp;Asmod\u00e9e \u00c9ditions&nbsp;et sont vendus sous le&nbsp;signe de Descartes Editeur&nbsp;. La soci\u00e9t\u00e9 utilise les marques Descartes, Games &hellip; <a href=\"https:\/\/leconservatoiredujeu.fr\/index.php\/descartes\/\">Continuer la lecture <span class=\"meta-nav\">&rarr;<\/span><\/a><\/p>\n","protected":false},"author":1,"featured_media":9974,"parent":0,"menu_order":0,"comment_status":"closed","ping_status":"closed","template":"","meta":{"footnotes":""},"_links":{"self":[{"href":"https:\/\/leconservatoiredujeu.fr\/index.php\/wp-json\/wp\/v2\/pages\/4487"}],"collection":[{"href":"https:\/\/leconservatoiredujeu.fr\/index.php\/wp-json\/wp\/v2\/pages"}],"about":[{"href":"https:\/\/leconservatoiredujeu.fr\/index.php\/wp-json\/wp\/v2\/types\/page"}],"author":[{"embeddable":true,"href":"https:\/\/leconservatoiredujeu.fr\/index.php\/wp-json\/wp\/v2\/users\/1"}],"replies":[{"embeddable":true,"href":"https:\/\/leconservatoiredujeu.fr\/index.php\/wp-json\/wp\/v2\/comments?post=4487"}],"version-history":[{"count":6,"href":"https:\/\/leconservatoiredujeu.fr\/index.php\/wp-json\/wp\/v2\/pages\/4487\/revisions"}],"predecessor-version":[{"id":12898,"href":"https:\/\/leconservatoiredujeu.fr\/index.php\/wp-json\/wp\/v2\/pages\/4487\/revisions\/12898"}],"wp:featuredmedia":[{"embeddable":true,"href":"https:\/\/leconservatoiredujeu.fr\/index.php\/wp-json\/wp\/v2\/media\/9974"}],"wp:attachment":[{"href":"https:\/\/leconservatoiredujeu.fr\/index.php\/wp-json\/wp\/v2\/media?parent=4487"}],"curies":[{"name":"wp","href":"https:\/\/api.w.org\/{rel}","templated":true}]}}