{"id":4479,"date":"2019-06-24T15:16:11","date_gmt":"2019-06-24T13:16:11","guid":{"rendered":"http:\/\/leconservatoiredujeu.fr\/?page_id=4479"},"modified":"2022-03-03T15:47:46","modified_gmt":"2022-03-03T14:47:46","slug":"blackrock-games","status":"publish","type":"page","link":"https:\/\/leconservatoiredujeu.fr\/index.php\/blackrock-games\/","title":{"rendered":"Blackrock Games"},"content":{"rendered":"\n<div class=\"wp-block-image is-style-default\"><figure class=\"aligncenter size-large\"><img loading=\"lazy\" decoding=\"async\" width=\"242\" height=\"208\" src=\"http:\/\/leconservatoiredujeu.fr\/wp-content\/uploads\/2020\/08\/1-2.png\" alt=\"\" class=\"wp-image-9851\"\/><figcaption>Logo de la marque<\/figcaption><\/figure><\/div>\n\n\n\n<p class=\"has-white-color has-text-color\">Saut de ligne<\/p>\n\n\n\n<p><strong><span style=\"text-decoration: underline;\">Historique<\/span> :<\/strong><\/p>\n\n\n\n<p>Blackrock Games&nbsp;(anciennement&nbsp;BlackRock \u00c9ditions) est une SARL fran\u00e7aise d&rsquo;\u00e9dition&nbsp;et de distribution de&nbsp;jeux de soci\u00e9t\u00e9. Depuis sa cr\u00e9ation en 2007, BlackRock d\u00e9veloppe des jeux conviviaux \u00e0 caract\u00e8re culturel et\/ou sportif. La plupart des jeux publi\u00e9s par BlackRock \u00c9ditions sont illustr\u00e9s par&nbsp;Tony Rochon.&nbsp;La soci\u00e9t\u00e9 familiale fut fond\u00e9e en janvier 2007. Son si\u00e8ge se situe \u00e0&nbsp;Lapalisse, commune de l&rsquo;Allier&nbsp;(03) en&nbsp;Auvergne. Le premier jeu \u00e9dit\u00e9 est&nbsp;<em>Gar\u00e7on!<\/em>&nbsp;d&rsquo;Alain Ollier, notamment r\u00e9compens\u00e9 au festival de&nbsp;Bourg-d&rsquo;Oisans&nbsp;en juillet 2007.<\/p>\n\n\n\n<p>BlackRock poursuit en f\u00e9vrier 2008 en \u00e9ditant\u00a0<em>Huuue!<\/em>, un jeu du m\u00eame auteur, sur le monde du turf.\u00a0<em>Huuue!<\/em>\u00a0re\u00e7oit notamment un prix au concours de cr\u00e9ateurs d&rsquo;Ugine.<\/p>\n\n\n\n<figure class=\"wp-block-gallery columns-2 is-cropped wp-block-gallery-1 is-layout-flex wp-block-gallery-is-layout-flex\"><ul class=\"blocks-gallery-grid\"><li class=\"blocks-gallery-item\"><figure><img loading=\"lazy\" decoding=\"async\" width=\"221\" height=\"250\" src=\"http:\/\/leconservatoiredujeu.fr\/wp-content\/uploads\/2022\/03\/garcon.jpeg\" alt=\"\" data-id=\"12552\" data-link=\"http:\/\/leconservatoiredujeu.fr\/index.php\/blackrock-games\/garcon\/\" class=\"wp-image-12552\"\/><figcaption class=\"blocks-gallery-item__caption\">Boite du jeu \u00ab\u00a0Gar\u00e7on !\u00a0\u00bb<\/figcaption><\/figure><\/li><li class=\"blocks-gallery-item\"><figure><img loading=\"lazy\" decoding=\"async\" width=\"250\" height=\"250\" src=\"http:\/\/leconservatoiredujeu.fr\/wp-content\/uploads\/2022\/03\/huuue.jpg\" alt=\"\" data-id=\"12553\" data-full-url=\"http:\/\/leconservatoiredujeu.fr\/wp-content\/uploads\/2022\/03\/huuue.jpg\" data-link=\"http:\/\/leconservatoiredujeu.fr\/index.php\/blackrock-games\/huuue\/\" class=\"wp-image-12553\" srcset=\"https:\/\/leconservatoiredujeu.fr\/wp-content\/uploads\/2022\/03\/huuue.jpg 250w, https:\/\/leconservatoiredujeu.fr\/wp-content\/uploads\/2022\/03\/huuue-150x150.jpg 150w\" sizes=\"(max-width: 250px) 100vw, 250px\" \/><figcaption class=\"blocks-gallery-item__caption\">Boite du jeu \u00ab\u00a0HUUUE !\u00a0\u00bb<\/figcaption><\/figure><\/li><\/ul><\/figure>\n\n\n\n<p>Apr\u00e8s avoir r\u00e9\u00e9dit\u00e9 la version&nbsp;jeu de cartes&nbsp;de&nbsp;<em>Gar\u00e7on!<\/em>&nbsp;en septembre 2007, une nouvelle version de ce jeu est propos\u00e9e en f\u00e9vrier 2008, plus illustr\u00e9e et plus compl\u00e8te (cette fois, une bo\u00eete de jeu o\u00f9 les pourboires sont des jetons).<\/p>\n\n\n\n<p>En septembre 2008, BlackRock assure la distribution fran\u00e7aise du jeu sur le th\u00e8me des courses cyclistes\u00a0<em>Leader 1<\/em>, toujours d&rsquo;Alain Ollier\u00a0et \u00e9dit\u00e9 cette fois chez Ghenos Games.<\/p>\n\n\n\n<div class=\"wp-block-image\"><figure class=\"aligncenter size-full\"><img loading=\"lazy\" decoding=\"async\" width=\"264\" height=\"264\" src=\"http:\/\/leconservatoiredujeu.fr\/wp-content\/uploads\/2022\/03\/velo.jpg\" alt=\"\" class=\"wp-image-12554\" srcset=\"https:\/\/leconservatoiredujeu.fr\/wp-content\/uploads\/2022\/03\/velo.jpg 264w, https:\/\/leconservatoiredujeu.fr\/wp-content\/uploads\/2022\/03\/velo-150x150.jpg 150w\" sizes=\"(max-width: 264px) 100vw, 264px\" \/><figcaption>Boite du jeu<\/figcaption><\/figure><\/div>\n\n\n\n<p>En f\u00e9vrier 2009, au&nbsp;Festival international des jeux&nbsp;de&nbsp;Cannes, la soci\u00e9t\u00e9 se pr\u00e9sente comme le nouvel&nbsp;\u00e9diteur&nbsp;du jeu de lettres&nbsp;<em>Jarnac!<\/em>.<\/p>\n\n\n\n<p>Le jeu\u00a0<em>The Boss<\/em>\u00a0fait partie des 10 nomin\u00e9s au Tric Trac d&rsquo;Or 2011 aux Sables d&rsquo;Olonne o\u00f9 il arrivera \u00e0 la\u00a08<sup>e<\/sup>\u00a0place.<\/p>\n\n\n\n<figure class=\"wp-block-image size-full\"><img loading=\"lazy\" decoding=\"async\" width=\"600\" height=\"342\" src=\"http:\/\/leconservatoiredujeu.fr\/wp-content\/uploads\/2022\/03\/boss.jpg\" alt=\"\" class=\"wp-image-12555\" srcset=\"https:\/\/leconservatoiredujeu.fr\/wp-content\/uploads\/2022\/03\/boss.jpg 600w, https:\/\/leconservatoiredujeu.fr\/wp-content\/uploads\/2022\/03\/boss-300x171.jpg 300w, https:\/\/leconservatoiredujeu.fr\/wp-content\/uploads\/2022\/03\/boss-500x285.jpg 500w\" sizes=\"(max-width: 600px) 100vw, 600px\" \/><figcaption>Contenu du jeu \u00ab\u00a0The Boss\u00a0\u00bb<\/figcaption><\/figure>\n\n\n\n<p>Gar\u00e7on\u00a0!\u00a0est un\u00a0jeu de cartes\u00a0dans lequel les joueurs prennent les commandes du Grand Caf\u00e9 et mettent leur m\u00e9moire \u00e0 l&rsquo;\u00e9preuve afin d&rsquo;obtenir un maximum de pourboires.<br><em>Gar\u00e7on!<\/em>\u00a0est le premier jeu \u00e9dit\u00e9 par les Fran\u00e7ais de\u00a0BlackRock \u00c9ditions.<br>Le principe part de l&rsquo;id\u00e9e qu&rsquo;un serveur doit parfois retenir plusieurs longues commandes et les restitue sans fautes malgr\u00e9 tout.<br>La premi\u00e8re \u00e9dition de jeu est servie sous forme de jeu de cartes en f\u00e9vrier 2007 et sera rapidement suivie par une version identique en septembre 2007.<br>L&rsquo;ann\u00e9e suivante, en f\u00e9vrier 2008,\u00a0BlackRock\u00a0propose une version \u00ab\u00a0boite de jeu\u00a0\u00bb, plus compl\u00e8te, o\u00f9 les cartes sont plus grandes et illustr\u00e9es des portraits de clients du Grand Caf\u00e9. Le nombre de cartes, aussi, a chang\u00e9 et les pourboires sont d\u00e9sormais mat\u00e9rialis\u00e9s en jetons.<\/p>\n\n\n\n<div class=\"wp-block-image\"><figure class=\"aligncenter size-full\"><img loading=\"lazy\" decoding=\"async\" width=\"300\" height=\"250\" src=\"http:\/\/leconservatoiredujeu.fr\/wp-content\/uploads\/2022\/03\/blackrock-garcon.jpg\" alt=\"\" class=\"wp-image-12556\"\/><figcaption>Boite du jeu \u00ab\u00a0Garcon !\u00a0\u00bb<\/figcaption><\/figure><\/div>\n\n\n\n<p>Le&nbsp;Jarnac, ou initialement&nbsp;Jarnac!, est un&nbsp;jeu de lettres, cr\u00e9\u00e9 par \u00c9mile Lombard. Le jeu oppose deux joueurs ou deux \u00e9quipes et l&rsquo;objectif est de compl\u00e9ter le premier sa propre grille par des&nbsp;anagrammes&nbsp;chaque fois plus longues.<\/p>\n\n\n\n<p>Le premier joueur re\u00e7oit 6 lettres. Il cherche alors \u00e0 composer un mot d&rsquo;au moins 3 lettres qu&rsquo;il place sur la premi\u00e8re ligne de son tapis. S&rsquo;il r\u00e9ussit, il peut tirer une lettre suppl\u00e9mentaire et, au choix, compl\u00e9ter son&nbsp;&nbsp;premier mot ou ouvrir la deuxi\u00e8me ligne. Il continue ainsi jusqu&rsquo;\u00e0 ne plus pouvoir modifier son tapis. Il donne alors le sac opaque \u00e0 son adversaire qui y pioche \u00e0 son tour 6 lettres et agit de m\u00eame.<\/p>\n\n\n\n<p>Le jeu s&rsquo;arr\u00eate quand l&rsquo;un des joueurs a atteint la huiti\u00e8me ligne de son tapis, ne trouve plus \u00e0 compl\u00e9ter ses mots, et que son adversaire ne d\u00e9clare pas&nbsp;<em>Jarnac&nbsp;!<\/em>.<\/p>\n\n\n\n<div class=\"wp-block-image is-style-default\"><figure class=\"aligncenter size-large\"><img loading=\"lazy\" decoding=\"async\" width=\"292\" height=\"300\" src=\"http:\/\/leconservatoiredujeu.fr\/wp-content\/uploads\/2020\/08\/3-Jarnac-2.jpg\" alt=\"\" class=\"wp-image-9855\"\/><figcaption>Boite du jeu \u00ab\u00a0Jarnac\u00a0\u00bb<\/figcaption><\/figure><\/div>\n\n\n\n<p>Blanc-manger Coco&nbsp;est un&nbsp;jeu de cartes fran\u00e7ais cr\u00e9\u00e9 en 2014. Il est compos\u00e9 de 600 cartes.<\/p>\n\n\n\n<p>A chaque tour, premier joueur lit une carte bleue contenant une phrase \u00e0 trous et les autres joueurs choisissent une carte blanche parmi les onze qu&rsquo;ils poss\u00e8dent dans leur main pour compl\u00e9ter cette phrase. Toutes les phrases sont lues une \u00e0 une par le premier joueur qui choisit, de fa\u00e7on subjective, celle qu&rsquo;il pr\u00e9f\u00e8re. Les combinaisons de cartes donnent souvent un humour transgressif et politiquement incorrect.<\/p>\n\n\n\n<p>Distribu\u00e9 par&nbsp;Blackrock Games, Blanc-manger Coco s&rsquo;est vendu \u00e0 fin 2017 \u00e0 plus de 500&nbsp;000 exemplaires en France, Belgique, Qu\u00e9bec et Suisse. Le jeu est inspir\u00e9 du&nbsp;Cadavre exquis, d&rsquo;<em>Apples to Apples<\/em>&nbsp;et de&nbsp;<em>Cards Against Humanity<\/em>. Il existe en version italienne (<em>Coco Rido<\/em>) et allemande (<em>Coco Papagei<\/em>).<\/p>\n\n\n\n<div class=\"wp-block-image is-style-default\"><figure class=\"aligncenter size-large\"><img loading=\"lazy\" decoding=\"async\" width=\"300\" height=\"300\" src=\"http:\/\/leconservatoiredujeu.fr\/wp-content\/uploads\/2020\/08\/4-Papagai\u00b0.jpg\" alt=\"\" class=\"wp-image-9856\" srcset=\"https:\/\/leconservatoiredujeu.fr\/wp-content\/uploads\/2020\/08\/4-Papagai\u00b0.jpg 300w, https:\/\/leconservatoiredujeu.fr\/wp-content\/uploads\/2020\/08\/4-Papagai\u00b0-150x150.jpg 150w\" sizes=\"(max-width: 300px) 100vw, 300px\" \/><figcaption>Boite du jeu<\/figcaption><\/figure><\/div>\n\n\n\n<p class=\"has-white-color has-text-color\">Saut de ligne<\/p>\n\n\n\n<p class=\"has-white-color has-text-color\">Saut de ligne <\/p>\n\n\n\n<p><strong><u>Liens<\/u><\/strong><\/p>\n\n\n\n<p>Site de <a href=\"https:\/\/www.blackrockgames.fr\/\">Blackrock Games<\/a><\/p>\n\n\n\n<p><strong><span style=\"text-decoration: underline;\">Source <\/span>:<\/strong> Wikip\u00e9dia<\/p>\n\n\n\n<p><strong><span style=\"text-decoration: underline;\">Cr\u00e9dits <\/span>:<\/strong> TricTrac.net<\/p>\n\n\n\n<p class=\"has-text-align-right\">M.a.J &#8211; F\u00e9vrier 2022<\/p>\n","protected":false},"excerpt":{"rendered":"<p>Saut de ligne Historique : Blackrock Games&nbsp;(anciennement&nbsp;BlackRock \u00c9ditions) est une SARL fran\u00e7aise d&rsquo;\u00e9dition&nbsp;et de distribution de&nbsp;jeux de soci\u00e9t\u00e9. Depuis sa cr\u00e9ation en 2007, BlackRock d\u00e9veloppe des jeux conviviaux \u00e0 caract\u00e8re culturel et\/ou sportif. La plupart des jeux publi\u00e9s par BlackRock &hellip; <a href=\"https:\/\/leconservatoiredujeu.fr\/index.php\/blackrock-games\/\">Continuer la lecture <span class=\"meta-nav\">&rarr;<\/span><\/a><\/p>\n","protected":false},"author":1,"featured_media":9851,"parent":0,"menu_order":0,"comment_status":"closed","ping_status":"closed","template":"","meta":{"footnotes":""},"_links":{"self":[{"href":"https:\/\/leconservatoiredujeu.fr\/index.php\/wp-json\/wp\/v2\/pages\/4479"}],"collection":[{"href":"https:\/\/leconservatoiredujeu.fr\/index.php\/wp-json\/wp\/v2\/pages"}],"about":[{"href":"https:\/\/leconservatoiredujeu.fr\/index.php\/wp-json\/wp\/v2\/types\/page"}],"author":[{"embeddable":true,"href":"https:\/\/leconservatoiredujeu.fr\/index.php\/wp-json\/wp\/v2\/users\/1"}],"replies":[{"embeddable":true,"href":"https:\/\/leconservatoiredujeu.fr\/index.php\/wp-json\/wp\/v2\/comments?post=4479"}],"version-history":[{"count":3,"href":"https:\/\/leconservatoiredujeu.fr\/index.php\/wp-json\/wp\/v2\/pages\/4479\/revisions"}],"predecessor-version":[{"id":12557,"href":"https:\/\/leconservatoiredujeu.fr\/index.php\/wp-json\/wp\/v2\/pages\/4479\/revisions\/12557"}],"wp:featuredmedia":[{"embeddable":true,"href":"https:\/\/leconservatoiredujeu.fr\/index.php\/wp-json\/wp\/v2\/media\/9851"}],"wp:attachment":[{"href":"https:\/\/leconservatoiredujeu.fr\/index.php\/wp-json\/wp\/v2\/media?parent=4479"}],"curies":[{"name":"wp","href":"https:\/\/api.w.org\/{rel}","templated":true}]}}