{"id":4471,"date":"2019-06-24T14:39:26","date_gmt":"2019-06-24T12:39:26","guid":{"rendered":"http:\/\/leconservatoiredujeu.fr\/?page_id=4471"},"modified":"2022-04-27T14:53:16","modified_gmt":"2022-04-27T12:53:16","slug":"la-haute-roche","status":"publish","type":"page","link":"https:\/\/leconservatoiredujeu.fr\/index.php\/la-haute-roche\/","title":{"rendered":"\u00c9ditions de la Haute Roche"},"content":{"rendered":"\n<div class=\"wp-block-image\"><figure class=\"aligncenter\"><img loading=\"lazy\" decoding=\"async\" width=\"225\" height=\"225\" src=\"http:\/\/leconservatoiredujeu.fr\/wp-content\/uploads\/2019\/06\/t\u00e9l\u00e9chargement-12.jpg\" alt=\"\" class=\"wp-image-4472\" srcset=\"https:\/\/leconservatoiredujeu.fr\/wp-content\/uploads\/2019\/06\/t\u00e9l\u00e9chargement-12.jpg 225w, https:\/\/leconservatoiredujeu.fr\/wp-content\/uploads\/2019\/06\/t\u00e9l\u00e9chargement-12-150x150.jpg 150w\" sizes=\"(max-width: 225px) 100vw, 225px\" \/><\/figure><\/div>\n\n\n\n<p><span style=\"text-decoration: underline;\"><strong>Historique<\/strong><\/span><\/p>\n\n\n\n<p>Les \u00e9ditions de la Haute Roche est un \u00e9diteur de jeux de soci\u00e9t\u00e9 bas\u00e9 \u00e0 Ladignac-le-Long en France. Cette maison d&rsquo;\u00e9dition a \u00e9t\u00e9 fond\u00e9e en 2002 par Sylvie Barc et Dominique Granger. Les \u00c9ditions de la Haute Roche ont d\u00e9marr\u00e9 leur activit\u00e9 par l&rsquo;\u00e9dition de plusieurs jeux de Sylvie Barc puis ont \u00e9largi leur champ d&rsquo;action \u00e0 d&rsquo;autres auteurs de jeux. Cet \u00e9diteur est plut\u00f4t sp\u00e9cialis\u00e9 dans les jeux familiaux.<\/p>\n\n\n\n<p>Les \u00c9ditions de la Haute Roche sont toujours dirig\u00e9es par Dominique Granger.<\/p>\n\n\n\n<p>Les jeux de la Haute Roche sont distribu\u00e9s en France par Asmodee et au Qu\u00e9bec par MJ Games et Il\u00f4t 307.<\/p>\n\n\n\n<p>Shabadabada. Pour commencer, les joueurs se r\u00e9partissent en deux \u00e9quipes, de minimum deux joueurs chacune. Les cartes \u00ab\u00a0Mots\u00a0\u00bb sont ensuite tri\u00e9es face blanche \/ face noire puis battues. Les joueurs en tirent onze et les placent en pile afin de former une pioche. Ils \u00e9cartent les autres cartes qui ne seront pas utilis\u00e9es au cours de la partie. La premi\u00e8re \u00e9quipe est d\u00e9sign\u00e9e al\u00e9atoirement.<\/p>\n\n\n\n<p>Tous les joueurs de cette \u00e9quipe s&rsquo;efforcent alors de trouver un extrait de chanson, de comptine ou de po\u00e8me (pour ceux qui seraient \u00e0 la fois \u00e9rudits et bloqu\u00e9s sur le chant) comprenant l&rsquo;un des mots propos\u00e9s. Il faut chanter au minimum une phrase ou r\u00e9citer un vers complet. C&rsquo;est ensuite aux joueurs de la seconde \u00e9quipe de trouver \u00e0 leur tour un extrait de chanson ou de po\u00e8me avec l&rsquo;un des m\u00eames mots. Le tour se poursuit ainsi tant que les \u00e9quipes trouvent alternativement un extrait correspondant \u00e0 la carte. D\u00e8s qu&rsquo;une \u00e9quipe \u00ab\u00a0cale\u00a0\u00bb, l&rsquo;un des joueurs de l&rsquo;\u00e9quipe adverse commence un compte \u00e0 rebours, de dix \u00e0 z\u00e9ro. S&rsquo;il arrive \u00e0 z\u00e9ro, son \u00e9quipe remporte la carte.<\/p>\n\n\n\n<div class=\"wp-block-image\"><figure class=\"aligncenter\"><img loading=\"lazy\" decoding=\"async\" width=\"262\" height=\"294\" src=\"http:\/\/leconservatoiredujeu.fr\/wp-content\/uploads\/2019\/06\/shabadabada-p-image-52521-grande.jpg\" alt=\"\" class=\"wp-image-4473\"\/><\/figure><\/div>\n\n\n\n<p>Dindons &amp; Dragons&nbsp;est un&nbsp;jeu de soci\u00e9t\u00e9&nbsp;cr\u00e9\u00e9 par&nbsp;Sylvie Barc, illustr\u00e9 par&nbsp;Didier Guiserix&nbsp;et \u00e9dit\u00e9 en 2003 par&nbsp;La Haute Roche.<\/p>\n\n\n\n<p>Les joueurs sont des trolls qui doivent se r\u00e9partir leur gibiers, c\u2019est-\u00e0-dire les aventuriers r\u00e9partis selon leurs classes : barbare,&nbsp;paladin,&nbsp;pr\u00eatre, voleuse, magicienne, dragons&nbsp;et&nbsp;dindons. Le jeu se d\u00e9roule en une s\u00e9rie de&nbsp;<i>bonnetrolls<\/i>. C\u2019est-\u00e0-dire du&nbsp;bonneteau troll. Le bonnetrolleur dispose cinq cartes face visible, puis les retourne. Ensuite il les m\u00e9lange et chaque joueur tire une carte qu&rsquo;il ajoute dans sa main. R\u00e9colter une importante brochette d&rsquo;aventuriers, et ainsi marquer le plus de points pour gagner la partie.<\/p>\n\n\n\n<div class=\"wp-block-image\"><figure class=\"aligncenter\"><img loading=\"lazy\" decoding=\"async\" width=\"300\" height=\"300\" src=\"http:\/\/leconservatoiredujeu.fr\/wp-content\/uploads\/2019\/06\/a1a86b70dc10f0c5f94223331ee9a6e1099a.jpeg\" alt=\"\" class=\"wp-image-4474\" srcset=\"https:\/\/leconservatoiredujeu.fr\/wp-content\/uploads\/2019\/06\/a1a86b70dc10f0c5f94223331ee9a6e1099a.jpeg 300w, https:\/\/leconservatoiredujeu.fr\/wp-content\/uploads\/2019\/06\/a1a86b70dc10f0c5f94223331ee9a6e1099a-150x150.jpeg 150w\" sizes=\"(max-width: 300px) 100vw, 300px\" \/><\/figure><\/div>\n\n\n\n<p><strong><span style=\"text-decoration: underline;\">Liens<\/span><\/strong> :<\/p>\n\n\n\n<p>Site de <a href=\"http:\/\/www.lahauteroche.eu\/\">La Haute Roche<\/a><\/p>\n","protected":false},"excerpt":{"rendered":"<p>Historique Les \u00e9ditions de la Haute Roche est un \u00e9diteur de jeux de soci\u00e9t\u00e9 bas\u00e9 \u00e0 Ladignac-le-Long en France. Cette maison d&rsquo;\u00e9dition a \u00e9t\u00e9 fond\u00e9e en 2002 par Sylvie Barc et Dominique Granger. Les \u00c9ditions de la Haute Roche ont &hellip; <a href=\"https:\/\/leconservatoiredujeu.fr\/index.php\/la-haute-roche\/\">Continuer la lecture <span class=\"meta-nav\">&rarr;<\/span><\/a><\/p>\n","protected":false},"author":1,"featured_media":0,"parent":0,"menu_order":0,"comment_status":"closed","ping_status":"closed","template":"","meta":{"footnotes":""},"_links":{"self":[{"href":"https:\/\/leconservatoiredujeu.fr\/index.php\/wp-json\/wp\/v2\/pages\/4471"}],"collection":[{"href":"https:\/\/leconservatoiredujeu.fr\/index.php\/wp-json\/wp\/v2\/pages"}],"about":[{"href":"https:\/\/leconservatoiredujeu.fr\/index.php\/wp-json\/wp\/v2\/types\/page"}],"author":[{"embeddable":true,"href":"https:\/\/leconservatoiredujeu.fr\/index.php\/wp-json\/wp\/v2\/users\/1"}],"replies":[{"embeddable":true,"href":"https:\/\/leconservatoiredujeu.fr\/index.php\/wp-json\/wp\/v2\/comments?post=4471"}],"version-history":[{"count":5,"href":"https:\/\/leconservatoiredujeu.fr\/index.php\/wp-json\/wp\/v2\/pages\/4471\/revisions"}],"predecessor-version":[{"id":12908,"href":"https:\/\/leconservatoiredujeu.fr\/index.php\/wp-json\/wp\/v2\/pages\/4471\/revisions\/12908"}],"wp:attachment":[{"href":"https:\/\/leconservatoiredujeu.fr\/index.php\/wp-json\/wp\/v2\/media?parent=4471"}],"curies":[{"name":"wp","href":"https:\/\/api.w.org\/{rel}","templated":true}]}}