{"id":4427,"date":"2019-06-21T16:02:24","date_gmt":"2019-06-21T14:02:24","guid":{"rendered":"http:\/\/leconservatoiredujeu.fr\/?page_id=4427"},"modified":"2022-03-31T15:04:59","modified_gmt":"2022-03-31T13:04:59","slug":"xbox-one","status":"publish","type":"page","link":"https:\/\/leconservatoiredujeu.fr\/index.php\/xbox-one\/","title":{"rendered":"Xbox One"},"content":{"rendered":"\n<div class=\"wp-block-image\"><figure class=\"aligncenter\"><img loading=\"lazy\" decoding=\"async\" width=\"300\" height=\"176\" src=\"http:\/\/leconservatoiredujeu.fr\/wp-content\/uploads\/2019\/06\/xbox-one-logo-300x176-300x176.png\" alt=\"\" class=\"wp-image-4428\"\/><\/figure><\/div>\n\n\n\n<p>La&nbsp;Xbox One&nbsp;est une&nbsp;console de jeux vid\u00e9o&nbsp;de&nbsp;huiti\u00e8me g\u00e9n\u00e9ration&nbsp;d\u00e9velopp\u00e9e par&nbsp;Microsoft. D\u00e9voil\u00e9e le&nbsp;<time class=\"nowrap date-lien\" datetime=\"2013-05-21\" data-sort-value=\"2013-05-21\">21&nbsp;mai&nbsp;2013<\/time>, elle succ\u00e8de \u00e0 la&nbsp;Xbox 360&nbsp;et se place en concurrence frontale avec la&nbsp;PlayStation 4&nbsp;de Sony, et plus indirectement avec la&nbsp;Wii U&nbsp;puis la&nbsp;Switch&nbsp;de Nintendo. Elle est disponible depuis le&nbsp;<time class=\"nowrap date-lien\" datetime=\"2013-11-22\" data-sort-value=\"2013-11-22\">22&nbsp;novembre&nbsp;2013<\/time>&nbsp;dans treize pays et depuis&nbsp;<time class=\"nowrap date-lien\" datetime=\"2014-09\" data-sort-value=\"2014-09\">septembre&nbsp;2014<\/time> dans vingt-six autres pays.<\/p>\n\n\n\n<p>Dot\u00e9e d&rsquo;un&nbsp;processeur&nbsp;AMD, la machine est \u00e9quip\u00e9e d&rsquo;un lecteur&nbsp;Blu-ray&nbsp;ou&nbsp;Blu-ray Ultra HD&nbsp;et d&rsquo;un&nbsp;disque dur&nbsp;inamovible de 500&nbsp;<abbr class=\"abbr\" title=\"gigaoctet\">Go<\/abbr>, 1&nbsp;<abbr class=\"abbr\" title=\"t\u00e9raoctet\">To<\/abbr>&nbsp;ou de 2&nbsp;<abbr class=\"abbr\" title=\"t\u00e9raoctet\">To<\/abbr>&nbsp;suivant les mod\u00e8les, visant \u00e0 en faire un syst\u00e8me de divertissement int\u00e9gr\u00e9. L&rsquo;int\u00e9gration du p\u00e9riph\u00e9rique&nbsp;Kinect&nbsp;permet \u00e0 la console de r\u00e9pondre aux commandes vocales ou aux mouvements dict\u00e9s par l&rsquo;utilisateur et d&rsquo;\u00eatre associ\u00e9 \u00e0 une fonctionnalit\u00e9 de&nbsp;visioconf\u00e9rence.<\/p>\n\n\n\n<p>Lors de l&rsquo;E3 2016, la Xbox One S est pr\u00e9sent\u00e9e. 40&nbsp;% plus petite et un peu plus puissante que la Xbox One classique, la Xbox One S poss\u00e8de un lecteur Blu-Ray Ultra HD, un bloc d&rsquo;alimentation interne, et peut d\u00e9sormais \u00eatre pos\u00e9e \u00e0 la verticale. Elle est sortie le 2 ao\u00fbt 2016<sup id=\"cite_ref-6\" class=\"reference\">6<\/sup>. Lors de l&rsquo;E3 2017, la Xbox One X est pr\u00e9sent\u00e9e et est capable d&rsquo;afficher de l&rsquo;Ultra HD native. Elle est sortie le 7 novembre 2017.<\/p>\n\n\n\n<div class=\"wp-block-image\"><figure class=\"aligncenter\"><img loading=\"lazy\" decoding=\"async\" width=\"280\" height=\"184\" src=\"http:\/\/leconservatoiredujeu.fr\/wp-content\/uploads\/2019\/06\/Microsoft-Xbox-One-Console-wKinect.png\" alt=\"\" class=\"wp-image-4429\"\/><\/figure><\/div>\n\n\n\n<p><span style=\"text-decoration: underline;\"><strong>Histoire<\/strong><\/span><strong> :<\/strong><\/p>\n\n\n\n<p>Le&nbsp;kit de d\u00e9veloppement&nbsp;de la console porte le nom de code&nbsp;<i>Durango<\/i>. La version d\u00e9finitive, nomm\u00e9e Xbox One, est officiellement pr\u00e9sent\u00e9e le&nbsp;<time class=\"nowrap date-lien\" datetime=\"2013-05-21\" data-sort-value=\"2013-05-21\">21&nbsp;mai&nbsp;2013<\/time>&nbsp;lors d&rsquo;une&nbsp;diffusion en direct organis\u00e9e par Microsoft. Des d\u00e9tails et des informations suppl\u00e9mentaires sont pr\u00e9sent\u00e9s lors d&rsquo;une nouvelle conf\u00e9rence, le&nbsp;<time class=\"nowrap date-lien\" datetime=\"2013-06-10\" data-sort-value=\"2013-06-10\">10&nbsp;juin&nbsp;2013<\/time>&nbsp;\u00e0 l&rsquo;occasion de l&rsquo;E3 2013, plus tard, lors du salon la console est jouable par le public.<\/p>\n\n\n\n<p>La machine r\u00e9pond aux commandes vocales dict\u00e9es par l&rsquo;utilisateur. C&rsquo;est durant la premi\u00e8re pr\u00e9sentation de la console, le 21 mai 2013, que la d\u00e9monstration en est faite par Yusef Mehdi, vice-pr\u00e9sident de la branche Microsoft Interactive d\u00e9di\u00e9e au divertissement, qui, en \u00e9non\u00e7ant&nbsp;<span class=\"citation\">\u00ab&nbsp;Xbox on&nbsp;\u00bb<\/span>, puis&nbsp;<span class=\"citation\">\u00ab&nbsp;Xbox, go home&nbsp;\u00bb<\/span>, pousse la console \u00e0 se mettre en marche, puis \u00e0 revenir sur le menu principal apr\u00e8s avoir navigu\u00e9 dans son interface.<\/p>\n\n\n\n<p>Finalement, apr\u00e8s de nombreuses critiques et face \u00e0 une concurrence qui n&rsquo;applique pas une politique similaire,&nbsp;Microsoft est contraint de faire machine arri\u00e8re le <time class=\"nowrap date-lien\" datetime=\"2013-06-19\" data-sort-value=\"2013-06-19\">19&nbsp;juin 2013<\/time>&nbsp;en annulant toutes ces contraintes, avec comme objectif de revenir aux standards de la&nbsp;Xbox 360. Un&nbsp;patch&nbsp;apport\u00e9 par une mise \u00e0 jour du syst\u00e8me est n\u00e9cessaire pour retirer les&nbsp;DRM&nbsp;et la connexion obligatoire a internet.<\/p>\n\n\n\n<p>En&nbsp;juin 2015, lors de l&rsquo;E3 2015, Microsoft pr\u00e9sente plusieurs choses dont diff\u00e9rents jeux, une nouvelle manette (Elite) pour les joueurs exigeants, la r\u00e9trocompatibilit\u00e9 avec les jeux Xbox 360, Xbox Game Preview (Permettant d&rsquo;essayer des jeux en avant-premi\u00e8re), un partenariat avec Oculus Rift.<\/p>\n\n\n\n<div class=\"wp-block-image\"><figure class=\"aligncenter\"><img loading=\"lazy\" decoding=\"async\" width=\"300\" height=\"300\" src=\"http:\/\/leconservatoiredujeu.fr\/wp-content\/uploads\/2019\/06\/microsoft-xbox-one-elite-wireless-controller_f2f9f1488651ce15-300x300.jpg\" alt=\"\" class=\"wp-image-4430\" srcset=\"https:\/\/leconservatoiredujeu.fr\/wp-content\/uploads\/2019\/06\/microsoft-xbox-one-elite-wireless-controller_f2f9f1488651ce15-300x300.jpg 300w, https:\/\/leconservatoiredujeu.fr\/wp-content\/uploads\/2019\/06\/microsoft-xbox-one-elite-wireless-controller_f2f9f1488651ce15-150x150.jpg 150w, https:\/\/leconservatoiredujeu.fr\/wp-content\/uploads\/2019\/06\/microsoft-xbox-one-elite-wireless-controller_f2f9f1488651ce15-768x768.jpg 768w, https:\/\/leconservatoiredujeu.fr\/wp-content\/uploads\/2019\/06\/microsoft-xbox-one-elite-wireless-controller_f2f9f1488651ce15.jpg 1000w\" sizes=\"(max-width: 300px) 100vw, 300px\" \/><\/figure><\/div>\n\n\n\n<p>Lors de l&rsquo;E3 2016, Microsoft pr\u00e9sente diff\u00e9rents jeux, le Xbox Play Anywhere (possibilit\u00e9 de d\u00e9marrer une partie sur PC et la finir sur Xbox et vice-versa), un programme (Xbox Design Lab) permettant de customiser selon les souhaits une manette Xbox One (Manette Xbox One Elite est non compris) et la confirmation de Project Scorpio (Qui sera plus tard, Xbox One X).<\/p>\n\n\n\n<p>Lors de l&rsquo;E3 2017, Microsoft pr\u00e9sente diff\u00e9rents jeux, son Project Scorpio sous le nom de Xbox One X, la r\u00e9trocompatibilit\u00e9 avec les jeux de la&nbsp;<abbr class=\"abbr\" title=\"Premi\u00e8re\">1<sup>re<\/sup><\/abbr>&nbsp;Xbox sur Xbox One, la possibilit\u00e9 de jouer \u00e0&nbsp;<i>Minecraft<\/i>&nbsp;avec les joueurs de diff\u00e9rentes plateformes (Nintendo Switch, Xbox,&nbsp;PC&nbsp;et mobiles&nbsp;WP\/W10M, Android et iOS, mais pas sur PS4 suite au refus de Sony du cross-platform pour raisons commerciales), un package graphique 4K pour&nbsp;<i>Minecraft<\/i>.<\/p>\n\n\n\n<p><span style=\"text-decoration: underline;\"><strong>Xbox One S<\/strong><\/span> <strong>:<\/strong><\/p>\n\n\n\n<p>Lors de l&rsquo;E3 2016, Microsoft pr\u00e9sente une nouvelle version de la Xbox One, baptis\u00e9e la Xbox One S. Cette nouvelle machine est 40&nbsp;% plus petite que la Xbox One originale et propose un mod\u00e8le \u00e9quip\u00e9 d&rsquo;un disque dur de 2&nbsp;<abbr class=\"abbr\" title=\"t\u00e9raoctet\">To<\/abbr>&nbsp;de stockage. Elle peut \u00e9galement supporter la vid\u00e9o au format&nbsp;Ultra HD, int\u00e8gre un nouveau lecteur&nbsp;Blu-ray Ultra HD, et comporte un mode&nbsp;HDR&nbsp;10. Elle supporte \u00e9galement l&rsquo;upscaling des jeux initialement con\u00e7us en r\u00e9solution plus basse (900p et 1080p).<\/p>\n\n\n\n<p>Contrairement \u00e0 la Xbox One originale, la Xbox One S ne comporte pas de bloc d&rsquo;alimentation externe et peut \u00eatre pos\u00e9e \u00e0 la verticale, tout comme la&nbsp;PlayStation 4.<\/p>\n\n\n\n<div class=\"wp-block-image\"><figure class=\"aligncenter\"><img loading=\"lazy\" decoding=\"async\" width=\"300\" height=\"146\" src=\"http:\/\/leconservatoiredujeu.fr\/wp-content\/uploads\/2019\/06\/images-300x146.jpg\" alt=\"\" class=\"wp-image-4431\" srcset=\"https:\/\/leconservatoiredujeu.fr\/wp-content\/uploads\/2019\/06\/images-300x146.jpg 300w, https:\/\/leconservatoiredujeu.fr\/wp-content\/uploads\/2019\/06\/images.jpg 322w\" sizes=\"(max-width: 300px) 100vw, 300px\" \/><\/figure><\/div>\n\n\n\n<p><span style=\"text-decoration: underline;\"><strong>Manette<\/strong><\/span><strong> :<\/strong><\/p>\n\n\n\n<div class=\"thumb tright\">\n<div class=\"thumbinner\">\n<div class=\"thumbcaption\">La manette de la Xbox One. La manette est assez similaire \u00e0 celle de la Xbox 360, bien qu&rsquo;elle adopte un design plus sobre et moins arrondi, avec un dos plus plat. Le compartiment pour les deux piles est int\u00e9gr\u00e9 \u00e0 la manette, offrant une plus grande surface pour positionner ses doigts. Les deux g\u00e2chettes sont \u00e9quip\u00e9es de vibration, elles peuvent vibrer ind\u00e9pendamment de la manette et l&rsquo;une de l&rsquo;autre. Microsoft a annonc\u00e9 que les deux sticks analogiques et la croix directionnelle ont gagn\u00e9 en sensibilit\u00e9 et en pr\u00e9cision. Huit manettes peuvent \u00eatre connect\u00e9es simultan\u00e9ment.<\/div>\n<\/div>\n<\/div>\n\n\n\n<p>Le design de la manette a \u00e9t\u00e9 con\u00e7u de fa\u00e7on \u00e0 am\u00e9liorer le confort de jeu pendant les longues heures de prise-en-main.<\/p>\n\n\n\n<p>Les manettes Xbox One (dont la Elite) sont compatibles avec Windows 10.<\/p>\n\n\n\n<p>La manette de la Xbox One S est am\u00e9lior\u00e9e. L\u2019arri\u00e8re est micro-perfor\u00e9 pour offrir un confort d&rsquo;utilisation et les joysticks ont \u00e9t\u00e9 am\u00e9lior\u00e9s en endurance. On peut noter une port\u00e9e Wi-Fi plus importante et l&rsquo;int\u00e9gration du Bluetooth.<\/p>\n\n\n\n<figure class=\"wp-block-image size-large\"><img loading=\"lazy\" decoding=\"async\" width=\"1024\" height=\"576\" src=\"http:\/\/leconservatoiredujeu.fr\/wp-content\/uploads\/2022\/03\/manette-xbox-one-1024x576.jpg\" alt=\"\" class=\"wp-image-12785\" srcset=\"https:\/\/leconservatoiredujeu.fr\/wp-content\/uploads\/2022\/03\/manette-xbox-one-1024x576.jpg 1024w, https:\/\/leconservatoiredujeu.fr\/wp-content\/uploads\/2022\/03\/manette-xbox-one-300x169.jpg 300w, https:\/\/leconservatoiredujeu.fr\/wp-content\/uploads\/2022\/03\/manette-xbox-one-768x432.jpg 768w, https:\/\/leconservatoiredujeu.fr\/wp-content\/uploads\/2022\/03\/manette-xbox-one-500x281.jpg 500w, https:\/\/leconservatoiredujeu.fr\/wp-content\/uploads\/2022\/03\/manette-xbox-one.jpg 1350w\" sizes=\"(max-width: 1024px) 100vw, 1024px\" \/><\/figure>\n\n\n\n<p><span style=\"text-decoration: underline;\"><strong>Xbox One X<\/strong><\/span><strong> :<\/strong><\/p>\n\n\n\n<p>Lors de l&rsquo;E3 2016, aux c\u00f4t\u00e9s de la Xbox One S, Microsoft pr\u00e9sente le&nbsp;<span class=\"citation\">\u00ab&nbsp;Project Scorpio&nbsp;\u00bb<\/span>, une console cens\u00e9e sortir \u00e0 la fin de l&rsquo;ann\u00e9e 2017. Project Scorpio sera la console la plus puissante au monde capable d&rsquo;afficher de l&rsquo;Ultra HD native et poss\u00e8de 6 Teraflops de puissance graphique. Project Scorpio (Scorpio est le nom du processeur de cette nouvelle Xbox) est officiellement pr\u00e9sent\u00e9 lors de l&rsquo;E3 2017. Elle porte le nom officiel de Xbox One X.<\/p>\n\n\n\n<div class=\"wp-block-image\"><figure class=\"aligncenter\"><img loading=\"lazy\" decoding=\"async\" width=\"300\" height=\"300\" src=\"http:\/\/leconservatoiredujeu.fr\/wp-content\/uploads\/2019\/06\/11558330-300x300.jpg\" alt=\"\" class=\"wp-image-4443\" srcset=\"https:\/\/leconservatoiredujeu.fr\/wp-content\/uploads\/2019\/06\/11558330-300x300.jpg 300w, https:\/\/leconservatoiredujeu.fr\/wp-content\/uploads\/2019\/06\/11558330-150x150.jpg 150w, https:\/\/leconservatoiredujeu.fr\/wp-content\/uploads\/2019\/06\/11558330.jpg 500w\" sizes=\"(max-width: 300px) 100vw, 300px\" \/><\/figure><\/div>\n\n\n\n<p>Tous les accessoires et les jeux qui fonctionnent sur Xbox One et Xbox One S fonctionneront sur Xbox One X. Microsoft mise sur plusieurs jeux afin d&rsquo;appuyer l\u2019argument principal \u00ab&nbsp;Xbox One X est capable d&rsquo;afficher de l&rsquo;Ultra HD native&nbsp;\u00bb, comme&nbsp;<i>Forza Motosport 7<\/i>&nbsp;ou&nbsp;<i>State of Decay 2<\/i>. La Xbox One X est \u00e9galement la console de marque Xbox la plus puissante, mais aussi la plus petite jamais cr\u00e9\u00e9e. Par contre, une des plus lourdes avec 3,8&nbsp;<abbr class=\"abbr\" title=\"kilogramme\">kg<\/abbr>&nbsp;contre 2,9&nbsp;<abbr class=\"abbr\" title=\"kilogramme\">kg<\/abbr>&nbsp;pour la Xbox One S ou 3,5&nbsp;<abbr class=\"abbr\" title=\"kilogramme\">kg<\/abbr>&nbsp;pour la Xbox One classique.<\/p>\n\n\n\n<div class=\"thumb tright\">\n<p>Microsoft annonce que la Xbox One X est&nbsp;<span class=\"citation\">\u00ab&nbsp;40&nbsp;% plus puissante que n&rsquo;importe quelle console existant \u00e0 ce jour&nbsp;\u00bb<\/span>. Afin de refroidir les composants, Microsoft int\u00e8gre pour la premi\u00e8re fois dans une console une chambre \u00e0 vapeur \u00e0 refroidissement liquide. \u00c9galement pour la premi\u00e8re fois dans une console, les technologies&nbsp;Dolby Atmos, AMD FreeSync et&nbsp;Direct X12&nbsp;sont int\u00e9gr\u00e9es \u00e0 la Xbox One X. Dolby Atmos sera \u00e9galement compatible avec les Xbox One et Xbox One S par la suite. FreeSync n&rsquo;\u00e9tait jusque-l\u00e0, disponible que sur PC. L&rsquo;implantation de DirectX 12 directement dans le processeur de la console permet notamment de r\u00e9duire le nombre d&rsquo;instructions \u00e0 envoyer au processeur et augmenter son efficacit\u00e9 pour am\u00e9liorer les performances des jeux utilisant cet&nbsp;API.<\/p>\n<p>Une \u00e9dition collector est annonc\u00e9 lors de la Gamescom 2017. Cette \u00e9dition se nomme Project Scorpio et fait r\u00e9f\u00e9rence au nom de code de la console r\u00e9v\u00e9l\u00e9 au grand public \u00e0 l&rsquo;E3 2016 au c\u00f4t\u00e9 de la Xbox One S. Elle a la particularit\u00e9 de disposer d&rsquo;un design l\u00e9g\u00e8rement diff\u00e9rents et inclus d&rsquo;office un support pour mettre en place la console en position verticale. Cette \u00e9dition \u00e9tait disponible en pr\u00e9commande apr\u00e8s son annonce, au m\u00eame tarif que la Xbox One X classique.<\/p>\n<figure><img loading=\"lazy\" decoding=\"async\" class=\"wp-image-4444 aligncenter\" src=\"http:\/\/leconservatoiredujeu.fr\/wp-content\/uploads\/2019\/06\/7789775411_gamescom-2017-microsoft-devoile-sa-nouvelle-console-la-xbox-one-x-300x200.jpg\" alt=\"\" width=\"412\" height=\"279\"><\/figure><p><\/p>\n<\/div>\n\n\n\n<p><strong><span style=\"text-decoration: underline;\">Source<\/span> :<\/strong> Wikip\u00e9dia<\/p>\n\n\n\n<p class=\"has-text-align-right\">Le Conservatoire du Jeu &#8211; Mars 2022<\/p>\n","protected":false},"excerpt":{"rendered":"<p>La&nbsp;Xbox One&nbsp;est une&nbsp;console de jeux vid\u00e9o&nbsp;de&nbsp;huiti\u00e8me g\u00e9n\u00e9ration&nbsp;d\u00e9velopp\u00e9e par&nbsp;Microsoft. D\u00e9voil\u00e9e le&nbsp;21&nbsp;mai&nbsp;2013, elle succ\u00e8de \u00e0 la&nbsp;Xbox 360&nbsp;et se place en concurrence frontale avec la&nbsp;PlayStation 4&nbsp;de Sony, et plus indirectement avec la&nbsp;Wii U&nbsp;puis la&nbsp;Switch&nbsp;de Nintendo. Elle est disponible depuis le&nbsp;22&nbsp;novembre&nbsp;2013&nbsp;dans treize pays et &hellip; <a href=\"https:\/\/leconservatoiredujeu.fr\/index.php\/xbox-one\/\">Continuer la lecture <span class=\"meta-nav\">&rarr;<\/span><\/a><\/p>\n","protected":false},"author":1,"featured_media":0,"parent":0,"menu_order":0,"comment_status":"closed","ping_status":"closed","template":"","meta":{"footnotes":""},"_links":{"self":[{"href":"https:\/\/leconservatoiredujeu.fr\/index.php\/wp-json\/wp\/v2\/pages\/4427"}],"collection":[{"href":"https:\/\/leconservatoiredujeu.fr\/index.php\/wp-json\/wp\/v2\/pages"}],"about":[{"href":"https:\/\/leconservatoiredujeu.fr\/index.php\/wp-json\/wp\/v2\/types\/page"}],"author":[{"embeddable":true,"href":"https:\/\/leconservatoiredujeu.fr\/index.php\/wp-json\/wp\/v2\/users\/1"}],"replies":[{"embeddable":true,"href":"https:\/\/leconservatoiredujeu.fr\/index.php\/wp-json\/wp\/v2\/comments?post=4427"}],"version-history":[{"count":6,"href":"https:\/\/leconservatoiredujeu.fr\/index.php\/wp-json\/wp\/v2\/pages\/4427\/revisions"}],"predecessor-version":[{"id":12787,"href":"https:\/\/leconservatoiredujeu.fr\/index.php\/wp-json\/wp\/v2\/pages\/4427\/revisions\/12787"}],"wp:attachment":[{"href":"https:\/\/leconservatoiredujeu.fr\/index.php\/wp-json\/wp\/v2\/media?parent=4427"}],"curies":[{"name":"wp","href":"https:\/\/api.w.org\/{rel}","templated":true}]}}