{"id":4176,"date":"2019-06-21T09:58:35","date_gmt":"2019-06-21T07:58:35","guid":{"rendered":"http:\/\/leconservatoiredujeu.fr\/?page_id=4176"},"modified":"2022-05-04T11:50:19","modified_gmt":"2022-05-04T09:50:19","slug":"tactic","status":"publish","type":"page","link":"https:\/\/leconservatoiredujeu.fr\/index.php\/tactic\/","title":{"rendered":"Tactic"},"content":{"rendered":"\n<div class=\"wp-block-image\"><figure class=\"aligncenter\"><img loading=\"lazy\" decoding=\"async\" width=\"300\" height=\"300\" src=\"http:\/\/leconservatoiredujeu.fr\/wp-content\/uploads\/2019\/06\/Tactic-new1-300x300.jpg\" alt=\"\" class=\"wp-image-4177\" srcset=\"https:\/\/leconservatoiredujeu.fr\/wp-content\/uploads\/2019\/06\/Tactic-new1-300x300.jpg 300w, https:\/\/leconservatoiredujeu.fr\/wp-content\/uploads\/2019\/06\/Tactic-new1-150x150.jpg 150w, https:\/\/leconservatoiredujeu.fr\/wp-content\/uploads\/2019\/06\/Tactic-new1.jpg 393w\" sizes=\"(max-width: 300px) 100vw, 300px\" \/><\/figure><\/div>\n\n\n\n<p><span style=\"text-decoration: underline;\"><strong>Historique<\/strong><\/span> <strong>:<\/strong><\/p>\n\n\n\n<p>Tactic est un \u00e9diteur de jeux de soci\u00e9t\u00e9 bas\u00e9 \u00e0 Maurepas en France et filiale du groupe finlandais <em>Nelostuote Oy<\/em>.<\/p>\n\n\n\n<p>A vos d\u00e9s, pr\u00eats, partez pour un court instant ou bien pour de tr\u00e8s longues parties \u00e0 tout moment du jour ou m\u00eame de la nuit !<\/p>\n\n\n\n<p>30 r\u00e8gles de jeux et de nombreuses variantes vous sont propos\u00e9es pour vous d\u00e9tendre en famille ou entre amis de tous \u00e2ges, pour les joueurs d\u00e9butants et les plus confirm\u00e9s. A deux ou m\u00eame tr\u00e8s nombreux, d\u00e9couvrez ou retrouvez toutes sortes de jeux :Le Big Six,le Bouncer,Le Jule, le Mexico, le jeu du Sept, le Sept, le jeu du Cochon, les Neuf Cases, Busted, le Zanzi, la Belote aux D\u00e9s, le 421, la Maison en Construction, la Bezette, le Bidou, la Passe Mon\u00e9gasque, le French Bank, les Gendarmes et les Voleurs, le Tombez raides, le Yam, les As, les D\u00e9s Indiens, les S\u00e9quences, l&rsquo;Orage, Finish, 10 000, le Poker d&rsquo;As, le Golf, les 5 As, Easy Money.<\/p>\n\n\n\n<div class=\"wp-block-image\"><figure class=\"aligncenter\"><img loading=\"lazy\" decoding=\"async\" width=\"300\" height=\"300\" src=\"http:\/\/leconservatoiredujeu.fr\/wp-content\/uploads\/2019\/06\/a-vos-des-300x300.jpg\" alt=\"\" class=\"wp-image-4178\" srcset=\"https:\/\/leconservatoiredujeu.fr\/wp-content\/uploads\/2019\/06\/a-vos-des-300x300.jpg 300w, https:\/\/leconservatoiredujeu.fr\/wp-content\/uploads\/2019\/06\/a-vos-des-150x150.jpg 150w, https:\/\/leconservatoiredujeu.fr\/wp-content\/uploads\/2019\/06\/a-vos-des.jpg 372w\" sizes=\"(max-width: 300px) 100vw, 300px\" \/><\/figure><\/div>\n\n\n\n<p>Apr\u00e8s avoir entendu la question, vous choisissez combien d\u2019indices vous souhaitez conna\u00eetre avant de donner votre r\u00e9ponse, puis pariez sur les r\u00e9ponses des autres joueurs. Vous pouvez donc gagner des points en r\u00e9pondant correctement \u00e0 la question mais aussi gagner des points suppl\u00e9mentaires en devinant si les autres joueurs ont r\u00e9pondu correctement \u00e0 cette m\u00eame question ou non.<\/p>\n\n\n\n<div class=\"wp-block-image\"><figure class=\"aligncenter\"><img loading=\"lazy\" decoding=\"async\" width=\"300\" height=\"224\" src=\"http:\/\/leconservatoiredujeu.fr\/wp-content\/uploads\/2019\/06\/40663_1-300x224.jpg\" alt=\"\" class=\"wp-image-4179\" srcset=\"https:\/\/leconservatoiredujeu.fr\/wp-content\/uploads\/2019\/06\/40663_1-300x224.jpg 300w, https:\/\/leconservatoiredujeu.fr\/wp-content\/uploads\/2019\/06\/40663_1-401x300.jpg 401w, https:\/\/leconservatoiredujeu.fr\/wp-content\/uploads\/2019\/06\/40663_1.jpg 440w\" sizes=\"(max-width: 300px) 100vw, 300px\" \/><\/figure><\/div>\n\n\n\n<p><span style=\"text-decoration: underline;\"><strong>Liens<\/strong><\/span><\/p>\n\n\n\n<p>Site de <a href=\"https:\/\/www.tactic.net\/fp.php?lang=F\">Tactic<\/a><\/p>\n\n\n\n<p class=\"has-text-align-right\">Le Conservatoire du Jeu &#8211; Mai 2022<\/p>\n","protected":false},"excerpt":{"rendered":"<p>Historique : Tactic est un \u00e9diteur de jeux de soci\u00e9t\u00e9 bas\u00e9 \u00e0 Maurepas en France et filiale du groupe finlandais Nelostuote Oy. A vos d\u00e9s, pr\u00eats, partez pour un court instant ou bien pour de tr\u00e8s longues parties \u00e0 tout &hellip; <a href=\"https:\/\/leconservatoiredujeu.fr\/index.php\/tactic\/\">Continuer la lecture <span class=\"meta-nav\">&rarr;<\/span><\/a><\/p>\n","protected":false},"author":1,"featured_media":0,"parent":0,"menu_order":0,"comment_status":"closed","ping_status":"closed","template":"","meta":{"footnotes":""},"_links":{"self":[{"href":"https:\/\/leconservatoiredujeu.fr\/index.php\/wp-json\/wp\/v2\/pages\/4176"}],"collection":[{"href":"https:\/\/leconservatoiredujeu.fr\/index.php\/wp-json\/wp\/v2\/pages"}],"about":[{"href":"https:\/\/leconservatoiredujeu.fr\/index.php\/wp-json\/wp\/v2\/types\/page"}],"author":[{"embeddable":true,"href":"https:\/\/leconservatoiredujeu.fr\/index.php\/wp-json\/wp\/v2\/users\/1"}],"replies":[{"embeddable":true,"href":"https:\/\/leconservatoiredujeu.fr\/index.php\/wp-json\/wp\/v2\/comments?post=4176"}],"version-history":[{"count":3,"href":"https:\/\/leconservatoiredujeu.fr\/index.php\/wp-json\/wp\/v2\/pages\/4176\/revisions"}],"predecessor-version":[{"id":13093,"href":"https:\/\/leconservatoiredujeu.fr\/index.php\/wp-json\/wp\/v2\/pages\/4176\/revisions\/13093"}],"wp:attachment":[{"href":"https:\/\/leconservatoiredujeu.fr\/index.php\/wp-json\/wp\/v2\/media?parent=4176"}],"curies":[{"name":"wp","href":"https:\/\/api.w.org\/{rel}","templated":true}]}}