{"id":4147,"date":"2019-06-20T16:23:40","date_gmt":"2019-06-20T14:23:40","guid":{"rendered":"http:\/\/leconservatoiredujeu.fr\/?page_id=4147"},"modified":"2022-05-03T17:57:25","modified_gmt":"2022-05-03T15:57:25","slug":"oriflam","status":"publish","type":"page","link":"https:\/\/leconservatoiredujeu.fr\/index.php\/oriflam\/","title":{"rendered":"Oriflam"},"content":{"rendered":"\n<div class=\"wp-block-image\"><figure class=\"aligncenter\"><img loading=\"lazy\" decoding=\"async\" width=\"300\" height=\"185\" src=\"http:\/\/leconservatoiredujeu.fr\/wp-content\/uploads\/2019\/06\/oriflam-1430-1294670739-300x185.png\" alt=\"\" class=\"wp-image-4148\" srcset=\"https:\/\/leconservatoiredujeu.fr\/wp-content\/uploads\/2019\/06\/oriflam-1430-1294670739-300x185.png 300w, https:\/\/leconservatoiredujeu.fr\/wp-content\/uploads\/2019\/06\/oriflam-1430-1294670739-768x473.png 768w, https:\/\/leconservatoiredujeu.fr\/wp-content\/uploads\/2019\/06\/oriflam-1430-1294670739-487x300.png 487w, https:\/\/leconservatoiredujeu.fr\/wp-content\/uploads\/2019\/06\/oriflam-1430-1294670739.png 800w\" sizes=\"(max-width: 300px) 100vw, 300px\" \/><\/figure><\/div>\n\n\n\n<p><strong><span style=\"text-decoration: underline;\">Historique<\/span> :<\/strong><br><br>Oriflam&nbsp;est une soci\u00e9t\u00e9 d&rsquo;\u00e9dition de jeux de simulation cr\u00e9\u00e9e \u00e0&nbsp;Metz&nbsp;en&nbsp;1986. Oriflam a \u00e9t\u00e9 fond\u00e9 \u00e0 la suite de l&rsquo;ouverture de deux magasins sp\u00e9cialis\u00e9s dans les jeux de simulation. Excalibur Metz ouvert en 1983 par Jean-Marc Daniszewski et Excalibur Nancy ouvert en 1984 par Jean-Marc Delorme.<\/p>\n\n\n\n<p>L&rsquo;essentiel des produits vendus dans ces deux boutiques \u00e9tant \u00e0 80&nbsp;% des produits d&rsquo;importation en langue anglaise et, \u00e9tant donn\u00e9 qu&rsquo;il existait peu de soci\u00e9t\u00e9 d&rsquo;\u00e9dition de&nbsp;jeux de simulation&nbsp;produisant des produits en langue fran\u00e7aise, Jean-Marc Daniszewski et Jean-Marc Delorme ont d\u00e9cid\u00e9 de s&rsquo;associer d\u00e9but 1986 pour fonder Oriflam. L&rsquo;objectif de l&rsquo;entreprise \u00e9tait d&rsquo;acheter les droits de produits ayant \u00e9t\u00e9 un succ\u00e8s en anglais pour les \u00e9diter en langue fran\u00e7aise. Le succ\u00e8s de&nbsp;<i>L&rsquo;Appel de Cthulhu<\/i>&nbsp;\u00e9dit\u00e9 par&nbsp;Jeux Descartes, et du&nbsp;<i>Jeu de r\u00f4le des Terres du Milieu<\/i>&nbsp;\u00e9dit\u00e9 par&nbsp;Hexagonal&nbsp;ont confort\u00e9 les deux entrepreneurs \u00e0 pers\u00e9v\u00e9rer dans leur projet.<\/p>\n\n\n\n<p>Apr\u00e8s avoir trouv\u00e9 les financements n\u00e9cessaires pour lancer leur soci\u00e9t\u00e9, les fondateurs, adeptes du syst\u00e8me de jeu cr\u00e9\u00e9 par&nbsp;Greg Stafford, ont jet\u00e9 leur d\u00e9volu sur un jeu de la soci\u00e9t\u00e9&nbsp;Chaosium&nbsp;:&nbsp;<i>Stormbringer<\/i>&nbsp;inspir\u00e9 du&nbsp;Cycle d&rsquo;Elric&nbsp;de Menilbonn\u00e9 de&nbsp;Michael Moorcock. Ce produit \u00e9dit\u00e9 en 1981, avait d\u00e9j\u00e0 d\u00e9montr\u00e9 son succ\u00e8s aux \u00c9tats-Unis. Avec l&rsquo;appui de la soci\u00e9t\u00e9 d&rsquo;\u00e9dition Jeux Descartes, Oriflam r\u00e9ussit \u00e0 obtenir les droits d&rsquo;\u00e9dition en langue fran\u00e7aise de&nbsp;<i>Stormbringer<\/i>&nbsp;aupr\u00e8s de Greg Stafford, fondateur de Chaosium en automne 1986. C&rsquo;est Philippe Dohr, un ami des deux fondateurs qui sera le premier salari\u00e9 de l&rsquo;entreprise et qui prendra en charge la r\u00e9alisation du projet. Il aboutira par la sortie du jeu en avril 1987, distribu\u00e9 par une centaine de magasins sp\u00e9cialis\u00e9s sur le territoire fran\u00e7ais. D\u00e8s sa commercialisation,&nbsp;<i>Stormbringer<\/i>&nbsp;est un succ\u00e8s imm\u00e9diat et les 10&nbsp;000 premiers exemplaires imprim\u00e9s par IGD sont vendus en trois mois. De fait, s&rsquo;encha\u00eene rapidement la publication des suppl\u00e9ments du jeu avec la parution de&nbsp;<i>D\u00e9mons et Magie<\/i>, l&rsquo;<i>\u00c9cran du Ma\u00eetre de jeu<\/i>&#8230;<\/p>\n\n\n\n<div class=\"wp-block-image\"><figure class=\"aligncenter\"><img loading=\"lazy\" decoding=\"async\" width=\"218\" height=\"300\" src=\"http:\/\/leconservatoiredujeu.fr\/wp-content\/uploads\/2019\/06\/Stormbringer-218x300.jpg\" alt=\"\" class=\"wp-image-4150\" srcset=\"https:\/\/leconservatoiredujeu.fr\/wp-content\/uploads\/2019\/06\/Stormbringer-218x300.jpg 218w, https:\/\/leconservatoiredujeu.fr\/wp-content\/uploads\/2019\/06\/Stormbringer.jpg 350w\" sizes=\"(max-width: 218px) 100vw, 218px\" \/><\/figure><\/div>\n\n\n\n<p>La particularit\u00e9 d&rsquo;Oriflam par rapport aux autres soci\u00e9t\u00e9s d&rsquo;\u00e9dition, est d&rsquo;apporter sa touche personnelle par rapport \u00e0 l&rsquo;\u00e9dition originale. Oriflam porte un soin particulier \u00e0 la qualit\u00e9 de la traduction, \u00e0 la mise en page des livrets, et \u00e0 la qualit\u00e9 de l&rsquo;impression. Mais, le point d&rsquo;orgue figure essentiellement sur l&rsquo;illustration des livrets de jeu. D\u00e8s la parution de son premier jeu, Oriflam initie l&rsquo;int\u00e9gration de quelques dessins. Au fur et \u00e0 mesure de la sortie des suppl\u00e9ments de&nbsp;<i>Stormbringer<\/i>, Oriflam s&rsquo;\u00e9mancipe du produit original pour remanier compl\u00e8tement sa cr\u00e9ation artistique. Oriflam fait appel \u00e0 des artistes issus de l&rsquo;\u00e9cole des Beaux Arts de&nbsp;Metz,&nbsp;Nancy&nbsp;et&nbsp;Paris. Dans un premier temps, ces adjonctions se font sous la haute surveillance des \u00e9diteurs am\u00e9ricains qui validaient chaque insertion graphique. Et pour finir, d\u00e8s la parution de son second jeu&nbsp;<i>RuneQuest<\/i>, un remaniement int\u00e9gral du produit est op\u00e9r\u00e9 y compris pour la bo\u00eete. Le niveau de confiance acquis par Oriflam aupr\u00e8s des \u00e9diteurs am\u00e9ricains s&rsquo;est conclu par la mise en \u0153uvre d&rsquo;office des modifications sans aval pr\u00e9alable. Cela ira jusqu&rsquo;au rachat des versions graphiques fran\u00e7aises pour les \u00e9ditions am\u00e9ricaines.<\/p>\n\n\n\n<div class=\"wp-block-image\"><figure class=\"aligncenter\"><img loading=\"lazy\" decoding=\"async\" width=\"218\" height=\"300\" src=\"http:\/\/leconservatoiredujeu.fr\/wp-content\/uploads\/2019\/06\/RuneQuest-218x300.jpg\" alt=\"\" class=\"wp-image-4151\" srcset=\"https:\/\/leconservatoiredujeu.fr\/wp-content\/uploads\/2019\/06\/RuneQuest-218x300.jpg 218w, https:\/\/leconservatoiredujeu.fr\/wp-content\/uploads\/2019\/06\/RuneQuest.jpg 363w\" sizes=\"(max-width: 218px) 100vw, 218px\" \/><\/figure><\/div>\n\n\n\n<p>Fin 1987, avec le succ\u00e8s de son premier produit, Oriflam d\u00e9veloppe un programme d&rsquo;\u00e9dition important. Rapidement, la structure doit s&rsquo;\u00e9toffer et les r\u00f4les se r\u00e9partissent naturellement entre Philippe Dohr,&nbsp;directeur de collection, qui entre au capital de l&rsquo;entreprise \u00e0 hauteur de 33&nbsp;%, Jean-Marc Daniszewski,&nbsp;directeur commercial&nbsp;et Jean-Marc Delorme,&nbsp;directeur administratif et financier.<\/p>\n\n\n\n<p>1988, premier salon du jouet pour l&rsquo;entreprise en janvier, premier salon de la maquette et du jeu de simulation en avril avec en guest star sur le stand Greg Stafford. Tous les mois, Oriflam sort un nouveau produit. Courant 1988, l&rsquo;entreprise sort de sa cave de&nbsp;Mey&nbsp;pour s&rsquo;installer dans des locaux plus adapt\u00e9s \u00e0&nbsp;Montigny-l\u00e8s-Metz. Raphael Ferry qui a ouvert Excalibur Strasbourg en 1987 entre au capital d&rsquo;Oriflam \u00e0 hauteur de 25&nbsp;% en 1988 et prend le poste de directeur de la communication. Pour faire face \u00e0 cette croissance, les embauches se succ\u00e8dent plus rapidement que le chiffre d&rsquo;affaires. Lors de cette ann\u00e9e 1988, Oriflam diversifie son activit\u00e9 en \u00e9ditant sous licence des&nbsp;jeux de plateau&nbsp;<i>La Fureur de Dracula<\/i>, des&nbsp;wargames&nbsp;<i>Tank Leader Ouest<\/i>, un magazine sp\u00e9cialis\u00e9&nbsp;<i>Tatou<\/i>&nbsp;et en ouvrant un magasin de jeux de soci\u00e9t\u00e9 grand public sous l&rsquo;enseigne Excalibur au centre ville de Metz.<\/p>\n\n\n\n<p>1989, Oriflam est en proie \u00e0 de s\u00e9rieuses difficult\u00e9s financi\u00e8res. Rachat en 2012 par Intrafi.<\/p>\n\n\n\n<p class=\"has-text-align-right\">Le Conservatoire du Jeu &#8211; Mai 2022<\/p>\n\n\n\n<p> <\/p>\n","protected":false},"excerpt":{"rendered":"<p>Historique : Oriflam&nbsp;est une soci\u00e9t\u00e9 d&rsquo;\u00e9dition de jeux de simulation cr\u00e9\u00e9e \u00e0&nbsp;Metz&nbsp;en&nbsp;1986. Oriflam a \u00e9t\u00e9 fond\u00e9 \u00e0 la suite de l&rsquo;ouverture de deux magasins sp\u00e9cialis\u00e9s dans les jeux de simulation. Excalibur Metz ouvert en 1983 par Jean-Marc Daniszewski et Excalibur &hellip; <a href=\"https:\/\/leconservatoiredujeu.fr\/index.php\/oriflam\/\">Continuer la lecture <span class=\"meta-nav\">&rarr;<\/span><\/a><\/p>\n","protected":false},"author":1,"featured_media":0,"parent":0,"menu_order":0,"comment_status":"closed","ping_status":"closed","template":"","meta":{"footnotes":""},"_links":{"self":[{"href":"https:\/\/leconservatoiredujeu.fr\/index.php\/wp-json\/wp\/v2\/pages\/4147"}],"collection":[{"href":"https:\/\/leconservatoiredujeu.fr\/index.php\/wp-json\/wp\/v2\/pages"}],"about":[{"href":"https:\/\/leconservatoiredujeu.fr\/index.php\/wp-json\/wp\/v2\/types\/page"}],"author":[{"embeddable":true,"href":"https:\/\/leconservatoiredujeu.fr\/index.php\/wp-json\/wp\/v2\/users\/1"}],"replies":[{"embeddable":true,"href":"https:\/\/leconservatoiredujeu.fr\/index.php\/wp-json\/wp\/v2\/comments?post=4147"}],"version-history":[{"count":4,"href":"https:\/\/leconservatoiredujeu.fr\/index.php\/wp-json\/wp\/v2\/pages\/4147\/revisions"}],"predecessor-version":[{"id":13062,"href":"https:\/\/leconservatoiredujeu.fr\/index.php\/wp-json\/wp\/v2\/pages\/4147\/revisions\/13062"}],"wp:attachment":[{"href":"https:\/\/leconservatoiredujeu.fr\/index.php\/wp-json\/wp\/v2\/media?parent=4147"}],"curies":[{"name":"wp","href":"https:\/\/api.w.org\/{rel}","templated":true}]}}