{"id":4140,"date":"2019-06-20T15:43:19","date_gmt":"2019-06-20T13:43:19","guid":{"rendered":"http:\/\/leconservatoiredujeu.fr\/?page_id=4140"},"modified":"2022-03-03T16:33:01","modified_gmt":"2022-03-03T15:33:01","slug":"edge","status":"publish","type":"page","link":"https:\/\/leconservatoiredujeu.fr\/index.php\/edge\/","title":{"rendered":"Edge"},"content":{"rendered":"\n<div class=\"wp-block-image\"><figure class=\"aligncenter is-resized\"><img loading=\"lazy\" decoding=\"async\" src=\"http:\/\/leconservatoiredujeu.fr\/wp-content\/uploads\/2019\/06\/edge-visuel.jpg\" alt=\"\" class=\"wp-image-4141\" width=\"202\" height=\"201\" srcset=\"https:\/\/leconservatoiredujeu.fr\/wp-content\/uploads\/2019\/06\/edge-visuel.jpg 200w, https:\/\/leconservatoiredujeu.fr\/wp-content\/uploads\/2019\/06\/edge-visuel-150x150.jpg 150w\" sizes=\"(max-width: 202px) 100vw, 202px\" \/><figcaption>Logo de la marque<\/figcaption><\/figure><\/div>\n\n\n\n<p><span style=\"text-decoration: underline;\"><strong>Historique<\/strong><\/span> <strong>:<\/strong><\/p>\n\n\n\n<p>Edge Entertainment&nbsp;est un&nbsp;\u00e9diteur&nbsp;de&nbsp;jeux de soci\u00e9t\u00e9&nbsp;et de&nbsp;jeux de r\u00f4le&nbsp;bas\u00e9 \u00e0&nbsp;S\u00e9ville&nbsp;et \u00e0&nbsp;Toulouse.<\/p>\n\n\n\n<p>Edge Entertainment est devenu une r\u00e9f\u00e9rence dans l\u2019\u00e9dition et la publication de&nbsp;jeux de plateau,&nbsp;jeux de cartes,&nbsp;jeux de r\u00f4le&nbsp;et jeux de cartes \u00e9volutifs. Parmi leurs grands succ\u00e8s, certains se basent sur des univers connus mondialement comme des bestsellers tels que&nbsp;<i>Le Seigneur des anneaux<\/i>&nbsp;ou la saga du&nbsp;<i>Tr\u00f4ne de fer<\/i>, des jeux vid\u00e9o, ou encore des univers cin\u00e9matographiques comme&nbsp;<i>Star Wars<\/i>. De plus, gr\u00e2ce \u00e0 leur partenariat avec&nbsp;Games Workshop, ils publient des jeux de plateau, de cartes et de r\u00f4le dans l\u2019univers de&nbsp;Warhammer&nbsp;et&nbsp;Warhammer 40,000.<\/p>\n\n\n\n<figure class=\"wp-block-gallery columns-2 is-cropped wp-block-gallery-1 is-layout-flex wp-block-gallery-is-layout-flex\"><ul class=\"blocks-gallery-grid\"><li class=\"blocks-gallery-item\"><figure><img loading=\"lazy\" decoding=\"async\" width=\"375\" height=\"427\" src=\"http:\/\/leconservatoiredujeu.fr\/wp-content\/uploads\/2022\/03\/edge-entertainment-munchkin-warhammer-40k-en.jpg\" alt=\"\" data-id=\"12572\" data-link=\"http:\/\/leconservatoiredujeu.fr\/index.php\/edge\/edge-entertainment-munchkin-warhammer-40k-en\/\" class=\"wp-image-12572\" srcset=\"https:\/\/leconservatoiredujeu.fr\/wp-content\/uploads\/2022\/03\/edge-entertainment-munchkin-warhammer-40k-en.jpg 375w, https:\/\/leconservatoiredujeu.fr\/wp-content\/uploads\/2022\/03\/edge-entertainment-munchkin-warhammer-40k-en-263x300.jpg 263w\" sizes=\"(max-width: 375px) 100vw, 375px\" \/><\/figure><\/li><li class=\"blocks-gallery-item\"><figure><img loading=\"lazy\" decoding=\"async\" width=\"500\" height=\"530\" src=\"http:\/\/leconservatoiredujeu.fr\/wp-content\/uploads\/2022\/03\/Edge-Warhammer-JDR-Le-Guide-du-Joueur.jpg\" alt=\"\" data-id=\"12573\" data-full-url=\"http:\/\/leconservatoiredujeu.fr\/wp-content\/uploads\/2022\/03\/Edge-Warhammer-JDR-Le-Guide-du-Joueur.jpg\" data-link=\"http:\/\/leconservatoiredujeu.fr\/index.php\/edge\/edge-warhammer-jdr-le-guide-du-joueur\/\" class=\"wp-image-12573\" srcset=\"https:\/\/leconservatoiredujeu.fr\/wp-content\/uploads\/2022\/03\/Edge-Warhammer-JDR-Le-Guide-du-Joueur.jpg 500w, https:\/\/leconservatoiredujeu.fr\/wp-content\/uploads\/2022\/03\/Edge-Warhammer-JDR-Le-Guide-du-Joueur-283x300.jpg 283w\" sizes=\"(max-width: 500px) 100vw, 500px\" \/><\/figure><\/li><\/ul><figcaption class=\"blocks-gallery-caption\">Jeu Warhammer publi\u00e9s par Edge<\/figcaption><\/figure>\n\n\n\n<p>L&rsquo;entreprise Edge Entertainment est cr\u00e9\u00e9e \u00e0 S\u00e9ville en 1999, le travail \u00e9ditorial d\u2019Edge a d\u00e9but\u00e9 avec la publication de&nbsp;Heavy Gear&nbsp;, un jeu de r\u00f4le novateur, accompagn\u00e9 \u00e9galement de son propre jeu miniature, suivi de nouveaux titres..<\/p>\n\n\n\n<div class=\"wp-block-image\"><figure class=\"aligncenter size-full is-resized\"><img loading=\"lazy\" decoding=\"async\" src=\"http:\/\/leconservatoiredujeu.fr\/wp-content\/uploads\/2022\/03\/heavy-gear.jpg\" alt=\"\" class=\"wp-image-12574\" width=\"426\" height=\"383\"\/><figcaption>Livre de r\u00e8gles du jeu de r\u00f4le \u00ab\u00a0Heavy Gear\u00a0\u00bb<\/figcaption><\/figure><\/div>\n\n\n\n<p>En septembre 2008, les deux \u00e9diteurs fusionnent<sup id=\"cite_ref-1\" class=\"reference\"><\/sup>. Depuis lors les deux \u00e9diteurs utilisent le m\u00eame nom (Edge Entertainment) qui d\u00e9sormais est officiellement la marque commerciale espagnole et fran\u00e7aise \u00e0 la fois.<\/p>\n\n\n\n<p>Fin 2016-d\u00e9but 2017, Edge est achet\u00e9 par&nbsp;<a href=\"http:\/\/leconservatoiredujeu.fr\/index.php\/asmodee\/\">Asmodee \u00c9ditions<\/a><sup id=\"cite_ref-2\" class=\"reference\"><\/sup>.<\/p>\n\n\n\n<div class=\"wp-block-image\"><figure class=\"aligncenter size-full\"><img loading=\"lazy\" decoding=\"async\" width=\"291\" height=\"208\" src=\"http:\/\/leconservatoiredujeu.fr\/wp-content\/uploads\/2022\/03\/asmodee-NL-banner.jpg\" alt=\"\" class=\"wp-image-12575\"\/><figcaption>Logo de Asmodee \u00e9ditions<\/figcaption><\/figure><\/div>\n\n\n\n<p><span style=\"text-decoration: underline;\"><strong>Liens<\/strong><\/span> <strong>:<\/strong><\/p>\n\n\n\n<p>Site de <a href=\"http:\/\/www.edgeent.fr\/jeux\">Edge<\/a><\/p>\n\n\n\n<p class=\"has-text-align-right\">M.a.J &#8211; F\u00e9vrier 2022<\/p>\n","protected":false},"excerpt":{"rendered":"<p>Historique : Edge Entertainment&nbsp;est un&nbsp;\u00e9diteur&nbsp;de&nbsp;jeux de soci\u00e9t\u00e9&nbsp;et de&nbsp;jeux de r\u00f4le&nbsp;bas\u00e9 \u00e0&nbsp;S\u00e9ville&nbsp;et \u00e0&nbsp;Toulouse. Edge Entertainment est devenu une r\u00e9f\u00e9rence dans l\u2019\u00e9dition et la publication de&nbsp;jeux de plateau,&nbsp;jeux de cartes,&nbsp;jeux de r\u00f4le&nbsp;et jeux de cartes \u00e9volutifs. Parmi leurs grands succ\u00e8s, certains se &hellip; <a href=\"https:\/\/leconservatoiredujeu.fr\/index.php\/edge\/\">Continuer la lecture <span class=\"meta-nav\">&rarr;<\/span><\/a><\/p>\n","protected":false},"author":1,"featured_media":0,"parent":0,"menu_order":0,"comment_status":"closed","ping_status":"closed","template":"","meta":{"footnotes":""},"_links":{"self":[{"href":"https:\/\/leconservatoiredujeu.fr\/index.php\/wp-json\/wp\/v2\/pages\/4140"}],"collection":[{"href":"https:\/\/leconservatoiredujeu.fr\/index.php\/wp-json\/wp\/v2\/pages"}],"about":[{"href":"https:\/\/leconservatoiredujeu.fr\/index.php\/wp-json\/wp\/v2\/types\/page"}],"author":[{"embeddable":true,"href":"https:\/\/leconservatoiredujeu.fr\/index.php\/wp-json\/wp\/v2\/users\/1"}],"replies":[{"embeddable":true,"href":"https:\/\/leconservatoiredujeu.fr\/index.php\/wp-json\/wp\/v2\/comments?post=4140"}],"version-history":[{"count":4,"href":"https:\/\/leconservatoiredujeu.fr\/index.php\/wp-json\/wp\/v2\/pages\/4140\/revisions"}],"predecessor-version":[{"id":12577,"href":"https:\/\/leconservatoiredujeu.fr\/index.php\/wp-json\/wp\/v2\/pages\/4140\/revisions\/12577"}],"wp:attachment":[{"href":"https:\/\/leconservatoiredujeu.fr\/index.php\/wp-json\/wp\/v2\/media?parent=4140"}],"curies":[{"name":"wp","href":"https:\/\/api.w.org\/{rel}","templated":true}]}}