{"id":3892,"date":"2019-06-19T10:56:35","date_gmt":"2019-06-19T08:56:35","guid":{"rendered":"http:\/\/leconservatoiredujeu.fr\/?page_id=3892"},"modified":"2022-05-04T15:11:12","modified_gmt":"2022-05-04T13:11:12","slug":"winning-moves","status":"publish","type":"page","link":"https:\/\/leconservatoiredujeu.fr\/index.php\/winning-moves\/","title":{"rendered":"Winning Moves"},"content":{"rendered":"<p><img loading=\"lazy\" decoding=\"async\" class=\"size-full wp-image-3893 aligncenter\" src=\"http:\/\/leconservatoiredujeu.fr\/wp-content\/uploads\/2019\/06\/t\u00e9l\u00e9chargement-1.png\" alt=\"\" width=\"225\" height=\"225\" srcset=\"https:\/\/leconservatoiredujeu.fr\/wp-content\/uploads\/2019\/06\/t\u00e9l\u00e9chargement-1.png 225w, https:\/\/leconservatoiredujeu.fr\/wp-content\/uploads\/2019\/06\/t\u00e9l\u00e9chargement-1-150x150.png 150w\" sizes=\"(max-width: 225px) 100vw, 225px\" \/><\/p>\n<p><span style=\"text-decoration: underline;\"><strong>Historique :<\/strong><\/span><\/p>\n<p><main role=\"main\"><\/p>\n<section class=\"o-section\">\n<div class=\"row align-center\">\n<div class=\"column small-12 medium-11 large-10\">\n<article class=\"c-wysiwyg\">Depuis 1997, Winning Moves con\u00e7oit et commercialise des jeux mondialement connus et appr\u00e9ci\u00e9s par petits et grands tels que Monopoly, Qui Est-ce ?, Cluedo, Puissance 4, Top Trumps ou encore Les jeux de cochons.<\/p>\n<p><img loading=\"lazy\" decoding=\"async\" class=\" wp-image-3895 aligncenter\" src=\"http:\/\/leconservatoiredujeu.fr\/wp-content\/uploads\/2019\/06\/got1-300x300.jpg\" alt=\"\" width=\"270\" height=\"270\" srcset=\"https:\/\/leconservatoiredujeu.fr\/wp-content\/uploads\/2019\/06\/got1-300x300.jpg 300w, https:\/\/leconservatoiredujeu.fr\/wp-content\/uploads\/2019\/06\/got1-150x150.jpg 150w, https:\/\/leconservatoiredujeu.fr\/wp-content\/uploads\/2019\/06\/got1-768x768.jpg 768w, https:\/\/leconservatoiredujeu.fr\/wp-content\/uploads\/2019\/06\/got1.jpg 900w\" sizes=\"(max-width: 270px) 100vw, 270px\" \/><\/p>\n<p>Winning Moves est une soci\u00e9t\u00e9 Am\u00e9ricaine de jeu de\u00a0soci\u00e9t\u00e9, qui fait r\u00e9f\u00e9rence aux\u00a0Jeux d&rsquo;auteur\u00a0est sp\u00e9cialis\u00e9,\u00a0jeux de soci\u00e9t\u00e9\u00a0et\u00a0jeux de cartes.\u00a0Chaque ann\u00e9e, les jeux Winning Moves font partie des gagnants ou des finalistes de tous les grands\u00a0prix\u00a0.<\/p>\n<p>La soci\u00e9t\u00e9 a \u00e9t\u00e9 fond\u00e9e en 1995 lorsque quatre experts du march\u00e9 sont devenus ind\u00e9pendant,\u00a0Tom Kremer, Phil E. Orbanes, Mike Meyers et Alex Randolph.<\/p>\n<p>Winning Moves Germany met \u00e9galement en \u0153uvre un concept international qui mettra l&rsquo;accent sur les licences de jeux plut\u00f4t que sur les jeux d&rsquo;auteurs. Dans le m\u00eame temps, le partenariat existant entre Monopoly et Hasbro sera \u00e9tendu \u00e0 l\u2019\u00e9chelle mondiale et deviendra l\u2019 axe principal de la soci\u00e9t\u00e9.<\/p>\n<p>Depuis 2000, Winning Moves France \u00e9dite de nouvelles versions des jeux de soci\u00e9t\u00e9 les plus connus du march\u00e9 en France : Monopoly, Trivial Pursuit, Cluedo ou encore Risk. Au d\u00e9part sp\u00e9cialis\u00e9 dans la cr\u00e9ation d\u2019\u00e9ditions r\u00e9gionales, Winning Moves France est aujourd\u2019hui le partenaire exclusif d\u2019Hasbro pour la cr\u00e9ation de jeux de soci\u00e9t\u00e9 sous licence.<\/p>\n<p>Winning Moves con\u00e7oit beaucoup de nouveaux jeux bas\u00e9s sur des films et s\u00e9ries du moment.<\/p>\n<p><img loading=\"lazy\" decoding=\"async\" class=\"wp-image-3894 aligncenter\" src=\"http:\/\/leconservatoiredujeu.fr\/wp-content\/uploads\/2019\/06\/1_3-300x300.jpg\" alt=\"\" width=\"270\" height=\"270\" srcset=\"https:\/\/leconservatoiredujeu.fr\/wp-content\/uploads\/2019\/06\/1_3-300x300.jpg 300w, https:\/\/leconservatoiredujeu.fr\/wp-content\/uploads\/2019\/06\/1_3-150x150.jpg 150w, https:\/\/leconservatoiredujeu.fr\/wp-content\/uploads\/2019\/06\/1_3-768x768.jpg 768w, https:\/\/leconservatoiredujeu.fr\/wp-content\/uploads\/2019\/06\/1_3.jpg 900w\" sizes=\"(max-width: 270px) 100vw, 270px\" \/><\/p>\n<\/article>\n<\/div>\n<\/div>\n<\/section>\n<p><\/main><span style=\"text-decoration: underline;\"><strong>Liens<\/strong><\/span><\/p>\n<p>Site de <a href=\"https:\/\/www.winningmoves.fr\/\">Winning Moves<\/a><\/p>\n<p style=\"text-align: right;\">Le Conservatire du Jeu &#8211; Mai 2022<\/p>\n","protected":false},"excerpt":{"rendered":"<p>Historique : Depuis 1997, Winning Moves con\u00e7oit et commercialise des jeux mondialement connus et appr\u00e9ci\u00e9s par petits et grands tels que Monopoly, Qui Est-ce ?, Cluedo, Puissance 4, Top Trumps ou encore Les jeux de cochons. Winning Moves est une &hellip; <a href=\"https:\/\/leconservatoiredujeu.fr\/index.php\/winning-moves\/\">Continuer la lecture <span class=\"meta-nav\">&rarr;<\/span><\/a><\/p>\n","protected":false},"author":1,"featured_media":0,"parent":0,"menu_order":0,"comment_status":"closed","ping_status":"closed","template":"","meta":{"footnotes":""},"_links":{"self":[{"href":"https:\/\/leconservatoiredujeu.fr\/index.php\/wp-json\/wp\/v2\/pages\/3892"}],"collection":[{"href":"https:\/\/leconservatoiredujeu.fr\/index.php\/wp-json\/wp\/v2\/pages"}],"about":[{"href":"https:\/\/leconservatoiredujeu.fr\/index.php\/wp-json\/wp\/v2\/types\/page"}],"author":[{"embeddable":true,"href":"https:\/\/leconservatoiredujeu.fr\/index.php\/wp-json\/wp\/v2\/users\/1"}],"replies":[{"embeddable":true,"href":"https:\/\/leconservatoiredujeu.fr\/index.php\/wp-json\/wp\/v2\/comments?post=3892"}],"version-history":[{"count":8,"href":"https:\/\/leconservatoiredujeu.fr\/index.php\/wp-json\/wp\/v2\/pages\/3892\/revisions"}],"predecessor-version":[{"id":13119,"href":"https:\/\/leconservatoiredujeu.fr\/index.php\/wp-json\/wp\/v2\/pages\/3892\/revisions\/13119"}],"wp:attachment":[{"href":"https:\/\/leconservatoiredujeu.fr\/index.php\/wp-json\/wp\/v2\/media?parent=3892"}],"curies":[{"name":"wp","href":"https:\/\/api.w.org\/{rel}","templated":true}]}}