{"id":3866,"date":"2019-06-18T16:56:46","date_gmt":"2019-06-18T14:56:46","guid":{"rendered":"http:\/\/leconservatoiredujeu.fr\/?page_id=3866"},"modified":"2022-04-28T13:21:13","modified_gmt":"2022-04-28T11:21:13","slug":"jeux-schmidt","status":"publish","type":"page","link":"https:\/\/leconservatoiredujeu.fr\/index.php\/jeux-schmidt\/","title":{"rendered":"Jeux Schmidt"},"content":{"rendered":"\n<div class=\"wp-block-image\"><figure class=\"aligncenter\"><img loading=\"lazy\" decoding=\"async\" width=\"246\" height=\"300\" src=\"http:\/\/leconservatoiredujeu.fr\/wp-content\/uploads\/2019\/06\/1200px-Schmidt_Spiele_logo.svg_-246x300.png\" alt=\"\" class=\"wp-image-3867\" srcset=\"https:\/\/leconservatoiredujeu.fr\/wp-content\/uploads\/2019\/06\/1200px-Schmidt_Spiele_logo.svg_-246x300.png 246w, https:\/\/leconservatoiredujeu.fr\/wp-content\/uploads\/2019\/06\/1200px-Schmidt_Spiele_logo.svg_-768x936.png 768w, https:\/\/leconservatoiredujeu.fr\/wp-content\/uploads\/2019\/06\/1200px-Schmidt_Spiele_logo.svg_-840x1024.png 840w, https:\/\/leconservatoiredujeu.fr\/wp-content\/uploads\/2019\/06\/1200px-Schmidt_Spiele_logo.svg_.png 1200w\" sizes=\"(max-width: 246px) 100vw, 246px\" \/><\/figure><\/div>\n\n\n\n<p><span style=\"text-decoration: underline;\"><strong>Historique<\/strong><\/span><\/p>\n\n\n\n<p>Schmidt&nbsp;(Schmidt Spiele) est une soci\u00e9t\u00e9&nbsp;allemande&nbsp;sp\u00e9cialis\u00e9e dans les jouets, les puzzles et les&nbsp;jeux de soci\u00e9t\u00e9&nbsp;pour enfants, familles ou adultes.<\/p>\n\n\n\n<p>Le fondateur,&nbsp;Josef Friedrich Schmidt&nbsp;s&rsquo;est fait conna\u00eetre par son adaptation du&nbsp;Ludo appel\u00e9e&nbsp;<i>Mensch \u00e4rgere dich nicht<\/i>, toujours \u00e9dit\u00e9 en fran\u00e7ais sous le nom&nbsp;T&rsquo;en fais pas. Schmidt a publi\u00e9 des jeux r\u00e9put\u00e9s comme&nbsp;Acquire&nbsp;et&nbsp;Dampfross.<\/p>\n\n\n\n<p>En 1997, Schmidt a connu des difficult\u00e9s \u00e9conomiques et a \u00e9t\u00e9 repris par l&rsquo;\u00e9diteur berlinois&nbsp;Blatz&nbsp;qui continue \u00e0 utiliser la marque.&nbsp;Schmidt&nbsp;distribue les jeux de la maison&nbsp;Hans im Gl\u00fcck, dont plusieurs titres ont \u00e9t\u00e9&nbsp;prim\u00e9s&nbsp;en&nbsp;Allemagne. En France et en Allemagne, Schmidt distribue depuis 2007 les jeux Adlung.<\/p>\n\n\n\n<p>Josef Friedrich Schmidt, a&nbsp;d\u00e9velopp\u00e9 en 1907 le&nbsp;jeu de soci\u00e9t\u00e9&nbsp;<i>Mensch<\/i>&nbsp;, bas\u00e9&nbsp;sur&nbsp;des&nbsp;mod\u00e8les&nbsp;anciens&nbsp;, notamment le&nbsp;<i>Pachisi<\/i>&nbsp;indien&nbsp;, \u00ab\u00a0<i>ne vous \u00e9nerve pas\u00a0\u00bb<\/i>&nbsp;.&nbsp;Cinq ans plus tard, l&rsquo;\u00e9diteur a commenc\u00e9 la production en s\u00e9rie. Son fils Franz Schmidt devint ensuite ind\u00e9pendant et fonda sa propre entreprise, \u00e9galement connue sous le nom de&nbsp;<i>Schmidt Spiele<\/i>&nbsp;.&nbsp;Avant la Seconde Guerre mondiale, elle \u00e9tait bas\u00e9e \u00e0 Nuremberg, puis \u00e0 Munich, et les deux soci\u00e9t\u00e9s entretenaient un partenariat de distribution. Sous l&rsquo;influence des nazis, les&nbsp;\u00e9diteurs comme les&nbsp;autres \u00e9diteurs allemands a&nbsp;\u00e9galement publi\u00e9,&nbsp;Propaganda Games&nbsp;<i><\/i><i><\/i><sup id=\"cite_ref-fbas.tv_2-0\" class=\"reference\"><\/sup>comme le match&nbsp;<i>avec Prien &lsquo;contre l&rsquo;Angleterre<\/i>&nbsp;, qui faisait r\u00e9f\u00e9rence au succ\u00e8s de l&rsquo;officier de marine et commandant du sous-marin&nbsp;G\u00fcnther Prien .<\/p>\n\n\n\n<p>En 1970, les soci\u00e9t\u00e9s fusionnent en Schmidt Spiele.&nbsp;La s\u00e9lection de la maison d&rsquo;&nbsp;\u00e9dition depuis le d\u00e9but comprend des jeux d&rsquo;enfants, des jeux de la&nbsp;famille et des&nbsp;adultes et des&nbsp;puzzles (<i>Yahtzee<\/i>&nbsp;,&nbsp;<i>Spitz surveiller<\/i>&nbsp;,&nbsp;<i>Dampfross<\/i> et Spiels&nbsp;<i>Talisman<\/i>).<br>Dans les ann\u00e9es 1980, avec les \u00e9ditions sp\u00e9cialis\u00e9es&nbsp;Fantasy Productions&nbsp;et l&rsquo;\u00e9diteur&nbsp;Droemer Knaur, le jeu de r\u00f4le fantastique \u00ab\u00a0<i>L&rsquo;oeil<\/i>&nbsp;au<i> beurre noir\u00a0\u00bb (<\/i>concurrence allemande pour<i> Dungeons &amp; Dragons) se<\/i> d\u00e9veloppe et se produit.<\/p>\n\n\n\n<figure class=\"wp-block-image\"><img loading=\"lazy\" decoding=\"async\" width=\"246\" height=\"174\" src=\"http:\/\/leconservatoiredujeu.fr\/wp-content\/uploads\/2019\/06\/pic227106.jpg\" alt=\"\" class=\"wp-image-3868\"\/><\/figure>\n\n\n\n<figure class=\"wp-block-image\"><img loading=\"lazy\" decoding=\"async\" width=\"215\" height=\"300\" src=\"http:\/\/leconservatoiredujeu.fr\/wp-content\/uploads\/2019\/06\/81D77hAA5ZL._SY450_-215x300.jpg\" alt=\"\" class=\"wp-image-3885\" srcset=\"https:\/\/leconservatoiredujeu.fr\/wp-content\/uploads\/2019\/06\/81D77hAA5ZL._SY450_-215x300.jpg 215w, https:\/\/leconservatoiredujeu.fr\/wp-content\/uploads\/2019\/06\/81D77hAA5ZL._SY450_.jpg 323w\" sizes=\"(max-width: 215px) 100vw, 215px\" \/><\/figure>\n\n\n\n<p>En 1997,&nbsp;<i>Schmidt a<\/i>&nbsp;eu&nbsp;des difficult\u00e9s financi\u00e8res et a \u00e9t\u00e9 repris par le groupe Berlin Blatz.&nbsp;Depuis lors, Blatz propose ses produits sous la marque&nbsp;<i>Schmidt Spiele<\/i>&nbsp;et prend plus tard le nom de&nbsp;marque&nbsp;.&nbsp;Depuis la fin des ann\u00e9es 1990, la soci\u00e9t\u00e9 propose en outre des jeux ou des casse-t\u00eate. La maison d&rsquo;\u00e9dition pour enfants, \u00e0 l&rsquo;origine ind\u00e9pendante,&nbsp;Drei Magier Spiele&nbsp;, dont Schmidt Spiele a repris la distribution depuis 2001, a \u00e9t\u00e9 int\u00e9gr\u00e9e \u00e0 Blatz \/ Schmidt Spiele en 2008.<\/p>\n\n\n\n<p>En janvier 2017, Schmidt Spiele a annonc\u00e9 un partenariat strat\u00e9gique avec le fabricant de jouets&nbsp;Schleich&nbsp;afin de&nbsp;produire et de distribuer&nbsp;conjointement&nbsp;un&nbsp;casse-t\u00eate avec des figurines animales.<\/p>\n\n\n\n<p>L&rsquo;\u00e9diteur a \u00e9galement distribu\u00e9 sur plusieurs ann\u00e9es les jeux de&nbsp;soci\u00e9t\u00e9 de la maison d&rsquo;\u00e9dition Hans im Gl\u00fcck&nbsp;avec des jeux tels que&nbsp;<i>Thurn et Taxis<\/i>, <i>Dominion<\/i> et <i>Carcassonne<\/i>.<\/p>\n\n\n\n<p>Le&nbsp;Ligretto&nbsp;est un jeu de cartes de rapidit\u00e9 allemand paru en 1988, cr\u00e9\u00e9 par Reiner Stockhausen et \u00e9dit\u00e9 par&nbsp;Schmidt.<\/p>\n\n\n\n<p>Dans ce jeu, ce qui importe le plus c\u2019est la rapidit\u00e9. Il faut r\u00e9agir plus vite que les autres joueurs et se d\u00e9barrasser de toutes ses cartes avant tout le monde. L\u2019engouement du jeu c\u2019est que tous les joueurs jouent simultan\u00e9ment et personne ne s\u2019ennuie.<\/p>\n\n\n\n<p>La partie est termin\u00e9e&nbsp;? Il suffit de compter le nombre de cartes sur la table que chaque joueur a pos\u00e9 en utilisant le code motif sur le revers des cartes. Une carte pos\u00e9e vaut 1 point. Mais attention, les joueurs qui poss\u00e8dent des cartes sur leur ligretto ont des points de p\u00e9nalit\u00e9 double c\u2019est-\u00e0-dire que pour chaque carte non jou\u00e9e dans ce tas, le joueur perd 2 points. Ce n\u2019est pas forc\u00e9ment la personne qui a stopp\u00e9 la partie qui aura le meilleur score.&nbsp;Traditionnellement, on rejoue jusqu\u2019\u00e0 ce qu\u2019un joueur obtienne 100 points, mais il est tout \u00e0 fait possible d\u2019arr\u00eater avant ou apr\u00e8s.<\/p>\n\n\n\n<div class=\"wp-block-image\"><figure class=\"aligncenter\"><img loading=\"lazy\" decoding=\"async\" width=\"300\" height=\"261\" src=\"http:\/\/leconservatoiredujeu.fr\/wp-content\/uploads\/2019\/06\/ligretto-vert-p-image-64602-grande-300x261.jpg\" alt=\"\" class=\"wp-image-3870\" srcset=\"https:\/\/leconservatoiredujeu.fr\/wp-content\/uploads\/2019\/06\/ligretto-vert-p-image-64602-grande-300x261.jpg 300w, https:\/\/leconservatoiredujeu.fr\/wp-content\/uploads\/2019\/06\/ligretto-vert-p-image-64602-grande-344x300.jpg 344w, https:\/\/leconservatoiredujeu.fr\/wp-content\/uploads\/2019\/06\/ligretto-vert-p-image-64602-grande.jpg 473w\" sizes=\"(max-width: 300px) 100vw, 300px\" \/><\/figure><\/div>\n\n\n\n<p><span style=\"text-decoration: underline;\"><strong>Liens<\/strong><\/span><\/p>\n\n\n\n<p>Site de <a href=\"https:\/\/www.schmidtspiele.de\/fr\/produits\/jeux\/\">Schmidt<\/a><\/p>\n\n\n\n<p class=\"has-text-align-right\">Le Conservatoire du Jeu &#8211; Avril 2022<\/p>\n","protected":false},"excerpt":{"rendered":"<p>Historique Schmidt&nbsp;(Schmidt Spiele) est une soci\u00e9t\u00e9&nbsp;allemande&nbsp;sp\u00e9cialis\u00e9e dans les jouets, les puzzles et les&nbsp;jeux de soci\u00e9t\u00e9&nbsp;pour enfants, familles ou adultes. Le fondateur,&nbsp;Josef Friedrich Schmidt&nbsp;s&rsquo;est fait conna\u00eetre par son adaptation du&nbsp;Ludo appel\u00e9e&nbsp;Mensch \u00e4rgere dich nicht, toujours \u00e9dit\u00e9 en fran\u00e7ais sous le nom&nbsp;T&rsquo;en &hellip; <a href=\"https:\/\/leconservatoiredujeu.fr\/index.php\/jeux-schmidt\/\">Continuer la lecture <span class=\"meta-nav\">&rarr;<\/span><\/a><\/p>\n","protected":false},"author":1,"featured_media":0,"parent":0,"menu_order":0,"comment_status":"closed","ping_status":"closed","template":"","meta":{"footnotes":""},"_links":{"self":[{"href":"https:\/\/leconservatoiredujeu.fr\/index.php\/wp-json\/wp\/v2\/pages\/3866"}],"collection":[{"href":"https:\/\/leconservatoiredujeu.fr\/index.php\/wp-json\/wp\/v2\/pages"}],"about":[{"href":"https:\/\/leconservatoiredujeu.fr\/index.php\/wp-json\/wp\/v2\/types\/page"}],"author":[{"embeddable":true,"href":"https:\/\/leconservatoiredujeu.fr\/index.php\/wp-json\/wp\/v2\/users\/1"}],"replies":[{"embeddable":true,"href":"https:\/\/leconservatoiredujeu.fr\/index.php\/wp-json\/wp\/v2\/comments?post=3866"}],"version-history":[{"count":3,"href":"https:\/\/leconservatoiredujeu.fr\/index.php\/wp-json\/wp\/v2\/pages\/3866\/revisions"}],"predecessor-version":[{"id":12952,"href":"https:\/\/leconservatoiredujeu.fr\/index.php\/wp-json\/wp\/v2\/pages\/3866\/revisions\/12952"}],"wp:attachment":[{"href":"https:\/\/leconservatoiredujeu.fr\/index.php\/wp-json\/wp\/v2\/media?parent=3866"}],"curies":[{"name":"wp","href":"https:\/\/api.w.org\/{rel}","templated":true}]}}