{"id":3858,"date":"2019-06-18T16:19:07","date_gmt":"2019-06-18T14:19:07","guid":{"rendered":"http:\/\/leconservatoiredujeu.fr\/?page_id=3858"},"modified":"2022-04-28T11:24:57","modified_gmt":"2022-04-28T09:24:57","slug":"goliath","status":"publish","type":"page","link":"https:\/\/leconservatoiredujeu.fr\/index.php\/goliath\/","title":{"rendered":"Goliath"},"content":{"rendered":"\n<div class=\"wp-block-image\"><figure class=\"aligncenter\"><img loading=\"lazy\" decoding=\"async\" width=\"200\" height=\"200\" src=\"http:\/\/leconservatoiredujeu.fr\/wp-content\/uploads\/2019\/06\/863b1f68f01eb60d13300cdbf3f936dff00b.jpeg\" alt=\"\" class=\"wp-image-3859\" srcset=\"https:\/\/leconservatoiredujeu.fr\/wp-content\/uploads\/2019\/06\/863b1f68f01eb60d13300cdbf3f936dff00b.jpeg 200w, https:\/\/leconservatoiredujeu.fr\/wp-content\/uploads\/2019\/06\/863b1f68f01eb60d13300cdbf3f936dff00b-150x150.jpeg 150w\" sizes=\"(max-width: 200px) 100vw, 200px\" \/><\/figure><\/div>\n\n\n\n<p><span style=\"text-decoration: underline;\"><strong>Historique<\/strong><\/span><\/p>\n\n\n\n<p>Goliath Games est un fabricant international et distributeur de jouets et de jeux. Parmi les marques que nous commercialisons, nous retrouvons le Rummikub, le Triominos, Mots m\u00eal\u00e9s, Cuisto Dingo, M\u00e9dor P\u00e8te fort, Super Sand, Paint Sation, et beaucoup d\u2019autres encore\u2026<\/p>\n\n\n\n<p>Goliath Games a \u00e9t\u00e9 fond\u00e9e en 1980 par Adi Golad. A partir de la commercialisation d\u2019un seul produit au d\u00e9but, nous en vendons maintenant des millions, avec une grande \u00e9quipe r\u00e9partie&nbsp;dans des dizaines de pays. Desservant 1,5 milliard de consommateurs dans le monde, Goliath est constamment \u00e0 la recherche de nouvelles opportunit\u00e9s, d\u2019inventions, de distributeurs et de talents pour notre grande vari\u00e9t\u00e9 de jeux et de jouets.<\/p>\n\n\n\n<div class=\"wp-block-image\"><figure class=\"aligncenter\"><img loading=\"lazy\" decoding=\"async\" width=\"300\" height=\"179\" src=\"http:\/\/leconservatoiredujeu.fr\/wp-content\/uploads\/2019\/06\/211704-goliath-games-300x179.png\" alt=\"\" class=\"wp-image-3862\" srcset=\"https:\/\/leconservatoiredujeu.fr\/wp-content\/uploads\/2019\/06\/211704-goliath-games-300x179.png 300w, https:\/\/leconservatoiredujeu.fr\/wp-content\/uploads\/2019\/06\/211704-goliath-games.png 495w\" sizes=\"(max-width: 300px) 100vw, 300px\" \/><\/figure><\/div>\n\n\n\n<p>Adi Golad : <\/p>\n\n\n\n<p>Le&nbsp;Rummikub&nbsp;est un jeu de soci\u00e9t\u00e9 pour deux, trois ou quatre joueurs, qui se joue avec des jetons rectangulaires (plaques ou tuiles) qui sont num\u00e9rot\u00e9s de 1 a 13. Les r\u00e8gles sont tr\u00e8s voisines du jeu de cartes du&nbsp;Rami.&nbsp;<i>Rummy<\/i>&nbsp;signifie d&rsquo;ailleurs \u00ab&nbsp;Rami&nbsp;\u00bb en anglais.<\/p>\n\n\n\n<p>Le but d&rsquo;une manche est d&rsquo;\u00eatre le premier \u00e0 poser toutes les tuiles de son chevalet sur la table. Le jeu a \u00e9t\u00e9 cr\u00e9\u00e9 \u00e0 l&rsquo;origine dans les&nbsp;ann\u00e9es 1940.<\/p>\n\n\n\n<p>Il a remport\u00e9 en&nbsp;1980&nbsp;le prix&nbsp;<i>Spiel des Jahres<\/i>&nbsp;(Jeu de l&rsquo;ann\u00e9e) en Allemagne.<\/p>\n\n\n\n<div class=\"wp-block-image\"><figure class=\"aligncenter\"><img loading=\"lazy\" decoding=\"async\" width=\"225\" height=\"225\" src=\"http:\/\/leconservatoiredujeu.fr\/wp-content\/uploads\/2019\/06\/t\u00e9l\u00e9chargement-7.jpg\" alt=\"\" class=\"wp-image-3860\" srcset=\"https:\/\/leconservatoiredujeu.fr\/wp-content\/uploads\/2019\/06\/t\u00e9l\u00e9chargement-7.jpg 225w, https:\/\/leconservatoiredujeu.fr\/wp-content\/uploads\/2019\/06\/t\u00e9l\u00e9chargement-7-150x150.jpg 150w\" sizes=\"(max-width: 225px) 100vw, 225px\" \/><\/figure><\/div>\n\n\n\n<p>Le Triominos&nbsp;(\u00e9galement appel\u00e9&nbsp;<i>Tri-Ominos<\/i>&nbsp;,&nbsp;<i>3-&nbsp;<\/i><i>Omino<\/i>) est un&nbsp;jeu de placement distribu\u00e9 par divers \u00e9diteurs de jeux. Il est actuellement&nbsp;transf\u00e9r\u00e9&nbsp;par&nbsp;Goliath Toys&nbsp;.&nbsp;Il est consid\u00e9r\u00e9 comme une version \u00e9tendue du&nbsp;<i>jeu de dominos<\/i>&nbsp;avec des pierres triangulaires.<\/p>\n\n\n\n<p>Le but du jeu est de marquer autant de points que possible en pla\u00e7ant les pierres appropri\u00e9es.&nbsp;Les points r\u00e9alisables pendant une partie sont bas\u00e9s sur le nombre de pierres jou\u00e9es et sur des arrangements des pierres.<\/p>\n\n\n\n<p>Si un joueur place sa derni\u00e8re pierre, c&rsquo;est le pr\u00e9lude au tour suivant.&nbsp;Il re\u00e7oit un bonus de 25 points et le nombre total de Triominos qui sont encore en possession des autres joueurs.&nbsp;Le gagnant du jeu est le joueur avec le plus de points.<\/p>\n\n\n\n<div class=\"wp-block-image\"><figure class=\"aligncenter\"><img loading=\"lazy\" decoding=\"async\" width=\"300\" height=\"248\" src=\"http:\/\/leconservatoiredujeu.fr\/wp-content\/uploads\/2019\/06\/Triominos-de-luxe-002-300x248.jpg\" alt=\"\" class=\"wp-image-3861\" srcset=\"https:\/\/leconservatoiredujeu.fr\/wp-content\/uploads\/2019\/06\/Triominos-de-luxe-002-300x248.jpg 300w, https:\/\/leconservatoiredujeu.fr\/wp-content\/uploads\/2019\/06\/Triominos-de-luxe-002-363x300.jpg 363w, https:\/\/leconservatoiredujeu.fr\/wp-content\/uploads\/2019\/06\/Triominos-de-luxe-002.jpg 484w\" sizes=\"(max-width: 300px) 100vw, 300px\" \/><\/figure><\/div>\n\n\n\n<p>Le principe du jeu de mots m\u00eal\u00e9s est de rep\u00e9rer, dans une grille remplie de lettres, des mots connus du dictionnaire, lus dans les deux sens, horizontalement, verticalement et en diagonale. Contrairement aux&nbsp;mots crois\u00e9s, l&rsquo;absence de cases noires offre aux joueurs de nombreuses complexit\u00e9s et intersections.<\/p>\n\n\n\n<p>Les origines du ph\u00e9nom\u00e8ne des&nbsp;mots m\u00eal\u00e9s&nbsp;sont orales. Les entrecroisements des langues, des patois et des sons ont contribu\u00e9 \u00e0 modifier au fil du temps les mots mais aussi des expressions.<\/p>\n\n\n\n<p>Les mots m\u00eal\u00e9s sont aussi \u00e0 la base (avec plus ou moins de r\u00e9ussite) de nombreux \u00e9changes ou codes secrets permettant de masquer une information au lecteur non avis\u00e9. \u00c0 notre \u00e9poque contemporaine le principe \u00e9crit des mots m\u00eal\u00e9s rev\u00eat un caract\u00e8re ludique et de&nbsp;passe-temps.<\/p>\n\n\n\n<p>Les mots m\u00eal\u00e9s connaissent aujourd&rsquo;hui un succ\u00e8s certain tant aupr\u00e8s des simples lecteurs amateurs que des cruciverbistes confirm\u00e9s.&nbsp;Le jeu de mots m\u00eal\u00e9s est propos\u00e9 sous de nombreuses formes, dans la&nbsp;presse \u00e9crite&nbsp;sous forme de grille \u00e0 rayer mais aussi sous forme de jeu dit&nbsp;jeu de lettres&nbsp;soit traditionnel, \u00e9lectronique ou en ligne via internet.<\/p>\n\n\n\n<div class=\"wp-block-image\"><figure class=\"aligncenter\"><img loading=\"lazy\" decoding=\"async\" width=\"300\" height=\"300\" src=\"http:\/\/leconservatoiredujeu.fr\/wp-content\/uploads\/2019\/06\/13760966819870-300x300.jpg\" alt=\"\" class=\"wp-image-3864\" srcset=\"https:\/\/leconservatoiredujeu.fr\/wp-content\/uploads\/2019\/06\/13760966819870-300x300.jpg 300w, https:\/\/leconservatoiredujeu.fr\/wp-content\/uploads\/2019\/06\/13760966819870-150x150.jpg 150w, https:\/\/leconservatoiredujeu.fr\/wp-content\/uploads\/2019\/06\/13760966819870.jpg 468w\" sizes=\"(max-width: 300px) 100vw, 300px\" \/><\/figure><\/div>\n\n\n\n<p><span style=\"text-decoration: underline;\"><strong>Liens<\/strong><\/span><\/p>\n\n\n\n<p>Site officiel de <a href=\"https:\/\/www.jeux-goliath.com\/\">Goliath<\/a><\/p>\n\n\n\n<p class=\"has-text-align-right\">Le Conservatoire du Jeu &#8211; Avril 2022<\/p>\n","protected":false},"excerpt":{"rendered":"<p>Historique Goliath Games est un fabricant international et distributeur de jouets et de jeux. Parmi les marques que nous commercialisons, nous retrouvons le Rummikub, le Triominos, Mots m\u00eal\u00e9s, Cuisto Dingo, M\u00e9dor P\u00e8te fort, Super Sand, Paint Sation, et beaucoup d\u2019autres &hellip; <a href=\"https:\/\/leconservatoiredujeu.fr\/index.php\/goliath\/\">Continuer la lecture <span class=\"meta-nav\">&rarr;<\/span><\/a><\/p>\n","protected":false},"author":1,"featured_media":0,"parent":0,"menu_order":0,"comment_status":"closed","ping_status":"closed","template":"","meta":{"footnotes":""},"_links":{"self":[{"href":"https:\/\/leconservatoiredujeu.fr\/index.php\/wp-json\/wp\/v2\/pages\/3858"}],"collection":[{"href":"https:\/\/leconservatoiredujeu.fr\/index.php\/wp-json\/wp\/v2\/pages"}],"about":[{"href":"https:\/\/leconservatoiredujeu.fr\/index.php\/wp-json\/wp\/v2\/types\/page"}],"author":[{"embeddable":true,"href":"https:\/\/leconservatoiredujeu.fr\/index.php\/wp-json\/wp\/v2\/users\/1"}],"replies":[{"embeddable":true,"href":"https:\/\/leconservatoiredujeu.fr\/index.php\/wp-json\/wp\/v2\/comments?post=3858"}],"version-history":[{"count":4,"href":"https:\/\/leconservatoiredujeu.fr\/index.php\/wp-json\/wp\/v2\/pages\/3858\/revisions"}],"predecessor-version":[{"id":12941,"href":"https:\/\/leconservatoiredujeu.fr\/index.php\/wp-json\/wp\/v2\/pages\/3858\/revisions\/12941"}],"wp:attachment":[{"href":"https:\/\/leconservatoiredujeu.fr\/index.php\/wp-json\/wp\/v2\/media?parent=3858"}],"curies":[{"name":"wp","href":"https:\/\/api.w.org\/{rel}","templated":true}]}}