{"id":3814,"date":"2019-06-18T11:27:00","date_gmt":"2019-06-18T09:27:00","guid":{"rendered":"http:\/\/leconservatoiredujeu.fr\/?page_id=3814"},"modified":"2022-04-27T12:00:20","modified_gmt":"2022-04-27T10:00:20","slug":"dujardin","status":"publish","type":"page","link":"https:\/\/leconservatoiredujeu.fr\/index.php\/dujardin\/","title":{"rendered":"Dujardin"},"content":{"rendered":"\n<div class=\"wp-block-image\"><figure class=\"aligncenter\"><img loading=\"lazy\" decoding=\"async\" width=\"300\" height=\"120\" src=\"http:\/\/leconservatoiredujeu.fr\/wp-content\/uploads\/2019\/06\/Logo-dujardin-300x120.jpg\" alt=\"\" class=\"wp-image-3816\" srcset=\"https:\/\/leconservatoiredujeu.fr\/wp-content\/uploads\/2019\/06\/Logo-dujardin-300x120.jpg 300w, https:\/\/leconservatoiredujeu.fr\/wp-content\/uploads\/2019\/06\/Logo-dujardin.jpg 314w\" sizes=\"(max-width: 300px) 100vw, 300px\" \/><\/figure><\/div>\n\n\n\n<p><span style=\"text-decoration: underline;\"><strong>Historique<\/strong><\/span><\/p>\n\n\n\n<p>Dujardin (Dujardin SAS ou Edmond Dujardin<b>)<\/b> est un \u00e9diteur de jeux de soci\u00e9t\u00e9 bas\u00e9 Cestas en France depuis juillet 2009. La soci\u00e9t\u00e9 est surtout connue pour le jeu 1000 bornes cr\u00e9\u00e9 en 1954.<\/p>\n\n\n\n<p>L\u2019entreprise Dujardin est cr\u00e9\u00e9e par Edmond Dujardin, \u00e9diteur de mat\u00e9riel pour auto-\u00e9coles \u00e0 Arcachon. Il d\u00e9veloppe le jeu \u00ab L\u2019autoroute \u00bb qui sera retravaill\u00e9 en 1954 pour devenir le \u00ab Mille Bornes \u00bb, nom inspir\u00e9 de la Nationale 7, qui faisait environ 1000 km.<\/p>\n\n\n\n<p>Edmond Dujardin :<\/p>\n\n\n\n<div class=\"wp-block-image\"><figure class=\"aligncenter\"><img loading=\"lazy\" decoding=\"async\" width=\"200\" height=\"200\" src=\"http:\/\/leconservatoiredujeu.fr\/wp-content\/uploads\/2019\/06\/50bfe9394f46cac9ca3f60c696e6ba7a9da7.jpeg\" alt=\"\" class=\"wp-image-3817\" srcset=\"https:\/\/leconservatoiredujeu.fr\/wp-content\/uploads\/2019\/06\/50bfe9394f46cac9ca3f60c696e6ba7a9da7.jpeg 200w, https:\/\/leconservatoiredujeu.fr\/wp-content\/uploads\/2019\/06\/50bfe9394f46cac9ca3f60c696e6ba7a9da7-150x150.jpeg 150w\" sizes=\"(max-width: 200px) 100vw, 200px\" \/><\/figure><\/div>\n\n\n\n<p>Le Mille Bornes est cr\u00e9\u00e9 1965 et rencontre un vif succ\u00e8s au Canada et aux Etats-Unis. Les pays europ\u00e9ens comme l\u2019Espagne et l\u2019Allemagne seront \u00e9galement tr\u00e8s vite conquis. A l\u2019heure actuelle, le Mille Bornes est vendu \u00e0 travers le monde entier.<\/p>\n\n\n\n<div class=\"wp-block-image\"><figure class=\"aligncenter\"><img loading=\"lazy\" decoding=\"async\" width=\"245\" height=\"300\" src=\"http:\/\/leconservatoiredujeu.fr\/wp-content\/uploads\/2019\/06\/MB-detoure-245x300.png\" alt=\"\" class=\"wp-image-3815\" srcset=\"https:\/\/leconservatoiredujeu.fr\/wp-content\/uploads\/2019\/06\/MB-detoure-245x300.png 245w, https:\/\/leconservatoiredujeu.fr\/wp-content\/uploads\/2019\/06\/MB-detoure-768x940.png 768w, https:\/\/leconservatoiredujeu.fr\/wp-content\/uploads\/2019\/06\/MB-detoure-836x1024.png 836w, https:\/\/leconservatoiredujeu.fr\/wp-content\/uploads\/2019\/06\/MB-detoure.png 922w\" sizes=\"(max-width: 245px) 100vw, 245px\" \/><\/figure><\/div>\n\n\n\n<p>La soci\u00e9t\u00e9 Dujardin est rachet\u00e9e par TF1 Games en 2007 et int\u00e9gr\u00e9e \u00e0 TF1 Games, d\u00e9veloppeur de jeux de soci\u00e9t\u00e9 inspir\u00e9s des jeux t\u00e9l\u00e9vis\u00e9s \u00e0 succ\u00e8s comme \u00ab Qui veut gagner des Millions ? \u00bb ou \u00ab A prendre ou \u00e0 Laisser \u00bb. Le Mille Bornes ainsi que les autres produits Dujardin comme les dames et les \u00e9checs sont alors repens\u00e9s et de nouvelles r\u00e9f\u00e9rences apparaissent.<\/p>\n\n\n\n<p>En f\u00e9vrier 2010, Dujardin a rachet\u00e9 la soci\u00e9t\u00e9 Michel, \u00e9ditrice du jeu \u00ab\u00a0Le Cochon qui rit\u00a0\u00bb. TF1 Games \/Dujardin continue de s\u2019agrandir gr\u00e2ce \u00e0 l\u2019acquisition, permettant \u00e0 l\u2019entreprise d\u2019avoir une nouvelle marque patrimoniale forte.<\/p>\n\n\n\n<div class=\"wp-block-image\"><figure class=\"aligncenter\"><img loading=\"lazy\" decoding=\"async\" width=\"300\" height=\"300\" src=\"http:\/\/leconservatoiredujeu.fr\/wp-content\/uploads\/2019\/06\/Jeu-d-apprentiage-Dujardin-Le-cochon-qui-rit-par-4-300x300.jpg\" alt=\"\" class=\"wp-image-3818\" srcset=\"https:\/\/leconservatoiredujeu.fr\/wp-content\/uploads\/2019\/06\/Jeu-d-apprentiage-Dujardin-Le-cochon-qui-rit-par-4-300x300.jpg 300w, https:\/\/leconservatoiredujeu.fr\/wp-content\/uploads\/2019\/06\/Jeu-d-apprentiage-Dujardin-Le-cochon-qui-rit-par-4-150x150.jpg 150w, https:\/\/leconservatoiredujeu.fr\/wp-content\/uploads\/2019\/06\/Jeu-d-apprentiage-Dujardin-Le-cochon-qui-rit-par-4-301x300.jpg 301w, https:\/\/leconservatoiredujeu.fr\/wp-content\/uploads\/2019\/06\/Jeu-d-apprentiage-Dujardin-Le-cochon-qui-rit-par-4.jpg 340w\" sizes=\"(max-width: 300px) 100vw, 300px\" \/><\/figure><\/div>\n\n\n\n<p>La soci\u00e9t\u00e9 se lance dans les produits collectionnables et dans les peluches, notamment gr\u00e2ce \u00e0 la licence Barbapapa.<\/p>\n\n\n\n<p>En 2013 Dujardin gagne un prix gr\u00e2ce au jeu Boom Boom Balloon. Le jeu obtient le Grand Prix du Jouet dans la cat\u00e9gorie jeu enfant et sera la meilleure vente de la soci\u00e9t\u00e9 sur cette ann\u00e9e.<\/p>\n\n\n\n<p>En 2014, les membres de l\u2019\u00e9quipe de Dujardin ont l\u2019id\u00e9e de cr\u00e9er un jeu de soci\u00e9t\u00e9 inspir\u00e9 d\u2019un c\u00e9l\u00e8bre film d\u2019espionnage : c\u2019est la naissance de Chrono Bomb\u2019 ! Chrono Bomb\u2019 obtiendra la r\u00e9compense du Grand Prix du Jouet dans la cat\u00e9gorie jeu d\u2019adresse et deviendra un v\u00e9ritable ph\u00e9nom\u00e8ne en France comme \u00e0 l\u2019\u00e9tranger ! Le succ\u00e8s sera tel que le jeu se retrouvera en rupture de stock 5 semaines apr\u00e8s sa sortie en magasins.<\/p>\n\n\n\n<div class=\"wp-block-image\"><figure class=\"aligncenter\"><img loading=\"lazy\" decoding=\"async\" width=\"300\" height=\"300\" src=\"http:\/\/leconservatoiredujeu.fr\/wp-content\/uploads\/2019\/06\/51v0SWGfxFL._SY355_-300x300.jpg\" alt=\"\" class=\"wp-image-3819\" srcset=\"https:\/\/leconservatoiredujeu.fr\/wp-content\/uploads\/2019\/06\/51v0SWGfxFL._SY355_-300x300.jpg 300w, https:\/\/leconservatoiredujeu.fr\/wp-content\/uploads\/2019\/06\/51v0SWGfxFL._SY355_-150x150.jpg 150w, https:\/\/leconservatoiredujeu.fr\/wp-content\/uploads\/2019\/06\/51v0SWGfxFL._SY355_.jpg 355w\" sizes=\"(max-width: 300px) 100vw, 300px\" \/><\/figure><\/div>\n\n\n\n<p><strong><u>Liens<\/u><\/strong><\/p>\n\n\n\n<p>Le site officiel de la marque chez\u00a0<a href=\"https:\/\/www.jeuxdujardin.fr\/\">Dujardin<\/a><\/p>\n\n\n\n<p class=\"has-text-align-right\">Le Conservatoire du Jeu &#8211; Avril 2022<\/p>\n","protected":false},"excerpt":{"rendered":"<p>Historique Dujardin (Dujardin SAS ou Edmond Dujardin) est un \u00e9diteur de jeux de soci\u00e9t\u00e9 bas\u00e9 Cestas en France depuis juillet 2009. La soci\u00e9t\u00e9 est surtout connue pour le jeu 1000 bornes cr\u00e9\u00e9 en 1954. L\u2019entreprise Dujardin est cr\u00e9\u00e9e par Edmond &hellip; <a href=\"https:\/\/leconservatoiredujeu.fr\/index.php\/dujardin\/\">Continuer la lecture <span class=\"meta-nav\">&rarr;<\/span><\/a><\/p>\n","protected":false},"author":1,"featured_media":0,"parent":0,"menu_order":0,"comment_status":"closed","ping_status":"closed","template":"","meta":{"footnotes":""},"_links":{"self":[{"href":"https:\/\/leconservatoiredujeu.fr\/index.php\/wp-json\/wp\/v2\/pages\/3814"}],"collection":[{"href":"https:\/\/leconservatoiredujeu.fr\/index.php\/wp-json\/wp\/v2\/pages"}],"about":[{"href":"https:\/\/leconservatoiredujeu.fr\/index.php\/wp-json\/wp\/v2\/types\/page"}],"author":[{"embeddable":true,"href":"https:\/\/leconservatoiredujeu.fr\/index.php\/wp-json\/wp\/v2\/users\/1"}],"replies":[{"embeddable":true,"href":"https:\/\/leconservatoiredujeu.fr\/index.php\/wp-json\/wp\/v2\/comments?post=3814"}],"version-history":[{"count":6,"href":"https:\/\/leconservatoiredujeu.fr\/index.php\/wp-json\/wp\/v2\/pages\/3814\/revisions"}],"predecessor-version":[{"id":12907,"href":"https:\/\/leconservatoiredujeu.fr\/index.php\/wp-json\/wp\/v2\/pages\/3814\/revisions\/12907"}],"wp:attachment":[{"href":"https:\/\/leconservatoiredujeu.fr\/index.php\/wp-json\/wp\/v2\/media?parent=3814"}],"curies":[{"name":"wp","href":"https:\/\/api.w.org\/{rel}","templated":true}]}}