{"id":3806,"date":"2019-06-18T10:48:41","date_gmt":"2019-06-18T08:48:41","guid":{"rendered":"http:\/\/leconservatoiredujeu.fr\/?page_id=3806"},"modified":"2022-03-03T16:00:42","modified_gmt":"2022-03-03T15:00:42","slug":"asmodee","status":"publish","type":"page","link":"https:\/\/leconservatoiredujeu.fr\/index.php\/asmodee\/","title":{"rendered":"Asmodee"},"content":{"rendered":"\n<figure class=\"wp-block-gallery columns-2 is-cropped wp-block-gallery-1 is-layout-flex wp-block-gallery-is-layout-flex\"><ul class=\"blocks-gallery-grid\"><li class=\"blocks-gallery-item\"><figure><img loading=\"lazy\" decoding=\"async\" width=\"279\" height=\"212\" src=\"http:\/\/leconservatoiredujeu.fr\/wp-content\/uploads\/2020\/08\/1-.png\" alt=\"\" data-id=\"9792\" data-full-url=\"http:\/\/leconservatoiredujeu.fr\/wp-content\/uploads\/2020\/08\/1-.png\" data-link=\"http:\/\/leconservatoiredujeu.fr\/index.php\/asmodee\/1-16\/\" class=\"wp-image-9792\"\/><figcaption class=\"blocks-gallery-item__caption\">Logo de Asmodee \u00e9ditions<\/figcaption><\/figure><\/li><li class=\"blocks-gallery-item\"><figure><img loading=\"lazy\" decoding=\"async\" width=\"220\" height=\"220\" src=\"http:\/\/leconservatoiredujeu.fr\/wp-content\/uploads\/2020\/08\/1.png\" alt=\"\" data-id=\"9793\" data-full-url=\"http:\/\/leconservatoiredujeu.fr\/wp-content\/uploads\/2020\/08\/1.png\" data-link=\"http:\/\/leconservatoiredujeu.fr\/index.php\/asmodee\/1-17\/\" class=\"wp-image-9793\" srcset=\"https:\/\/leconservatoiredujeu.fr\/wp-content\/uploads\/2020\/08\/1.png 220w, https:\/\/leconservatoiredujeu.fr\/wp-content\/uploads\/2020\/08\/1-150x150.png 150w\" sizes=\"(max-width: 220px) 100vw, 220px\" \/><figcaption class=\"blocks-gallery-item__caption\">Logo de la marque<\/figcaption><\/figure><\/li><\/ul><\/figure>\n\n\n\n<p class=\"has-white-color has-text-color\">Saut de ligne<\/p>\n\n\n\n<p><span style=\"text-decoration: underline;\"><strong>Historique<\/strong> <\/span>:<\/p>\n\n\n\n<p>Asmodee&nbsp;est un \u00e9diteur de jeux fond\u00e9 en 1986. Il \u00e9dite et distribue principalement des&nbsp;jeux de soci\u00e9t\u00e9s,&nbsp;jeux de cartes \u00e0 collectionner&nbsp;et jusqu&rsquo;en 2008 des&nbsp;jeux de r\u00f4le.<\/p>\n\n\n\n<p>La soci\u00e9t\u00e9 Siroz Productions est fond\u00e9e en 1986 par Nicolas Th\u00e9ry et Eric Bouchaud, tous deux membres d&rsquo;un club de jeux de&nbsp;Viroflay&nbsp;; elle est sp\u00e9cialis\u00e9e au d\u00e9part dans le&nbsp;jeu de r\u00f4le, notamment via la premi\u00e8re cr\u00e9ation de ses fondateurs,&nbsp;<em>Zone<\/em>, puis par les autres jeux lanc\u00e9s, gr\u00e2ce notamment au travail de certaines de leurs connaissances, comme&nbsp;Croc. Fin 1989, elle est toutefois en d\u00e9p\u00f4t de bilan&nbsp;; mais l&rsquo;\u00e9quipe relance une nouvelle soci\u00e9t\u00e9 gr\u00e2ce au jeu&nbsp;<em>In Nomine Satanis\/Magna Veritas<\/em> de Croc, qui devient un incontournable du genre, poussant son \u00e9diteur \u00e0 la troisi\u00e8me place du march\u00e9. La soci\u00e9t\u00e9 s&rsquo;appelle d\u00e9sormais Id\u00e9ojeux, puis elle change \u00e0 nouveau de nom sous l&rsquo;impulsion de son pr\u00e9sident, Marc Nun\u00e8s, pour devenir Asmod\u00e9e \u00c9ditions.<\/p>\n\n\n\n<p>Tout d&rsquo;abord sp\u00e9cialis\u00e9e par ses fondateurs dans le jeu de r\u00f4le, la soci\u00e9t\u00e9 s&rsquo;ouvre un march\u00e9 plus important en se tournant durant les ann\u00e9es 1990 vers le jeu de soci\u00e9t\u00e9 (<em>Jungle Speed<\/em>) et le jeu de cartes \u00e0 collectionner (<em>Pok\u00e9mon Trading Card Game<\/em>). Aujourd&rsquo;hui la soci\u00e9t\u00e9 fait des&nbsp;<em>party games<\/em>&nbsp;une de ses sp\u00e9cialit\u00e9s.<\/p>\n\n\n\n<div class=\"wp-block-image is-style-default\"><figure class=\"aligncenter size-large is-resized\"><img loading=\"lazy\" decoding=\"async\" src=\"http:\/\/leconservatoiredujeu.fr\/wp-content\/uploads\/2020\/08\/2-Sp\u00e9cialit\u00e9.jpg\" alt=\"\" class=\"wp-image-9794\" width=\"300\" height=\"300\" srcset=\"https:\/\/leconservatoiredujeu.fr\/wp-content\/uploads\/2020\/08\/2-Sp\u00e9cialit\u00e9.jpg 300w, https:\/\/leconservatoiredujeu.fr\/wp-content\/uploads\/2020\/08\/2-Sp\u00e9cialit\u00e9-150x150.jpg 150w\" sizes=\"(max-width: 300px) 100vw, 300px\" \/><figcaption>Jeu \u00ab\u00a0Jungle Speed\u00a0\u00bb<\/figcaption><\/figure><\/div>\n\n\n\n<p>En 1997, la soci\u00e9t\u00e9 acquiert le jeu&nbsp;<em>Jungle Speed<\/em>, ce qui lui ouvre les portes des chaines sp\u00e9cialis\u00e9es. \u00c0 partir de 2003, Asmodee \u00e9dite \u00e9galement la version fran\u00e7aise de&nbsp;jeu de cartes \u00e0 collectionner&nbsp;Pok\u00e9mon, \u00e9dit\u00e9 en v.o. par The Pok\u00e9mon Company International (anciennement Pokemon USA Inc jusqu&rsquo;en 2009), alors en perte de vitesse&nbsp;; distributeur exclusif sur le march\u00e9 fran\u00e7ais, Asmodee relance dans l&rsquo;hexagone le jeu, d\u00e9passant la dizaine de millions d&rsquo;exemplaires vendus.<\/p>\n\n\n\n<div class=\"wp-block-image is-style-default\"><figure class=\"aligncenter size-large\"><img loading=\"lazy\" decoding=\"async\" width=\"300\" height=\"169\" src=\"http:\/\/leconservatoiredujeu.fr\/wp-content\/uploads\/2020\/08\/3-vendus.jpg\" alt=\"\" class=\"wp-image-9795\"\/><figcaption>Jeu de cartes \u00ab\u00a0Pok\u00e9mon\u00a0\u00bb<\/figcaption><\/figure><\/div>\n\n\n\n<p class=\"has-white-color has-text-color\">Saut de ligne<\/p>\n\n\n\n<p><strong><span style=\"text-decoration: underline;\">Dates et Achats<\/span><\/strong> <strong>:<\/strong> <\/p>\n\n\n\n<p>La soci\u00e9t\u00e9 rach\u00e8te&nbsp;Jeux Descartes&nbsp;(la maison d&rsquo;\u00e9dition et les boutiques) en septembre 2004.<\/p>\n\n\n\n<p>En 2007, le pr\u00e9sident d&rsquo;Asmodee, alors Marc Nun\u00e8s, sollicite le&nbsp;fonds d&rsquo;investissement&nbsp;Montefiore Investment&nbsp;afin de recourir au&nbsp;capital-investissement&nbsp;pour se d\u00e9velopper \u00e0 l&rsquo;international, et l&rsquo;entr\u00e9e dans le capital de la soci\u00e9t\u00e9 se concr\u00e9tise \u00e0 la fin de l&rsquo;ann\u00e9e.<\/p>\n\n\n\n<p>\u00c0 partir de 2007, apr\u00e8s avoir acquis un catalogue de jeux assez important, et b\u00e9n\u00e9ficiant de l&rsquo;investissement d&rsquo;un fonds de placement, elle entame un d\u00e9veloppement qui lui fait atteindre en 2012 la deuxi\u00e8me place du march\u00e9 fran\u00e7ais.<\/p>\n\n\n\n<p>Reprise par le fonds Eurazeo \u00e0 la fin de l&rsquo;ann\u00e9e 2013, elle devient alors&nbsp;n<sup>o<\/sup>&nbsp;1 du jeu en France, et s&rsquo;\u00e9tend au niveau international par la fusion ou l&rsquo;acquisition d&rsquo;autres acteurs de l&rsquo;\u00e9dition ou de la distribution en Am\u00e9rique du Nord ou en Europe. Elle s&rsquo;\u00e9tend \u00e9galement, via ses filiales, jusqu&rsquo;au march\u00e9 asiatique.<\/p>\n\n\n\n<p>Fin 2013, Asmodee lance une filiale d\u00e9di\u00e9e au\u00a0jouet,\u00a0<em>Kana\u00ef Kids<\/em>. En 2014, elle reprend la distribution fran\u00e7aise de la marque <em>Canal Toys. Fin 2016-d\u00e9but 2017, Asmodee ach\u00e8te\u00a0Edge Entertainment.<\/em> <\/p>\n\n\n\n<div class=\"wp-block-image\"><figure class=\"aligncenter size-full\"><img loading=\"lazy\" decoding=\"async\" width=\"400\" height=\"400\" src=\"http:\/\/leconservatoiredujeu.fr\/wp-content\/uploads\/2022\/03\/canal.jpg\" alt=\"\" class=\"wp-image-12559\" srcset=\"https:\/\/leconservatoiredujeu.fr\/wp-content\/uploads\/2022\/03\/canal.jpg 400w, https:\/\/leconservatoiredujeu.fr\/wp-content\/uploads\/2022\/03\/canal-300x300.jpg 300w, https:\/\/leconservatoiredujeu.fr\/wp-content\/uploads\/2022\/03\/canal-150x150.jpg 150w\" sizes=\"(max-width: 400px) 100vw, 400px\" \/><figcaption>Logo de la marque \u00ab\u00a0Canal Toys\u00a0\u00bb<\/figcaption><\/figure><\/div>\n\n\n\n<p>En janvier 2020, Asmodee acquiert Repos Production, avec qui elle \u00e9tait d\u00e9j\u00e0 en partenariat pour distribuer ses jeux. Repos Production \u00e9dite notamment les jeux Time&rsquo;s Up ainsi que 7 Wonders et Concept22.<\/p>\n\n\n\n<figure class=\"wp-block-gallery columns-2 is-cropped wp-block-gallery-2 is-layout-flex wp-block-gallery-is-layout-flex\"><ul class=\"blocks-gallery-grid\"><li class=\"blocks-gallery-item\"><figure><img loading=\"lazy\" decoding=\"async\" width=\"450\" height=\"450\" src=\"http:\/\/leconservatoiredujeu.fr\/wp-content\/uploads\/2022\/03\/timesup.jpg\" alt=\"\" data-id=\"12560\" data-link=\"http:\/\/leconservatoiredujeu.fr\/index.php\/asmodee\/timesup\/\" class=\"wp-image-12560\" srcset=\"https:\/\/leconservatoiredujeu.fr\/wp-content\/uploads\/2022\/03\/timesup.jpg 450w, https:\/\/leconservatoiredujeu.fr\/wp-content\/uploads\/2022\/03\/timesup-300x300.jpg 300w, https:\/\/leconservatoiredujeu.fr\/wp-content\/uploads\/2022\/03\/timesup-150x150.jpg 150w\" sizes=\"(max-width: 450px) 100vw, 450px\" \/><figcaption class=\"blocks-gallery-item__caption\">Boite du jeu \u00ab\u00a0Time&rsquo;s Up\u00a0\u00bb<\/figcaption><\/figure><\/li><li class=\"blocks-gallery-item\"><figure><img loading=\"lazy\" decoding=\"async\" width=\"500\" height=\"526\" src=\"http:\/\/leconservatoiredujeu.fr\/wp-content\/uploads\/2022\/03\/7-wonders-Asmodee.jpg\" alt=\"\" data-id=\"12561\" data-full-url=\"http:\/\/leconservatoiredujeu.fr\/wp-content\/uploads\/2022\/03\/7-wonders-Asmodee.jpg\" data-link=\"http:\/\/leconservatoiredujeu.fr\/index.php\/asmodee\/7-wonders-asmodee\/\" class=\"wp-image-12561\" srcset=\"https:\/\/leconservatoiredujeu.fr\/wp-content\/uploads\/2022\/03\/7-wonders-Asmodee.jpg 500w, https:\/\/leconservatoiredujeu.fr\/wp-content\/uploads\/2022\/03\/7-wonders-Asmodee-285x300.jpg 285w\" sizes=\"(max-width: 500px) 100vw, 500px\" \/><figcaption class=\"blocks-gallery-item__caption\">Boite du jeu \u00ab\u00a07 Wonders\u00a0\u00bb<\/figcaption><\/figure><\/li><\/ul><\/figure>\n\n\n\n<p class=\"has-white-color has-text-color\">Saut de ligne<\/p>\n\n\n\n<p class=\"has-white-color has-text-color\">Saut de page<\/p>\n\n\n\n<p><strong><u>Liens<\/u><\/strong> <strong>:<\/strong><\/p>\n\n\n\n<p>Le site officiel de la marque chez <a href=\"https:\/\/fr.asmodee.com\/fr\/index\/\">Asmodee<\/a><\/p>\n\n\n\n<p><strong><span style=\"text-decoration: underline;\">Source <\/span>:<\/strong> Wikip\u00e9dia<\/p>\n\n\n\n<p><strong><span style=\"text-decoration: underline;\">Cr\u00e9dits<\/span> :<\/strong> fnac.fr, r\u00e8glesdejeux.fr<\/p>\n\n\n\n<p class=\"has-text-align-right\">M.a.J &#8211; F\u00e9vrier 2022<\/p>\n","protected":false},"excerpt":{"rendered":"<p>Saut de ligne Historique : Asmodee&nbsp;est un \u00e9diteur de jeux fond\u00e9 en 1986. Il \u00e9dite et distribue principalement des&nbsp;jeux de soci\u00e9t\u00e9s,&nbsp;jeux de cartes \u00e0 collectionner&nbsp;et jusqu&rsquo;en 2008 des&nbsp;jeux de r\u00f4le. La soci\u00e9t\u00e9 Siroz Productions est fond\u00e9e en 1986 par Nicolas &hellip; <a href=\"https:\/\/leconservatoiredujeu.fr\/index.php\/asmodee\/\">Continuer la lecture <span class=\"meta-nav\">&rarr;<\/span><\/a><\/p>\n","protected":false},"author":1,"featured_media":9827,"parent":0,"menu_order":0,"comment_status":"closed","ping_status":"closed","template":"","meta":{"footnotes":""},"_links":{"self":[{"href":"https:\/\/leconservatoiredujeu.fr\/index.php\/wp-json\/wp\/v2\/pages\/3806"}],"collection":[{"href":"https:\/\/leconservatoiredujeu.fr\/index.php\/wp-json\/wp\/v2\/pages"}],"about":[{"href":"https:\/\/leconservatoiredujeu.fr\/index.php\/wp-json\/wp\/v2\/types\/page"}],"author":[{"embeddable":true,"href":"https:\/\/leconservatoiredujeu.fr\/index.php\/wp-json\/wp\/v2\/users\/1"}],"replies":[{"embeddable":true,"href":"https:\/\/leconservatoiredujeu.fr\/index.php\/wp-json\/wp\/v2\/comments?post=3806"}],"version-history":[{"count":14,"href":"https:\/\/leconservatoiredujeu.fr\/index.php\/wp-json\/wp\/v2\/pages\/3806\/revisions"}],"predecessor-version":[{"id":12563,"href":"https:\/\/leconservatoiredujeu.fr\/index.php\/wp-json\/wp\/v2\/pages\/3806\/revisions\/12563"}],"wp:featuredmedia":[{"embeddable":true,"href":"https:\/\/leconservatoiredujeu.fr\/index.php\/wp-json\/wp\/v2\/media\/9827"}],"wp:attachment":[{"href":"https:\/\/leconservatoiredujeu.fr\/index.php\/wp-json\/wp\/v2\/media?parent=3806"}],"curies":[{"name":"wp","href":"https:\/\/api.w.org\/{rel}","templated":true}]}}