{"id":357,"date":"2017-04-11T02:00:23","date_gmt":"2017-04-11T00:00:23","guid":{"rendered":"http:\/\/leconservatoiredujeu.fr\/?page_id=357"},"modified":"2022-03-30T19:21:53","modified_gmt":"2022-03-30T17:21:53","slug":"microsoft","status":"publish","type":"page","link":"https:\/\/leconservatoiredujeu.fr\/index.php\/microsoft\/","title":{"rendered":"Microsoft"},"content":{"rendered":"\n<figure class=\"wp-block-image size-large\"><img decoding=\"async\" src=\"https:\/\/cdn.1min30.com\/wp-content\/uploads\/2017\/09\/logo-microsoft-1024x317.jpg\" alt=\"\"\/><\/figure>\n\n\n\n<p><strong><span style=\"text-decoration: underline;\">Sommaire<\/span> :<\/strong><\/p>\n\n\n\n<ul><li><a href=\"#Histoire\">Histoire courte<\/a><\/li><\/ul>\n\n\n\n<ul><li><a href=\"#Jeu\">Jeu Vid\u00e9o<\/a><\/li><\/ul>\n\n\n\n<ul><li><a href=\"#Xbox\">Xbox<\/a><\/li><\/ul>\n\n\n\n<p class=\"has-white-color has-text-color\">Ligne<\/p>\n\n\n\n<h2 class=\"wp-block-heading\" id=\"Histoire\"><strong><u>Histoire Courte<\/u><\/strong> :<\/h2>\n\n\n\n<p>Microsoft Corporation est une multinationale informatique am\u00e9ricaine, fond\u00e9e par Bill Gates et Paul Allen. Son revenu annuel a atteint 60,42 milliards de dollars sur l\u2019exercice 2007-2008 et elle emploie 94 286 personnes dans 107 pays diff\u00e9rents. Son activit\u00e9 principale consiste \u00e0 d\u00e9velopper des syst\u00e8mes d\u2019exploitation et logiciels pour micro-ordinateur.<\/p>\n\n\n\n<p>Son si\u00e8ge social se situe \u00e0 Redmond aux \u00c9tats-Unis, et ses meilleures ventes sont le syst\u00e8me d\u2019exploitation Windows et la suite bureautique Microsoft Office. La soci\u00e9t\u00e9 est parfois abr\u00e9g\u00e9e MS ou MSFT ou m\u00eame appel\u00e9e \u00ab la firme de Redmond \u00bb ou tout simplement \u00ab Redmond \u00bb en raison de l\u2019influence qu\u2019a le si\u00e8ge social sur la r\u00e9gion.<\/p>\n\n\n\n<p>La strat\u00e9gie commerciale de Microsoft lui a permis de diffuser son syst\u00e8me d\u2019exploitation Windows sur la grande majorit\u00e9 des ordinateurs de bureau. Si bien qu\u2019un observateur note m\u00eame que la mission originale de Microsoft d\u2019avoir \u00ab un ordinateur sur chaque bureau et dans chaque maison, tournant sur Windows \u00bb est aujourd\u2019hui pratiquement accomplie.<\/p>\n\n\n\n<div class=\"wp-block-image\"><figure class=\"aligncenter size-large\"><img decoding=\"async\" src=\"https:\/\/cdn.1min30.com\/wp-content\/uploads\/2017\/04\/Windows-logo-1.jpg\" alt=\"\"\/><\/figure><\/div>\n\n\n\n<p>Microsoft marque \u00e9galement de son empreinte d\u2019autres secteurs d\u2019activit\u00e9, avec la cha\u00eene c\u00e2bl\u00e9e am\u00e9ricaine MSNBC, le portail web MSN, et l\u2019encyclop\u00e9die multim\u00e9dia Encarta, sans oublier le march\u00e9 du mat\u00e9riel informatique avec les produits comme les souris, et les produits de divertissement domestique comme la&nbsp;Xbox&nbsp;et le Zune.<\/p>\n\n\n\n<p>\u00c0 l\u2019origine, fond\u00e9e pour d\u00e9velopper et vendre des programmes informatiques BASIC pour l\u2019Altair 8800, Microsoft a r\u00e9ussi \u00e0 dominer le march\u00e9 du syst\u00e8me d\u2019exploitation de l\u2019ordinateur personnel avec MS-DOS au milieu des ann\u00e9es 1980. L\u2019introduction en bourse de la soci\u00e9t\u00e9, et l\u2019envol\u00e9e du prix des actions qui s\u2019ensuivit, a fait quatre milliardaires et environ 12 000 millionnaires parmi les employ\u00e9s de Microsoft.<\/p>\n\n\n\n<p>Au cours de son histoire, la soci\u00e9t\u00e9 a \u00e9t\u00e9 la cible de critiques pour de nombreuses raisons, dont abus de position dominante (la firme a \u00e9t\u00e9 poursuivie par la justice am\u00e9ricaine et europ\u00e9enne pour violation des lois antitrust).<\/p>\n\n\n\n<p class=\"has-white-color has-text-color\">Ligne<\/p>\n\n\n\n<h2 class=\"wp-block-heading\" id=\"Jeu\"><strong><u>Jeux Vid\u00e9o<\/u><\/strong> :<\/h2>\n\n\n\n<p>Microsoft est l\u2019\u00e9diteur de nombreux jeux vid\u00e9o pour PC dont les c\u00e9l\u00e8bres Halo, Flight Simulator, Age of Empires, Fable ou Viva Pi\u00f1ata. Un nouveau service communautaire a \u00e9t\u00e9 lanc\u00e9 en 2006, \u00ab Games for Windows \u00bb. Cette gamme accueille plusieurs jeux comme Gears of War ou GTA IV.<\/p>\n\n\n\n<p>Microsoft Studios, cr\u00e9\u00e9 en\u00a02002\u00a0sous la d\u00e9nomination\u00a0<em>Microsoft Game Studios<\/em>\u00a0(aussi appel\u00e9\u00a0<em>Microsoft Game Division<\/em>), est une soci\u00e9t\u00e9 d\u00e9tenue par Microsoft qui d\u00e9veloppe et \u00e9dite des\u00a0jeux vid\u00e9o\u00a0pour les plates-formes\u00a0Microsoft Windows\u00a0ou les consoles\u00a0Xbox,\u00a0Xbox 360\u00a0et\u00a0Xbox One. La soci\u00e9t\u00e9 publie notamment les jeux des studios de d\u00e9veloppement internes comme\u00a0343 Industries\u00a0ou\u00a0Rare Ltd., mais aussi des studios de d\u00e9veloppement tiers comme\u00a0BioWare\u00a0ou\u00a0Bizarre Creations.<\/p>\n\n\n\n<div class=\"wp-block-image\"><figure class=\"aligncenter size-large is-resized\"><img loading=\"lazy\" decoding=\"async\" src=\"https:\/\/encrypted-tbn0.gstatic.com\/images?q=tbn%3AANd9GcTmxX9vqbkNNDGWXmlilzgh58wrMVsAmWpnPUpqwZ-O_RRIcYvK&amp;usqp=CAU\" alt=\"\" width=\"365\" height=\"205\"\/><\/figure><\/div>\n\n\n\n<p class=\"has-white-color has-text-color\">Ligne<\/p>\n\n\n\n<h2 class=\"wp-block-heading\" id=\"Xbox\"><strong><u>Xbox<\/u><\/strong> :<\/h2>\n\n\n\n<p>La console de jeux et ses p\u00e9riph\u00e9riques Microsoft se sont lanc\u00e9s en 2001 dans ce secteur hautement concurrentiel, en sortant sa propre console de jeux vid\u00e9o, la\u00a0Xbox. Elle est remplac\u00e9e au bout de 4 ans par la\u00a0Xbox 360. Elles proposent toutes deux des centaines de jeux et un mode de jeu en ligne communautaire, le Xbox Live. La\u00a0Xbox 360\u00a0permet \u00e9galement de se connecter \u00e0 MSN et d\u2019utiliser d\u2019autres services de Microsoft. Elle peut \u00e9galement lire des DVD, des vid\u00e9os, ou de la musique.<br>La\u00a0Xbox 360\u00a0poss\u00e8de environ 30 % des parts de march\u00e9 sur le march\u00e9 des consoles de jeux vid\u00e9o en f\u00e9vrier 2009. Elle est de plus en plus rentable pour l\u2019\u00e9diteur et accueille de plus en plus de fid\u00e8les au fil des mois.<\/p>\n\n\n\n<p>La\u00a0Xbox One\u00a0est une\u00a0console de jeux vid\u00e9o\u00a0de\u00a0huiti\u00e8me g\u00e9n\u00e9ration\u00a0d\u00e9velopp\u00e9e par Microsoft. D\u00e9voil\u00e9e le\u00a021\u00a0mai\u00a02013, elle succ\u00e8de \u00e0 la\u00a0Xbox 360\u00a0et se place en concurrence frontale avec la\u00a0PlayStation 4\u00a0de Sony, et plus indirectement avec la\u00a0Wii U\u00a0de Nintendo. Elle est disponible depuis le\u00a022\u00a0novembre\u00a02013\u00a0dans treize pays et depuis\u00a0septembre\u00a02014\u00a0dans vingt-six autres pays. D&rsquo;abord uniquement commercialis\u00e9e avec\u00a0Kinect, Microsoft propose la console seule \u00e0 partir du\u00a09\u00a0juin\u00a02014.<a href=\"https:\/\/commons.wikimedia.org\/wiki\/File:Xbox_Series_X_Logo.svg?uselang=fr\"><\/a><a href=\"https:\/\/fr.wikipedia.org\/wiki\/Fichier:Xbox_Series_X_Logo.svg\"><\/a>Logo de la Xbox Series X.<\/p>\n\n\n\n<p>La Xbox One S est sortie vers&nbsp;ao\u00fbt 2016&nbsp;et a \u00e9t\u00e9 pr\u00e9sent\u00e9e lors de l&rsquo;E3 2016. La Xbox One S est plus l\u00e9g\u00e8re, 40&nbsp;% plus petite que la Xbox One, possibilit\u00e9 de la mettre \u00e0 la verticale, le bloc d&rsquo;alimentation est int\u00e9gr\u00e9 \u00e0 l&rsquo;int\u00e9rieur, la technologie HDR est int\u00e9gr\u00e9e &amp; un affichage UHD \u00e9galement. On note \u00e9galement une petite augmentation de puissance par rapport \u00e0 la Xbox One.<\/p>\n\n\n\n<p>Lors de l&rsquo;E3 2016, Microsoft annonce l&rsquo;arriv\u00e9e de la \u00ab\u00a0console la plus puissante au monde\u00a0\u00bb\u00a0: la Xbox One X, et \u00e0 l&rsquo;E3 2017, Microsoft donne la date de mise sur le march\u00e9 de la console\u00a0: le\u00a07 novembre 2017. Elle est capable de diffuser de la vraie\u00a0<em>4K<\/em>\u00a0&amp; am\u00e9liore les graphismes en\u00a0<em>Full HD<\/em>. Elle est \u00e9galement la premi\u00e8re console \u00e0 utiliser un syst\u00e8me de refroidissement \u00e0 vapeur et refroidissement liquide.<\/p>\n\n\n\n<p>En d\u00e9cembre 2019, Microsoft annonce la Xbox Series X, initialement appel\u00e9e \u00ab\u00a0Projet Scarlett\u00a0\u00bb. La date de sortie est pr\u00e9vue pour le 10 novembre 2020\u00a0et permettra de jouer aux jeux d\u00e9velopp\u00e9s sur les g\u00e9n\u00e9rations pr\u00e9c\u00e9dentes. La Series sera accompagn\u00e9 de sa petite s\u0153ur la\u00a0Xbox Series S\u00a0qui sera une entr\u00e9e de gamme \u00e0 la Next-Gen<\/p>\n\n\n\n<figure class=\"wp-block-image size-large\"><img decoding=\"async\" src=\"https:\/\/i0.wp.com\/vsftv.com\/site\/wp-content\/uploads\/2015\/01\/xbox-one-xbox-360.jpg?fit=590%2C280\" alt=\"\"\/><\/figure>\n\n\n\n<ul><li>Voir \u00e9galement notre page&nbsp;<a href=\"http:\/\/leconservatoiredujeu.fr\/index.php\/xbox\/\">Xbox<\/a><\/li><li>Voir \u00e9galement notre page&nbsp;<a href=\"http:\/\/leconservatoiredujeu.fr\/index.php\/xbox-360\/\">Xbox 360<\/a><\/li><li>Voir \u00e9galement notre page <a href=\"http:\/\/leconservatoiredujeu.fr\/index.php\/xbox-one\/\">Xbox One<\/a><\/li><li>Voir \u00e9galement notre page <a href=\"http:\/\/leconservatoiredujeu.fr\/index.php\/xbox-series-x\/\">Xbox Series X<\/a><\/li><\/ul>\n\n\n\n<p class=\"has-white-color has-text-color\">Ligne<\/p>\n\n\n\n<p class=\"has-text-align-left\"><strong><span style=\"text-decoration: underline;\">Source<\/span> : <\/strong>Wikip\u00e9dia<\/p>\n\n\n\n<p class=\"has-text-align-right\">Le Conservatoire du Jeu &#8211; Mars 2022<\/p>\n","protected":false},"excerpt":{"rendered":"<p>Sommaire : Histoire courte Jeu Vid\u00e9o Xbox Ligne Histoire Courte : Microsoft Corporation est une multinationale informatique am\u00e9ricaine, fond\u00e9e par Bill Gates et Paul Allen. Son revenu annuel a atteint 60,42 milliards de dollars sur l\u2019exercice 2007-2008 et elle emploie &hellip; <a href=\"https:\/\/leconservatoiredujeu.fr\/index.php\/microsoft\/\">Continuer la lecture <span class=\"meta-nav\">&rarr;<\/span><\/a><\/p>\n","protected":false},"author":1,"featured_media":0,"parent":0,"menu_order":0,"comment_status":"closed","ping_status":"closed","template":"","meta":{"footnotes":""},"_links":{"self":[{"href":"https:\/\/leconservatoiredujeu.fr\/index.php\/wp-json\/wp\/v2\/pages\/357"}],"collection":[{"href":"https:\/\/leconservatoiredujeu.fr\/index.php\/wp-json\/wp\/v2\/pages"}],"about":[{"href":"https:\/\/leconservatoiredujeu.fr\/index.php\/wp-json\/wp\/v2\/types\/page"}],"author":[{"embeddable":true,"href":"https:\/\/leconservatoiredujeu.fr\/index.php\/wp-json\/wp\/v2\/users\/1"}],"replies":[{"embeddable":true,"href":"https:\/\/leconservatoiredujeu.fr\/index.php\/wp-json\/wp\/v2\/comments?post=357"}],"version-history":[{"count":11,"href":"https:\/\/leconservatoiredujeu.fr\/index.php\/wp-json\/wp\/v2\/pages\/357\/revisions"}],"predecessor-version":[{"id":12774,"href":"https:\/\/leconservatoiredujeu.fr\/index.php\/wp-json\/wp\/v2\/pages\/357\/revisions\/12774"}],"wp:attachment":[{"href":"https:\/\/leconservatoiredujeu.fr\/index.php\/wp-json\/wp\/v2\/media?parent=357"}],"curies":[{"name":"wp","href":"https:\/\/api.w.org\/{rel}","templated":true}]}}