{"id":171,"date":"2017-03-20T00:52:36","date_gmt":"2017-03-19T23:52:36","guid":{"rendered":"http:\/\/leconservatoiredujeu.fr\/?page_id=171"},"modified":"2020-08-09T17:38:50","modified_gmt":"2020-08-09T15:38:50","slug":"contact","status":"publish","type":"page","link":"https:\/\/leconservatoiredujeu.fr\/index.php\/contact\/","title":{"rendered":"Contact"},"content":{"rendered":"\n<div class=\"wp-block-image\"><figure class=\"aligncenter size-large\"><img loading=\"lazy\" decoding=\"async\" width=\"512\" height=\"307\" src=\"http:\/\/leconservatoiredujeu.fr\/wp-content\/uploads\/2017\/03\/logo-512.png\" alt=\"\" class=\"wp-image-56\" srcset=\"https:\/\/leconservatoiredujeu.fr\/wp-content\/uploads\/2017\/03\/logo-512.png 512w, https:\/\/leconservatoiredujeu.fr\/wp-content\/uploads\/2017\/03\/logo-512-300x180.png 300w\" sizes=\"(max-width: 512px) 100vw, 512px\" \/><\/figure><\/div>\n\n\n\n<p><span class=\"has-inline-color has-white-color\">Ligne<\/span><\/p>\n\n\n\n<p class=\"has-text-align-center\"><strong>Pour\u00a0nous contacter plusieurs solutions s&rsquo;offrent \u00e0 vous <\/strong>:<\/p>\n\n\n\n<p class=\"has-text-align-center\"><strong><u>Mail<\/u><\/strong><\/p>\n\n\n\n<p class=\"has-text-align-center\">conservatoiredujeu@yahoo.fr<\/p>\n\n\n\n<p class=\"has-text-align-center\"><strong><u>T\u00e9l\u00e9phone<\/u><\/strong>\u00a0(<em>entre 14h et 20h<\/em>) <\/p>\n\n\n\n<p class=\"has-text-align-center\">06.50.72.27.85<\/p>\n\n\n\n<p class=\"has-text-align-center\"><strong><u>R\u00e9seaux Sociaux<\/u><\/strong><\/p>\n\n\n\n<figure class=\"wp-block-gallery columns-3 is-cropped wp-block-gallery-1 is-layout-flex wp-block-gallery-is-layout-flex\"><ul class=\"blocks-gallery-grid\"><li class=\"blocks-gallery-item\"><figure><img loading=\"lazy\" decoding=\"async\" width=\"325\" height=\"325\" src=\"http:\/\/leconservatoiredujeu.fr\/wp-content\/uploads\/2020\/08\/fb_icon_325x325.png\" alt=\"\" data-id=\"10341\" data-link=\"http:\/\/leconservatoiredujeu.fr\/index.php\/contact\/fb_icon_325x325\/\" class=\"wp-image-10341\" srcset=\"https:\/\/leconservatoiredujeu.fr\/wp-content\/uploads\/2020\/08\/fb_icon_325x325.png 325w, https:\/\/leconservatoiredujeu.fr\/wp-content\/uploads\/2020\/08\/fb_icon_325x325-300x300.png 300w, https:\/\/leconservatoiredujeu.fr\/wp-content\/uploads\/2020\/08\/fb_icon_325x325-150x150.png 150w\" sizes=\"(max-width: 325px) 100vw, 325px\" \/><figcaption class=\"blocks-gallery-item__caption\"><a href=\"https:\/\/www.facebook.com\/Conservatoire-du-Jeu-384890068388914\/\">Facebook<\/a> \u00a0 \u00a0<\/figcaption><\/figure><\/li><li class=\"blocks-gallery-item\"><figure><img loading=\"lazy\" decoding=\"async\" width=\"246\" height=\"246\" src=\"http:\/\/leconservatoiredujeu.fr\/wp-content\/uploads\/2020\/08\/246x0w.png\" alt=\"\" data-id=\"10340\" data-link=\"http:\/\/leconservatoiredujeu.fr\/index.php\/contact\/246x0w\/\" class=\"wp-image-10340\" srcset=\"https:\/\/leconservatoiredujeu.fr\/wp-content\/uploads\/2020\/08\/246x0w.png 246w, https:\/\/leconservatoiredujeu.fr\/wp-content\/uploads\/2020\/08\/246x0w-150x150.png 150w\" sizes=\"(max-width: 246px) 100vw, 246px\" \/><figcaption class=\"blocks-gallery-item__caption\">\u00a0 <a href=\"https:\/\/twitter.com\/CdJeu\">Twitter<\/a> \u00a0<\/figcaption><\/figure><\/li><li class=\"blocks-gallery-item\"><figure><img loading=\"lazy\" decoding=\"async\" width=\"770\" height=\"577\" src=\"http:\/\/leconservatoiredujeu.fr\/wp-content\/uploads\/2020\/08\/insta-big__w770.jpg\" alt=\"\" data-id=\"10342\" data-full-url=\"http:\/\/leconservatoiredujeu.fr\/wp-content\/uploads\/2020\/08\/insta-big__w770.jpg\" data-link=\"http:\/\/leconservatoiredujeu.fr\/index.php\/contact\/insta-big__w770\/\" class=\"wp-image-10342\" srcset=\"https:\/\/leconservatoiredujeu.fr\/wp-content\/uploads\/2020\/08\/insta-big__w770.jpg 770w, https:\/\/leconservatoiredujeu.fr\/wp-content\/uploads\/2020\/08\/insta-big__w770-300x225.jpg 300w, https:\/\/leconservatoiredujeu.fr\/wp-content\/uploads\/2020\/08\/insta-big__w770-768x576.jpg 768w, https:\/\/leconservatoiredujeu.fr\/wp-content\/uploads\/2020\/08\/insta-big__w770-400x300.jpg 400w\" sizes=\"(max-width: 770px) 100vw, 770px\" \/><figcaption class=\"blocks-gallery-item__caption\"><a href=\"https:\/\/www.instagram.com\/conservatoiredujeu\/\">Instagram<\/a><\/figcaption><\/figure><\/li><\/ul><figcaption class=\"blocks-gallery-caption\">                                                                                       \u00a0 \u00a0 \u00a0 <\/figcaption><\/figure>\n\n\n\n<p class=\"has-text-align-center\"><strong>Et notre cha\u00eene&#8230;<\/strong><\/p>\n\n\n\n<div class=\"wp-block-image\"><figure class=\"aligncenter size-large\"><img loading=\"lazy\" decoding=\"async\" width=\"268\" height=\"188\" src=\"http:\/\/leconservatoiredujeu.fr\/wp-content\/uploads\/2020\/08\/t\u00e9l\u00e9chargement.jpg\" alt=\"\" class=\"wp-image-10348\"\/><figcaption>                                                                                 <a href=\"https:\/\/www.youtube.com\/channel\/UC_7xQLLR0Us5k8cS1KLkKiw\">Youtube<\/a><\/figcaption><\/figure><\/div>\n\n\n\n<p>\u00a0 \u00a0 \u00a0\u00a0 \u00a0 \u00a0 \u00a0 <\/p>\n\n\n\n<figure class=\"wp-block-image size-large\"><a href=\"http:\/\/leconservatoiredujeu.fr\/wp-content\/uploads\/2020\/04\/brochure-cdj-2020.pdf\" target=\"_blank\" rel=\"noopener noreferrer\"><img loading=\"lazy\" decoding=\"async\" width=\"729\" height=\"521\" src=\"http:\/\/leconservatoiredujeu.fr\/wp-content\/uploads\/2020\/08\/Image1.png\" alt=\"\" class=\"wp-image-10356\" srcset=\"https:\/\/leconservatoiredujeu.fr\/wp-content\/uploads\/2020\/08\/Image1.png 729w, https:\/\/leconservatoiredujeu.fr\/wp-content\/uploads\/2020\/08\/Image1-300x214.png 300w, https:\/\/leconservatoiredujeu.fr\/wp-content\/uploads\/2020\/08\/Image1-420x300.png 420w\" sizes=\"(max-width: 729px) 100vw, 729px\" \/><\/a><figcaption><strong><a rel=\"noreferrer noopener\" href=\"http:\/\/leconservatoiredujeu.fr\/wp-content\/uploads\/2020\/04\/brochure-cdj-2020.pdf\" target=\"_blank\">T\u00e9l\u00e9chargez notre d\u00e9pliant<\/a><\/strong><\/figcaption><\/figure>\n\n\n\n<h2 class=\"has-text-align-center wp-block-heading\"><\/h2>\n\n\n\n<p><span class=\"has-inline-color has-white-color\">ligne<\/span><\/p>\n\n\n\n<p>N&rsquo;h\u00e9sitez surtout pas \u00e0 nous contacter, nous sommes \u00e0 votre disposition, nous sommes toujours \u00e0 la recherche de nouveaux joueurs, jeux, informations ludiques ou liens&#8230;.<\/p>\n\n\n\n<p>Donc que vous soyez professionnels du jeu, simples amateurs ou juste \u00ab\u00a0accros,\u00a0\u00bb et que vous avec\u00a0 des \u00ab\u00a0trucs qui tra\u00eenent\u00a0\u00bb (en disant \u00e7a je pense \u00e0 vos vieux placards, vos greniers, vos \u00e9ventuelles nouveaut\u00e9s ou vos jeux maisons que vous voulez faire conna\u00eetre&#8230;), le Conservatoire du Jeu est \u00e9videment preneur&#8230;.\u00a0<\/p>\n\n\n\n<p><span class=\"has-inline-color has-white-color\">ligne<\/span><\/p>\n\n\n\n<p class=\"has-text-align-center\"><strong><u>QUI SOMMES NOUS&nbsp;?<\/u><\/strong><\/p>\n\n\n\n<p>Nous sommes plusieurs passionn\u00e9s de jeu. Certains nous nomment \u00ab&nbsp;Collectionneurs&nbsp;\u00bb, mais nous pr\u00e9f\u00e9rons le terme de \u00ab&nbsp;Conservateurs&nbsp;\u00bb. Nous poss\u00e9dons une grande collection de jeux (sous n\u2019importe quelle forme), mais \u00e9galement diff\u00e9rents objets en lien avec le jeu (les Goodies).<\/p>\n\n\n\n<p><span class=\"has-inline-color has-white-color\">ligne<\/span><\/p>\n\n\n\n<p class=\"has-text-align-center\"><strong><u>POURQUOI CONSERVATEURS PLUT\u00d4T QUE COLLECTIONNEURS&nbsp;?<\/u><\/strong><\/p>\n\n\n\n<p>L\u2019id\u00e9e g\u00e9n\u00e9rale n\u2019est pas, comme on pourrait le croire, de collectionner tout les jeux existants (m\u00eame si cela y ressemble). Mais bien de conserver et cultiver \u00ab&nbsp;une m\u00e9moire ludique&nbsp;\u00bb pour les g\u00e9n\u00e9rations futures (et actuelles finalement\u2026).<\/p>\n\n\n\n<p><span class=\"has-inline-color has-white-color\">ligne<\/span><\/p>\n\n\n\n<p class=\"has-text-align-center\"><strong><u>NOS&nbsp;<\/u><u>ACTIVIT\u00c9S<\/u><\/strong><\/p>\n\n\n\n<p>Tout d\u2019abord, ce site internet qui sert d\u2019outil \u00e0 tous ceux qui recherche des informations sur les Jeux. Nous proposons des fiches descriptives des diff\u00e9rents jeux existants, ainsi qu&rsquo;aides de jeu, des anecdotes que se soit sur les <a href=\"http:\/\/leconservatoiredujeu.fr\/index.php\/jeux-de-plateau\/\">Jeux de Plateau<\/a>, les <a href=\"http:\/\/leconservatoiredujeu.fr\/index.php\/jeux-de-role\/\">Jeux de R\u00f4le<\/a>, les <a href=\"http:\/\/leconservatoiredujeu.fr\/index.php\/jeux-de-cartes-a-collectionner\/\">Jeux de Cartes \u00e0 Collectionner<\/a>, les <a href=\"http:\/\/leconservatoiredujeu.fr\/index.php\/jeux-video\/\">Jeux Vid\u00e9o<\/a>\u2026<\/p>\n\n\n\n<p>Nous proposons \u00e9galement des animations ludiques tout public, des tournois de diff\u00e9rents jeux (plateau, cartes, vid\u00e9o\u2026), des expositions de jeux anciens ou th\u00e9matiques&#8230;&nbsp;<em>NOUS VOULONS METTRE EN VALEUR LES ANCIENS JEUX, ET PAR LA M\u00caME P\u00c9RENNISER&nbsp;UNE CERTAINE M\u00c9MOIRE&nbsp;LUDIQUE<\/em>, mais nous ne pouvons pas non plus faire totalement abstraction des produits r\u00e9cents (et oui, nous sommes des joueurs aussi\u2026).<\/p>\n\n\n\n<p><span class=\"has-inline-color has-white-color\">ligne<\/span><\/p>\n","protected":false},"excerpt":{"rendered":"<p>Ligne Pour\u00a0nous contacter plusieurs solutions s&rsquo;offrent \u00e0 vous : Mail conservatoiredujeu@yahoo.fr T\u00e9l\u00e9phone\u00a0(entre 14h et 20h) 06.50.72.27.85 R\u00e9seaux Sociaux Et notre cha\u00eene&#8230; \u00a0 \u00a0 \u00a0\u00a0 \u00a0 \u00a0 \u00a0 ligne N&rsquo;h\u00e9sitez surtout pas \u00e0 nous contacter, nous sommes \u00e0 votre disposition, nous &hellip; <a href=\"https:\/\/leconservatoiredujeu.fr\/index.php\/contact\/\">Continuer la lecture <span class=\"meta-nav\">&rarr;<\/span><\/a><\/p>\n","protected":false},"author":1,"featured_media":56,"parent":0,"menu_order":0,"comment_status":"closed","ping_status":"closed","template":"","meta":{"footnotes":""},"_links":{"self":[{"href":"https:\/\/leconservatoiredujeu.fr\/index.php\/wp-json\/wp\/v2\/pages\/171"}],"collection":[{"href":"https:\/\/leconservatoiredujeu.fr\/index.php\/wp-json\/wp\/v2\/pages"}],"about":[{"href":"https:\/\/leconservatoiredujeu.fr\/index.php\/wp-json\/wp\/v2\/types\/page"}],"author":[{"embeddable":true,"href":"https:\/\/leconservatoiredujeu.fr\/index.php\/wp-json\/wp\/v2\/users\/1"}],"replies":[{"embeddable":true,"href":"https:\/\/leconservatoiredujeu.fr\/index.php\/wp-json\/wp\/v2\/comments?post=171"}],"version-history":[{"count":28,"href":"https:\/\/leconservatoiredujeu.fr\/index.php\/wp-json\/wp\/v2\/pages\/171\/revisions"}],"predecessor-version":[{"id":10360,"href":"https:\/\/leconservatoiredujeu.fr\/index.php\/wp-json\/wp\/v2\/pages\/171\/revisions\/10360"}],"wp:featuredmedia":[{"embeddable":true,"href":"https:\/\/leconservatoiredujeu.fr\/index.php\/wp-json\/wp\/v2\/media\/56"}],"wp:attachment":[{"href":"https:\/\/leconservatoiredujeu.fr\/index.php\/wp-json\/wp\/v2\/media?parent=171"}],"curies":[{"name":"wp","href":"https:\/\/api.w.org\/{rel}","templated":true}]}}