{"id":13168,"date":"2022-05-12T18:15:10","date_gmt":"2022-05-12T16:15:10","guid":{"rendered":"http:\/\/leconservatoiredujeu.fr\/?page_id=13168"},"modified":"2022-05-12T18:15:10","modified_gmt":"2022-05-12T16:15:10","slug":"jeu-du-kubb","status":"publish","type":"page","link":"https:\/\/leconservatoiredujeu.fr\/index.php\/jeu-du-kubb\/","title":{"rendered":"Jeu du Kubb"},"content":{"rendered":"\n<div class=\"wp-block-image\"><figure class=\"aligncenter size-large is-resized\"><img loading=\"lazy\" decoding=\"async\" src=\"http:\/\/leconservatoiredujeu.fr\/wp-content\/uploads\/2022\/05\/kubb-jeu-de-vikings-jeu-du-roi-1-1024x1024.jpg\" alt=\"\" class=\"wp-image-13169\" width=\"318\" height=\"325\"\/><\/figure><\/div>\n\n\n\n<p><strong><u>Historique<\/u>&nbsp;:<\/strong><\/p>\n\n\n\n<p>On pr\u00e9tend souvent que le jeu remonte \u00e0 l&rsquo;\u00e2ge des Vikings et qu&rsquo;il aurait perdur\u00e9 sur l&rsquo;\u00eele de Gotland. Le F\u00f6reningen Gutnisk Idrott (l&rsquo;Association des sports de Gotland), fond\u00e9e en 1912, ne r\u00e9pertorie toutefois pas le Kubb comme un des jeux traditionnels de l&rsquo;\u00eele. Il semble que le Kubb se pratiquait \u00e0 diff\u00e9rents endroits en Su\u00e8de au d\u00e9but du XXe si\u00e8cle, sans que l&rsquo;on sache aujourd&rsquo;hui quelles en \u00e9taient exactement les r\u00e8gles.<\/p>\n\n\n\n<p>Remis au go\u00fbt du jour dans les ann\u00e9es 1990, Kubb a vite connu un regain de popularit\u00e9. Depuis 1995 se tient le championnat du monde annuel sur l&rsquo;\u00eele de Gotland.<\/p>\n\n\n\n<p><strong><u>Mat\u00e9riel de Jeu<\/u>&nbsp;:<\/strong><\/p>\n\n\n\n<p>Le jeu de Kubb est constitu\u00e9 de 21 pi\u00e8ces, extr\u00eamement simples et faciles \u00e0 fabriquer soi-m\u00eame :<\/p>\n\n\n\n<p>Dix kubbs (parall\u00e9l\u00e9pip\u00e8des en bois de taille 15 x 7 x 7 cm environ)<\/p>\n\n\n\n<p>Un roi (parall\u00e9l\u00e9pip\u00e8de en bois de taille 30 x 9 x 9 cm), dont une extr\u00e9mit\u00e9 en biseaux figure une couronne (la t\u00eate peut \u00eatre dessin\u00e9e \u00e9galement)<\/p>\n\n\n\n<p>Six b\u00e2tons de lancer (cylindres en bois de taille 30 cm de long par 3 \u00e0 5 cm de diam\u00e8tre)<\/p>\n\n\n\n<p>Quatre pieux, ou marqueurs, indiquant les coins du terrain<\/p>\n\n\n\n<p>Hormis celle du roi, la forme des pi\u00e8ces varie d&rsquo;un jeu \u00e0 l&rsquo;autre. Le musicien frison Wud Thrwyr a constitu\u00e9 une vaste collection de pi\u00e8ces antiques de Kubb, certaines extraordinairement d\u00e9coup\u00e9es et dat\u00e9es du XIXe si\u00e8cle. Hors des pays nordiques, o\u00f9 il est tr\u00e8s r\u00e9pandu, le jeu de Kubb se trouve en g\u00e9n\u00e9ral en boutique sp\u00e9cialis\u00e9e ou sur internet.<\/p>\n\n\n\n<p><strong><u>R\u00e8gles du Jeu<\/u>&nbsp;:<\/strong><\/p>\n\n\n\n<p>Kubb se joue sur un terrain rectangulaire (approximativement 5 m par 8 m), si possible de l\u2019herbe (pour ne pas ab\u00eemer le jeu). Le roi est plac\u00e9 au centre du jeu, \u00e0 mi-chemin entre les lignes d&rsquo;enjeu. Une ligne imaginaire trac\u00e9e par le roi et parall\u00e8le aux deux lignes de base divise le champ en deux moiti\u00e9s. Les kubbs sont install\u00e9s \u00e0 travers chaque ligne de base, cinq de chaque c\u00f4t\u00e9.<\/p>\n\n\n\n<p>Les lancers se font de bas en haut. Il est interdit de donner au b\u00e2ton des mouvements de rotation lat\u00e9rale (\u00e0 la mani\u00e8re d&rsquo;un freesbee). Dans l\u2019id\u00e9al, le mouvement de lancer doit faire tourner les extr\u00e9mit\u00e9s du b\u00e2ton (la premi\u00e8re extr\u00e9mit\u00e9 au-dessus de la seconde, et ainsi de suite).<\/p>\n\n\n\n<div class=\"wp-block-image\"><figure class=\"aligncenter size-large is-resized\"><img loading=\"lazy\" decoding=\"async\" src=\"http:\/\/leconservatoiredujeu.fr\/wp-content\/uploads\/2022\/05\/disposition-1024x573.jpg\" alt=\"\" class=\"wp-image-13170\" width=\"461\" height=\"258\" srcset=\"https:\/\/leconservatoiredujeu.fr\/wp-content\/uploads\/2022\/05\/disposition-1024x573.jpg 1024w, https:\/\/leconservatoiredujeu.fr\/wp-content\/uploads\/2022\/05\/disposition-300x168.jpg 300w, https:\/\/leconservatoiredujeu.fr\/wp-content\/uploads\/2022\/05\/disposition-768x430.jpg 768w, https:\/\/leconservatoiredujeu.fr\/wp-content\/uploads\/2022\/05\/disposition-500x280.jpg 500w, https:\/\/leconservatoiredujeu.fr\/wp-content\/uploads\/2022\/05\/disposition.jpg 1044w\" sizes=\"(max-width: 461px) 100vw, 461px\" \/><\/figure><\/div>\n\n\n\n<p>Les r\u00e8gles varient souvent. En voici deux versions, une simplifi\u00e9e et une avanc\u00e9e (pratiqu\u00e9e dans plusieurs pays).<\/p>\n\n\n\n<p>R\u00e8gle simplifi\u00e9e&nbsp;:<\/p>\n\n\n\n<p>Les deux \u00e9quipes se font face. Le nombre de joueurs dans chaque \u00e9quipe est de six au maximum. Il y a deux phases dans le tour de chaque \u00e9quipe :<\/p>\n\n\n\n<p>L&rsquo;\u00e9quipe A lance ses six b\u00e2tons depuis sa ligne de base (sans la d\u00e9passer) vers les kubbs adverses dans le but de les renverser.<\/p>\n\n\n\n<p>\u00c0 la fin des six lancers, les kubbs tomb\u00e9s sont r\u00e9cup\u00e9r\u00e9s par l\u2019\u00e9quipe B et lanc\u00e9s derri\u00e8re la ligne centrale (sur la moiti\u00e9 oppos\u00e9e \u00e0 elle, soit dans la moiti\u00e9 du terrain de l\u2019\u00e9quipe A). Ces kubbs jet\u00e9s s&rsquo;appellent les \u00ab kubbs de champ \u00bb. S\u2019ils tombent \u00e0 plat, ils doivent \u00eatre remis debout.<\/p>\n\n\n\n<p>Le jeu change alors de main. L&rsquo;\u00e9quipe B lance les b\u00e2tons sur les kubbs de l&rsquo;\u00e9quipe A, sauf si, \u00e0 l\u2019\u00e9tape pr\u00e9c\u00e9dente, des kubbs ont \u00e9t\u00e9 renvers\u00e9s et se trouvent maintenant \u00eatre des kubbs de champ. Dans ce cas, l\u2019\u00e9quipe B doit d\u2019abord faire tomber les kubbs de champ avant de frapper les kubbs adverses. Les kubbs de champ atteints sont retir\u00e9s du jeu (option islandaise).<\/p>\n\n\n\n<p>Le jeu continue de cette fa\u00e7on jusqu&rsquo;\u00e0 ce qu&rsquo;une \u00e9quipe fasse tomber tous les kubbs de base de l\u2019autre \u00e9quipe (et qu\u2019elle n\u2019a aucun kubb de champ). Si l&rsquo;\u00e9quipe a toujours des b\u00e2tons \u00e0 lancer, ses membres peuvent tenter de faire tomber le roi. Si un lanceur renverse avec succ\u00e8s le roi, l&rsquo;\u00e9quipe a gagn\u00e9 la partie. Cependant, si \u00e0 tout moment pendant le jeu le roi est renvers\u00e9 par accident, l&rsquo;\u00e9quipe qui l\u2019a fait tomber perd imm\u00e9diatement la partie.<\/p>\n\n\n\n<p>R\u00e8gle optionnelle&nbsp;:<\/p>\n\n\n\n<p>On peut facilement donner des bonus \u00e0 une \u00e9quipe qui en a besoin (par exemple si vous jouez contre des enfants) en lui permettant de jeter plus de b\u00e2tons.<\/p>\n\n\n\n<p>En Nouvelle-Z\u00e9lande, si un kubb de base tombe alors qu\u2019il reste des kubbs de champ, l\u2019\u00e9quipe passe son tour. \u00c0 la fin de son tour, si l&rsquo;une ou l&rsquo;autre \u00e9quipe poss\u00e8de encore des kubbs de champ debout, le kubb le plus proche du roi repr\u00e9sente maintenant la ligne de base pour l\u2019\u00e9quipe adversaire et les lanceurs peuvent s\u2019approcher pr\u00e8s de cette ligne pour tirer.<\/p>\n\n\n\n<p>R\u00e8gle avanc\u00e9e&nbsp;:<\/p>\n\n\n\n<p>Les deux \u00e9quipes se font face. Le nombre de joueurs dans chaque \u00e9quipe est de six au maximum.<\/p>\n\n\n\n<p>Pour d\u00e9terminer l&rsquo;\u00e9quipe qui commence, chaque \u00e9quipe lance un b\u00e2ton le plus pr\u00e8s du roi sans le toucher. L&rsquo;\u00e9quipe qui en est la plus proche commence alors. La premi\u00e8re \u00e9tape du jeu commence, l&rsquo;\u00e9quipe gagnante du \u00ab toss \u00bb peut soit commencer \u00e0 deux lanceurs et jouer, soit choisir le terrain et ne pas jouer.<\/p>\n\n\n\n<p>L&rsquo;\u00e9quipe B prend alors 2 ou 4 b\u00e2tons. Dans tous les cas, le syst\u00e8me est le suivant on commence \u00e0 2 lanceurs, puis 4. Ensuite le jeu se joue toujours avec six b\u00e2tons. Il y a deux phases dans le tour de chaque \u00e9quipe :<\/p>\n\n\n\n<p>Les membres de l&rsquo;\u00e9quipe A jettent les b\u00e2tons en leur possession, en restant derri\u00e8re leur ligne, sur les kubbs de leurs adversaires dans le but de les renverser.<\/p>\n\n\n\n<p>L&rsquo;\u00e9quipe B ramasse tous les kubbs tomb\u00e9s : kubbs de champ et kubbs de base. Ils sont alors lanc\u00e9s de la ligne du fond par l\u2019\u00e9quipe B, derri\u00e8re la ligne centrale (sur la moiti\u00e9 oppos\u00e9e \u00e0 elle, soit dans la moiti\u00e9 du terrain de l\u2019\u00e9quipe A). Ces kubbs nouvellement jet\u00e9s s&rsquo;appellent les kubbs de champ. Lorsqu&rsquo;ils tombent \u00e0 plat, ils doivent \u00eatre remis debout \u00e0 l&rsquo;endroit o\u00f9 se trouve le centre du kubb pour \u00e9viter tout litige. Les kubbs sont lanc\u00e9s un \u00e0 un, toujours de la ligne de base. Si un Kubb vient \u00e0 faire tomber un kubb de champ, on rel\u00e8ve celui-ci \u00e0 l&rsquo;endroit o\u00f9 il se trouvait et on regroupe les deux Kubbs. Si le kubb fait tomber plusieurs kubbs de champ plac\u00e9s \u00e0 diff\u00e9rents endroits du terrain, on rel\u00e8ve respectivement les kubbs de champ et on place le kubb lanc\u00e9 \u00e0 c\u00f4t\u00e9 de son voisin.<\/p>\n\n\n\n<p>Si, lors du lancer, le kubb vient \u00e0 sortir du terrain, il est relanc\u00e9 une derni\u00e8re fois. En cas de nouvel \u00e9chec l&rsquo;\u00e9quipe A place o\u00f9 elle veut le kubb dans sa moiti\u00e9 de terrain, en respectant une distance minimum d&rsquo;un b\u00e2ton avec les lignes du terrain et avec le roi.<\/p>\n\n\n\n<p>Une fois tous les kubbs relanc\u00e9s, l&rsquo;\u00e9quipe B attaque avec ses b\u00e2tons (on repasse alors \u00e0 la phase 1). L\u2019\u00e9quipe B doit d\u2019abord faire tomber les kubbs de champ avant de pouvoir attaquer ceux de la ligne de base. Une fois que l\u2019\u00e9quipe B est parvenue \u00e0 faucher tous les kubbs de champ, elle peut alors commencer \u00e0 faire tomber ceux du fond. Si un kubb de la ligne du fond vient \u00e0 tomber alors que tous les kubbs de champ ne sont pas tomb\u00e9s, il est relev\u00e9.<\/p>\n\n\n\n<p>\u00c0 la fin de son tour, si l&rsquo;une ou l&rsquo;autre \u00e9quipe poss\u00e8de encore des kubbs de champ debout, le kubb le plus proche du roi repr\u00e9sente maintenant la ligne de base pour l\u2019\u00e9quipe adverse et les lanceurs peuvent s\u2019approcher pr\u00e8s de cette ligne pour tirer les b\u00e2tons (et uniquement les b\u00e2tons).<\/p>\n\n\n\n<p>Le jeu continue de cette fa\u00e7on jusqu&rsquo;\u00e0 ce qu&rsquo;une \u00e9quipe ait fait tomber tous les kubbs de l\u2019autre \u00e9quipe (kubb de champ et kubb de la ligne du fond). Si cette \u00e9quipe a toujours des b\u00e2tons \u00e0 jeter, elle peut tenter de faire tomber le Roi en l&rsquo;attaquant de la ligne du fond. Si un lanceur renverse avec succ\u00e8s le roi, l&rsquo;\u00e9quipe gagne le jeu. Cependant, si \u00e0 tout moment du jeu le roi est renvers\u00e9 par accident, l&rsquo;\u00e9quipe qui l\u2019a fait tomber perd imm\u00e9diatement le jeu.<\/p>\n\n\n\n<p>Variante. On autorise l&rsquo;attaque du roi si et seulement si l&rsquo;\u00e9quipe poss\u00e8de encore plus d&rsquo;un b\u00e2ton. L&rsquo;attaque s&rsquo;effectue alors avec un seul b\u00e2ton. En cas d&rsquo;\u00e9chec on passe imm\u00e9diatement \u00e0 l&rsquo;\u00e9quipe adverse quel que soit le nombre de b\u00e2tons restant \u00e0 l&rsquo;\u00e9quipe.<\/p>\n\n\n\n<p><strong><u>Le Kubb en France&nbsp;:<\/u><\/strong><\/p>\n\n\n\n<p>Il n&rsquo;existe pas \u00e0 proprement parler de championnat de France, mais des championnats dans les diff\u00e9rents d\u00e9partements France qui sont organis\u00e9s par des associations locales. Il n&rsquo;existe pas (encore) de F\u00e9d\u00e9ration fran\u00e7aise de Kubb au m\u00eame titre qu&rsquo;il existe une F\u00e9d\u00e9ration fran\u00e7aise de football.<\/p>\n\n\n\n<div class=\"wp-block-image\"><figure class=\"aligncenter size-full is-resized\"><img loading=\"lazy\" decoding=\"async\" src=\"http:\/\/leconservatoiredujeu.fr\/wp-content\/uploads\/2022\/05\/Nederlands_Kampioenschap_Kubb_Kubb_team_4.jpg\" alt=\"\" class=\"wp-image-13171\" width=\"421\" height=\"281\" srcset=\"https:\/\/leconservatoiredujeu.fr\/wp-content\/uploads\/2022\/05\/Nederlands_Kampioenschap_Kubb_Kubb_team_4.jpg 1024w, https:\/\/leconservatoiredujeu.fr\/wp-content\/uploads\/2022\/05\/Nederlands_Kampioenschap_Kubb_Kubb_team_4-300x200.jpg 300w, https:\/\/leconservatoiredujeu.fr\/wp-content\/uploads\/2022\/05\/Nederlands_Kampioenschap_Kubb_Kubb_team_4-768x511.jpg 768w, https:\/\/leconservatoiredujeu.fr\/wp-content\/uploads\/2022\/05\/Nederlands_Kampioenschap_Kubb_Kubb_team_4-451x300.jpg 451w\" sizes=\"(max-width: 421px) 100vw, 421px\" \/><\/figure><\/div>\n\n\n\n<p><strong><u>Source\u00a0:<\/u><\/strong> Wikip\u00e9dia<\/p>\n\n\n\n<p class=\"has-text-align-right\">Le Conservatoire du Jeu &#8211; Mai 2022<\/p>\n","protected":false},"excerpt":{"rendered":"<p>Historique&nbsp;: On pr\u00e9tend souvent que le jeu remonte \u00e0 l&rsquo;\u00e2ge des Vikings et qu&rsquo;il aurait perdur\u00e9 sur l&rsquo;\u00eele de Gotland. Le F\u00f6reningen Gutnisk Idrott (l&rsquo;Association des sports de Gotland), fond\u00e9e en 1912, ne r\u00e9pertorie toutefois pas le Kubb comme un &hellip; <a href=\"https:\/\/leconservatoiredujeu.fr\/index.php\/jeu-du-kubb\/\">Continuer la lecture <span class=\"meta-nav\">&rarr;<\/span><\/a><\/p>\n","protected":false},"author":3,"featured_media":0,"parent":0,"menu_order":0,"comment_status":"closed","ping_status":"closed","template":"","meta":{"footnotes":""},"_links":{"self":[{"href":"https:\/\/leconservatoiredujeu.fr\/index.php\/wp-json\/wp\/v2\/pages\/13168"}],"collection":[{"href":"https:\/\/leconservatoiredujeu.fr\/index.php\/wp-json\/wp\/v2\/pages"}],"about":[{"href":"https:\/\/leconservatoiredujeu.fr\/index.php\/wp-json\/wp\/v2\/types\/page"}],"author":[{"embeddable":true,"href":"https:\/\/leconservatoiredujeu.fr\/index.php\/wp-json\/wp\/v2\/users\/3"}],"replies":[{"embeddable":true,"href":"https:\/\/leconservatoiredujeu.fr\/index.php\/wp-json\/wp\/v2\/comments?post=13168"}],"version-history":[{"count":1,"href":"https:\/\/leconservatoiredujeu.fr\/index.php\/wp-json\/wp\/v2\/pages\/13168\/revisions"}],"predecessor-version":[{"id":13172,"href":"https:\/\/leconservatoiredujeu.fr\/index.php\/wp-json\/wp\/v2\/pages\/13168\/revisions\/13172"}],"wp:attachment":[{"href":"https:\/\/leconservatoiredujeu.fr\/index.php\/wp-json\/wp\/v2\/media?parent=13168"}],"curies":[{"name":"wp","href":"https:\/\/api.w.org\/{rel}","templated":true}]}}