{"id":13151,"date":"2022-05-12T17:53:34","date_gmt":"2022-05-12T15:53:34","guid":{"rendered":"http:\/\/leconservatoiredujeu.fr\/?page_id=13151"},"modified":"2022-05-12T17:53:34","modified_gmt":"2022-05-12T15:53:34","slug":"les-osselets","status":"publish","type":"page","link":"https:\/\/leconservatoiredujeu.fr\/index.php\/les-osselets\/","title":{"rendered":"Les Osselets"},"content":{"rendered":"\n<div class=\"wp-block-image\"><figure class=\"aligncenter size-full is-resized\"><img loading=\"lazy\" decoding=\"async\" src=\"http:\/\/leconservatoiredujeu.fr\/wp-content\/uploads\/2022\/05\/osselets.jpg\" alt=\"\" class=\"wp-image-13152\" width=\"430\" height=\"287\" srcset=\"https:\/\/leconservatoiredujeu.fr\/wp-content\/uploads\/2022\/05\/osselets.jpg 600w, https:\/\/leconservatoiredujeu.fr\/wp-content\/uploads\/2022\/05\/osselets-300x200.jpg 300w, https:\/\/leconservatoiredujeu.fr\/wp-content\/uploads\/2022\/05\/osselets-451x300.jpg 451w\" sizes=\"(max-width: 430px) 100vw, 430px\" \/><\/figure><\/div>\n\n\n\n<p><strong><u>Historique<\/u>&nbsp;:<\/strong><\/p>\n\n\n\n<p>Le jeu des osselets est un jeu d&rsquo;adresse anc\u00eatre des jeux du lancer qui remonte \u00e0 l&rsquo;Antiquit\u00e9.<\/p>\n\n\n\n<p>Les osselets sont trouv\u00e9s dans tout le bassin m\u00e9diterran\u00e9en. Une peinture \u00e0 l&rsquo;encaustique du peintre Alexandre l&rsquo;Ath\u00e9nien appel\u00e9e Les Joueuses d&rsquo;osselets a \u00e9t\u00e9 d\u00e9couverte \u00e0 Herculanum. Le jeu se joue avec de petits os qui ont une forme particuli\u00e8re (ils composent le tarse ou l&rsquo;astragale du tr\u00e8s jeune mouton ou d&rsquo;autres animaux), leur permettant de se glisser \u00e0 la racine des doigts (les osselets artificiels du commerce sont beaucoup plus petits que les osselets naturels). C&rsquo;est un jeu tr\u00e8s populaire en Gr\u00e8ce antique. Socrate prend les osselets (talus en latin, et astragalos en grec) comme exemple lorsqu&rsquo;il raisonne avec Th\u00e9\u00e9t\u00e8te sur l&rsquo;id\u00e9e de quantit\u00e9 (Th\u00e9\u00e9t\u00e8te, 154c).<\/p>\n\n\n\n<p>Ils sont \u00e0 l&rsquo;origine des d\u00e9s sous le nom d\u2019astragaloi, comportant quatre faces planes, deux larges et deux \u00e9troites. D\u00e8s l&rsquo;antiquit\u00e9, le jeu se jouait \u00e9galement comme jeu d&rsquo;adresse de lancement, le penthelita.<\/p>\n\n\n\n<p>\u00c0 l&rsquo;\u00e9poque moderne, on ne joue plus gu\u00e8re avec de vrais osselets, mais avec des copies en m\u00e9tal ou en plastique, plus petits, et donc plus faciles \u00e0 manipuler pour les enfants mais dont le poids \u2014 trop l\u00e9ger pour le plastique \u2014 et la surface trop lisse emp\u00eachent d&rsquo;accomplir les figures compliqu\u00e9es.<\/p>\n\n\n\n<div class=\"wp-block-image\"><figure class=\"aligncenter size-full is-resized\"><img loading=\"lazy\" decoding=\"async\" src=\"http:\/\/leconservatoiredujeu.fr\/wp-content\/uploads\/2022\/05\/femme-joue-osselets.jpg\" alt=\"\" class=\"wp-image-13153\" width=\"403\" height=\"272\" srcset=\"https:\/\/leconservatoiredujeu.fr\/wp-content\/uploads\/2022\/05\/femme-joue-osselets.jpg 1024w, https:\/\/leconservatoiredujeu.fr\/wp-content\/uploads\/2022\/05\/femme-joue-osselets-300x202.jpg 300w, https:\/\/leconservatoiredujeu.fr\/wp-content\/uploads\/2022\/05\/femme-joue-osselets-768x516.jpg 768w\" sizes=\"(max-width: 403px) 100vw, 403px\" \/><figcaption> Femmes jouant aux Osselets en 320 Av J.C <\/figcaption><\/figure><\/div>\n\n\n\n<p><strong><u>Description des Osselets<\/u>&nbsp;:<\/strong><\/p>\n\n\n\n<p>Dans l&rsquo;Antiquit\u00e9, lorsque les osselets \u00e9taient utilis\u00e9s en tant que d\u00e9s, chacune des quatre faces portaient les valeurs suivantes :<\/p>\n\n\n\n<p>Les faces larges :<\/p>\n\n\n\n<p>La face convexe : IV (4)<\/p>\n\n\n\n<p>La face concave : III (3)<\/p>\n\n\n\n<p>Les faces \u00e9troites :<\/p>\n\n\n\n<p>La face plane : I (1)<\/p>\n\n\n\n<p>La face sinueuse : VI (6)<\/p>\n\n\n\n<p>Un jeu d&rsquo;osselets comporte habituellement cinq osselets, dont un peut \u00eatre identifi\u00e9, par exemple par une couleur diff\u00e9rente. On appelle cet osselet \u00ab le P\u00e8re \u00bb.<\/p>\n\n\n\n<div class=\"wp-block-image\"><figure class=\"aligncenter size-full is-resized\"><img loading=\"lazy\" decoding=\"async\" src=\"http:\/\/leconservatoiredujeu.fr\/wp-content\/uploads\/2022\/05\/osselets-pere-1.jpg\" alt=\"\" class=\"wp-image-13154\" width=\"389\" height=\"394\"\/><\/figure><\/div>\n\n\n\n<p><strong><u>R\u00e8gles du Jeu<\/u>&nbsp;:<\/strong><\/p>\n\n\n\n<p>Une des r\u00e8gles de ce jeu consiste \u00e0 tester son adresse et sa rapidit\u00e9 en :<\/p>\n\n\n\n<p>Lan\u00e7ant en l&rsquo;air un osselet (en g\u00e9n\u00e9ral le P\u00e8re) ;<\/p>\n\n\n\n<p>Ramassant un osselet parmi ceux pos\u00e9s par terre ; Et en rattrapant le P\u00e8re avant qu&rsquo;il touche le sol.<\/p>\n\n\n\n<p>Au premier tour, on ramasse donc quatre fois un osselet. Au deuxi\u00e8me tour, il faut ramasser deux fois deux osselets \u00e0 la fois, puis trois osselets et un, et enfin les quatre.<\/p>\n\n\n\n<p>\u00c0 l&rsquo;issue de ces quatre tours de jeu, on fait une \u00ab retournette \u00bb : on lance tous les osselets en l&rsquo;air et on tente d&rsquo;en rattraper le plus possible sur le dos de la main. On devra ensuite les relancer et les rattraper en pratiquant ce qu&rsquo;on appelle \u00ab le coup de cent \u00bb : d&rsquo;abord, on positionne les osselets sur le dos de la main en bougeant l\u00e9g\u00e8rement les doigts, sans bien s\u00fbr s&rsquo;aider de l&rsquo;autre main. Si un osselet tombe pendant l&rsquo;op\u00e9ration, c&rsquo;est perdu et les osselets passent au joueur suivant. Le but de ce positionnement est de placer les osselets en deux groupes \u2014 si l&rsquo;on en a rattrap\u00e9 quatre sur cinq, par exemple un groupe de trois et un tout seul \u2014, puis on les relance en l&rsquo;air et on les rattrape dans la paume de la main, alternativement par un mouvement de supination, suivi d&rsquo;un autre de pronation : on prend au moins un osselet au premier passage (supination) et tous les autres au second (pronation), en op\u00e9rant entre les deux un pivotement rapide de la main au niveau du poignet.<\/p>\n\n\n\n<p>Ce \u00ab coup de cent \u00bb apporte, comme son nom l&rsquo;indique, 100 points par osselet, donc par exemple 300 points si l&rsquo;on r\u00e9ussit cette retournette avec trois osselets : deux pris en supination et le dernier en pronation, ou l&rsquo;inverse au choix du joueur.<\/p>\n\n\n\n<p>Apr\u00e8s une retournette r\u00e9ussie, le joueur reprend comme expliqu\u00e9 ci-dessus et \u00ab fait les un \u00bb, puis \u00ab fait les deux \u00bb, et ainsi de suite jusqu&rsquo;\u00e0 la retournette suivante.<\/p>\n\n\n\n<p>\u00c0 chaque fois que l&rsquo;on atteint ou d\u00e9passe un millier de points se place une variante plus difficile qu&rsquo;on appelle \u00ab les omelettes \u00bb. Cela consiste \u00e0 \u00ab faire les un \u00bb, puis les deux, les trois, etc. comme dans le jeu normal, sauf qu&rsquo;au lieu de poser \u00e0 l&rsquo;\u00e9cart les osselets captur\u00e9s, on doit tous les garder dans la main. Ainsi, quand on \u00ab fait les deux \u00bb normaux, on jette le p\u00e8re en l&rsquo;air, on ramasse deux osselets, on rattrape le p\u00e8re lorsqu&rsquo;il redescend. Puis, on pose \u00e0 l&rsquo;\u00e9cart les deux osselets que l&rsquo;on vient de capturer et on r\u00e9p\u00e8te le mouvement pour les deux derniers. Cela n&rsquo;est d\u00e9j\u00e0 pas forc\u00e9ment si facile en fonction de la distance s\u00e9parant les osselets, obligeant \u00e0 r\u00e9aliser parfois des \u00ab balayettes \u00bb sur plusieurs dizaines de centim\u00e8tres. Pendant les omelettes, l&rsquo;exercice est rendu plus complexe par le fait qu&rsquo;au lieu de reposer \u00e0 l&rsquo;\u00e9cart les deux osselets captur\u00e9s, il faut les garder en main : dans le \u00ab deux d&rsquo;omelettes \u00bb, donc, ce n&rsquo;est pas que le p\u00e8re qu&rsquo;on lance pour aller capturer les deux derniers osselets pendant qu&rsquo;il est en l&rsquo;air, mais ce sont trois osselets qu&rsquo;il faut lancer et rattraper ensemble lorsqu&rsquo;ils retomberont.<\/p>\n\n\n\n<p>Les omelettes r\u00e9ussies, on op\u00e8re une nouvelle retournette, puis l&rsquo;on reprend le jeu normal.<\/p>\n\n\n\n<p>Une partie se d\u00e9roule normalement en 5 000 ou 10 000 points, et peut comporter d&rsquo;autres figures complexes en fin de jeu, notamment la \u00ab t\u00eate de mort \u00bb, qui consiste \u00e0 ins\u00e9rer les quatre osselets \u00e0 la racine des doigts, puis \u00e0 les ramener dans la paume \u00e0 l&rsquo;aide du pouce, tout en gardant le p\u00e8re \u00e0 plat sur le dos de la main sans le faire choir.<\/p>\n\n\n\n<div class=\"wp-block-image\"><figure class=\"aligncenter size-full is-resized\"><img loading=\"lazy\" decoding=\"async\" src=\"http:\/\/leconservatoiredujeu.fr\/wp-content\/uploads\/2022\/05\/main-osselets.jpg\" alt=\"\" class=\"wp-image-13155\" width=\"387\" height=\"292\"\/><\/figure><\/div>\n\n\n\n<div class=\"wp-block-image\"><figure class=\"aligncenter size-large is-resized\"><img loading=\"lazy\" decoding=\"async\" src=\"http:\/\/leconservatoiredujeu.fr\/wp-content\/uploads\/2022\/05\/osslets-dams-1024x619.jpg\" alt=\"\" class=\"wp-image-13156\" width=\"399\" height=\"242\" srcset=\"https:\/\/leconservatoiredujeu.fr\/wp-content\/uploads\/2022\/05\/osslets-dams-1024x619.jpg 1024w, https:\/\/leconservatoiredujeu.fr\/wp-content\/uploads\/2022\/05\/osslets-dams-300x181.jpg 300w, https:\/\/leconservatoiredujeu.fr\/wp-content\/uploads\/2022\/05\/osslets-dams-768x465.jpg 768w, https:\/\/leconservatoiredujeu.fr\/wp-content\/uploads\/2022\/05\/osslets-dams-1536x929.jpg 1536w, https:\/\/leconservatoiredujeu.fr\/wp-content\/uploads\/2022\/05\/osslets-dams-496x300.jpg 496w, https:\/\/leconservatoiredujeu.fr\/wp-content\/uploads\/2022\/05\/osslets-dams.jpg 1784w\" sizes=\"(max-width: 399px) 100vw, 399px\" \/><\/figure><\/div>\n\n\n\n<p><strong><u>Source<\/u>&nbsp;:<\/strong> Wikip\u00e9dia<\/p>\n\n\n\n<p><strong><u>Cr\u00e9dits photo<\/u>\u00a0:<\/strong> Alorstujou.com<\/p>\n\n\n\n<p class=\"has-text-align-right\">Le Conservatoire du Jeu &#8211; Mai 2022<\/p>\n","protected":false},"excerpt":{"rendered":"<p>Historique&nbsp;: Le jeu des osselets est un jeu d&rsquo;adresse anc\u00eatre des jeux du lancer qui remonte \u00e0 l&rsquo;Antiquit\u00e9. Les osselets sont trouv\u00e9s dans tout le bassin m\u00e9diterran\u00e9en. Une peinture \u00e0 l&rsquo;encaustique du peintre Alexandre l&rsquo;Ath\u00e9nien appel\u00e9e Les Joueuses d&rsquo;osselets a &hellip; <a href=\"https:\/\/leconservatoiredujeu.fr\/index.php\/les-osselets\/\">Continuer la lecture <span class=\"meta-nav\">&rarr;<\/span><\/a><\/p>\n","protected":false},"author":3,"featured_media":0,"parent":0,"menu_order":0,"comment_status":"closed","ping_status":"closed","template":"","meta":{"footnotes":""},"_links":{"self":[{"href":"https:\/\/leconservatoiredujeu.fr\/index.php\/wp-json\/wp\/v2\/pages\/13151"}],"collection":[{"href":"https:\/\/leconservatoiredujeu.fr\/index.php\/wp-json\/wp\/v2\/pages"}],"about":[{"href":"https:\/\/leconservatoiredujeu.fr\/index.php\/wp-json\/wp\/v2\/types\/page"}],"author":[{"embeddable":true,"href":"https:\/\/leconservatoiredujeu.fr\/index.php\/wp-json\/wp\/v2\/users\/3"}],"replies":[{"embeddable":true,"href":"https:\/\/leconservatoiredujeu.fr\/index.php\/wp-json\/wp\/v2\/comments?post=13151"}],"version-history":[{"count":1,"href":"https:\/\/leconservatoiredujeu.fr\/index.php\/wp-json\/wp\/v2\/pages\/13151\/revisions"}],"predecessor-version":[{"id":13157,"href":"https:\/\/leconservatoiredujeu.fr\/index.php\/wp-json\/wp\/v2\/pages\/13151\/revisions\/13157"}],"wp:attachment":[{"href":"https:\/\/leconservatoiredujeu.fr\/index.php\/wp-json\/wp\/v2\/media?parent=13151"}],"curies":[{"name":"wp","href":"https:\/\/api.w.org\/{rel}","templated":true}]}}